{"id":26547,"date":"2023-09-13T09:44:55","date_gmt":"2023-09-13T09:44:55","guid":{"rendered":"https:\/\/glicerio-chaves.com\/non%20class\u00e9\/dormitorio-088-2\/"},"modified":"2023-09-13T09:53:47","modified_gmt":"2023-09-13T09:53:47","slug":"chambre-088","status":"publish","type":"product","link":"https:\/\/glicerio-chaves.com\/fr\/chambre-088\/","title":{"rendered":"Chambre 088"},"content":{"rendered":"","protected":false},"excerpt":{"rendered":"","protected":false},"featured_media":26539,"template":"","meta":[],"product_brand":[],"product_cat":[974,970],"product_tag":[432,989],"class_list":{"0":"post-26547","1":"product","2":"type-product","3":"status-publish","4":"has-post-thumbnail","6":"product_cat-chambres-cosmo-fusion-fr","7":"product_cat-cosmo-fusion-by-eos-fr","8":"product_tag-camas-fr","9":"product_tag-sandy-collection-fr","11":"first","12":"instock","13":"shipping-taxable","14":"purchasable","15":"product-type-variable"},"yoast_head":"<!-- This site is optimized with the Yoast SEO plugin v27.3 - https:\/\/yoast.com\/product\/yoast-seo-wordpress\/ -->\n<title>Chambre 088 - Glicerio Chaves<\/title>\n<meta name=\"description\" content=\"La mejor opci\u00f3n para proporcionar a los m\u00e1s peque\u00f1os de la casa un espacio \u00fanico, personal, con estilo y c\u00f3modo, del que no les apetezca salir.\" \/>\n<meta name=\"robots\" content=\"index, follow, max-snippet:-1, max-image-preview:large, max-video-preview:-1\" \/>\n<link rel=\"canonical\" href=\"https:\/\/glicerio-chaves.com\/fr\/chambre-088\/\" \/>\n<meta property=\"og:locale\" content=\"fr_FR\" \/>\n<meta property=\"og:type\" content=\"article\" \/>\n<meta property=\"og:title\" content=\"Chambre 088 - Glicerio Chaves\" \/>\n<meta property=\"og:description\" content=\"La mejor opci\u00f3n para proporcionar a los m\u00e1s peque\u00f1os de la casa un espacio \u00fanico, personal, con estilo y c\u00f3modo, del que no les apetezca salir.\" \/>\n<meta property=\"og:url\" content=\"https:\/\/glicerio-chaves.com\/fr\/chambre-088\/\" \/>\n<meta property=\"og:site_name\" content=\"Glicerio Chaves\" \/>\n<meta property=\"article:modified_time\" content=\"2023-09-13T09:53:47+00:00\" \/>\n<meta property=\"og:image\" content=\"https:\/\/glicerio-chaves.com\/wp-content\/uploads\/2023\/09\/COMPOSICION-088.jpg\" \/>\n\t<meta property=\"og:image:width\" content=\"1920\" \/>\n\t<meta property=\"og:image:height\" content=\"1016\" \/>\n\t<meta property=\"og:image:type\" content=\"image\/jpeg\" \/>\n<meta name=\"twitter:card\" content=\"summary_large_image\" \/>\n<script type=\"application\/ld+json\" class=\"yoast-schema-graph\">{\"@context\":\"https:\\\/\\\/schema.org\",\"@graph\":[{\"@type\":\"WebPage\",\"@id\":\"https:\\\/\\\/glicerio-chaves.com\\\/fr\\\/chambre-088\\\/\",\"url\":\"https:\\\/\\\/glicerio-chaves.com\\\/fr\\\/chambre-088\\\/\",\"name\":\"Chambre 088 - Glicerio Chaves\",\"isPartOf\":{\"@id\":\"https:\\\/\\\/glicerio-chaves.com\\\/fr\\\/#website\"},\"primaryImageOfPage\":{\"@id\":\"https:\\\/\\\/glicerio-chaves.com\\\/fr\\\/chambre-088\\\/#primaryimage\"},\"image\":{\"@id\":\"https:\\\/\\\/glicerio-chaves.com\\\/fr\\\/chambre-088\\\/#primaryimage\"},\"thumbnailUrl\":\"https:\\\/\\\/glicerio-chaves.com\\\/wp-content\\\/uploads\\\/2023\\\/09\\\/COMPOSICION-088.jpg\",\"datePublished\":\"2023-09-13T09:44:55+00:00\",\"dateModified\":\"2023-09-13T09:53:47+00:00\",\"description\":\"La mejor opci\u00f3n para proporcionar a los m\u00e1s peque\u00f1os de la casa un espacio \u00fanico, personal, con estilo y c\u00f3modo, del que no les apetezca salir.\",\"breadcrumb\":{\"@id\":\"https:\\\/\\\/glicerio-chaves.com\\\/fr\\\/chambre-088\\\/#breadcrumb\"},\"inLanguage\":\"fr-FR\",\"potentialAction\":[{\"@type\":\"ReadAction\",\"target\":[\"https:\\\/\\\/glicerio-chaves.com\\\/fr\\\/chambre-088\\\/\"]}]},{\"@type\":\"ImageObject\",\"inLanguage\":\"fr-FR\",\"@id\":\"https:\\\/\\\/glicerio-chaves.com\\\/fr\\\/chambre-088\\\/#primaryimage\",\"url\":\"https:\\\/\\\/glicerio-chaves.com\\\/wp-content\\\/uploads\\\/2023\\\/09\\\/COMPOSICION-088.jpg\",\"contentUrl\":\"https:\\\/\\\/glicerio-chaves.com\\\/wp-content\\\/uploads\\\/2023\\\/09\\\/COMPOSICION-088.jpg\",\"width\":1920,\"height\":1016},{\"@type\":\"BreadcrumbList\",\"@id\":\"https:\\\/\\\/glicerio-chaves.com\\\/fr\\\/chambre-088\\\/#breadcrumb\",\"itemListElement\":[{\"@type\":\"ListItem\",\"position\":1,\"name\":\"Portada\",\"item\":\"https:\\\/\\\/glicerio-chaves.com\\\/fr\\\/\"},{\"@type\":\"ListItem\",\"position\":2,\"name\":\"Produits\",\"item\":\"https:\\\/\\\/glicerio-chaves.com\\\/fr\\\/shop\\\/\"},{\"@type\":\"ListItem\",\"position\":3,\"name\":\"Chambre 088\"}]},{\"@type\":\"WebSite\",\"@id\":\"https:\\\/\\\/glicerio-chaves.com\\\/fr\\\/#website\",\"url\":\"https:\\\/\\\/glicerio-chaves.com\\\/fr\\\/\",\"name\":\"Glicerio Chaves\",\"description\":\"Glicerio Chaves Hornero es una empresa dedicada a la fabricaci\u00f3n de muebles, especializada en dormitorios juveniles y de matrimonio modernos.\",\"publisher\":{\"@id\":\"https:\\\/\\\/glicerio-chaves.com\\\/fr\\\/#organization\"},\"potentialAction\":[{\"@type\":\"SearchAction\",\"target\":{\"@type\":\"EntryPoint\",\"urlTemplate\":\"https:\\\/\\\/glicerio-chaves.com\\\/fr\\\/?s={search_term_string}\"},\"query-input\":{\"@type\":\"PropertyValueSpecification\",\"valueRequired\":true,\"valueName\":\"search_term_string\"}}],\"inLanguage\":\"fr-FR\"},{\"@type\":\"Organization\",\"@id\":\"https:\\\/\\\/glicerio-chaves.com\\\/fr\\\/#organization\",\"name\":\"Glicerio-Chaves\",\"url\":\"https:\\\/\\\/glicerio-chaves.com\\\/fr\\\/\",\"logo\":{\"@type\":\"ImageObject\",\"inLanguage\":\"fr-FR\",\"@id\":\"https:\\\/\\\/glicerio-chaves.com\\\/fr\\\/#\\\/schema\\\/logo\\\/image\\\/\",\"url\":\"https:\\\/\\\/glicerio-chaves.com\\\/wp-content\\\/uploads\\\/2020\\\/12\\\/logo.png\",\"contentUrl\":\"https:\\\/\\\/glicerio-chaves.com\\\/wp-content\\\/uploads\\\/2020\\\/12\\\/logo.png\",\"width\":185,\"height\":90,\"caption\":\"Glicerio-Chaves\"},\"image\":{\"@id\":\"https:\\\/\\\/glicerio-chaves.com\\\/fr\\\/#\\\/schema\\\/logo\\\/image\\\/\"}}]}<\/script>\n<!-- \/ Yoast SEO plugin. -->","yoast_head_json":{"title":"Chambre 088 - Glicerio Chaves","description":"La mejor opci\u00f3n para proporcionar a los m\u00e1s peque\u00f1os de la casa un espacio \u00fanico, personal, con estilo y c\u00f3modo, del que no les apetezca salir.","robots":{"index":"index","follow":"follow","max-snippet":"max-snippet:-1","max-image-preview":"max-image-preview:large","max-video-preview":"max-video-preview:-1"},"canonical":"https:\/\/glicerio-chaves.com\/fr\/chambre-088\/","og_locale":"fr_FR","og_type":"article","og_title":"Chambre 088 - Glicerio Chaves","og_description":"La mejor opci\u00f3n para proporcionar a los m\u00e1s peque\u00f1os de la casa un espacio \u00fanico, personal, con estilo y c\u00f3modo, del que no les apetezca salir.","og_url":"https:\/\/glicerio-chaves.com\/fr\/chambre-088\/","og_site_name":"Glicerio Chaves","article_modified_time":"2023-09-13T09:53:47+00:00","og_image":[{"width":1920,"height":1016,"url":"https:\/\/glicerio-chaves.com\/wp-content\/uploads\/2023\/09\/COMPOSICION-088.jpg","type":"image\/jpeg"}],"twitter_card":"summary_large_image","schema":{"@context":"https:\/\/schema.org","@graph":[{"@type":"WebPage","@id":"https:\/\/glicerio-chaves.com\/fr\/chambre-088\/","url":"https:\/\/glicerio-chaves.com\/fr\/chambre-088\/","name":"Chambre 088 - Glicerio Chaves","isPartOf":{"@id":"https:\/\/glicerio-chaves.com\/fr\/#website"},"primaryImageOfPage":{"@id":"https:\/\/glicerio-chaves.com\/fr\/chambre-088\/#primaryimage"},"image":{"@id":"https:\/\/glicerio-chaves.com\/fr\/chambre-088\/#primaryimage"},"thumbnailUrl":"https:\/\/glicerio-chaves.com\/wp-content\/uploads\/2023\/09\/COMPOSICION-088.jpg","datePublished":"2023-09-13T09:44:55+00:00","dateModified":"2023-09-13T09:53:47+00:00","description":"La mejor opci\u00f3n para proporcionar a los m\u00e1s peque\u00f1os de la casa un espacio \u00fanico, personal, con estilo y c\u00f3modo, del que no les apetezca salir.","breadcrumb":{"@id":"https:\/\/glicerio-chaves.com\/fr\/chambre-088\/#breadcrumb"},"inLanguage":"fr-FR","potentialAction":[{"@type":"ReadAction","target":["https:\/\/glicerio-chaves.com\/fr\/chambre-088\/"]}]},{"@type":"ImageObject","inLanguage":"fr-FR","@id":"https:\/\/glicerio-chaves.com\/fr\/chambre-088\/#primaryimage","url":"https:\/\/glicerio-chaves.com\/wp-content\/uploads\/2023\/09\/COMPOSICION-088.jpg","contentUrl":"https:\/\/glicerio-chaves.com\/wp-content\/uploads\/2023\/09\/COMPOSICION-088.jpg","width":1920,"height":1016},{"@type":"BreadcrumbList","@id":"https:\/\/glicerio-chaves.com\/fr\/chambre-088\/#breadcrumb","itemListElement":[{"@type":"ListItem","position":1,"name":"Portada","item":"https:\/\/glicerio-chaves.com\/fr\/"},{"@type":"ListItem","position":2,"name":"Produits","item":"https:\/\/glicerio-chaves.com\/fr\/shop\/"},{"@type":"ListItem","position":3,"name":"Chambre 088"}]},{"@type":"WebSite","@id":"https:\/\/glicerio-chaves.com\/fr\/#website","url":"https:\/\/glicerio-chaves.com\/fr\/","name":"Glicerio Chaves","description":"Glicerio Chaves Hornero es una empresa dedicada a la fabricaci\u00f3n de muebles, especializada en dormitorios juveniles y de matrimonio modernos.","publisher":{"@id":"https:\/\/glicerio-chaves.com\/fr\/#organization"},"potentialAction":[{"@type":"SearchAction","target":{"@type":"EntryPoint","urlTemplate":"https:\/\/glicerio-chaves.com\/fr\/?s={search_term_string}"},"query-input":{"@type":"PropertyValueSpecification","valueRequired":true,"valueName":"search_term_string"}}],"inLanguage":"fr-FR"},{"@type":"Organization","@id":"https:\/\/glicerio-chaves.com\/fr\/#organization","name":"Glicerio-Chaves","url":"https:\/\/glicerio-chaves.com\/fr\/","logo":{"@type":"ImageObject","inLanguage":"fr-FR","@id":"https:\/\/glicerio-chaves.com\/fr\/#\/schema\/logo\/image\/","url":"https:\/\/glicerio-chaves.com\/wp-content\/uploads\/2020\/12\/logo.png","contentUrl":"https:\/\/glicerio-chaves.com\/wp-content\/uploads\/2020\/12\/logo.png","width":185,"height":90,"caption":"Glicerio-Chaves"},"image":{"@id":"https:\/\/glicerio-chaves.com\/fr\/#\/schema\/logo\/image\/"}}]}},"_links":{"self":[{"href":"https:\/\/glicerio-chaves.com\/fr\/wp-json\/wp\/v2\/product\/26547","targetHints":{"allow":["GET"]}}],"collection":[{"href":"https:\/\/glicerio-chaves.com\/fr\/wp-json\/wp\/v2\/product"}],"about":[{"href":"https:\/\/glicerio-chaves.com\/fr\/wp-json\/wp\/v2\/types\/product"}],"version-history":[{"count":2,"href":"https:\/\/glicerio-chaves.com\/fr\/wp-json\/wp\/v2\/product\/26547\/revisions"}],"predecessor-version":[{"id":26552,"href":"https:\/\/glicerio-chaves.com\/fr\/wp-json\/wp\/v2\/product\/26547\/revisions\/26552"}],"wp:featuredmedia":[{"embeddable":true,"href":"https:\/\/glicerio-chaves.com\/fr\/wp-json\/wp\/v2\/media\/26539"}],"wp:attachment":[{"href":"https:\/\/glicerio-chaves.com\/fr\/wp-json\/wp\/v2\/media?parent=26547"}],"wp:term":[{"taxonomy":"product_brand","embeddable":true,"href":"https:\/\/glicerio-chaves.com\/fr\/wp-json\/wp\/v2\/product_brand?post=26547"},{"taxonomy":"product_cat","embeddable":true,"href":"https:\/\/glicerio-chaves.com\/fr\/wp-json\/wp\/v2\/product_cat?post=26547"},{"taxonomy":"product_tag","embeddable":true,"href":"https:\/\/glicerio-chaves.com\/fr\/wp-json\/wp\/v2\/product_tag?post=26547"}],"curies":[{"name":"wp","href":"https:\/\/api.w.org\/{rel}","templated":true}]}}