{"id":26063,"date":"2023-07-27T11:20:44","date_gmt":"2023-07-27T11:20:44","guid":{"rendered":"https:\/\/glicerio-chaves.com\/non%20class\u00e9\/dormitorio-w006\/"},"modified":"2023-07-28T07:16:16","modified_gmt":"2023-07-28T07:16:16","slug":"chambre-w006","status":"publish","type":"product","link":"https:\/\/glicerio-chaves.com\/fr\/chambre-w006\/","title":{"rendered":"Chambre W006"},"content":{"rendered":"","protected":false},"excerpt":{"rendered":"","protected":false},"featured_media":25838,"template":"","meta":[],"product_brand":[],"product_cat":[965,948,942],"product_tag":[485,486,545,955],"class_list":{"0":"post-26063","1":"product","2":"type-product","3":"status-publish","4":"has-post-thumbnail","6":"product_cat-armoires-win-by-basic","7":"product_cat-compacts-win-by-basic","8":"product_cat-win-juvenil-by-basic-fr","9":"product_tag-adult-youth","10":"product_tag-adult-youth-bedrooms","11":"product_tag-compactos-fr","12":"product_tag-win-by-basic-fr","14":"first","15":"instock","16":"shipping-taxable","17":"purchasable","18":"product-type-variable"},"yoast_head":"<!-- This site is optimized with the Yoast SEO plugin v27.3 - https:\/\/yoast.com\/product\/yoast-seo-wordpress\/ -->\n<title>Chambre W006 - Glicerio Chaves<\/title>\n<meta name=\"description\" content=\"La mejor opci\u00f3n para proporcionar a los m\u00e1s peque\u00f1os de la casa un espacio \u00fanico, personal, con estilo y c\u00f3modo, del que no les apetezca salir.\" \/>\n<meta name=\"robots\" content=\"index, follow, max-snippet:-1, max-image-preview:large, max-video-preview:-1\" \/>\n<link rel=\"canonical\" href=\"https:\/\/glicerio-chaves.com\/fr\/chambre-w006\/\" \/>\n<meta property=\"og:locale\" content=\"fr_FR\" \/>\n<meta property=\"og:type\" content=\"article\" \/>\n<meta property=\"og:title\" content=\"Chambre W006 - Glicerio Chaves\" \/>\n<meta property=\"og:description\" content=\"La mejor opci\u00f3n para proporcionar a los m\u00e1s peque\u00f1os de la casa un espacio \u00fanico, personal, con estilo y c\u00f3modo, del que no les apetezca salir.\" \/>\n<meta property=\"og:url\" content=\"https:\/\/glicerio-chaves.com\/fr\/chambre-w006\/\" \/>\n<meta property=\"og:site_name\" content=\"Glicerio Chaves\" \/>\n<meta property=\"article:modified_time\" content=\"2023-07-28T07:16:16+00:00\" \/>\n<meta property=\"og:image\" content=\"https:\/\/glicerio-chaves.com\/wp-content\/uploads\/2023\/07\/W006.jpg\" \/>\n\t<meta property=\"og:image:width\" content=\"2362\" \/>\n\t<meta property=\"og:image:height\" content=\"1611\" \/>\n\t<meta property=\"og:image:type\" content=\"image\/jpeg\" \/>\n<meta name=\"twitter:card\" content=\"summary_large_image\" \/>\n<script type=\"application\/ld+json\" class=\"yoast-schema-graph\">{\"@context\":\"https:\\\/\\\/schema.org\",\"@graph\":[{\"@type\":\"WebPage\",\"@id\":\"https:\\\/\\\/glicerio-chaves.com\\\/fr\\\/chambre-w006\\\/\",\"url\":\"https:\\\/\\\/glicerio-chaves.com\\\/fr\\\/chambre-w006\\\/\",\"name\":\"Chambre W006 - Glicerio Chaves\",\"isPartOf\":{\"@id\":\"https:\\\/\\\/glicerio-chaves.com\\\/fr\\\/#website\"},\"primaryImageOfPage\":{\"@id\":\"https:\\\/\\\/glicerio-chaves.com\\\/fr\\\/chambre-w006\\\/#primaryimage\"},\"image\":{\"@id\":\"https:\\\/\\\/glicerio-chaves.com\\\/fr\\\/chambre-w006\\\/#primaryimage\"},\"thumbnailUrl\":\"https:\\\/\\\/glicerio-chaves.com\\\/wp-content\\\/uploads\\\/2023\\\/07\\\/W006.jpg\",\"datePublished\":\"2023-07-27T11:20:44+00:00\",\"dateModified\":\"2023-07-28T07:16:16+00:00\",\"description\":\"La mejor opci\u00f3n para proporcionar a los m\u00e1s peque\u00f1os de la casa un espacio \u00fanico, personal, con estilo y c\u00f3modo, del que no les apetezca salir.\",\"breadcrumb\":{\"@id\":\"https:\\\/\\\/glicerio-chaves.com\\\/fr\\\/chambre-w006\\\/#breadcrumb\"},\"inLanguage\":\"fr-FR\",\"potentialAction\":[{\"@type\":\"ReadAction\",\"target\":[\"https:\\\/\\\/glicerio-chaves.com\\\/fr\\\/chambre-w006\\\/\"]}]},{\"@type\":\"ImageObject\",\"inLanguage\":\"fr-FR\",\"@id\":\"https:\\\/\\\/glicerio-chaves.com\\\/fr\\\/chambre-w006\\\/#primaryimage\",\"url\":\"https:\\\/\\\/glicerio-chaves.com\\\/wp-content\\\/uploads\\\/2023\\\/07\\\/W006.jpg\",\"contentUrl\":\"https:\\\/\\\/glicerio-chaves.com\\\/wp-content\\\/uploads\\\/2023\\\/07\\\/W006.jpg\",\"width\":2362,\"height\":1611},{\"@type\":\"BreadcrumbList\",\"@id\":\"https:\\\/\\\/glicerio-chaves.com\\\/fr\\\/chambre-w006\\\/#breadcrumb\",\"itemListElement\":[{\"@type\":\"ListItem\",\"position\":1,\"name\":\"Portada\",\"item\":\"https:\\\/\\\/glicerio-chaves.com\\\/fr\\\/\"},{\"@type\":\"ListItem\",\"position\":2,\"name\":\"Produits\",\"item\":\"https:\\\/\\\/glicerio-chaves.com\\\/fr\\\/shop\\\/\"},{\"@type\":\"ListItem\",\"position\":3,\"name\":\"Chambre W006\"}]},{\"@type\":\"WebSite\",\"@id\":\"https:\\\/\\\/glicerio-chaves.com\\\/fr\\\/#website\",\"url\":\"https:\\\/\\\/glicerio-chaves.com\\\/fr\\\/\",\"name\":\"Glicerio Chaves\",\"description\":\"Glicerio Chaves Hornero es una empresa dedicada a la fabricaci\u00f3n de muebles, especializada en dormitorios juveniles y de matrimonio modernos.\",\"publisher\":{\"@id\":\"https:\\\/\\\/glicerio-chaves.com\\\/fr\\\/#organization\"},\"potentialAction\":[{\"@type\":\"SearchAction\",\"target\":{\"@type\":\"EntryPoint\",\"urlTemplate\":\"https:\\\/\\\/glicerio-chaves.com\\\/fr\\\/?s={search_term_string}\"},\"query-input\":{\"@type\":\"PropertyValueSpecification\",\"valueRequired\":true,\"valueName\":\"search_term_string\"}}],\"inLanguage\":\"fr-FR\"},{\"@type\":\"Organization\",\"@id\":\"https:\\\/\\\/glicerio-chaves.com\\\/fr\\\/#organization\",\"name\":\"Glicerio-Chaves\",\"url\":\"https:\\\/\\\/glicerio-chaves.com\\\/fr\\\/\",\"logo\":{\"@type\":\"ImageObject\",\"inLanguage\":\"fr-FR\",\"@id\":\"https:\\\/\\\/glicerio-chaves.com\\\/fr\\\/#\\\/schema\\\/logo\\\/image\\\/\",\"url\":\"https:\\\/\\\/glicerio-chaves.com\\\/wp-content\\\/uploads\\\/2020\\\/12\\\/logo.png\",\"contentUrl\":\"https:\\\/\\\/glicerio-chaves.com\\\/wp-content\\\/uploads\\\/2020\\\/12\\\/logo.png\",\"width\":185,\"height\":90,\"caption\":\"Glicerio-Chaves\"},\"image\":{\"@id\":\"https:\\\/\\\/glicerio-chaves.com\\\/fr\\\/#\\\/schema\\\/logo\\\/image\\\/\"}}]}<\/script>\n<!-- \/ Yoast SEO plugin. -->","yoast_head_json":{"title":"Chambre W006 - Glicerio Chaves","description":"La mejor opci\u00f3n para proporcionar a los m\u00e1s peque\u00f1os de la casa un espacio \u00fanico, personal, con estilo y c\u00f3modo, del que no les apetezca salir.","robots":{"index":"index","follow":"follow","max-snippet":"max-snippet:-1","max-image-preview":"max-image-preview:large","max-video-preview":"max-video-preview:-1"},"canonical":"https:\/\/glicerio-chaves.com\/fr\/chambre-w006\/","og_locale":"fr_FR","og_type":"article","og_title":"Chambre W006 - Glicerio Chaves","og_description":"La mejor opci\u00f3n para proporcionar a los m\u00e1s peque\u00f1os de la casa un espacio \u00fanico, personal, con estilo y c\u00f3modo, del que no les apetezca salir.","og_url":"https:\/\/glicerio-chaves.com\/fr\/chambre-w006\/","og_site_name":"Glicerio Chaves","article_modified_time":"2023-07-28T07:16:16+00:00","og_image":[{"width":2362,"height":1611,"url":"https:\/\/glicerio-chaves.com\/wp-content\/uploads\/2023\/07\/W006.jpg","type":"image\/jpeg"}],"twitter_card":"summary_large_image","schema":{"@context":"https:\/\/schema.org","@graph":[{"@type":"WebPage","@id":"https:\/\/glicerio-chaves.com\/fr\/chambre-w006\/","url":"https:\/\/glicerio-chaves.com\/fr\/chambre-w006\/","name":"Chambre W006 - Glicerio Chaves","isPartOf":{"@id":"https:\/\/glicerio-chaves.com\/fr\/#website"},"primaryImageOfPage":{"@id":"https:\/\/glicerio-chaves.com\/fr\/chambre-w006\/#primaryimage"},"image":{"@id":"https:\/\/glicerio-chaves.com\/fr\/chambre-w006\/#primaryimage"},"thumbnailUrl":"https:\/\/glicerio-chaves.com\/wp-content\/uploads\/2023\/07\/W006.jpg","datePublished":"2023-07-27T11:20:44+00:00","dateModified":"2023-07-28T07:16:16+00:00","description":"La mejor opci\u00f3n para proporcionar a los m\u00e1s peque\u00f1os de la casa un espacio \u00fanico, personal, con estilo y c\u00f3modo, del que no les apetezca salir.","breadcrumb":{"@id":"https:\/\/glicerio-chaves.com\/fr\/chambre-w006\/#breadcrumb"},"inLanguage":"fr-FR","potentialAction":[{"@type":"ReadAction","target":["https:\/\/glicerio-chaves.com\/fr\/chambre-w006\/"]}]},{"@type":"ImageObject","inLanguage":"fr-FR","@id":"https:\/\/glicerio-chaves.com\/fr\/chambre-w006\/#primaryimage","url":"https:\/\/glicerio-chaves.com\/wp-content\/uploads\/2023\/07\/W006.jpg","contentUrl":"https:\/\/glicerio-chaves.com\/wp-content\/uploads\/2023\/07\/W006.jpg","width":2362,"height":1611},{"@type":"BreadcrumbList","@id":"https:\/\/glicerio-chaves.com\/fr\/chambre-w006\/#breadcrumb","itemListElement":[{"@type":"ListItem","position":1,"name":"Portada","item":"https:\/\/glicerio-chaves.com\/fr\/"},{"@type":"ListItem","position":2,"name":"Produits","item":"https:\/\/glicerio-chaves.com\/fr\/shop\/"},{"@type":"ListItem","position":3,"name":"Chambre W006"}]},{"@type":"WebSite","@id":"https:\/\/glicerio-chaves.com\/fr\/#website","url":"https:\/\/glicerio-chaves.com\/fr\/","name":"Glicerio Chaves","description":"Glicerio Chaves Hornero es una empresa dedicada a la fabricaci\u00f3n de muebles, especializada en dormitorios juveniles y de matrimonio modernos.","publisher":{"@id":"https:\/\/glicerio-chaves.com\/fr\/#organization"},"potentialAction":[{"@type":"SearchAction","target":{"@type":"EntryPoint","urlTemplate":"https:\/\/glicerio-chaves.com\/fr\/?s={search_term_string}"},"query-input":{"@type":"PropertyValueSpecification","valueRequired":true,"valueName":"search_term_string"}}],"inLanguage":"fr-FR"},{"@type":"Organization","@id":"https:\/\/glicerio-chaves.com\/fr\/#organization","name":"Glicerio-Chaves","url":"https:\/\/glicerio-chaves.com\/fr\/","logo":{"@type":"ImageObject","inLanguage":"fr-FR","@id":"https:\/\/glicerio-chaves.com\/fr\/#\/schema\/logo\/image\/","url":"https:\/\/glicerio-chaves.com\/wp-content\/uploads\/2020\/12\/logo.png","contentUrl":"https:\/\/glicerio-chaves.com\/wp-content\/uploads\/2020\/12\/logo.png","width":185,"height":90,"caption":"Glicerio-Chaves"},"image":{"@id":"https:\/\/glicerio-chaves.com\/fr\/#\/schema\/logo\/image\/"}}]}},"_links":{"self":[{"href":"https:\/\/glicerio-chaves.com\/fr\/wp-json\/wp\/v2\/product\/26063","targetHints":{"allow":["GET"]}}],"collection":[{"href":"https:\/\/glicerio-chaves.com\/fr\/wp-json\/wp\/v2\/product"}],"about":[{"href":"https:\/\/glicerio-chaves.com\/fr\/wp-json\/wp\/v2\/types\/product"}],"version-history":[{"count":1,"href":"https:\/\/glicerio-chaves.com\/fr\/wp-json\/wp\/v2\/product\/26063\/revisions"}],"predecessor-version":[{"id":26066,"href":"https:\/\/glicerio-chaves.com\/fr\/wp-json\/wp\/v2\/product\/26063\/revisions\/26066"}],"wp:featuredmedia":[{"embeddable":true,"href":"https:\/\/glicerio-chaves.com\/fr\/wp-json\/wp\/v2\/media\/25838"}],"wp:attachment":[{"href":"https:\/\/glicerio-chaves.com\/fr\/wp-json\/wp\/v2\/media?parent=26063"}],"wp:term":[{"taxonomy":"product_brand","embeddable":true,"href":"https:\/\/glicerio-chaves.com\/fr\/wp-json\/wp\/v2\/product_brand?post=26063"},{"taxonomy":"product_cat","embeddable":true,"href":"https:\/\/glicerio-chaves.com\/fr\/wp-json\/wp\/v2\/product_cat?post=26063"},{"taxonomy":"product_tag","embeddable":true,"href":"https:\/\/glicerio-chaves.com\/fr\/wp-json\/wp\/v2\/product_tag?post=26063"}],"curies":[{"name":"wp","href":"https:\/\/api.w.org\/{rel}","templated":true}]}}