{"id":4893,"date":"2020-01-21T09:21:42","date_gmt":"2020-01-21T09:21:42","guid":{"rendered":"https:\/\/glicerio-chaves.com\/?page_id=4893"},"modified":"2023-09-15T11:15:13","modified_gmt":"2023-09-15T11:15:13","slug":"produits","status":"publish","type":"page","link":"https:\/\/glicerio-chaves.com\/fr\/produits\/","title":{"rendered":"Produits"},"content":{"rendered":"\t\t<div data-elementor-type=\"wp-page\" data-elementor-id=\"4893\" class=\"elementor elementor-4893 elementor-4775\" data-elementor-post-type=\"page\">\n\t\t\t\t\t\t<section class=\"elementor-section elementor-top-section elementor-element elementor-element-d201697 elementor-section-boxed elementor-section-height-default elementor-section-height-default\" data-id=\"d201697\" data-element_type=\"section\" data-e-type=\"section\">\n\t\t\t\t\t\t<div class=\"elementor-container elementor-column-gap-default\">\n\t\t\t\t\t<div class=\"elementor-column elementor-col-100 elementor-top-column elementor-element elementor-element-3478399\" data-id=\"3478399\" data-element_type=\"column\" data-e-type=\"column\">\n\t\t\t<div class=\"elementor-widget-wrap elementor-element-populated\">\n\t\t\t\t\t\t<div class=\"elementor-element elementor-element-77c5529 elementor-widget elementor-widget-spacer\" data-id=\"77c5529\" data-element_type=\"widget\" data-e-type=\"widget\" data-widget_type=\"spacer.default\">\n\t\t\t\t<div class=\"elementor-widget-container\">\n\t\t\t\t\t\t\t<div class=\"elementor-spacer\">\n\t\t\t<div class=\"elementor-spacer-inner\"><\/div>\n\t\t<\/div>\n\t\t\t\t\t\t<\/div>\n\t\t\t\t<\/div>\n\t\t\t\t\t<\/div>\n\t\t<\/div>\n\t\t\t\t\t<\/div>\n\t\t<\/section>\n\t\t\t\t<section class=\"elementor-section elementor-top-section elementor-element elementor-element-96a33ce elementor-section-boxed elementor-section-height-default elementor-section-height-default\" data-id=\"96a33ce\" data-element_type=\"section\" data-e-type=\"section\">\n\t\t\t\t\t\t<div class=\"elementor-container elementor-column-gap-default\">\n\t\t\t\t\t<div class=\"elementor-column elementor-col-25 elementor-top-column elementor-element elementor-element-dc34c05\" data-id=\"dc34c05\" data-element_type=\"column\" data-e-type=\"column\">\n\t\t\t<div class=\"elementor-widget-wrap elementor-element-populated\">\n\t\t\t\t\t\t<div class=\"elementor-element elementor-element-4afda60 elementor-widget elementor-widget-image\" data-id=\"4afda60\" data-element_type=\"widget\" data-e-type=\"widget\" data-widget_type=\"image.default\">\n\t\t\t\t<div class=\"elementor-widget-container\">\n\t\t\t\t\t        <div class=\"elementor-image\">\n                                            <a href=\"https:\/\/glicerio-chaves.com\/fr\/produits\/lit-double-cosmo-by-eos\/\" data-elementor-open-lightbox=\"\" target=\"_blank\">\n                                        <img fetchpriority=\"high\" decoding=\"async\" width=\"400\" height=\"400\" src=\"https:\/\/glicerio-chaves.com\/wp-content\/uploads\/2020\/08\/Elba-COMP-6-2-400x400.jpg\" class=\"attachment-auros-featured-image-small size-auros-featured-image-small wp-image-17189\" alt=\"\" srcset=\"https:\/\/glicerio-chaves.com\/wp-content\/uploads\/2020\/08\/Elba-COMP-6-2-400x400.jpg 400w, https:\/\/glicerio-chaves.com\/wp-content\/uploads\/2020\/08\/Elba-COMP-6-2-150x150.jpg 150w, https:\/\/glicerio-chaves.com\/wp-content\/uploads\/2020\/08\/Elba-COMP-6-2-100x100.jpg 100w, https:\/\/glicerio-chaves.com\/wp-content\/uploads\/2020\/08\/Elba-COMP-6-2-1000x1000.jpg 1000w\" sizes=\"(max-width: 400px) 100vw, 400px\" \/>                                    <\/a>\n                                                    <\/div>\n        \t\t\t\t<\/div>\n\t\t\t\t<\/div>\n\t\t\t\t<div class=\"elementor-element elementor-element-6a19e7f elementor-widget elementor-widget-heading\" data-id=\"6a19e7f\" data-element_type=\"widget\" data-e-type=\"widget\" data-widget_type=\"heading.default\">\n\t\t\t\t<div class=\"elementor-widget-container\">\n\t\t\t\t\t<h3 class=\"elementor-heading-title elementor-size-default\"><a href=\"https:\/\/glicerio-chaves.com\/fr\/produits\/lit-double-cosmo-by-eos\/\" target=\"_blank\">Lit double (COSMO by EOS)<\/a><\/h3>\t\t\t\t<\/div>\n\t\t\t\t<\/div>\n\t\t\t\t<div class=\"elementor-element elementor-element-25c8bc0 elementor-widget elementor-widget-spacer\" data-id=\"25c8bc0\" data-element_type=\"widget\" data-e-type=\"widget\" data-widget_type=\"spacer.default\">\n\t\t\t\t<div class=\"elementor-widget-container\">\n\t\t\t\t\t\t\t<div class=\"elementor-spacer\">\n\t\t\t<div class=\"elementor-spacer-inner\"><\/div>\n\t\t<\/div>\n\t\t\t\t\t\t<\/div>\n\t\t\t\t<\/div>\n\t\t\t\t\t<\/div>\n\t\t<\/div>\n\t\t\t\t<div class=\"elementor-column elementor-col-25 elementor-top-column elementor-element elementor-element-fb960cd\" data-id=\"fb960cd\" data-element_type=\"column\" data-e-type=\"column\">\n\t\t\t<div class=\"elementor-widget-wrap elementor-element-populated\">\n\t\t\t\t\t\t<div class=\"elementor-element elementor-element-8a51d48 elementor-widget elementor-widget-image\" data-id=\"8a51d48\" data-element_type=\"widget\" data-e-type=\"widget\" data-widget_type=\"image.default\">\n\t\t\t\t<div class=\"elementor-widget-container\">\n\t\t\t\t\t        <div class=\"elementor-image\">\n                                            <a href=\"https:\/\/glicerio-chaves.com\/fr\/win-juvenil-by-basic-fr\/\" data-elementor-open-lightbox=\"\" target=\"_blank\">\n                                        <img decoding=\"async\" width=\"400\" height=\"400\" src=\"https:\/\/glicerio-chaves.com\/wp-content\/uploads\/2023\/07\/W022-400x400.jpg\" class=\"attachment-auros-featured-image-small size-auros-featured-image-small wp-image-25940\" alt=\"\" srcset=\"https:\/\/glicerio-chaves.com\/wp-content\/uploads\/2023\/07\/W022-400x400.jpg 400w, https:\/\/glicerio-chaves.com\/wp-content\/uploads\/2023\/07\/W022-150x150.jpg 150w, https:\/\/glicerio-chaves.com\/wp-content\/uploads\/2023\/07\/W022-100x100.jpg 100w, https:\/\/glicerio-chaves.com\/wp-content\/uploads\/2023\/07\/W022-1000x1000.jpg 1000w\" sizes=\"(max-width: 400px) 100vw, 400px\" \/>                                    <\/a>\n                                                    <\/div>\n        \t\t\t\t<\/div>\n\t\t\t\t<\/div>\n\t\t\t\t<div class=\"elementor-element elementor-element-53196c2 elementor-widget elementor-widget-heading\" data-id=\"53196c2\" data-element_type=\"widget\" data-e-type=\"widget\" data-widget_type=\"heading.default\">\n\t\t\t\t<div class=\"elementor-widget-container\">\n\t\t\t\t\t<h3 class=\"elementor-heading-title elementor-size-default\"><a href=\"https:\/\/glicerio-chaves.com\/fr\/win-juvenil-by-basic-fr\/\" target=\"_blank\">Win by Basic<\/a><\/h3>\t\t\t\t<\/div>\n\t\t\t\t<\/div>\n\t\t\t\t<div class=\"elementor-element elementor-element-c0a481a elementor-widget elementor-widget-spacer\" data-id=\"c0a481a\" data-element_type=\"widget\" data-e-type=\"widget\" data-widget_type=\"spacer.default\">\n\t\t\t\t<div class=\"elementor-widget-container\">\n\t\t\t\t\t\t\t<div class=\"elementor-spacer\">\n\t\t\t<div class=\"elementor-spacer-inner\"><\/div>\n\t\t<\/div>\n\t\t\t\t\t\t<\/div>\n\t\t\t\t<\/div>\n\t\t\t\t\t<\/div>\n\t\t<\/div>\n\t\t\t\t<div class=\"elementor-column elementor-col-25 elementor-top-column elementor-element elementor-element-d699dbc\" data-id=\"d699dbc\" data-element_type=\"column\" data-e-type=\"column\">\n\t\t\t<div class=\"elementor-widget-wrap elementor-element-populated\">\n\t\t\t\t\t\t<div class=\"elementor-element elementor-element-37d5603 elementor-widget elementor-widget-image\" data-id=\"37d5603\" data-element_type=\"widget\" data-e-type=\"widget\" data-widget_type=\"image.default\">\n\t\t\t\t<div class=\"elementor-widget-container\">\n\t\t\t\t\t        <div class=\"elementor-image\">\n                                            <a href=\"https:\/\/glicerio-chaves.com\/en\/juvenil-formas-22\/\" data-elementor-open-lightbox=\"\" target=\"_blank\">\n                                        <img decoding=\"async\" width=\"400\" height=\"400\" src=\"https:\/\/glicerio-chaves.com\/wp-content\/uploads\/2020\/11\/dormitorios-juveniles-formas19-cama-blok-f222-400x400.jpg\" class=\"attachment-auros-featured-image-small size-auros-featured-image-small wp-image-19555\" alt=\"\" srcset=\"https:\/\/glicerio-chaves.com\/wp-content\/uploads\/2020\/11\/dormitorios-juveniles-formas19-cama-blok-f222-400x400.jpg 400w, https:\/\/glicerio-chaves.com\/wp-content\/uploads\/2020\/11\/dormitorios-juveniles-formas19-cama-blok-f222-150x150.jpg 150w, https:\/\/glicerio-chaves.com\/wp-content\/uploads\/2020\/11\/dormitorios-juveniles-formas19-cama-blok-f222-100x100.jpg 100w\" sizes=\"(max-width: 400px) 100vw, 400px\" \/>                                    <\/a>\n                                                    <\/div>\n        \t\t\t\t<\/div>\n\t\t\t\t<\/div>\n\t\t\t\t<div class=\"elementor-element elementor-element-cf6ac25 elementor-widget elementor-widget-heading\" data-id=\"cf6ac25\" data-element_type=\"widget\" data-e-type=\"widget\" data-widget_type=\"heading.default\">\n\t\t\t\t<div class=\"elementor-widget-container\">\n\t\t\t\t\t<h3 class=\"elementor-heading-title elementor-size-default\"><a href=\"https:\/\/glicerio-chaves.com\/fr\/juvenil-formas-22-fr\/\" target=\"_blank\">Juvenil (FORMAS 22)<\/a><\/h3>\t\t\t\t<\/div>\n\t\t\t\t<\/div>\n\t\t\t\t<div class=\"elementor-element elementor-element-7f0cbd0 elementor-widget elementor-widget-spacer\" data-id=\"7f0cbd0\" data-element_type=\"widget\" data-e-type=\"widget\" data-widget_type=\"spacer.default\">\n\t\t\t\t<div class=\"elementor-widget-container\">\n\t\t\t\t\t\t\t<div class=\"elementor-spacer\">\n\t\t\t<div class=\"elementor-spacer-inner\"><\/div>\n\t\t<\/div>\n\t\t\t\t\t\t<\/div>\n\t\t\t\t<\/div>\n\t\t\t\t\t<\/div>\n\t\t<\/div>\n\t\t\t\t<div class=\"elementor-column elementor-col-25 elementor-top-column elementor-element elementor-element-a0691df\" data-id=\"a0691df\" data-element_type=\"column\" data-e-type=\"column\">\n\t\t\t<div class=\"elementor-widget-wrap elementor-element-populated\">\n\t\t\t\t\t\t<div class=\"elementor-element elementor-element-ef2ba6b elementor-widget elementor-widget-image\" data-id=\"ef2ba6b\" data-element_type=\"widget\" data-e-type=\"widget\" data-widget_type=\"image.default\">\n\t\t\t\t<div class=\"elementor-widget-container\">\n\t\t\t\t\t        <div class=\"elementor-image\">\n                                            <a href=\"https:\/\/glicerio-chaves.com\/fr\/cosmo-fusion-by-eos-fr\/\" data-elementor-open-lightbox=\"\" target=\"_blank\">\n                                        <img loading=\"lazy\" decoding=\"async\" width=\"400\" height=\"400\" src=\"https:\/\/glicerio-chaves.com\/wp-content\/uploads\/2023\/09\/COMPOSICION-090-400x400.jpg\" class=\"attachment-auros-featured-image-small size-auros-featured-image-small wp-image-26573\" alt=\"\" srcset=\"https:\/\/glicerio-chaves.com\/wp-content\/uploads\/2023\/09\/COMPOSICION-090-400x400.jpg 400w, https:\/\/glicerio-chaves.com\/wp-content\/uploads\/2023\/09\/COMPOSICION-090-150x150.jpg 150w, https:\/\/glicerio-chaves.com\/wp-content\/uploads\/2023\/09\/COMPOSICION-090-100x100.jpg 100w, https:\/\/glicerio-chaves.com\/wp-content\/uploads\/2023\/09\/COMPOSICION-090-1000x1000.jpg 1000w, https:\/\/glicerio-chaves.com\/wp-content\/uploads\/2023\/09\/COMPOSICION-090-50x50.jpg 50w\" sizes=\"(max-width: 400px) 100vw, 400px\" \/>                                    <\/a>\n                                                    <\/div>\n        \t\t\t\t<\/div>\n\t\t\t\t<\/div>\n\t\t\t\t<div class=\"elementor-element elementor-element-0752109 elementor-widget elementor-widget-heading\" data-id=\"0752109\" data-element_type=\"widget\" data-e-type=\"widget\" data-widget_type=\"heading.default\">\n\t\t\t\t<div class=\"elementor-widget-container\">\n\t\t\t\t\t<h3 class=\"elementor-heading-title elementor-size-default\"><a href=\"https:\/\/glicerio-chaves.com\/fr\/cosmo-fusion-by-eos-fr\/\" target=\"_blank\">Cosmo Fusion by EOS<\/a><\/h3>\t\t\t\t<\/div>\n\t\t\t\t<\/div>\n\t\t\t\t<div class=\"elementor-element elementor-element-901080f elementor-widget elementor-widget-spacer\" data-id=\"901080f\" data-element_type=\"widget\" data-e-type=\"widget\" data-widget_type=\"spacer.default\">\n\t\t\t\t<div class=\"elementor-widget-container\">\n\t\t\t\t\t\t\t<div class=\"elementor-spacer\">\n\t\t\t<div class=\"elementor-spacer-inner\"><\/div>\n\t\t<\/div>\n\t\t\t\t\t\t<\/div>\n\t\t\t\t<\/div>\n\t\t\t\t\t<\/div>\n\t\t<\/div>\n\t\t\t\t\t<\/div>\n\t\t<\/section>\n\t\t\t\t<\/div>\n\t\t","protected":false},"excerpt":{"rendered":"<p>Lit double (COSMO by EOS) Win by Basic Juvenil (FORMAS 22) Cosmo Fusion by EOS<\/p>\n","protected":false},"author":1,"featured_media":0,"parent":0,"menu_order":0,"comment_status":"closed","ping_status":"closed","template":"","meta":{"footnotes":""},"class_list":["post-4893","page","type-page","status-publish","hentry"],"yoast_head":"<!-- This site is optimized with the Yoast SEO plugin v27.3 - https:\/\/yoast.com\/product\/yoast-seo-wordpress\/ -->\n<title>Produits - Glicerio Chaves<\/title>\n<meta name=\"description\" content=\"D\u00e9couvrez notre vari\u00e9t\u00e9 de produits tels que des meubles de chambre double, des lits, des armoires et des berceaux pour toutes les chambres.\" \/>\n<meta name=\"robots\" content=\"index, follow, max-snippet:-1, max-image-preview:large, max-video-preview:-1\" \/>\n<link rel=\"canonical\" href=\"https:\/\/glicerio-chaves.com\/fr\/produits\/\" \/>\n<meta property=\"og:locale\" content=\"fr_FR\" \/>\n<meta property=\"og:type\" content=\"article\" \/>\n<meta property=\"og:title\" content=\"Produits - Glicerio Chaves\" \/>\n<meta property=\"og:description\" content=\"D\u00e9couvrez notre vari\u00e9t\u00e9 de produits tels que des meubles de chambre double, des lits, des armoires et des berceaux pour toutes les chambres.\" \/>\n<meta property=\"og:url\" content=\"https:\/\/glicerio-chaves.com\/fr\/produits\/\" \/>\n<meta property=\"og:site_name\" content=\"Glicerio Chaves\" \/>\n<meta property=\"article:modified_time\" content=\"2023-09-15T11:15:13+00:00\" \/>\n<meta property=\"og:image\" content=\"https:\/\/glicerio-chaves.com\/wp-content\/uploads\/2020\/08\/Elba-COMP-6-2-400x400.jpg\" \/>\n<meta name=\"twitter:card\" content=\"summary_large_image\" \/>\n<meta name=\"twitter:label1\" content=\"Dur\u00e9e de lecture estim\u00e9e\" \/>\n\t<meta name=\"twitter:data1\" content=\"1 minute\" \/>\n<script type=\"application\/ld+json\" class=\"yoast-schema-graph\">{\"@context\":\"https:\\\/\\\/schema.org\",\"@graph\":[{\"@type\":\"WebPage\",\"@id\":\"https:\\\/\\\/glicerio-chaves.com\\\/fr\\\/produits\\\/\",\"url\":\"https:\\\/\\\/glicerio-chaves.com\\\/fr\\\/produits\\\/\",\"name\":\"Produits - Glicerio Chaves\",\"isPartOf\":{\"@id\":\"https:\\\/\\\/glicerio-chaves.com\\\/fr\\\/#website\"},\"primaryImageOfPage\":{\"@id\":\"https:\\\/\\\/glicerio-chaves.com\\\/fr\\\/produits\\\/#primaryimage\"},\"image\":{\"@id\":\"https:\\\/\\\/glicerio-chaves.com\\\/fr\\\/produits\\\/#primaryimage\"},\"thumbnailUrl\":\"https:\\\/\\\/glicerio-chaves.com\\\/wp-content\\\/uploads\\\/2020\\\/08\\\/Elba-COMP-6-2-400x400.jpg\",\"datePublished\":\"2020-01-21T09:21:42+00:00\",\"dateModified\":\"2023-09-15T11:15:13+00:00\",\"description\":\"D\u00e9couvrez notre vari\u00e9t\u00e9 de produits tels que des meubles de chambre double, des lits, des armoires et des berceaux pour toutes les chambres.\",\"breadcrumb\":{\"@id\":\"https:\\\/\\\/glicerio-chaves.com\\\/fr\\\/produits\\\/#breadcrumb\"},\"inLanguage\":\"fr-FR\",\"potentialAction\":[{\"@type\":\"ReadAction\",\"target\":[\"https:\\\/\\\/glicerio-chaves.com\\\/fr\\\/produits\\\/\"]}]},{\"@type\":\"ImageObject\",\"inLanguage\":\"fr-FR\",\"@id\":\"https:\\\/\\\/glicerio-chaves.com\\\/fr\\\/produits\\\/#primaryimage\",\"url\":\"https:\\\/\\\/glicerio-chaves.com\\\/wp-content\\\/uploads\\\/2020\\\/08\\\/Elba-COMP-6-2-400x400.jpg\",\"contentUrl\":\"https:\\\/\\\/glicerio-chaves.com\\\/wp-content\\\/uploads\\\/2020\\\/08\\\/Elba-COMP-6-2-400x400.jpg\"},{\"@type\":\"BreadcrumbList\",\"@id\":\"https:\\\/\\\/glicerio-chaves.com\\\/fr\\\/produits\\\/#breadcrumb\",\"itemListElement\":[{\"@type\":\"ListItem\",\"position\":1,\"name\":\"Portada\",\"item\":\"https:\\\/\\\/glicerio-chaves.com\\\/fr\\\/\"},{\"@type\":\"ListItem\",\"position\":2,\"name\":\"Produits\"}]},{\"@type\":\"WebSite\",\"@id\":\"https:\\\/\\\/glicerio-chaves.com\\\/fr\\\/#website\",\"url\":\"https:\\\/\\\/glicerio-chaves.com\\\/fr\\\/\",\"name\":\"Glicerio Chaves\",\"description\":\"Glicerio Chaves Hornero es una empresa dedicada a la fabricaci\u00f3n de muebles, especializada en dormitorios juveniles y de matrimonio modernos.\",\"publisher\":{\"@id\":\"https:\\\/\\\/glicerio-chaves.com\\\/fr\\\/#organization\"},\"potentialAction\":[{\"@type\":\"SearchAction\",\"target\":{\"@type\":\"EntryPoint\",\"urlTemplate\":\"https:\\\/\\\/glicerio-chaves.com\\\/fr\\\/?s={search_term_string}\"},\"query-input\":{\"@type\":\"PropertyValueSpecification\",\"valueRequired\":true,\"valueName\":\"search_term_string\"}}],\"inLanguage\":\"fr-FR\"},{\"@type\":\"Organization\",\"@id\":\"https:\\\/\\\/glicerio-chaves.com\\\/fr\\\/#organization\",\"name\":\"Glicerio-Chaves\",\"url\":\"https:\\\/\\\/glicerio-chaves.com\\\/fr\\\/\",\"logo\":{\"@type\":\"ImageObject\",\"inLanguage\":\"fr-FR\",\"@id\":\"https:\\\/\\\/glicerio-chaves.com\\\/fr\\\/#\\\/schema\\\/logo\\\/image\\\/\",\"url\":\"https:\\\/\\\/glicerio-chaves.com\\\/wp-content\\\/uploads\\\/2020\\\/12\\\/logo.png\",\"contentUrl\":\"https:\\\/\\\/glicerio-chaves.com\\\/wp-content\\\/uploads\\\/2020\\\/12\\\/logo.png\",\"width\":185,\"height\":90,\"caption\":\"Glicerio-Chaves\"},\"image\":{\"@id\":\"https:\\\/\\\/glicerio-chaves.com\\\/fr\\\/#\\\/schema\\\/logo\\\/image\\\/\"}}]}<\/script>\n<!-- \/ Yoast SEO plugin. -->","yoast_head_json":{"title":"Produits - Glicerio Chaves","description":"D\u00e9couvrez notre vari\u00e9t\u00e9 de produits tels que des meubles de chambre double, des lits, des armoires et des berceaux pour toutes les chambres.","robots":{"index":"index","follow":"follow","max-snippet":"max-snippet:-1","max-image-preview":"max-image-preview:large","max-video-preview":"max-video-preview:-1"},"canonical":"https:\/\/glicerio-chaves.com\/fr\/produits\/","og_locale":"fr_FR","og_type":"article","og_title":"Produits - Glicerio Chaves","og_description":"D\u00e9couvrez notre vari\u00e9t\u00e9 de produits tels que des meubles de chambre double, des lits, des armoires et des berceaux pour toutes les chambres.","og_url":"https:\/\/glicerio-chaves.com\/fr\/produits\/","og_site_name":"Glicerio Chaves","article_modified_time":"2023-09-15T11:15:13+00:00","og_image":[{"url":"https:\/\/glicerio-chaves.com\/wp-content\/uploads\/2020\/08\/Elba-COMP-6-2-400x400.jpg","type":"","width":"","height":""}],"twitter_card":"summary_large_image","twitter_misc":{"Dur\u00e9e de lecture estim\u00e9e":"1 minute"},"schema":{"@context":"https:\/\/schema.org","@graph":[{"@type":"WebPage","@id":"https:\/\/glicerio-chaves.com\/fr\/produits\/","url":"https:\/\/glicerio-chaves.com\/fr\/produits\/","name":"Produits - Glicerio Chaves","isPartOf":{"@id":"https:\/\/glicerio-chaves.com\/fr\/#website"},"primaryImageOfPage":{"@id":"https:\/\/glicerio-chaves.com\/fr\/produits\/#primaryimage"},"image":{"@id":"https:\/\/glicerio-chaves.com\/fr\/produits\/#primaryimage"},"thumbnailUrl":"https:\/\/glicerio-chaves.com\/wp-content\/uploads\/2020\/08\/Elba-COMP-6-2-400x400.jpg","datePublished":"2020-01-21T09:21:42+00:00","dateModified":"2023-09-15T11:15:13+00:00","description":"D\u00e9couvrez notre vari\u00e9t\u00e9 de produits tels que des meubles de chambre double, des lits, des armoires et des berceaux pour toutes les chambres.","breadcrumb":{"@id":"https:\/\/glicerio-chaves.com\/fr\/produits\/#breadcrumb"},"inLanguage":"fr-FR","potentialAction":[{"@type":"ReadAction","target":["https:\/\/glicerio-chaves.com\/fr\/produits\/"]}]},{"@type":"ImageObject","inLanguage":"fr-FR","@id":"https:\/\/glicerio-chaves.com\/fr\/produits\/#primaryimage","url":"https:\/\/glicerio-chaves.com\/wp-content\/uploads\/2020\/08\/Elba-COMP-6-2-400x400.jpg","contentUrl":"https:\/\/glicerio-chaves.com\/wp-content\/uploads\/2020\/08\/Elba-COMP-6-2-400x400.jpg"},{"@type":"BreadcrumbList","@id":"https:\/\/glicerio-chaves.com\/fr\/produits\/#breadcrumb","itemListElement":[{"@type":"ListItem","position":1,"name":"Portada","item":"https:\/\/glicerio-chaves.com\/fr\/"},{"@type":"ListItem","position":2,"name":"Produits"}]},{"@type":"WebSite","@id":"https:\/\/glicerio-chaves.com\/fr\/#website","url":"https:\/\/glicerio-chaves.com\/fr\/","name":"Glicerio Chaves","description":"Glicerio Chaves Hornero es una empresa dedicada a la fabricaci\u00f3n de muebles, especializada en dormitorios juveniles y de matrimonio modernos.","publisher":{"@id":"https:\/\/glicerio-chaves.com\/fr\/#organization"},"potentialAction":[{"@type":"SearchAction","target":{"@type":"EntryPoint","urlTemplate":"https:\/\/glicerio-chaves.com\/fr\/?s={search_term_string}"},"query-input":{"@type":"PropertyValueSpecification","valueRequired":true,"valueName":"search_term_string"}}],"inLanguage":"fr-FR"},{"@type":"Organization","@id":"https:\/\/glicerio-chaves.com\/fr\/#organization","name":"Glicerio-Chaves","url":"https:\/\/glicerio-chaves.com\/fr\/","logo":{"@type":"ImageObject","inLanguage":"fr-FR","@id":"https:\/\/glicerio-chaves.com\/fr\/#\/schema\/logo\/image\/","url":"https:\/\/glicerio-chaves.com\/wp-content\/uploads\/2020\/12\/logo.png","contentUrl":"https:\/\/glicerio-chaves.com\/wp-content\/uploads\/2020\/12\/logo.png","width":185,"height":90,"caption":"Glicerio-Chaves"},"image":{"@id":"https:\/\/glicerio-chaves.com\/fr\/#\/schema\/logo\/image\/"}}]}},"_links":{"self":[{"href":"https:\/\/glicerio-chaves.com\/fr\/wp-json\/wp\/v2\/pages\/4893","targetHints":{"allow":["GET"]}}],"collection":[{"href":"https:\/\/glicerio-chaves.com\/fr\/wp-json\/wp\/v2\/pages"}],"about":[{"href":"https:\/\/glicerio-chaves.com\/fr\/wp-json\/wp\/v2\/types\/page"}],"author":[{"embeddable":true,"href":"https:\/\/glicerio-chaves.com\/fr\/wp-json\/wp\/v2\/users\/1"}],"replies":[{"embeddable":true,"href":"https:\/\/glicerio-chaves.com\/fr\/wp-json\/wp\/v2\/comments?post=4893"}],"version-history":[{"count":24,"href":"https:\/\/glicerio-chaves.com\/fr\/wp-json\/wp\/v2\/pages\/4893\/revisions"}],"predecessor-version":[{"id":26717,"href":"https:\/\/glicerio-chaves.com\/fr\/wp-json\/wp\/v2\/pages\/4893\/revisions\/26717"}],"wp:attachment":[{"href":"https:\/\/glicerio-chaves.com\/fr\/wp-json\/wp\/v2\/media?parent=4893"}],"curies":[{"name":"wp","href":"https:\/\/api.w.org\/{rel}","templated":true}]}}