{"id":4884,"date":"2020-01-21T09:13:57","date_gmt":"2020-01-21T09:13:57","guid":{"rendered":"https:\/\/glicerio-chaves.com\/?page_id=4884"},"modified":"2024-02-01T11:28:11","modified_gmt":"2024-02-01T11:28:11","slug":"blog","status":"publish","type":"page","link":"https:\/\/glicerio-chaves.com\/fr\/blog\/","title":{"rendered":"Blog"},"content":{"rendered":"\t\t<div data-elementor-type=\"wp-post\" data-elementor-id=\"4884\" class=\"elementor elementor-4884 elementor-3995\" data-elementor-post-type=\"page\">\n\t\t\t\t\t\t<section class=\"elementor-section elementor-top-section elementor-element elementor-element-53eb046 elementor-section-stretched elementor-section-boxed elementor-section-height-default elementor-section-height-default\" data-id=\"53eb046\" data-element_type=\"section\" data-e-type=\"section\" data-settings=\"{&quot;stretch_section&quot;:&quot;section-stretched&quot;}\">\n\t\t\t\t\t\t<div class=\"elementor-container elementor-column-gap-no\">\n\t\t\t\t\t<div class=\"elementor-column elementor-col-100 elementor-top-column elementor-element elementor-element-801a1c1\" data-id=\"801a1c1\" data-element_type=\"column\" data-e-type=\"column\">\n\t\t\t<div class=\"elementor-widget-wrap elementor-element-populated\">\n\t\t\t\t\t\t<div class=\"elementor-element elementor-element-dcc0acb elementor-widget elementor-widget-opal-post-grid\" data-id=\"dcc0acb\" data-element_type=\"widget\" data-e-type=\"widget\" data-widget_type=\"opal-post-grid.default\">\n\t\t\t\t<div class=\"elementor-widget-container\">\n\t\t\t\t\t        <div class=\"elementor-post-wrapper\">\n            <div class=\"row\" data-elementor-columns=\"3\">\n\n                <div class=\"column-item post-style-1\">\n    <div class=\"post-inner\">\n                    <div class=\"post-thumbnail\">\n                <a href=\"https:\/\/glicerio-chaves.com\/fr\/blog-dormitorio-compacto-w002-coleccion-win\/\">\n                    <img fetchpriority=\"high\" decoding=\"async\" width=\"600\" height=\"390\" src=\"https:\/\/glicerio-chaves.com\/wp-content\/uploads\/2026\/03\/BLOG-WIN002-01-2-600x390.png\" class=\"attachment-auros-featured-image-large size-auros-featured-image-large wp-post-image\" alt=\"\" \/>                <\/a>\n            <\/div><!-- .post-thumbnail -->\n                <div class=\"post-content\">\n            <div class=\"entry-header\">\n                <span class=\"entry-category \"><a href=\"https:\/\/glicerio-chaves.com\/fr\/category\/blog-fr\/\" rel=\"category tag\">blog<\/a><\/span>\n                <span class=\"post-date\">20 mars 2026<\/span>\n            <\/div>\n            <h3 class=\"entry-title\"><a href=\"https:\/\/glicerio-chaves.com\/fr\/blog-dormitorio-compacto-w002-coleccion-win\/\">Chambre compacte W002 de la collection WIN : un design intelligent pour les chambres de jeunes d\u2019aujourd\u2019hui<\/a><\/h3>\n            <div class=\"entry-excerpt\">Chambre compacte W002 de la collection WIN : un design intelligent pour les chambres de jeunes d\u2019aujourd\u2019hui La chambre d\u2019enfant...<\/div>\n            <div class=\"link-more\"><a href=\"https:\/\/glicerio-chaves.com\/fr\/blog-dormitorio-compacto-w002-coleccion-win\/\">Lire<\/a><\/div>\n        <\/div>\n\n    <\/div>\n<\/div><div class=\"column-item post-style-1\">\n    <div class=\"post-inner\">\n                    <div class=\"post-thumbnail\">\n                <a href=\"https:\/\/glicerio-chaves.com\/fr\/armoires-solutions-fonctionnelles-cosmo-fusion\/\">\n                    <img decoding=\"async\" width=\"600\" height=\"390\" src=\"https:\/\/glicerio-chaves.com\/wp-content\/uploads\/2026\/01\/armarios-y-soluciones-blog-600x390.jpg\" class=\"attachment-auros-featured-image-large size-auros-featured-image-large wp-post-image\" alt=\"\" \/>                <\/a>\n            <\/div><!-- .post-thumbnail -->\n                <div class=\"post-content\">\n            <div class=\"entry-header\">\n                <span class=\"entry-category \"><a href=\"https:\/\/glicerio-chaves.com\/fr\/category\/blog-fr\/\" rel=\"category tag\">blog<\/a><\/span>\n                <span class=\"post-date\">20 f\u00e9vrier 2026<\/span>\n            <\/div>\n            <h3 class=\"entry-title\"><a href=\"https:\/\/glicerio-chaves.com\/fr\/armoires-solutions-fonctionnelles-cosmo-fusion\/\">Armoires et solutions fonctionnelles : la cl\u00e9 pour gagner de l&rsquo;espace sans renoncer au design<\/a><\/h3>\n            <div class=\"entry-excerpt\">Armoires et solutions fonctionnelles : la cl\u00e9 pour gagner de l&rsquo;espace sans renoncer au design La chambre \u00e0 coucher n&rsquo;est...<\/div>\n            <div class=\"link-more\"><a href=\"https:\/\/glicerio-chaves.com\/fr\/armoires-solutions-fonctionnelles-cosmo-fusion\/\">Lire<\/a><\/div>\n        <\/div>\n\n    <\/div>\n<\/div><div class=\"column-item post-style-1\">\n    <div class=\"post-inner\">\n                    <div class=\"post-thumbnail\">\n                <a href=\"https:\/\/glicerio-chaves.com\/fr\/chambres-dadolescents-evolutives-advance\/\">\n                    <img decoding=\"async\" width=\"600\" height=\"390\" src=\"https:\/\/glicerio-chaves.com\/wp-content\/uploads\/2026\/01\/soluciones-advance-blog-600x390.jpg\" class=\"attachment-auros-featured-image-large size-auros-featured-image-large wp-post-image\" alt=\"\" \/>                <\/a>\n            <\/div><!-- .post-thumbnail -->\n                <div class=\"post-content\">\n            <div class=\"entry-header\">\n                <span class=\"entry-category \"><a href=\"https:\/\/glicerio-chaves.com\/fr\/category\/blog-fr\/\" rel=\"category tag\">blog<\/a><\/span>\n                <span class=\"post-date\">28 janvier 2026<\/span>\n            <\/div>\n            <h3 class=\"entry-title\"><a href=\"https:\/\/glicerio-chaves.com\/fr\/chambres-dadolescents-evolutives-advance\/\">Chambres d&rsquo;adolescents qui \u00e9voluent : solutions Advance con\u00e7ues pour grandir<\/a><\/h3>\n            <div class=\"entry-excerpt\">Chambres d&rsquo;adolescents qui \u00e9voluent : solutions Advance con\u00e7ues pour grandir. Concevoir une chambre d&rsquo;adolescent aujourd&rsquo;hui implique de penser au-del\u00e0 du...<\/div>\n            <div class=\"link-more\"><a href=\"https:\/\/glicerio-chaves.com\/fr\/chambres-dadolescents-evolutives-advance\/\">Lire<\/a><\/div>\n        <\/div>\n\n    <\/div>\n<\/div><div class=\"column-item post-style-1\">\n    <div class=\"post-inner\">\n                    <div class=\"post-thumbnail\">\n                <a href=\"https:\/\/glicerio-chaves.com\/fr\/materiales-acabados-tendencias-muebles-2026\/\">\n                    <img loading=\"lazy\" decoding=\"async\" width=\"600\" height=\"390\" src=\"https:\/\/glicerio-chaves.com\/wp-content\/uploads\/2025\/12\/materiales-que-inspiran-600x390.jpg\" class=\"attachment-auros-featured-image-large size-auros-featured-image-large wp-post-image\" alt=\"Les finitions et textures naturelles sont tendance en 2026 dans le mobilier Glicerio Chaves\" \/>                <\/a>\n            <\/div><!-- .post-thumbnail -->\n                <div class=\"post-content\">\n            <div class=\"entry-header\">\n                <span class=\"entry-category \"><a href=\"https:\/\/glicerio-chaves.com\/fr\/category\/blog-fr\/\" rel=\"category tag\">blog<\/a><\/span>\n                <span class=\"post-date\">19 d\u00e9cembre 2025<\/span>\n            <\/div>\n            <h3 class=\"entry-title\"><a href=\"https:\/\/glicerio-chaves.com\/fr\/materiales-acabados-tendencias-muebles-2026\/\">Mat\u00e9riaux qui inspirent : finitions et textures qui marqueront la tendance en 2026<\/a><\/h3>\n            <div class=\"entry-excerpt\">Mat\u00e9riaux qui inspirent : finitions et textures qui marqueront la tendance en 2026 Les mat\u00e9riaux parlent. Dans le mobilier, ils...<\/div>\n            <div class=\"link-more\"><a href=\"https:\/\/glicerio-chaves.com\/fr\/materiales-acabados-tendencias-muebles-2026\/\">Lire<\/a><\/div>\n        <\/div>\n\n    <\/div>\n<\/div><div class=\"column-item post-style-1\">\n    <div class=\"post-inner\">\n                    <div class=\"post-thumbnail\">\n                <a href=\"https:\/\/glicerio-chaves.com\/fr\/iluminacion-integrada-dormitorios-formas-advance-cosmo\/\">\n                    <img loading=\"lazy\" decoding=\"async\" width=\"600\" height=\"390\" src=\"https:\/\/glicerio-chaves.com\/wp-content\/uploads\/2025\/11\/el-poder-de-la-luz-600x390.jpg\" class=\"attachment-auros-featured-image-large size-auros-featured-image-large wp-post-image\" alt=\"\" \/>                <\/a>\n            <\/div><!-- .post-thumbnail -->\n                <div class=\"post-content\">\n            <div class=\"entry-header\">\n                <span class=\"entry-category \"><a href=\"https:\/\/glicerio-chaves.com\/fr\/category\/blog-fr\/\" rel=\"category tag\">blog<\/a><\/span>\n                <span class=\"post-date\">5 d\u00e9cembre 2025<\/span>\n            <\/div>\n            <h3 class=\"entry-title\"><a href=\"https:\/\/glicerio-chaves.com\/fr\/iluminacion-integrada-dormitorios-formas-advance-cosmo\/\">Le pouvoir de la lumi\u00e8re : comment l\u2019\u00e9clairage int\u00e9gr\u00e9 change l\u2019ambiance de la chambre \u00e0 coucher<\/a><\/h3>\n            <div class=\"entry-excerpt\">Le pouvoir de la lumi\u00e8re : comment l\u2019\u00e9clairage int\u00e9gr\u00e9 change l\u2019ambiance de la chambre \u00e0 coucher La lumi\u00e8re a le...<\/div>\n            <div class=\"link-more\"><a href=\"https:\/\/glicerio-chaves.com\/fr\/iluminacion-integrada-dormitorios-formas-advance-cosmo\/\">Lire<\/a><\/div>\n        <\/div>\n\n    <\/div>\n<\/div><div class=\"column-item post-style-1\">\n    <div class=\"post-inner\">\n                    <div class=\"post-thumbnail\">\n                <a href=\"https:\/\/glicerio-chaves.com\/fr\/renueva-dormitorio-modulos-formas-evolution\/\">\n                    <img loading=\"lazy\" decoding=\"async\" width=\"600\" height=\"390\" src=\"https:\/\/glicerio-chaves.com\/wp-content\/uploads\/2025\/11\/Img-renueva-sin-obra-600x390.jpg\" class=\"attachment-auros-featured-image-large size-auros-featured-image-large wp-post-image\" alt=\"\" \/>                <\/a>\n            <\/div><!-- .post-thumbnail -->\n                <div class=\"post-content\">\n            <div class=\"entry-header\">\n                <span class=\"entry-category \"><a href=\"https:\/\/glicerio-chaves.com\/fr\/category\/blog-fr\/\" rel=\"category tag\">blog<\/a><\/span>\n                <span class=\"post-date\">20 novembre 2025<\/span>\n            <\/div>\n            <h3 class=\"entry-title\"><a href=\"https:\/\/glicerio-chaves.com\/fr\/renueva-dormitorio-modulos-formas-evolution\/\">R\u00e9nover sans travail : comment transformer une chambre avec des modules<\/a><\/h3>\n            <div class=\"entry-excerpt\">R\u00e9nover sans travail : comment transformer une chambre avec des modules Mettre \u00e0 jour une chambre ne signifie plus repartir...<\/div>\n            <div class=\"link-more\"><a href=\"https:\/\/glicerio-chaves.com\/fr\/renueva-dormitorio-modulos-formas-evolution\/\">Lire<\/a><\/div>\n        <\/div>\n\n    <\/div>\n<\/div>            <\/div>\n\n                            <div class=\"pagination\">\n                            <div class=\"pagination\">\n            <nav class=\"elementor-pagination\" role=\"navigation\"\n                 aria-label=\"Pagination\">\n                <span aria-current=\"page\" class=\"page-numbers current\"><span class=\"elementor-screen-only\">Page<\/span>1<\/span>\n<a class=\"page-numbers\" href=\"https:\/\/glicerio-chaves.com\/fr\/wp-json\/wp\/v2\/pages\/4884\/page\/2\/\"><span class=\"elementor-screen-only\">Page<\/span>2<\/a>\n<a class=\"page-numbers\" href=\"https:\/\/glicerio-chaves.com\/fr\/wp-json\/wp\/v2\/pages\/4884\/page\/3\/\"><span class=\"elementor-screen-only\">Page<\/span>3<\/a>\n<a class=\"page-numbers\" href=\"https:\/\/glicerio-chaves.com\/fr\/wp-json\/wp\/v2\/pages\/4884\/page\/4\/\"><span class=\"elementor-screen-only\">Page<\/span>4<\/a>\n<a class=\"page-numbers\" href=\"https:\/\/glicerio-chaves.com\/fr\/wp-json\/wp\/v2\/pages\/4884\/page\/5\/\"><span class=\"elementor-screen-only\">Page<\/span>5<\/a>            <\/nav>\n        <\/div>\n                        <\/div>\n                    <\/div>\n        \t\t\t\t<\/div>\n\t\t\t\t<\/div>\n\t\t\t\t\t<\/div>\n\t\t<\/div>\n\t\t\t\t\t<\/div>\n\t\t<\/section>\n\t\t\t\t<section class=\"elementor-section elementor-top-section elementor-element elementor-element-c217618 elementor-section-full_width elementor-section-height-default elementor-section-height-default\" data-id=\"c217618\" data-element_type=\"section\" data-e-type=\"section\">\n\t\t\t\t\t\t<div class=\"elementor-container elementor-column-gap-default\">\n\t\t\t\t\t<div class=\"elementor-column elementor-col-100 elementor-top-column elementor-element elementor-element-ce34803\" data-id=\"ce34803\" data-element_type=\"column\" data-e-type=\"column\">\n\t\t\t<div class=\"elementor-widget-wrap elementor-element-populated\">\n\t\t\t\t\t\t<div class=\"elementor-element elementor-element-c9c7235 elementor-widget elementor-widget-spacer\" data-id=\"c9c7235\" data-element_type=\"widget\" data-e-type=\"widget\" data-widget_type=\"spacer.default\">\n\t\t\t\t<div class=\"elementor-widget-container\">\n\t\t\t\t\t\t\t<div class=\"elementor-spacer\">\n\t\t\t<div class=\"elementor-spacer-inner\"><\/div>\n\t\t<\/div>\n\t\t\t\t\t\t<\/div>\n\t\t\t\t<\/div>\n\t\t\t\t\t<\/div>\n\t\t<\/div>\n\t\t\t\t\t<\/div>\n\t\t<\/section>\n\t\t\t\t<\/div>\n\t\t","protected":false},"excerpt":{"rendered":"<p>blog 1 febrero 2024 Innovaci\u00f3n en Muebles: La Fusi\u00f3n de Tecnolog\u00eda y Dise\u00f1o en la Colecci\u00f3n Cosmo by EOS de Glicerio Chaves En el mundo del dise\u00f1o de interiores, la fusi\u00f3n de tecnolog\u00eda y est\u00e9tica ha dado lugar a una nueva era&#8230; + Leer m\u00e1s blog 1 enero 2024 Transformando Espacios: C\u00f3mo los Dormitorios Modernos &hellip; <\/p>\n<p class=\"link-more\"><a href=\"https:\/\/glicerio-chaves.com\/fr\/renueva-dormitorio-modulos-formas-evolution\/\" class=\"more-link\">Lire <span class=\"screen-reader-text\"> \u00ab\u00a0R\u00e9nover sans travail : comment transformer une chambre avec des modules\u00a0\u00bb<\/span><\/a><\/p>\n","protected":false},"author":1,"featured_media":0,"parent":0,"menu_order":0,"comment_status":"closed","ping_status":"closed","template":"","meta":{"footnotes":""},"class_list":["post-4884","page","type-page","status-publish","hentry"],"yoast_head":"<!-- This site is optimized with the Yoast SEO plugin v27.3 - https:\/\/yoast.com\/product\/yoast-seo-wordpress\/ -->\n<title>Blog - Glicerio Chaves<\/title>\n<meta name=\"description\" content=\"Sur notre blog, d\u00e9couvrez les derni\u00e8res tendances, lisez nos conseils et d\u00e9couvrez ce que vous pouvez faire avec nos produits.\" \/>\n<meta name=\"robots\" content=\"index, follow, max-snippet:-1, max-image-preview:large, max-video-preview:-1\" \/>\n<link rel=\"canonical\" href=\"https:\/\/glicerio-chaves.com\/fr\/blog\/\" \/>\n<meta property=\"og:locale\" content=\"fr_FR\" \/>\n<meta property=\"og:type\" content=\"article\" \/>\n<meta property=\"og:title\" content=\"Blog - Glicerio Chaves\" \/>\n<meta property=\"og:description\" content=\"Sur notre blog, d\u00e9couvrez les derni\u00e8res tendances, lisez nos conseils et d\u00e9couvrez ce que vous pouvez faire avec nos produits.\" \/>\n<meta property=\"og:url\" content=\"https:\/\/glicerio-chaves.com\/fr\/blog\/\" \/>\n<meta property=\"og:site_name\" content=\"Glicerio Chaves\" \/>\n<meta property=\"article:modified_time\" content=\"2024-02-01T11:28:11+00:00\" \/>\n<meta property=\"og:image\" content=\"https:\/\/glicerio-chaves.com\/wp-content\/uploads\/2023\/11\/Blog-Diciembre-Glicerio-600x390.jpg\" \/>\n<meta name=\"twitter:card\" content=\"summary_large_image\" \/>\n<meta name=\"twitter:label1\" content=\"Dur\u00e9e de lecture estim\u00e9e\" \/>\n\t<meta name=\"twitter:data1\" content=\"2 minutes\" \/>\n<script type=\"application\/ld+json\" class=\"yoast-schema-graph\">{\"@context\":\"https:\\\/\\\/schema.org\",\"@graph\":[{\"@type\":\"WebPage\",\"@id\":\"https:\\\/\\\/glicerio-chaves.com\\\/fr\\\/blog\\\/\",\"url\":\"https:\\\/\\\/glicerio-chaves.com\\\/fr\\\/blog\\\/\",\"name\":\"Blog - Glicerio Chaves\",\"isPartOf\":{\"@id\":\"https:\\\/\\\/glicerio-chaves.com\\\/fr\\\/#website\"},\"primaryImageOfPage\":{\"@id\":\"https:\\\/\\\/glicerio-chaves.com\\\/fr\\\/blog\\\/#primaryimage\"},\"image\":{\"@id\":\"https:\\\/\\\/glicerio-chaves.com\\\/fr\\\/blog\\\/#primaryimage\"},\"thumbnailUrl\":\"https:\\\/\\\/glicerio-chaves.com\\\/wp-content\\\/uploads\\\/2023\\\/11\\\/Blog-Diciembre-Glicerio-600x390.jpg\",\"datePublished\":\"2020-01-21T09:13:57+00:00\",\"dateModified\":\"2024-02-01T11:28:11+00:00\",\"description\":\"Sur notre blog, d\u00e9couvrez les derni\u00e8res tendances, lisez nos conseils et d\u00e9couvrez ce que vous pouvez faire avec nos produits.\",\"breadcrumb\":{\"@id\":\"https:\\\/\\\/glicerio-chaves.com\\\/fr\\\/blog\\\/#breadcrumb\"},\"inLanguage\":\"fr-FR\",\"potentialAction\":[{\"@type\":\"ReadAction\",\"target\":[\"https:\\\/\\\/glicerio-chaves.com\\\/fr\\\/blog\\\/\"]}]},{\"@type\":\"ImageObject\",\"inLanguage\":\"fr-FR\",\"@id\":\"https:\\\/\\\/glicerio-chaves.com\\\/fr\\\/blog\\\/#primaryimage\",\"url\":\"https:\\\/\\\/glicerio-chaves.com\\\/wp-content\\\/uploads\\\/2023\\\/11\\\/Blog-Diciembre-Glicerio-600x390.jpg\",\"contentUrl\":\"https:\\\/\\\/glicerio-chaves.com\\\/wp-content\\\/uploads\\\/2023\\\/11\\\/Blog-Diciembre-Glicerio-600x390.jpg\"},{\"@type\":\"BreadcrumbList\",\"@id\":\"https:\\\/\\\/glicerio-chaves.com\\\/fr\\\/blog\\\/#breadcrumb\",\"itemListElement\":[{\"@type\":\"ListItem\",\"position\":1,\"name\":\"Portada\",\"item\":\"https:\\\/\\\/glicerio-chaves.com\\\/fr\\\/\"},{\"@type\":\"ListItem\",\"position\":2,\"name\":\"Blog\"}]},{\"@type\":\"WebSite\",\"@id\":\"https:\\\/\\\/glicerio-chaves.com\\\/fr\\\/#website\",\"url\":\"https:\\\/\\\/glicerio-chaves.com\\\/fr\\\/\",\"name\":\"Glicerio Chaves\",\"description\":\"Glicerio Chaves Hornero es una empresa dedicada a la fabricaci\u00f3n de muebles, especializada en dormitorios juveniles y de matrimonio modernos.\",\"publisher\":{\"@id\":\"https:\\\/\\\/glicerio-chaves.com\\\/fr\\\/#organization\"},\"potentialAction\":[{\"@type\":\"SearchAction\",\"target\":{\"@type\":\"EntryPoint\",\"urlTemplate\":\"https:\\\/\\\/glicerio-chaves.com\\\/fr\\\/?s={search_term_string}\"},\"query-input\":{\"@type\":\"PropertyValueSpecification\",\"valueRequired\":true,\"valueName\":\"search_term_string\"}}],\"inLanguage\":\"fr-FR\"},{\"@type\":\"Organization\",\"@id\":\"https:\\\/\\\/glicerio-chaves.com\\\/fr\\\/#organization\",\"name\":\"Glicerio-Chaves\",\"url\":\"https:\\\/\\\/glicerio-chaves.com\\\/fr\\\/\",\"logo\":{\"@type\":\"ImageObject\",\"inLanguage\":\"fr-FR\",\"@id\":\"https:\\\/\\\/glicerio-chaves.com\\\/fr\\\/#\\\/schema\\\/logo\\\/image\\\/\",\"url\":\"https:\\\/\\\/glicerio-chaves.com\\\/wp-content\\\/uploads\\\/2020\\\/12\\\/logo.png\",\"contentUrl\":\"https:\\\/\\\/glicerio-chaves.com\\\/wp-content\\\/uploads\\\/2020\\\/12\\\/logo.png\",\"width\":185,\"height\":90,\"caption\":\"Glicerio-Chaves\"},\"image\":{\"@id\":\"https:\\\/\\\/glicerio-chaves.com\\\/fr\\\/#\\\/schema\\\/logo\\\/image\\\/\"}}]}<\/script>\n<!-- \/ Yoast SEO plugin. -->","yoast_head_json":{"title":"Blog - Glicerio Chaves","description":"Sur notre blog, d\u00e9couvrez les derni\u00e8res tendances, lisez nos conseils et d\u00e9couvrez ce que vous pouvez faire avec nos produits.","robots":{"index":"index","follow":"follow","max-snippet":"max-snippet:-1","max-image-preview":"max-image-preview:large","max-video-preview":"max-video-preview:-1"},"canonical":"https:\/\/glicerio-chaves.com\/fr\/blog\/","og_locale":"fr_FR","og_type":"article","og_title":"Blog - Glicerio Chaves","og_description":"Sur notre blog, d\u00e9couvrez les derni\u00e8res tendances, lisez nos conseils et d\u00e9couvrez ce que vous pouvez faire avec nos produits.","og_url":"https:\/\/glicerio-chaves.com\/fr\/blog\/","og_site_name":"Glicerio Chaves","article_modified_time":"2024-02-01T11:28:11+00:00","og_image":[{"url":"https:\/\/glicerio-chaves.com\/wp-content\/uploads\/2023\/11\/Blog-Diciembre-Glicerio-600x390.jpg","type":"","width":"","height":""}],"twitter_card":"summary_large_image","twitter_misc":{"Dur\u00e9e de lecture estim\u00e9e":"2 minutes"},"schema":{"@context":"https:\/\/schema.org","@graph":[{"@type":"WebPage","@id":"https:\/\/glicerio-chaves.com\/fr\/blog\/","url":"https:\/\/glicerio-chaves.com\/fr\/blog\/","name":"Blog - Glicerio Chaves","isPartOf":{"@id":"https:\/\/glicerio-chaves.com\/fr\/#website"},"primaryImageOfPage":{"@id":"https:\/\/glicerio-chaves.com\/fr\/blog\/#primaryimage"},"image":{"@id":"https:\/\/glicerio-chaves.com\/fr\/blog\/#primaryimage"},"thumbnailUrl":"https:\/\/glicerio-chaves.com\/wp-content\/uploads\/2023\/11\/Blog-Diciembre-Glicerio-600x390.jpg","datePublished":"2020-01-21T09:13:57+00:00","dateModified":"2024-02-01T11:28:11+00:00","description":"Sur notre blog, d\u00e9couvrez les derni\u00e8res tendances, lisez nos conseils et d\u00e9couvrez ce que vous pouvez faire avec nos produits.","breadcrumb":{"@id":"https:\/\/glicerio-chaves.com\/fr\/blog\/#breadcrumb"},"inLanguage":"fr-FR","potentialAction":[{"@type":"ReadAction","target":["https:\/\/glicerio-chaves.com\/fr\/blog\/"]}]},{"@type":"ImageObject","inLanguage":"fr-FR","@id":"https:\/\/glicerio-chaves.com\/fr\/blog\/#primaryimage","url":"https:\/\/glicerio-chaves.com\/wp-content\/uploads\/2023\/11\/Blog-Diciembre-Glicerio-600x390.jpg","contentUrl":"https:\/\/glicerio-chaves.com\/wp-content\/uploads\/2023\/11\/Blog-Diciembre-Glicerio-600x390.jpg"},{"@type":"BreadcrumbList","@id":"https:\/\/glicerio-chaves.com\/fr\/blog\/#breadcrumb","itemListElement":[{"@type":"ListItem","position":1,"name":"Portada","item":"https:\/\/glicerio-chaves.com\/fr\/"},{"@type":"ListItem","position":2,"name":"Blog"}]},{"@type":"WebSite","@id":"https:\/\/glicerio-chaves.com\/fr\/#website","url":"https:\/\/glicerio-chaves.com\/fr\/","name":"Glicerio Chaves","description":"Glicerio Chaves Hornero es una empresa dedicada a la fabricaci\u00f3n de muebles, especializada en dormitorios juveniles y de matrimonio modernos.","publisher":{"@id":"https:\/\/glicerio-chaves.com\/fr\/#organization"},"potentialAction":[{"@type":"SearchAction","target":{"@type":"EntryPoint","urlTemplate":"https:\/\/glicerio-chaves.com\/fr\/?s={search_term_string}"},"query-input":{"@type":"PropertyValueSpecification","valueRequired":true,"valueName":"search_term_string"}}],"inLanguage":"fr-FR"},{"@type":"Organization","@id":"https:\/\/glicerio-chaves.com\/fr\/#organization","name":"Glicerio-Chaves","url":"https:\/\/glicerio-chaves.com\/fr\/","logo":{"@type":"ImageObject","inLanguage":"fr-FR","@id":"https:\/\/glicerio-chaves.com\/fr\/#\/schema\/logo\/image\/","url":"https:\/\/glicerio-chaves.com\/wp-content\/uploads\/2020\/12\/logo.png","contentUrl":"https:\/\/glicerio-chaves.com\/wp-content\/uploads\/2020\/12\/logo.png","width":185,"height":90,"caption":"Glicerio-Chaves"},"image":{"@id":"https:\/\/glicerio-chaves.com\/fr\/#\/schema\/logo\/image\/"}}]}},"_links":{"self":[{"href":"https:\/\/glicerio-chaves.com\/fr\/wp-json\/wp\/v2\/pages\/4884","targetHints":{"allow":["GET"]}}],"collection":[{"href":"https:\/\/glicerio-chaves.com\/fr\/wp-json\/wp\/v2\/pages"}],"about":[{"href":"https:\/\/glicerio-chaves.com\/fr\/wp-json\/wp\/v2\/types\/page"}],"author":[{"embeddable":true,"href":"https:\/\/glicerio-chaves.com\/fr\/wp-json\/wp\/v2\/users\/1"}],"replies":[{"embeddable":true,"href":"https:\/\/glicerio-chaves.com\/fr\/wp-json\/wp\/v2\/comments?post=4884"}],"version-history":[{"count":31,"href":"https:\/\/glicerio-chaves.com\/fr\/wp-json\/wp\/v2\/pages\/4884\/revisions"}],"predecessor-version":[{"id":26991,"href":"https:\/\/glicerio-chaves.com\/fr\/wp-json\/wp\/v2\/pages\/4884\/revisions\/26991"}],"wp:attachment":[{"href":"https:\/\/glicerio-chaves.com\/fr\/wp-json\/wp\/v2\/media?parent=4884"}],"curies":[{"name":"wp","href":"https:\/\/api.w.org\/{rel}","templated":true}]}}