{"id":19618,"date":"2020-11-23T14:57:58","date_gmt":"2020-11-23T14:57:58","guid":{"rendered":"https:\/\/glicerio-chaves.com\/cunas-et-changeurs\/"},"modified":"2023-08-04T05:13:11","modified_gmt":"2023-08-04T05:13:11","slug":"lit-bebe","status":"publish","type":"page","link":"https:\/\/glicerio-chaves.com\/fr\/lit-bebe\/","title":{"rendered":"Lit b\u00e9b\u00e9"},"content":{"rendered":"\t\t<div data-elementor-type=\"wp-post\" data-elementor-id=\"19618\" class=\"elementor elementor-19618 elementor-19195\" data-elementor-post-type=\"page\">\n\t\t\t\t\t\t<section class=\"elementor-section elementor-top-section elementor-element elementor-element-44f8fc2 elementor-section-boxed elementor-section-height-default elementor-section-height-default\" data-id=\"44f8fc2\" data-element_type=\"section\" data-e-type=\"section\">\n\t\t\t\t\t\t<div class=\"elementor-container elementor-column-gap-default\">\n\t\t\t\t\t<div class=\"elementor-column elementor-col-100 elementor-top-column elementor-element elementor-element-e524021\" data-id=\"e524021\" data-element_type=\"column\" data-e-type=\"column\">\n\t\t\t<div class=\"elementor-widget-wrap elementor-element-populated\">\n\t\t\t\t\t\t<div class=\"elementor-element elementor-element-7ae402f elementor-product-style-1 elementor-widget elementor-widget-opal-products\" data-id=\"7ae402f\" data-element_type=\"widget\" data-e-type=\"widget\" data-widget_type=\"opal-products.default\">\n\t\t\t\t<div class=\"elementor-widget-container\">\n\t\t\t\t\t        <div >\n            <div class=\"woocommerce columns-3 \"><ul class=\"products columns-3\">\n<li class=\"product type-product post-25033 status-publish first instock product_cat-juvenil-formas-22-fr product_cat-lit-bebe-formas-22 product_cat-camas-infantil-fr has-post-thumbnail shipping-taxable purchasable product-type-variable\">\n\t<div class=\"product-block\"><div class=\"product-transition\"><div class=\"product-image\"><img fetchpriority=\"high\" decoding=\"async\" width=\"1000\" height=\"1000\" src=\"https:\/\/glicerio-chaves.com\/wp-content\/uploads\/2022\/09\/F-316-1000x1000.jpg\" class=\"attachment-woocommerce_thumbnail size-woocommerce_thumbnail\" alt=\"Formas 22 -  F316 Lits enfant\" srcset=\"https:\/\/glicerio-chaves.com\/wp-content\/uploads\/2022\/09\/F-316-1000x1000.jpg 1000w, https:\/\/glicerio-chaves.com\/wp-content\/uploads\/2022\/09\/F-316-150x150.jpg 150w, https:\/\/glicerio-chaves.com\/wp-content\/uploads\/2022\/09\/F-316-400x400.jpg 400w, https:\/\/glicerio-chaves.com\/wp-content\/uploads\/2022\/09\/F-316-100x100.jpg 100w\" sizes=\"(max-width: 1000px) 100vw, 1000px\" \/><\/div><div class=\"product-caption\"><div class=\"shop-action\"><\/div><\/div><a href=\"https:\/\/glicerio-chaves.com\/fr\/formas-22-f316-cuna-convertible\/\" aria-describedby=\"woocommerce_loop_add_to_cart_link_describedby_25033\" data-quantity=\"1\" class=\"button product_type_variable add_to_cart_button\" data-product_id=\"25033\" data-product_sku=\"\" aria-label=\"S\u00e9lectionner les options pour &ldquo;Formas 22 -  F316 Lits enfant&rdquo;\" rel=\"nofollow\">Choix des options<\/a>\t<span id=\"woocommerce_loop_add_to_cart_link_describedby_25033\" class=\"screen-reader-text\">\n\t\tCe produit a plusieurs variations. Les options peuvent \u00eatre choisies sur la page du produit\t<\/span>\n<a href=\"https:\/\/glicerio-chaves.com\/fr\/formas-22-f316-cuna-convertible\/\" class=\"woocommerce-LoopProduct-link woocommerce-loop-product__link\"><\/a><\/div><div class=\"caption\"><h3 class=\"woocommerce-loop-product__title\"><a href=\"https:\/\/glicerio-chaves.com\/fr\/formas-22-f316-cuna-convertible\/\">Formas 22 &#8211;  F316 Lits enfant<\/a><\/h3>\n\t<span class=\"price\"><span class=\"woocommerce-Price-amount amount\"><bdi><span class=\"woocommerce-Price-currencySymbol\">&euro;<\/span>8.00<\/bdi><\/span><\/span>\n<\/div><\/div><\/li>\n<li class=\"product type-product post-25039 status-publish instock product_cat-juvenil-formas-22-fr product_cat-lit-bebe-formas-22 product_cat-camas-infantil-fr has-post-thumbnail shipping-taxable purchasable product-type-variable\">\n\t<div class=\"product-block\"><div class=\"product-transition\"><div class=\"product-image\"><img decoding=\"async\" width=\"1000\" height=\"1000\" src=\"https:\/\/glicerio-chaves.com\/wp-content\/uploads\/2022\/09\/F-315-1000x1000.jpg\" class=\"attachment-woocommerce_thumbnail size-woocommerce_thumbnail\" alt=\"Formas 22 -  F315 Lits enfant\" srcset=\"https:\/\/glicerio-chaves.com\/wp-content\/uploads\/2022\/09\/F-315-1000x1000.jpg 1000w, https:\/\/glicerio-chaves.com\/wp-content\/uploads\/2022\/09\/F-315-150x150.jpg 150w, https:\/\/glicerio-chaves.com\/wp-content\/uploads\/2022\/09\/F-315-400x400.jpg 400w, https:\/\/glicerio-chaves.com\/wp-content\/uploads\/2022\/09\/F-315-100x100.jpg 100w\" sizes=\"(max-width: 1000px) 100vw, 1000px\" \/><\/div><div class=\"product-caption\"><div class=\"shop-action\"><\/div><\/div><a href=\"https:\/\/glicerio-chaves.com\/fr\/formas-22-f315-cuna-convertible\/\" aria-describedby=\"woocommerce_loop_add_to_cart_link_describedby_25039\" data-quantity=\"1\" class=\"button product_type_variable add_to_cart_button\" data-product_id=\"25039\" data-product_sku=\"\" aria-label=\"S\u00e9lectionner les options pour &ldquo;Formas 22 -  F315 Lits enfant&rdquo;\" rel=\"nofollow\">Choix des options<\/a>\t<span id=\"woocommerce_loop_add_to_cart_link_describedby_25039\" class=\"screen-reader-text\">\n\t\tCe produit a plusieurs variations. Les options peuvent \u00eatre choisies sur la page du produit\t<\/span>\n<a href=\"https:\/\/glicerio-chaves.com\/fr\/formas-22-f315-cuna-convertible\/\" class=\"woocommerce-LoopProduct-link woocommerce-loop-product__link\"><\/a><\/div><div class=\"caption\"><h3 class=\"woocommerce-loop-product__title\"><a href=\"https:\/\/glicerio-chaves.com\/fr\/formas-22-f315-cuna-convertible\/\">Formas 22 &#8211;  F315 Lits enfant<\/a><\/h3>\n\t<span class=\"price\"><span class=\"woocommerce-Price-amount amount\"><bdi><span class=\"woocommerce-Price-currencySymbol\">&euro;<\/span>8.00<\/bdi><\/span><\/span>\n<\/div><\/div><\/li>\n<li class=\"product type-product post-25045 status-publish last instock product_cat-juvenil-formas-22-fr product_cat-lit-bebe-formas-22 product_cat-camas-infantil-fr has-post-thumbnail shipping-taxable purchasable product-type-variable\">\n\t<div class=\"product-block\"><div class=\"product-transition\"><div class=\"product-img-wrap fade\">\n    <div class=\"inner\">\n        <div class=\"product-image\"><img decoding=\"async\" width=\"1000\" height=\"1000\" src=\"https:\/\/glicerio-chaves.com\/wp-content\/uploads\/2022\/09\/F-314-1000x1000.jpg\" class=\"attachment-woocommerce_thumbnail size-woocommerce_thumbnail\" alt=\"Formas 22 -  F314 Lits enfant\" srcset=\"https:\/\/glicerio-chaves.com\/wp-content\/uploads\/2022\/09\/F-314-1000x1000.jpg 1000w, https:\/\/glicerio-chaves.com\/wp-content\/uploads\/2022\/09\/F-314-150x150.jpg 150w, https:\/\/glicerio-chaves.com\/wp-content\/uploads\/2022\/09\/F-314-400x400.jpg 400w, https:\/\/glicerio-chaves.com\/wp-content\/uploads\/2022\/09\/F-314-100x100.jpg 100w\" sizes=\"(max-width: 1000px) 100vw, 1000px\" \/><\/div><div class=\"product-image second-image\"><img loading=\"lazy\" decoding=\"async\" width=\"1000\" height=\"1000\" src=\"https:\/\/glicerio-chaves.com\/wp-content\/uploads\/2022\/09\/F-314-det1-1000x1000.jpg\" class=\"attachment-woocommerce_thumbnail size-woocommerce_thumbnail\" alt=\"\" srcset=\"https:\/\/glicerio-chaves.com\/wp-content\/uploads\/2022\/09\/F-314-det1-1000x1000.jpg 1000w, https:\/\/glicerio-chaves.com\/wp-content\/uploads\/2022\/09\/F-314-det1-150x150.jpg 150w, https:\/\/glicerio-chaves.com\/wp-content\/uploads\/2022\/09\/F-314-det1-400x400.jpg 400w, https:\/\/glicerio-chaves.com\/wp-content\/uploads\/2022\/09\/F-314-det1-100x100.jpg 100w\" sizes=\"(max-width: 1000px) 100vw, 1000px\" \/><\/div>\n    <\/div>\n<\/div><div class=\"product-caption\"><div class=\"shop-action\"><\/div><\/div><a href=\"https:\/\/glicerio-chaves.com\/fr\/formas-22-f314-cuna-convertible\/\" aria-describedby=\"woocommerce_loop_add_to_cart_link_describedby_25045\" data-quantity=\"1\" class=\"button product_type_variable add_to_cart_button\" data-product_id=\"25045\" data-product_sku=\"\" aria-label=\"S\u00e9lectionner les options pour &ldquo;Formas 22 -  F314 Lits enfant&rdquo;\" rel=\"nofollow\">Choix des options<\/a>\t<span id=\"woocommerce_loop_add_to_cart_link_describedby_25045\" class=\"screen-reader-text\">\n\t\tCe produit a plusieurs variations. Les options peuvent \u00eatre choisies sur la page du produit\t<\/span>\n<a href=\"https:\/\/glicerio-chaves.com\/fr\/formas-22-f314-cuna-convertible\/\" class=\"woocommerce-LoopProduct-link woocommerce-loop-product__link\"><\/a><\/div><div class=\"caption\"><h3 class=\"woocommerce-loop-product__title\"><a href=\"https:\/\/glicerio-chaves.com\/fr\/formas-22-f314-cuna-convertible\/\">Formas 22 &#8211;  F314 Lits enfant<\/a><\/h3>\n\t<span class=\"price\"><span class=\"woocommerce-Price-amount amount\"><bdi><span class=\"woocommerce-Price-currencySymbol\">&euro;<\/span>8.00<\/bdi><\/span><\/span>\n<\/div><\/div><\/li>\n<li class=\"product type-product post-25052 status-publish first instock product_cat-juvenil-formas-22-fr product_cat-lit-bebe-formas-22 product_cat-camas-infantil-fr has-post-thumbnail shipping-taxable purchasable product-type-variable\">\n\t<div class=\"product-block\"><div class=\"product-transition\"><div class=\"product-img-wrap fade\">\n    <div class=\"inner\">\n        <div class=\"product-image\"><img loading=\"lazy\" decoding=\"async\" width=\"1000\" height=\"1000\" src=\"https:\/\/glicerio-chaves.com\/wp-content\/uploads\/2022\/09\/F-313-1000x1000.jpg\" class=\"attachment-woocommerce_thumbnail size-woocommerce_thumbnail\" alt=\"Formas 22 -  F313 Lits enfant\" srcset=\"https:\/\/glicerio-chaves.com\/wp-content\/uploads\/2022\/09\/F-313-1000x1000.jpg 1000w, https:\/\/glicerio-chaves.com\/wp-content\/uploads\/2022\/09\/F-313-150x150.jpg 150w, https:\/\/glicerio-chaves.com\/wp-content\/uploads\/2022\/09\/F-313-400x400.jpg 400w, https:\/\/glicerio-chaves.com\/wp-content\/uploads\/2022\/09\/F-313-100x100.jpg 100w\" sizes=\"(max-width: 1000px) 100vw, 1000px\" \/><\/div><div class=\"product-image second-image\"><img loading=\"lazy\" decoding=\"async\" width=\"1000\" height=\"1000\" src=\"https:\/\/glicerio-chaves.com\/wp-content\/uploads\/2022\/09\/F-313-det1-1000x1000.jpg\" class=\"attachment-woocommerce_thumbnail size-woocommerce_thumbnail\" alt=\"\" srcset=\"https:\/\/glicerio-chaves.com\/wp-content\/uploads\/2022\/09\/F-313-det1-1000x1000.jpg 1000w, https:\/\/glicerio-chaves.com\/wp-content\/uploads\/2022\/09\/F-313-det1-150x150.jpg 150w, https:\/\/glicerio-chaves.com\/wp-content\/uploads\/2022\/09\/F-313-det1-400x400.jpg 400w, https:\/\/glicerio-chaves.com\/wp-content\/uploads\/2022\/09\/F-313-det1-100x100.jpg 100w\" sizes=\"(max-width: 1000px) 100vw, 1000px\" \/><\/div>\n    <\/div>\n<\/div><div class=\"product-caption\"><div class=\"shop-action\"><\/div><\/div><a href=\"https:\/\/glicerio-chaves.com\/fr\/formas-22-f313-cuna-convertible\/\" aria-describedby=\"woocommerce_loop_add_to_cart_link_describedby_25052\" data-quantity=\"1\" class=\"button product_type_variable add_to_cart_button\" data-product_id=\"25052\" data-product_sku=\"\" aria-label=\"S\u00e9lectionner les options pour &ldquo;Formas 22 -  F313 Lits enfant&rdquo;\" rel=\"nofollow\">Choix des options<\/a>\t<span id=\"woocommerce_loop_add_to_cart_link_describedby_25052\" class=\"screen-reader-text\">\n\t\tCe produit a plusieurs variations. Les options peuvent \u00eatre choisies sur la page du produit\t<\/span>\n<a href=\"https:\/\/glicerio-chaves.com\/fr\/formas-22-f313-cuna-convertible\/\" class=\"woocommerce-LoopProduct-link woocommerce-loop-product__link\"><\/a><\/div><div class=\"caption\"><h3 class=\"woocommerce-loop-product__title\"><a href=\"https:\/\/glicerio-chaves.com\/fr\/formas-22-f313-cuna-convertible\/\">Formas 22 &#8211;  F313 Lits enfant<\/a><\/h3>\n\t<span class=\"price\"><span class=\"woocommerce-Price-amount amount\"><bdi><span class=\"woocommerce-Price-currencySymbol\">&euro;<\/span>8.00<\/bdi><\/span><\/span>\n<\/div><\/div><\/li>\n<li class=\"product type-product post-25062 status-publish instock product_cat-juvenil-formas-22-fr product_cat-lit-bebe-formas-22 product_cat-camas-infantil-fr has-post-thumbnail shipping-taxable purchasable product-type-variable\">\n\t<div class=\"product-block\"><div class=\"product-transition\"><div class=\"product-img-wrap fade\">\n    <div class=\"inner\">\n        <div class=\"product-image\"><img loading=\"lazy\" decoding=\"async\" width=\"1000\" height=\"1000\" src=\"https:\/\/glicerio-chaves.com\/wp-content\/uploads\/2022\/09\/F-312-1000x1000.jpg\" class=\"attachment-woocommerce_thumbnail size-woocommerce_thumbnail\" alt=\"Formas 22 -  F312 Lits enfant\" srcset=\"https:\/\/glicerio-chaves.com\/wp-content\/uploads\/2022\/09\/F-312-1000x1000.jpg 1000w, https:\/\/glicerio-chaves.com\/wp-content\/uploads\/2022\/09\/F-312-150x150.jpg 150w, https:\/\/glicerio-chaves.com\/wp-content\/uploads\/2022\/09\/F-312-400x400.jpg 400w, https:\/\/glicerio-chaves.com\/wp-content\/uploads\/2022\/09\/F-312-100x100.jpg 100w\" sizes=\"(max-width: 1000px) 100vw, 1000px\" \/><\/div><div class=\"product-image second-image\"><img loading=\"lazy\" decoding=\"async\" width=\"1000\" height=\"1000\" src=\"https:\/\/glicerio-chaves.com\/wp-content\/uploads\/2022\/09\/F-312-det1-1000x1000.jpg\" class=\"attachment-woocommerce_thumbnail size-woocommerce_thumbnail\" alt=\"\" srcset=\"https:\/\/glicerio-chaves.com\/wp-content\/uploads\/2022\/09\/F-312-det1-1000x1000.jpg 1000w, https:\/\/glicerio-chaves.com\/wp-content\/uploads\/2022\/09\/F-312-det1-150x150.jpg 150w, https:\/\/glicerio-chaves.com\/wp-content\/uploads\/2022\/09\/F-312-det1-400x400.jpg 400w, https:\/\/glicerio-chaves.com\/wp-content\/uploads\/2022\/09\/F-312-det1-100x100.jpg 100w\" sizes=\"(max-width: 1000px) 100vw, 1000px\" \/><\/div>\n    <\/div>\n<\/div><div class=\"product-caption\"><div class=\"shop-action\"><\/div><\/div><a href=\"https:\/\/glicerio-chaves.com\/fr\/formas-22-f312-cuna-convertible\/\" aria-describedby=\"woocommerce_loop_add_to_cart_link_describedby_25062\" data-quantity=\"1\" class=\"button product_type_variable add_to_cart_button\" data-product_id=\"25062\" data-product_sku=\"\" aria-label=\"S\u00e9lectionner les options pour &ldquo;Formas 22 -  F312 Lits enfant&rdquo;\" rel=\"nofollow\">Choix des options<\/a>\t<span id=\"woocommerce_loop_add_to_cart_link_describedby_25062\" class=\"screen-reader-text\">\n\t\tCe produit a plusieurs variations. Les options peuvent \u00eatre choisies sur la page du produit\t<\/span>\n<a href=\"https:\/\/glicerio-chaves.com\/fr\/formas-22-f312-cuna-convertible\/\" class=\"woocommerce-LoopProduct-link woocommerce-loop-product__link\"><\/a><\/div><div class=\"caption\"><h3 class=\"woocommerce-loop-product__title\"><a href=\"https:\/\/glicerio-chaves.com\/fr\/formas-22-f312-cuna-convertible\/\">Formas 22 &#8211;  F312 Lits enfant<\/a><\/h3>\n\t<span class=\"price\"><span class=\"woocommerce-Price-amount amount\"><bdi><span class=\"woocommerce-Price-currencySymbol\">&euro;<\/span>8.00<\/bdi><\/span><\/span>\n<\/div><\/div><\/li>\n<\/ul>\n<\/div>        <\/div>\n        \t\t\t\t<\/div>\n\t\t\t\t<\/div>\n\t\t\t\t\t<\/div>\n\t\t<\/div>\n\t\t\t\t\t<\/div>\n\t\t<\/section>\n\t\t\t\t<\/div>\n\t\t","protected":false},"excerpt":{"rendered":"<p>Seleccionar opciones Formas 22 &#8211; F316 cuna convertible Seleccionar opciones Formas 22 &#8211; F315 cuna convertible Seleccionar opciones Formas 22 &#8211; F314 cuna convertible Seleccionar opciones Formas 22 &#8211; F313 cuna convertible Seleccionar opciones Formas 22 &#8211; F312 cuna convertible<\/p>\n","protected":false},"author":1,"featured_media":0,"parent":0,"menu_order":0,"comment_status":"closed","ping_status":"closed","template":"","meta":{"footnotes":""},"class_list":["post-19618","page","type-page","status-publish","hentry"],"yoast_head":"<!-- This site is optimized with the Yoast SEO plugin v27.3 - https:\/\/yoast.com\/product\/yoast-seo-wordpress\/ -->\n<title>Lit b\u00e9b\u00e9 - Glicerio Chaves<\/title>\n<meta name=\"description\" content=\"Les berceaux et les changeurs sont parfaits pour l&#039;arriv\u00e9e de votre b\u00e9b\u00e9, avec leurs couleurs douces et leurs textures ils vous \u00e9mouvront.\" \/>\n<meta name=\"robots\" content=\"index, follow, max-snippet:-1, max-image-preview:large, max-video-preview:-1\" \/>\n<link rel=\"canonical\" href=\"https:\/\/glicerio-chaves.com\/fr\/lit-bebe\/\" \/>\n<meta property=\"og:locale\" content=\"fr_FR\" \/>\n<meta property=\"og:type\" content=\"article\" \/>\n<meta property=\"og:title\" content=\"Lit b\u00e9b\u00e9 - Glicerio Chaves\" \/>\n<meta property=\"og:description\" content=\"Les berceaux et les changeurs sont parfaits pour l&#039;arriv\u00e9e de votre b\u00e9b\u00e9, avec leurs couleurs douces et leurs textures ils vous \u00e9mouvront.\" \/>\n<meta property=\"og:url\" content=\"https:\/\/glicerio-chaves.com\/fr\/lit-bebe\/\" \/>\n<meta property=\"og:site_name\" content=\"Glicerio Chaves\" \/>\n<meta property=\"article:modified_time\" content=\"2023-08-04T05:13:11+00:00\" \/>\n<meta property=\"og:image\" content=\"https:\/\/glicerio-chaves.com\/wp-content\/uploads\/2022\/09\/F-316-1000x1000.jpg\" \/>\n<meta name=\"twitter:card\" content=\"summary_large_image\" \/>\n<meta name=\"twitter:label1\" content=\"Dur\u00e9e de lecture estim\u00e9e\" \/>\n\t<meta name=\"twitter:data1\" content=\"2 minutes\" \/>\n<script type=\"application\/ld+json\" class=\"yoast-schema-graph\">{\"@context\":\"https:\\\/\\\/schema.org\",\"@graph\":[{\"@type\":\"WebPage\",\"@id\":\"https:\\\/\\\/glicerio-chaves.com\\\/fr\\\/lit-bebe\\\/\",\"url\":\"https:\\\/\\\/glicerio-chaves.com\\\/fr\\\/lit-bebe\\\/\",\"name\":\"Lit b\u00e9b\u00e9 - Glicerio Chaves\",\"isPartOf\":{\"@id\":\"https:\\\/\\\/glicerio-chaves.com\\\/fr\\\/#website\"},\"primaryImageOfPage\":{\"@id\":\"https:\\\/\\\/glicerio-chaves.com\\\/fr\\\/lit-bebe\\\/#primaryimage\"},\"image\":{\"@id\":\"https:\\\/\\\/glicerio-chaves.com\\\/fr\\\/lit-bebe\\\/#primaryimage\"},\"thumbnailUrl\":\"https:\\\/\\\/glicerio-chaves.com\\\/wp-content\\\/uploads\\\/2022\\\/09\\\/F-316-1000x1000.jpg\",\"datePublished\":\"2020-11-23T14:57:58+00:00\",\"dateModified\":\"2023-08-04T05:13:11+00:00\",\"description\":\"Les berceaux et les changeurs sont parfaits pour l'arriv\u00e9e de votre b\u00e9b\u00e9, avec leurs couleurs douces et leurs textures ils vous \u00e9mouvront.\",\"breadcrumb\":{\"@id\":\"https:\\\/\\\/glicerio-chaves.com\\\/fr\\\/lit-bebe\\\/#breadcrumb\"},\"inLanguage\":\"fr-FR\",\"potentialAction\":[{\"@type\":\"ReadAction\",\"target\":[\"https:\\\/\\\/glicerio-chaves.com\\\/fr\\\/lit-bebe\\\/\"]}]},{\"@type\":\"ImageObject\",\"inLanguage\":\"fr-FR\",\"@id\":\"https:\\\/\\\/glicerio-chaves.com\\\/fr\\\/lit-bebe\\\/#primaryimage\",\"url\":\"https:\\\/\\\/glicerio-chaves.com\\\/wp-content\\\/uploads\\\/2022\\\/09\\\/F-316-1000x1000.jpg\",\"contentUrl\":\"https:\\\/\\\/glicerio-chaves.com\\\/wp-content\\\/uploads\\\/2022\\\/09\\\/F-316-1000x1000.jpg\"},{\"@type\":\"BreadcrumbList\",\"@id\":\"https:\\\/\\\/glicerio-chaves.com\\\/fr\\\/lit-bebe\\\/#breadcrumb\",\"itemListElement\":[{\"@type\":\"ListItem\",\"position\":1,\"name\":\"Portada\",\"item\":\"https:\\\/\\\/glicerio-chaves.com\\\/fr\\\/\"},{\"@type\":\"ListItem\",\"position\":2,\"name\":\"Lit b\u00e9b\u00e9\"}]},{\"@type\":\"WebSite\",\"@id\":\"https:\\\/\\\/glicerio-chaves.com\\\/fr\\\/#website\",\"url\":\"https:\\\/\\\/glicerio-chaves.com\\\/fr\\\/\",\"name\":\"Glicerio Chaves\",\"description\":\"Glicerio Chaves Hornero es una empresa dedicada a la fabricaci\u00f3n de muebles, especializada en dormitorios juveniles y de matrimonio modernos.\",\"publisher\":{\"@id\":\"https:\\\/\\\/glicerio-chaves.com\\\/fr\\\/#organization\"},\"potentialAction\":[{\"@type\":\"SearchAction\",\"target\":{\"@type\":\"EntryPoint\",\"urlTemplate\":\"https:\\\/\\\/glicerio-chaves.com\\\/fr\\\/?s={search_term_string}\"},\"query-input\":{\"@type\":\"PropertyValueSpecification\",\"valueRequired\":true,\"valueName\":\"search_term_string\"}}],\"inLanguage\":\"fr-FR\"},{\"@type\":\"Organization\",\"@id\":\"https:\\\/\\\/glicerio-chaves.com\\\/fr\\\/#organization\",\"name\":\"Glicerio-Chaves\",\"url\":\"https:\\\/\\\/glicerio-chaves.com\\\/fr\\\/\",\"logo\":{\"@type\":\"ImageObject\",\"inLanguage\":\"fr-FR\",\"@id\":\"https:\\\/\\\/glicerio-chaves.com\\\/fr\\\/#\\\/schema\\\/logo\\\/image\\\/\",\"url\":\"https:\\\/\\\/glicerio-chaves.com\\\/wp-content\\\/uploads\\\/2020\\\/12\\\/logo.png\",\"contentUrl\":\"https:\\\/\\\/glicerio-chaves.com\\\/wp-content\\\/uploads\\\/2020\\\/12\\\/logo.png\",\"width\":185,\"height\":90,\"caption\":\"Glicerio-Chaves\"},\"image\":{\"@id\":\"https:\\\/\\\/glicerio-chaves.com\\\/fr\\\/#\\\/schema\\\/logo\\\/image\\\/\"}}]}<\/script>\n<!-- \/ Yoast SEO plugin. -->","yoast_head_json":{"title":"Lit b\u00e9b\u00e9 - Glicerio Chaves","description":"Les berceaux et les changeurs sont parfaits pour l'arriv\u00e9e de votre b\u00e9b\u00e9, avec leurs couleurs douces et leurs textures ils vous \u00e9mouvront.","robots":{"index":"index","follow":"follow","max-snippet":"max-snippet:-1","max-image-preview":"max-image-preview:large","max-video-preview":"max-video-preview:-1"},"canonical":"https:\/\/glicerio-chaves.com\/fr\/lit-bebe\/","og_locale":"fr_FR","og_type":"article","og_title":"Lit b\u00e9b\u00e9 - Glicerio Chaves","og_description":"Les berceaux et les changeurs sont parfaits pour l'arriv\u00e9e de votre b\u00e9b\u00e9, avec leurs couleurs douces et leurs textures ils vous \u00e9mouvront.","og_url":"https:\/\/glicerio-chaves.com\/fr\/lit-bebe\/","og_site_name":"Glicerio Chaves","article_modified_time":"2023-08-04T05:13:11+00:00","og_image":[{"url":"https:\/\/glicerio-chaves.com\/wp-content\/uploads\/2022\/09\/F-316-1000x1000.jpg","type":"","width":"","height":""}],"twitter_card":"summary_large_image","twitter_misc":{"Dur\u00e9e de lecture estim\u00e9e":"2 minutes"},"schema":{"@context":"https:\/\/schema.org","@graph":[{"@type":"WebPage","@id":"https:\/\/glicerio-chaves.com\/fr\/lit-bebe\/","url":"https:\/\/glicerio-chaves.com\/fr\/lit-bebe\/","name":"Lit b\u00e9b\u00e9 - Glicerio Chaves","isPartOf":{"@id":"https:\/\/glicerio-chaves.com\/fr\/#website"},"primaryImageOfPage":{"@id":"https:\/\/glicerio-chaves.com\/fr\/lit-bebe\/#primaryimage"},"image":{"@id":"https:\/\/glicerio-chaves.com\/fr\/lit-bebe\/#primaryimage"},"thumbnailUrl":"https:\/\/glicerio-chaves.com\/wp-content\/uploads\/2022\/09\/F-316-1000x1000.jpg","datePublished":"2020-11-23T14:57:58+00:00","dateModified":"2023-08-04T05:13:11+00:00","description":"Les berceaux et les changeurs sont parfaits pour l'arriv\u00e9e de votre b\u00e9b\u00e9, avec leurs couleurs douces et leurs textures ils vous \u00e9mouvront.","breadcrumb":{"@id":"https:\/\/glicerio-chaves.com\/fr\/lit-bebe\/#breadcrumb"},"inLanguage":"fr-FR","potentialAction":[{"@type":"ReadAction","target":["https:\/\/glicerio-chaves.com\/fr\/lit-bebe\/"]}]},{"@type":"ImageObject","inLanguage":"fr-FR","@id":"https:\/\/glicerio-chaves.com\/fr\/lit-bebe\/#primaryimage","url":"https:\/\/glicerio-chaves.com\/wp-content\/uploads\/2022\/09\/F-316-1000x1000.jpg","contentUrl":"https:\/\/glicerio-chaves.com\/wp-content\/uploads\/2022\/09\/F-316-1000x1000.jpg"},{"@type":"BreadcrumbList","@id":"https:\/\/glicerio-chaves.com\/fr\/lit-bebe\/#breadcrumb","itemListElement":[{"@type":"ListItem","position":1,"name":"Portada","item":"https:\/\/glicerio-chaves.com\/fr\/"},{"@type":"ListItem","position":2,"name":"Lit b\u00e9b\u00e9"}]},{"@type":"WebSite","@id":"https:\/\/glicerio-chaves.com\/fr\/#website","url":"https:\/\/glicerio-chaves.com\/fr\/","name":"Glicerio Chaves","description":"Glicerio Chaves Hornero es una empresa dedicada a la fabricaci\u00f3n de muebles, especializada en dormitorios juveniles y de matrimonio modernos.","publisher":{"@id":"https:\/\/glicerio-chaves.com\/fr\/#organization"},"potentialAction":[{"@type":"SearchAction","target":{"@type":"EntryPoint","urlTemplate":"https:\/\/glicerio-chaves.com\/fr\/?s={search_term_string}"},"query-input":{"@type":"PropertyValueSpecification","valueRequired":true,"valueName":"search_term_string"}}],"inLanguage":"fr-FR"},{"@type":"Organization","@id":"https:\/\/glicerio-chaves.com\/fr\/#organization","name":"Glicerio-Chaves","url":"https:\/\/glicerio-chaves.com\/fr\/","logo":{"@type":"ImageObject","inLanguage":"fr-FR","@id":"https:\/\/glicerio-chaves.com\/fr\/#\/schema\/logo\/image\/","url":"https:\/\/glicerio-chaves.com\/wp-content\/uploads\/2020\/12\/logo.png","contentUrl":"https:\/\/glicerio-chaves.com\/wp-content\/uploads\/2020\/12\/logo.png","width":185,"height":90,"caption":"Glicerio-Chaves"},"image":{"@id":"https:\/\/glicerio-chaves.com\/fr\/#\/schema\/logo\/image\/"}}]}},"_links":{"self":[{"href":"https:\/\/glicerio-chaves.com\/fr\/wp-json\/wp\/v2\/pages\/19618","targetHints":{"allow":["GET"]}}],"collection":[{"href":"https:\/\/glicerio-chaves.com\/fr\/wp-json\/wp\/v2\/pages"}],"about":[{"href":"https:\/\/glicerio-chaves.com\/fr\/wp-json\/wp\/v2\/types\/page"}],"author":[{"embeddable":true,"href":"https:\/\/glicerio-chaves.com\/fr\/wp-json\/wp\/v2\/users\/1"}],"replies":[{"embeddable":true,"href":"https:\/\/glicerio-chaves.com\/fr\/wp-json\/wp\/v2\/comments?post=19618"}],"version-history":[{"count":20,"href":"https:\/\/glicerio-chaves.com\/fr\/wp-json\/wp\/v2\/pages\/19618\/revisions"}],"predecessor-version":[{"id":26435,"href":"https:\/\/glicerio-chaves.com\/fr\/wp-json\/wp\/v2\/pages\/19618\/revisions\/26435"}],"wp:attachment":[{"href":"https:\/\/glicerio-chaves.com\/fr\/wp-json\/wp\/v2\/media?parent=19618"}],"curies":[{"name":"wp","href":"https:\/\/api.w.org\/{rel}","templated":true}]}}