{"id":16146,"date":"2020-07-17T04:39:01","date_gmt":"2020-07-17T04:39:01","guid":{"rendered":"https:\/\/glicerio-chaves.com\/produits\/chambre-ado-basic-home\/"},"modified":"2021-02-03T07:27:48","modified_gmt":"2021-02-03T07:27:48","slug":"chambre-ado-basic-home","status":"publish","type":"page","link":"https:\/\/glicerio-chaves.com\/fr\/produits\/chambre-ado-basic-home\/","title":{"rendered":"Chambre ado (BASIC HOME)"},"content":{"rendered":"\t\t<div data-elementor-type=\"wp-page\" data-elementor-id=\"16146\" class=\"elementor elementor-16146 elementor-16112\" data-elementor-post-type=\"page\">\n\t\t\t\t\t\t<section class=\"elementor-section elementor-top-section elementor-element elementor-element-16025128 elementor-section-boxed elementor-section-height-default elementor-section-height-default\" data-id=\"16025128\" data-element_type=\"section\" data-e-type=\"section\">\n\t\t\t\t\t\t<div class=\"elementor-container elementor-column-gap-default\">\n\t\t\t\t\t<div class=\"elementor-column elementor-col-100 elementor-top-column elementor-element elementor-element-2883f85\" data-id=\"2883f85\" data-element_type=\"column\" data-e-type=\"column\">\n\t\t\t<div class=\"elementor-widget-wrap elementor-element-populated\">\n\t\t\t\t\t\t<div class=\"elementor-element elementor-element-5c59f2a0 elementor-widget elementor-widget-spacer\" data-id=\"5c59f2a0\" data-element_type=\"widget\" data-e-type=\"widget\" data-widget_type=\"spacer.default\">\n\t\t\t\t<div class=\"elementor-widget-container\">\n\t\t\t\t\t\t\t<div class=\"elementor-spacer\">\n\t\t\t<div class=\"elementor-spacer-inner\"><\/div>\n\t\t<\/div>\n\t\t\t\t\t\t<\/div>\n\t\t\t\t<\/div>\n\t\t\t\t<div class=\"elementor-element elementor-element-a29ccfe elementor-widget elementor-widget-heading\" data-id=\"a29ccfe\" data-element_type=\"widget\" data-e-type=\"widget\" data-widget_type=\"heading.default\">\n\t\t\t\t<div class=\"elementor-widget-container\">\n\t\t\t\t\t<h3 class=\"elementor-heading-title elementor-size-default\">Chambre ado (BASIC HOME)<\/h3>\t\t\t\t<\/div>\n\t\t\t\t<\/div>\n\t\t\t\t<div class=\"elementor-element elementor-element-7db676b elementor-widget elementor-widget-text-editor\" data-id=\"7db676b\" data-element_type=\"widget\" data-e-type=\"widget\" data-widget_type=\"text-editor.default\">\n\t\t\t\t<div class=\"elementor-widget-container\">\n\t\t\t\t\t\t\t<div class=\"elementor-text-editor elementor-clearfix\"><header class=\"woocommerce-products-header\">\n<div class=\"term-description\">\n<p>La meilleure option pour fournir aux plus petits de la maison un espace unique, personnel, \u00e9l\u00e9gant et confortable qu\u2019ils ne voudront plus quitter.<br \/>Espaces avec beaucoup de personnalit\u00e9 \u00e0 la fois de jour comme de nuit, combinant design amusant, fonctionnalit\u00e9 et esth\u00e9tique.<br \/>La collection BASIC Juvenil repr\u00e9sente un \u00e9quilibre pratique bas\u00e9 sur un grand design pour tirer le meilleur parti de la chambre et optimiser votre espace.<\/p>\n<\/div>\n<\/header>\n<\/div>\n\t\t\t\t\t\t<\/div>\n\t\t\t\t<\/div>\n\t\t\t\t\t<\/div>\n\t\t<\/div>\n\t\t\t\t\t<\/div>\n\t\t<\/section>\n\t\t\t\t<section class=\"elementor-section elementor-top-section elementor-element elementor-element-69748c05 elementor-section-boxed elementor-section-height-default elementor-section-height-default\" data-id=\"69748c05\" data-element_type=\"section\" data-e-type=\"section\">\n\t\t\t\t\t\t<div class=\"elementor-container elementor-column-gap-default\">\n\t\t\t\t\t<div class=\"elementor-column elementor-col-33 elementor-top-column elementor-element elementor-element-69ef0835\" data-id=\"69ef0835\" data-element_type=\"column\" data-e-type=\"column\">\n\t\t\t<div class=\"elementor-widget-wrap elementor-element-populated\">\n\t\t\t\t\t\t<div class=\"elementor-element elementor-element-7668b73a elementor-widget elementor-widget-image\" data-id=\"7668b73a\" data-element_type=\"widget\" data-e-type=\"widget\" data-widget_type=\"image.default\">\n\t\t\t\t<div class=\"elementor-widget-container\">\n\t\t\t\t\t        <div class=\"elementor-image\">\n                                            <a href=\"https:\/\/glicerio-chaves.com\/fr\/chambre-ado-basic-home\/compacts-basic-home\/\" data-elementor-open-lightbox=\"\" target=\"_blank\">\n                                        <img fetchpriority=\"high\" decoding=\"async\" width=\"400\" height=\"400\" src=\"https:\/\/glicerio-chaves.com\/wp-content\/uploads\/2020\/01\/B001-400x400.jpg\" class=\"attachment-auros-featured-image-small size-auros-featured-image-small wp-image-8216\" alt=\"\" srcset=\"https:\/\/glicerio-chaves.com\/wp-content\/uploads\/2020\/01\/B001-400x400.jpg 400w, https:\/\/glicerio-chaves.com\/wp-content\/uploads\/2020\/01\/B001-1000x1000.jpg 1000w, https:\/\/glicerio-chaves.com\/wp-content\/uploads\/2020\/01\/B001-100x100.jpg 100w, https:\/\/glicerio-chaves.com\/wp-content\/uploads\/2020\/01\/B001-150x150.jpg 150w\" sizes=\"(max-width: 400px) 100vw, 400px\" \/>                                    <\/a>\n                                                    <\/div>\n        \t\t\t\t<\/div>\n\t\t\t\t<\/div>\n\t\t\t\t<div class=\"elementor-element elementor-element-5bccd62b elementor-widget elementor-widget-heading\" data-id=\"5bccd62b\" data-element_type=\"widget\" data-e-type=\"widget\" data-widget_type=\"heading.default\">\n\t\t\t\t<div class=\"elementor-widget-container\">\n\t\t\t\t\t<h3 class=\"elementor-heading-title elementor-size-default\"><a href=\"https:\/\/glicerio-chaves.com\/fr\/chambre-ado-basic-home\/compacts-basic-home\/\" target=\"_blank\">Compacts (BASIC HOME)<\/a><\/h3>\t\t\t\t<\/div>\n\t\t\t\t<\/div>\n\t\t\t\t<div class=\"elementor-element elementor-element-409f1de3 elementor-widget elementor-widget-spacer\" data-id=\"409f1de3\" data-element_type=\"widget\" data-e-type=\"widget\" data-widget_type=\"spacer.default\">\n\t\t\t\t<div class=\"elementor-widget-container\">\n\t\t\t\t\t\t\t<div class=\"elementor-spacer\">\n\t\t\t<div class=\"elementor-spacer-inner\"><\/div>\n\t\t<\/div>\n\t\t\t\t\t\t<\/div>\n\t\t\t\t<\/div>\n\t\t\t\t\t<\/div>\n\t\t<\/div>\n\t\t\t\t<div class=\"elementor-column elementor-col-33 elementor-top-column elementor-element elementor-element-8c2b317\" data-id=\"8c2b317\" data-element_type=\"column\" data-e-type=\"column\">\n\t\t\t<div class=\"elementor-widget-wrap elementor-element-populated\">\n\t\t\t\t\t\t<div class=\"elementor-element elementor-element-71462f8b elementor-widget elementor-widget-image\" data-id=\"71462f8b\" data-element_type=\"widget\" data-e-type=\"widget\" data-widget_type=\"image.default\">\n\t\t\t\t<div class=\"elementor-widget-container\">\n\t\t\t\t\t        <div class=\"elementor-image\">\n                                            <a href=\"https:\/\/glicerio-chaves.com\/fr\/chambre-ado-basic-home\/lit-bebe-gigogne-basic-home\/\" data-elementor-open-lightbox=\"\" target=\"_blank\">\n                                        <img decoding=\"async\" width=\"400\" height=\"400\" src=\"https:\/\/glicerio-chaves.com\/wp-content\/uploads\/2020\/01\/B022-400x400.jpg\" class=\"attachment-auros-featured-image-small size-auros-featured-image-small wp-image-8423\" alt=\"\" srcset=\"https:\/\/glicerio-chaves.com\/wp-content\/uploads\/2020\/01\/B022-400x400.jpg 400w, https:\/\/glicerio-chaves.com\/wp-content\/uploads\/2020\/01\/B022-1000x1000.jpg 1000w, https:\/\/glicerio-chaves.com\/wp-content\/uploads\/2020\/01\/B022-100x100.jpg 100w, https:\/\/glicerio-chaves.com\/wp-content\/uploads\/2020\/01\/B022-150x150.jpg 150w\" sizes=\"(max-width: 400px) 100vw, 400px\" \/>                                    <\/a>\n                                                    <\/div>\n        \t\t\t\t<\/div>\n\t\t\t\t<\/div>\n\t\t\t\t<div class=\"elementor-element elementor-element-7e51a97b elementor-widget elementor-widget-heading\" data-id=\"7e51a97b\" data-element_type=\"widget\" data-e-type=\"widget\" data-widget_type=\"heading.default\">\n\t\t\t\t<div class=\"elementor-widget-container\">\n\t\t\t\t\t<h3 class=\"elementor-heading-title elementor-size-default\"><a href=\"https:\/\/glicerio-chaves.com\/fr\/chambre-ado-basic-home\/lit-bebe-gigogne-basic-home\/\" target=\"_blank\">Lit b\u00e9b\u00e9 gigogne (BASIC HOME)<\/a><\/h3>\t\t\t\t<\/div>\n\t\t\t\t<\/div>\n\t\t\t\t<div class=\"elementor-element elementor-element-6309de65 elementor-widget elementor-widget-spacer\" data-id=\"6309de65\" data-element_type=\"widget\" data-e-type=\"widget\" data-widget_type=\"spacer.default\">\n\t\t\t\t<div class=\"elementor-widget-container\">\n\t\t\t\t\t\t\t<div class=\"elementor-spacer\">\n\t\t\t<div class=\"elementor-spacer-inner\"><\/div>\n\t\t<\/div>\n\t\t\t\t\t\t<\/div>\n\t\t\t\t<\/div>\n\t\t\t\t\t<\/div>\n\t\t<\/div>\n\t\t\t\t<div class=\"elementor-column elementor-col-33 elementor-top-column elementor-element elementor-element-7c39072c\" data-id=\"7c39072c\" data-element_type=\"column\" data-e-type=\"column\">\n\t\t\t<div class=\"elementor-widget-wrap elementor-element-populated\">\n\t\t\t\t\t\t<div class=\"elementor-element elementor-element-48e04621 elementor-widget elementor-widget-image\" data-id=\"48e04621\" data-element_type=\"widget\" data-e-type=\"widget\" data-widget_type=\"image.default\">\n\t\t\t\t<div class=\"elementor-widget-container\">\n\t\t\t\t\t        <div class=\"elementor-image\">\n                                            <a href=\"https:\/\/glicerio-chaves.com\/fr\/chambre-ado-basic-home\/bloc-lits-superposes-lits-escamotables-convertible-basic-home\/\" data-elementor-open-lightbox=\"\" target=\"_blank\">\n                                        <img decoding=\"async\" width=\"400\" height=\"400\" src=\"https:\/\/glicerio-chaves.com\/wp-content\/uploads\/2020\/01\/B036-400x400.jpg\" class=\"attachment-auros-featured-image-small size-auros-featured-image-small wp-image-8546\" alt=\"\" srcset=\"https:\/\/glicerio-chaves.com\/wp-content\/uploads\/2020\/01\/B036-400x400.jpg 400w, https:\/\/glicerio-chaves.com\/wp-content\/uploads\/2020\/01\/B036-1000x1000.jpg 1000w, https:\/\/glicerio-chaves.com\/wp-content\/uploads\/2020\/01\/B036-100x100.jpg 100w, https:\/\/glicerio-chaves.com\/wp-content\/uploads\/2020\/01\/B036-150x150.jpg 150w\" sizes=\"(max-width: 400px) 100vw, 400px\" \/>                                    <\/a>\n                                                    <\/div>\n        \t\t\t\t<\/div>\n\t\t\t\t<\/div>\n\t\t\t\t<div class=\"elementor-element elementor-element-3d075fb4 elementor-widget elementor-widget-heading\" data-id=\"3d075fb4\" data-element_type=\"widget\" data-e-type=\"widget\" data-widget_type=\"heading.default\">\n\t\t\t\t<div class=\"elementor-widget-container\">\n\t\t\t\t\t<h3 class=\"elementor-heading-title elementor-size-default\"><a href=\"https:\/\/glicerio-chaves.com\/fr\/chambre-ado-basic-home\/bloc-lits-superposes-lits-escamotables-convertible-basic-home\/\" target=\"_blank\">Bloc, Lits superpos\u00e9s, Lits escamotables, Convertible (BASIC HOME)<\/a><\/h3>\t\t\t\t<\/div>\n\t\t\t\t<\/div>\n\t\t\t\t<div class=\"elementor-element elementor-element-6ba16a74 elementor-widget elementor-widget-spacer\" data-id=\"6ba16a74\" data-element_type=\"widget\" data-e-type=\"widget\" data-widget_type=\"spacer.default\">\n\t\t\t\t<div class=\"elementor-widget-container\">\n\t\t\t\t\t\t\t<div class=\"elementor-spacer\">\n\t\t\t<div class=\"elementor-spacer-inner\"><\/div>\n\t\t<\/div>\n\t\t\t\t\t\t<\/div>\n\t\t\t\t<\/div>\n\t\t\t\t\t<\/div>\n\t\t<\/div>\n\t\t\t\t\t<\/div>\n\t\t<\/section>\n\t\t\t\t<section class=\"elementor-section elementor-top-section elementor-element elementor-element-2604dd99 elementor-section-boxed elementor-section-height-default elementor-section-height-default\" data-id=\"2604dd99\" data-element_type=\"section\" data-e-type=\"section\">\n\t\t\t\t\t\t<div class=\"elementor-container elementor-column-gap-default\">\n\t\t\t\t\t<div class=\"elementor-column elementor-col-33 elementor-top-column elementor-element elementor-element-613fcf4\" data-id=\"613fcf4\" data-element_type=\"column\" data-e-type=\"column\">\n\t\t\t<div class=\"elementor-widget-wrap elementor-element-populated\">\n\t\t\t\t\t\t<div class=\"elementor-element elementor-element-1a89a4c1 elementor-widget elementor-widget-image\" data-id=\"1a89a4c1\" data-element_type=\"widget\" data-e-type=\"widget\" data-widget_type=\"image.default\">\n\t\t\t\t<div class=\"elementor-widget-container\">\n\t\t\t\t\t        <div class=\"elementor-image\">\n                                            <a href=\"https:\/\/glicerio-chaves.com\/fr\/chambre-ado-basic-home\/lits-et-armoires-basic-home\/\" data-elementor-open-lightbox=\"\" target=\"_blank\">\n                                        <img loading=\"lazy\" decoding=\"async\" width=\"400\" height=\"400\" src=\"https:\/\/glicerio-chaves.com\/wp-content\/uploads\/2020\/07\/B047-1000x1000-1-400x400.jpg\" class=\"attachment-auros-featured-image-small size-auros-featured-image-small wp-image-16124\" alt=\"\" srcset=\"https:\/\/glicerio-chaves.com\/wp-content\/uploads\/2020\/07\/B047-1000x1000-1-400x400.jpg 400w, https:\/\/glicerio-chaves.com\/wp-content\/uploads\/2020\/07\/B047-1000x1000-1-300x300.jpg 300w, https:\/\/glicerio-chaves.com\/wp-content\/uploads\/2020\/07\/B047-1000x1000-1-150x150.jpg 150w, https:\/\/glicerio-chaves.com\/wp-content\/uploads\/2020\/07\/B047-1000x1000-1-768x768.jpg 768w, https:\/\/glicerio-chaves.com\/wp-content\/uploads\/2020\/07\/B047-1000x1000-1-100x100.jpg 100w, https:\/\/glicerio-chaves.com\/wp-content\/uploads\/2020\/07\/B047-1000x1000-1.jpg 1000w\" sizes=\"(max-width: 400px) 100vw, 400px\" \/>                                    <\/a>\n                                                    <\/div>\n        \t\t\t\t<\/div>\n\t\t\t\t<\/div>\n\t\t\t\t<div class=\"elementor-element elementor-element-48ea33e8 elementor-widget elementor-widget-heading\" data-id=\"48ea33e8\" data-element_type=\"widget\" data-e-type=\"widget\" data-widget_type=\"heading.default\">\n\t\t\t\t<div class=\"elementor-widget-container\">\n\t\t\t\t\t<h3 class=\"elementor-heading-title elementor-size-default\"><a href=\"https:\/\/glicerio-chaves.com\/fr\/chambre-ado-basic-home\/lits-et-armoires-basic-home\/\" target=\"_blank\">Lits et Armoires (BASIC HOME)<\/a><\/h3>\t\t\t\t<\/div>\n\t\t\t\t<\/div>\n\t\t\t\t<div class=\"elementor-element elementor-element-12f42bd1 elementor-widget elementor-widget-spacer\" data-id=\"12f42bd1\" data-element_type=\"widget\" data-e-type=\"widget\" data-widget_type=\"spacer.default\">\n\t\t\t\t<div class=\"elementor-widget-container\">\n\t\t\t\t\t\t\t<div class=\"elementor-spacer\">\n\t\t\t<div class=\"elementor-spacer-inner\"><\/div>\n\t\t<\/div>\n\t\t\t\t\t\t<\/div>\n\t\t\t\t<\/div>\n\t\t\t\t\t<\/div>\n\t\t<\/div>\n\t\t\t\t<div class=\"elementor-column elementor-col-33 elementor-top-column elementor-element elementor-element-2a924d0d\" data-id=\"2a924d0d\" data-element_type=\"column\" data-e-type=\"column\">\n\t\t\t<div class=\"elementor-widget-wrap elementor-element-populated\">\n\t\t\t\t\t\t<div class=\"elementor-element elementor-element-4df4de98 elementor-widget elementor-widget-spacer\" data-id=\"4df4de98\" data-element_type=\"widget\" data-e-type=\"widget\" data-widget_type=\"spacer.default\">\n\t\t\t\t<div class=\"elementor-widget-container\">\n\t\t\t\t\t\t\t<div class=\"elementor-spacer\">\n\t\t\t<div class=\"elementor-spacer-inner\"><\/div>\n\t\t<\/div>\n\t\t\t\t\t\t<\/div>\n\t\t\t\t<\/div>\n\t\t\t\t\t<\/div>\n\t\t<\/div>\n\t\t\t\t<div class=\"elementor-column elementor-col-33 elementor-top-column elementor-element elementor-element-7deff76f\" data-id=\"7deff76f\" data-element_type=\"column\" data-e-type=\"column\">\n\t\t\t<div class=\"elementor-widget-wrap\">\n\t\t\t\t\t\t\t<\/div>\n\t\t<\/div>\n\t\t\t\t\t<\/div>\n\t\t<\/section>\n\t\t\t\t<\/div>\n\t\t","protected":false},"excerpt":{"rendered":"<p>Chambre ado (BASIC HOME) La meilleure option pour fournir aux plus petits de la maison un espace unique, personnel, \u00e9l\u00e9gant et confortable qu\u2019ils ne voudront plus quitter.Espaces avec beaucoup de personnalit\u00e9 \u00e0 la fois de jour comme de nuit, combinant design amusant, fonctionnalit\u00e9 et esth\u00e9tique.La collection BASIC Juvenil repr\u00e9sente un \u00e9quilibre pratique bas\u00e9 sur un &hellip; <\/p>\n<p class=\"link-more\"><a href=\"https:\/\/glicerio-chaves.com\/fr\/produits\/chambre-ado-basic-home\/\" class=\"more-link\">Lire <span class=\"screen-reader-text\"> \u00ab\u00a0Chambre ado (BASIC HOME)\u00a0\u00bb<\/span><\/a><\/p>\n","protected":false},"author":1,"featured_media":0,"parent":4893,"menu_order":0,"comment_status":"closed","ping_status":"closed","template":"","meta":{"footnotes":""},"class_list":["post-16146","page","type-page","status-publish","hentry"],"yoast_head":"<!-- This site is optimized with the Yoast SEO plugin v27.3 - https:\/\/yoast.com\/product\/yoast-seo-wordpress\/ -->\n<title>Chambre ado (BASIC HOME) - Glicerio Chaves<\/title>\n<meta name=\"robots\" content=\"index, follow, max-snippet:-1, max-image-preview:large, max-video-preview:-1\" \/>\n<link rel=\"canonical\" href=\"https:\/\/glicerio-chaves.com\/fr\/produits\/chambre-ado-basic-home\/\" \/>\n<meta property=\"og:locale\" content=\"fr_FR\" \/>\n<meta property=\"og:type\" content=\"article\" \/>\n<meta property=\"og:title\" content=\"Chambre ado (BASIC HOME) - Glicerio Chaves\" \/>\n<meta property=\"og:description\" content=\"Chambre ado (BASIC HOME) La meilleure option pour fournir aux plus petits de la maison un espace unique, personnel, \u00e9l\u00e9gant et confortable qu\u2019ils ne voudront plus quitter.Espaces avec beaucoup de personnalit\u00e9 \u00e0 la fois de jour comme de nuit, combinant design amusant, fonctionnalit\u00e9 et esth\u00e9tique.La collection BASIC Juvenil repr\u00e9sente un \u00e9quilibre pratique bas\u00e9 sur un &hellip; Lire &quot;Chambre ado (BASIC HOME)&quot;\" \/>\n<meta property=\"og:url\" content=\"https:\/\/glicerio-chaves.com\/fr\/produits\/chambre-ado-basic-home\/\" \/>\n<meta property=\"og:site_name\" content=\"Glicerio Chaves\" \/>\n<meta property=\"article:modified_time\" content=\"2021-02-03T07:27:48+00:00\" \/>\n<meta property=\"og:image\" content=\"https:\/\/glicerio-chaves.com\/wp-content\/uploads\/2020\/01\/B001-400x400.jpg\" \/>\n<meta name=\"twitter:card\" content=\"summary_large_image\" \/>\n<meta name=\"twitter:label1\" content=\"Dur\u00e9e de lecture estim\u00e9e\" \/>\n\t<meta name=\"twitter:data1\" content=\"2 minutes\" \/>\n<script type=\"application\/ld+json\" class=\"yoast-schema-graph\">{\"@context\":\"https:\\\/\\\/schema.org\",\"@graph\":[{\"@type\":\"WebPage\",\"@id\":\"https:\\\/\\\/glicerio-chaves.com\\\/fr\\\/produits\\\/chambre-ado-basic-home\\\/\",\"url\":\"https:\\\/\\\/glicerio-chaves.com\\\/fr\\\/produits\\\/chambre-ado-basic-home\\\/\",\"name\":\"Chambre ado (BASIC HOME) - Glicerio Chaves\",\"isPartOf\":{\"@id\":\"https:\\\/\\\/glicerio-chaves.com\\\/fr\\\/#website\"},\"primaryImageOfPage\":{\"@id\":\"https:\\\/\\\/glicerio-chaves.com\\\/fr\\\/produits\\\/chambre-ado-basic-home\\\/#primaryimage\"},\"image\":{\"@id\":\"https:\\\/\\\/glicerio-chaves.com\\\/fr\\\/produits\\\/chambre-ado-basic-home\\\/#primaryimage\"},\"thumbnailUrl\":\"https:\\\/\\\/glicerio-chaves.com\\\/wp-content\\\/uploads\\\/2020\\\/01\\\/B001-400x400.jpg\",\"datePublished\":\"2020-07-17T04:39:01+00:00\",\"dateModified\":\"2021-02-03T07:27:48+00:00\",\"breadcrumb\":{\"@id\":\"https:\\\/\\\/glicerio-chaves.com\\\/fr\\\/produits\\\/chambre-ado-basic-home\\\/#breadcrumb\"},\"inLanguage\":\"fr-FR\",\"potentialAction\":[{\"@type\":\"ReadAction\",\"target\":[\"https:\\\/\\\/glicerio-chaves.com\\\/fr\\\/produits\\\/chambre-ado-basic-home\\\/\"]}]},{\"@type\":\"ImageObject\",\"inLanguage\":\"fr-FR\",\"@id\":\"https:\\\/\\\/glicerio-chaves.com\\\/fr\\\/produits\\\/chambre-ado-basic-home\\\/#primaryimage\",\"url\":\"https:\\\/\\\/glicerio-chaves.com\\\/wp-content\\\/uploads\\\/2020\\\/01\\\/B001-400x400.jpg\",\"contentUrl\":\"https:\\\/\\\/glicerio-chaves.com\\\/wp-content\\\/uploads\\\/2020\\\/01\\\/B001-400x400.jpg\"},{\"@type\":\"BreadcrumbList\",\"@id\":\"https:\\\/\\\/glicerio-chaves.com\\\/fr\\\/produits\\\/chambre-ado-basic-home\\\/#breadcrumb\",\"itemListElement\":[{\"@type\":\"ListItem\",\"position\":1,\"name\":\"Portada\",\"item\":\"https:\\\/\\\/glicerio-chaves.com\\\/fr\\\/\"},{\"@type\":\"ListItem\",\"position\":2,\"name\":\"Produits\",\"item\":\"https:\\\/\\\/glicerio-chaves.com\\\/fr\\\/productos\\\/\"},{\"@type\":\"ListItem\",\"position\":3,\"name\":\"Chambre ado (BASIC HOME)\"}]},{\"@type\":\"WebSite\",\"@id\":\"https:\\\/\\\/glicerio-chaves.com\\\/fr\\\/#website\",\"url\":\"https:\\\/\\\/glicerio-chaves.com\\\/fr\\\/\",\"name\":\"Glicerio Chaves\",\"description\":\"Glicerio Chaves Hornero es una empresa dedicada a la fabricaci\u00f3n de muebles, especializada en dormitorios juveniles y de matrimonio modernos.\",\"publisher\":{\"@id\":\"https:\\\/\\\/glicerio-chaves.com\\\/fr\\\/#organization\"},\"potentialAction\":[{\"@type\":\"SearchAction\",\"target\":{\"@type\":\"EntryPoint\",\"urlTemplate\":\"https:\\\/\\\/glicerio-chaves.com\\\/fr\\\/?s={search_term_string}\"},\"query-input\":{\"@type\":\"PropertyValueSpecification\",\"valueRequired\":true,\"valueName\":\"search_term_string\"}}],\"inLanguage\":\"fr-FR\"},{\"@type\":\"Organization\",\"@id\":\"https:\\\/\\\/glicerio-chaves.com\\\/fr\\\/#organization\",\"name\":\"Glicerio-Chaves\",\"url\":\"https:\\\/\\\/glicerio-chaves.com\\\/fr\\\/\",\"logo\":{\"@type\":\"ImageObject\",\"inLanguage\":\"fr-FR\",\"@id\":\"https:\\\/\\\/glicerio-chaves.com\\\/fr\\\/#\\\/schema\\\/logo\\\/image\\\/\",\"url\":\"https:\\\/\\\/glicerio-chaves.com\\\/wp-content\\\/uploads\\\/2020\\\/12\\\/logo.png\",\"contentUrl\":\"https:\\\/\\\/glicerio-chaves.com\\\/wp-content\\\/uploads\\\/2020\\\/12\\\/logo.png\",\"width\":185,\"height\":90,\"caption\":\"Glicerio-Chaves\"},\"image\":{\"@id\":\"https:\\\/\\\/glicerio-chaves.com\\\/fr\\\/#\\\/schema\\\/logo\\\/image\\\/\"}}]}<\/script>\n<!-- \/ Yoast SEO plugin. -->","yoast_head_json":{"title":"Chambre ado (BASIC HOME) - Glicerio Chaves","robots":{"index":"index","follow":"follow","max-snippet":"max-snippet:-1","max-image-preview":"max-image-preview:large","max-video-preview":"max-video-preview:-1"},"canonical":"https:\/\/glicerio-chaves.com\/fr\/produits\/chambre-ado-basic-home\/","og_locale":"fr_FR","og_type":"article","og_title":"Chambre ado (BASIC HOME) - Glicerio Chaves","og_description":"Chambre ado (BASIC HOME) La meilleure option pour fournir aux plus petits de la maison un espace unique, personnel, \u00e9l\u00e9gant et confortable qu\u2019ils ne voudront plus quitter.Espaces avec beaucoup de personnalit\u00e9 \u00e0 la fois de jour comme de nuit, combinant design amusant, fonctionnalit\u00e9 et esth\u00e9tique.La collection BASIC Juvenil repr\u00e9sente un \u00e9quilibre pratique bas\u00e9 sur un &hellip; Lire \"Chambre ado (BASIC HOME)\"","og_url":"https:\/\/glicerio-chaves.com\/fr\/produits\/chambre-ado-basic-home\/","og_site_name":"Glicerio Chaves","article_modified_time":"2021-02-03T07:27:48+00:00","og_image":[{"url":"https:\/\/glicerio-chaves.com\/wp-content\/uploads\/2020\/01\/B001-400x400.jpg","type":"","width":"","height":""}],"twitter_card":"summary_large_image","twitter_misc":{"Dur\u00e9e de lecture estim\u00e9e":"2 minutes"},"schema":{"@context":"https:\/\/schema.org","@graph":[{"@type":"WebPage","@id":"https:\/\/glicerio-chaves.com\/fr\/produits\/chambre-ado-basic-home\/","url":"https:\/\/glicerio-chaves.com\/fr\/produits\/chambre-ado-basic-home\/","name":"Chambre ado (BASIC HOME) - Glicerio Chaves","isPartOf":{"@id":"https:\/\/glicerio-chaves.com\/fr\/#website"},"primaryImageOfPage":{"@id":"https:\/\/glicerio-chaves.com\/fr\/produits\/chambre-ado-basic-home\/#primaryimage"},"image":{"@id":"https:\/\/glicerio-chaves.com\/fr\/produits\/chambre-ado-basic-home\/#primaryimage"},"thumbnailUrl":"https:\/\/glicerio-chaves.com\/wp-content\/uploads\/2020\/01\/B001-400x400.jpg","datePublished":"2020-07-17T04:39:01+00:00","dateModified":"2021-02-03T07:27:48+00:00","breadcrumb":{"@id":"https:\/\/glicerio-chaves.com\/fr\/produits\/chambre-ado-basic-home\/#breadcrumb"},"inLanguage":"fr-FR","potentialAction":[{"@type":"ReadAction","target":["https:\/\/glicerio-chaves.com\/fr\/produits\/chambre-ado-basic-home\/"]}]},{"@type":"ImageObject","inLanguage":"fr-FR","@id":"https:\/\/glicerio-chaves.com\/fr\/produits\/chambre-ado-basic-home\/#primaryimage","url":"https:\/\/glicerio-chaves.com\/wp-content\/uploads\/2020\/01\/B001-400x400.jpg","contentUrl":"https:\/\/glicerio-chaves.com\/wp-content\/uploads\/2020\/01\/B001-400x400.jpg"},{"@type":"BreadcrumbList","@id":"https:\/\/glicerio-chaves.com\/fr\/produits\/chambre-ado-basic-home\/#breadcrumb","itemListElement":[{"@type":"ListItem","position":1,"name":"Portada","item":"https:\/\/glicerio-chaves.com\/fr\/"},{"@type":"ListItem","position":2,"name":"Produits","item":"https:\/\/glicerio-chaves.com\/fr\/productos\/"},{"@type":"ListItem","position":3,"name":"Chambre ado (BASIC HOME)"}]},{"@type":"WebSite","@id":"https:\/\/glicerio-chaves.com\/fr\/#website","url":"https:\/\/glicerio-chaves.com\/fr\/","name":"Glicerio Chaves","description":"Glicerio Chaves Hornero es una empresa dedicada a la fabricaci\u00f3n de muebles, especializada en dormitorios juveniles y de matrimonio modernos.","publisher":{"@id":"https:\/\/glicerio-chaves.com\/fr\/#organization"},"potentialAction":[{"@type":"SearchAction","target":{"@type":"EntryPoint","urlTemplate":"https:\/\/glicerio-chaves.com\/fr\/?s={search_term_string}"},"query-input":{"@type":"PropertyValueSpecification","valueRequired":true,"valueName":"search_term_string"}}],"inLanguage":"fr-FR"},{"@type":"Organization","@id":"https:\/\/glicerio-chaves.com\/fr\/#organization","name":"Glicerio-Chaves","url":"https:\/\/glicerio-chaves.com\/fr\/","logo":{"@type":"ImageObject","inLanguage":"fr-FR","@id":"https:\/\/glicerio-chaves.com\/fr\/#\/schema\/logo\/image\/","url":"https:\/\/glicerio-chaves.com\/wp-content\/uploads\/2020\/12\/logo.png","contentUrl":"https:\/\/glicerio-chaves.com\/wp-content\/uploads\/2020\/12\/logo.png","width":185,"height":90,"caption":"Glicerio-Chaves"},"image":{"@id":"https:\/\/glicerio-chaves.com\/fr\/#\/schema\/logo\/image\/"}}]}},"_links":{"self":[{"href":"https:\/\/glicerio-chaves.com\/fr\/wp-json\/wp\/v2\/pages\/16146","targetHints":{"allow":["GET"]}}],"collection":[{"href":"https:\/\/glicerio-chaves.com\/fr\/wp-json\/wp\/v2\/pages"}],"about":[{"href":"https:\/\/glicerio-chaves.com\/fr\/wp-json\/wp\/v2\/types\/page"}],"author":[{"embeddable":true,"href":"https:\/\/glicerio-chaves.com\/fr\/wp-json\/wp\/v2\/users\/1"}],"replies":[{"embeddable":true,"href":"https:\/\/glicerio-chaves.com\/fr\/wp-json\/wp\/v2\/comments?post=16146"}],"version-history":[{"count":11,"href":"https:\/\/glicerio-chaves.com\/fr\/wp-json\/wp\/v2\/pages\/16146\/revisions"}],"predecessor-version":[{"id":21034,"href":"https:\/\/glicerio-chaves.com\/fr\/wp-json\/wp\/v2\/pages\/16146\/revisions\/21034"}],"up":[{"embeddable":true,"href":"https:\/\/glicerio-chaves.com\/fr\/wp-json\/wp\/v2\/pages\/4893"}],"wp:attachment":[{"href":"https:\/\/glicerio-chaves.com\/fr\/wp-json\/wp\/v2\/media?parent=16146"}],"curies":[{"name":"wp","href":"https:\/\/api.w.org\/{rel}","templated":true}]}}