{"id":26542,"date":"2023-09-13T09:44:55","date_gmt":"2023-09-13T09:44:55","guid":{"rendered":"https:\/\/glicerio-chaves.com\/?post_type=product&#038;p=26542"},"modified":"2024-10-07T12:28:07","modified_gmt":"2024-10-07T12:28:07","slug":"dormitorio-088","status":"publish","type":"product","link":"https:\/\/glicerio-chaves.com\/es\/dormitorio-088\/","title":{"rendered":"Dormitorio 088"},"content":{"rendered":"\t\t<div data-elementor-type=\"product-post\" data-elementor-id=\"26542\" class=\"elementor elementor-26542\" data-elementor-post-type=\"product\">\n\t\t\t\t\t\t<section class=\"elementor-section elementor-top-section elementor-element elementor-element-5e37a2e elementor-section-boxed elementor-section-height-default elementor-section-height-default\" data-id=\"5e37a2e\" data-element_type=\"section\" data-e-type=\"section\">\n\t\t\t\t\t\t<div class=\"elementor-container elementor-column-gap-default\">\n\t\t\t\t\t<div class=\"elementor-column elementor-col-100 elementor-top-column elementor-element elementor-element-93eefce\" data-id=\"93eefce\" data-element_type=\"column\" data-e-type=\"column\">\n\t\t\t<div class=\"elementor-widget-wrap elementor-element-populated\">\n\t\t\t\t\t\t<div class=\"elementor-element elementor-element-fa87424 elementor-widget elementor-widget-heading\" data-id=\"fa87424\" data-element_type=\"widget\" data-e-type=\"widget\" data-widget_type=\"heading.default\">\n\t\t\t\t<div class=\"elementor-widget-container\">\n\t\t\t\t\t<h2 class=\"elementor-heading-title elementor-size-default\">Glicerio Chaves: Dise\u00f1o de Muebles Innovadores y Sostenibles para el Hogar Moderno<\/h2>\t\t\t\t<\/div>\n\t\t\t\t<\/div>\n\t\t\t\t\t<\/div>\n\t\t<\/div>\n\t\t\t\t\t<\/div>\n\t\t<\/section>\n\t\t\t\t<section class=\"elementor-section elementor-top-section elementor-element elementor-element-28a1788 elementor-section-boxed elementor-section-height-default elementor-section-height-default\" data-id=\"28a1788\" data-element_type=\"section\" data-e-type=\"section\">\n\t\t\t\t\t\t<div class=\"elementor-container elementor-column-gap-default\">\n\t\t\t\t\t<div class=\"elementor-column elementor-col-50 elementor-top-column elementor-element elementor-element-517c79b\" data-id=\"517c79b\" data-element_type=\"column\" data-e-type=\"column\">\n\t\t\t<div class=\"elementor-widget-wrap elementor-element-populated\">\n\t\t\t\t\t\t<div class=\"elementor-element elementor-element-177b96a elementor-widget elementor-widget-text-editor\" data-id=\"177b96a\" data-element_type=\"widget\" data-e-type=\"widget\" data-widget_type=\"text-editor.default\">\n\t\t\t\t<div class=\"elementor-widget-container\">\n\t\t\t\t\t\t\t<div class=\"elementor-text-editor elementor-clearfix\"><h1><b>Transformando Espacios con Elegancia y Sostenibilidad<\/b><\/h1><p><span style=\"font-weight: 400;\">Actualmente, el dise\u00f1o de interiores no solo se centra en la est\u00e9tica, sino tambi\u00e9n en la funcionalidad y la sostenibilidad. <\/span><b>Glicerio Chaves<\/b><span style=\"font-weight: 400;\"> se ha convertido en un referente en muebles, ofreciendo productos innovadores, de calidad y respetuosos con el medio ambiente.<\/span><\/p><p><span style=\"font-weight: 400;\">Cada mueble est\u00e1 dise\u00f1ado para mejorar la vida de nuestros clientes. Ofrecemos soluciones que se adaptan a sus necesidades. Adem\u00e1s, nuestros muebles reflejan su car\u00e1cter.<\/span><\/p><h2><b>El Compromiso con la Calidad y la Durabilidad<\/b><\/h2><p><span style=\"font-weight: 400;\">En <\/span><b>Glicerio Chaves<\/b><span style=\"font-weight: 400;\">, la calidad es nuestra m\u00e1xima prioridad. Sabemos que el mobiliario es una inversi\u00f3n duradera, por eso usamos materiales de alta calidad para fabricar nuestros productos. La durabilidad es clave en nuestros muebles, asegurando que mantengan su funcionalidad y aspecto por muchos a\u00f1os. Adem\u00e1s, nuestros procesos de producci\u00f3n est\u00e1n dise\u00f1ados para minimizar el impacto ambiental, contribuyendo a un futuro m\u00e1s sostenible.<\/span><\/p><p><span style=\"font-weight: 400;\">Nuestras colecciones, como <\/span><b>COSMO Fusi\u00f3n<\/b><span style=\"font-weight: 400;\"> y <\/span><b>Emotion<\/b><span style=\"font-weight: 400;\">, se destacan por su dise\u00f1o atractivo, robustez y durabilidad para el uso diario. <\/span><i><span style=\"font-weight: 400;\">\u00abUn buen dise\u00f1o no solo debe ser visualmente atractivo, sino tambi\u00e9n duradero y pr\u00e1ctico\u00bb<\/span><\/i><span style=\"font-weight: 400;\">, es uno de los principios que gu\u00eda cada etapa de nuestro proceso de creaci\u00f3n.<\/span><\/p><h2><b>Dise\u00f1o Minimalista: La Belleza de la Simplicidad<\/b><\/h2><p><span style=\"font-weight: 400;\">El dise\u00f1o minimalista ha ganado popularidad en los \u00faltimos a\u00f1os por su capacidad para crear espacios serenos y organizados. En <\/span><b>Glicerio Chaves<\/b><span style=\"font-weight: 400;\">, hemos adoptado esta filosof\u00eda en muchas de nuestras colecciones, donde menos es m\u00e1s y cada elemento tiene un prop\u00f3sito claro.<\/span><\/p><p><span style=\"font-weight: 400;\">El <\/span><b>Dormitorio 088 de la colecci\u00f3n COSMO Fusi\u00f3n<\/b><span style=\"font-weight: 400;\"> es un ejemplo perfecto de c\u00f3mo el minimalismo puede transformar un espacio. Con l\u00edneas limpias, colores neutros y una distribuci\u00f3n eficiente del mobiliario, este dormitorio es ideal para aquellos que buscan un ambiente relajante y sofisticado. La simplicidad de su dise\u00f1o no solo es est\u00e9ticamente agradable, sino que tambi\u00e9n facilita la organizaci\u00f3n y el mantenimiento del espacio.<\/span><\/p><p><a href=\"https:\/\/glicerio-chaves.com\/es\/cosmo-fusion-by-eos\/dormitorios-cosmo-fusion\/dormitorio-088\/\"><span style=\"font-weight: 400;\">Visita nuestro cat\u00e1logo para explorar el Dormitorio 088 de COSMO Fusi\u00f3n<\/span><\/a><span style=\"font-weight: 400;\"> y descubre c\u00f3mo puedes incorporar el dise\u00f1o minimalista en tu hogar.<\/span><\/p><h2 dir=\"ltr\" style=\"line-height: 1.2; margin-top: 0pt; margin-bottom: 11.25pt;\"><span style=\"font-size: 18pt; font-family: Arial,sans-serif; color: #000000; background-color: transparent; font-weight: bold; font-style: normal; font-variant: normal; text-decoration: none; vertical-align: baseline; white-space: pre-wrap;\">Innovaci\u00f3n y Sostenibilidad: El Futuro del Dise\u00f1o de Muebles<\/span><\/h2><p dir=\"ltr\" style=\"line-height: 1.2; margin-top: 0pt; margin-bottom: 0pt;\"><span style=\"font-size: 11pt; font-family: Arial,sans-serif; color: #000000; background-color: transparent; font-weight: 400; font-style: normal; font-variant: normal; text-decoration: none; vertical-align: baseline; white-space: pre-wrap;\">La innovaci\u00f3n es una de las caracter\u00edsticas que define a Glicerio Chaves. Constantemente buscamos nuevas formas de mejorar nuestros productos y procesos, siempre con un enfoque en la sostenibilidad. Desde la selecci\u00f3n de materiales hasta los m\u00e9todos de producci\u00f3n, cada paso est\u00e1 dise\u00f1ado para reducir nuestro impacto en el planeta. Buscamos cuatro cosas:<\/span><\/p><ol style=\"margin-top: 0; margin-bottom: 0; padding-inline-start: 48px;\"><li dir=\"ltr\" style=\"list-style-type: decimal; font-size: 11pt; font-family: Arial,sans-serif; color: #000000; background-color: transparent; font-weight: 400; font-style: normal; font-variant: normal; text-decoration: none; vertical-align: baseline; white-space: pre; margin-left: -6pt;\" aria-level=\"1\"><p dir=\"ltr\" style=\"line-height: 1.2; margin-top: 0pt; margin-bottom: 0pt;\" role=\"presentation\"><span style=\"font-size: 11pt; font-family: Arial,sans-serif; color: #000000; background-color: transparent; font-weight: 400; font-style: normal; font-variant: normal; text-decoration: none; vertical-align: baseline; white-space: pre-wrap;\">Innovaci\u00f3n en muebles.<\/span><\/p><\/li><li dir=\"ltr\" style=\"list-style-type: decimal; font-size: 11pt; font-family: Arial,sans-serif; color: #000000; background-color: transparent; font-weight: 400; font-style: normal; font-variant: normal; text-decoration: none; vertical-align: baseline; white-space: pre; margin-left: -6pt;\" aria-level=\"1\"><p dir=\"ltr\" style=\"line-height: 1.2; margin-top: 0pt; margin-bottom: 0pt;\" role=\"presentation\"><span style=\"font-size: 11pt; font-family: Arial,sans-serif; color: #000000; background-color: transparent; font-weight: 400; font-style: normal; font-variant: normal; text-decoration: none; vertical-align: baseline; white-space: pre-wrap;\">Calidad en el mobiliario.<\/span><\/p><\/li><li dir=\"ltr\" style=\"list-style-type: decimal; font-size: 11pt; font-family: Arial,sans-serif; color: #000000; background-color: transparent; font-weight: 400; font-style: normal; font-variant: normal; text-decoration: none; vertical-align: baseline; white-space: pre; margin-left: -6pt;\" aria-level=\"1\"><p dir=\"ltr\" style=\"line-height: 1.2; margin-top: 0pt; margin-bottom: 0pt;\" role=\"presentation\"><span style=\"font-size: 11pt; font-family: Arial,sans-serif; color: #000000; background-color: transparent; font-weight: 400; font-style: normal; font-variant: normal; text-decoration: none; vertical-align: baseline; white-space: pre-wrap;\">Un mobiliario sostenible.<\/span><\/p><\/li><li dir=\"ltr\" style=\"list-style-type: decimal; font-size: 11pt; font-family: Arial,sans-serif; color: #000000; background-color: transparent; font-weight: 400; font-style: normal; font-variant: normal; text-decoration: none; vertical-align: baseline; white-space: pre; margin-left: -6pt;\" aria-level=\"1\"><p dir=\"ltr\" style=\"line-height: 1.2; margin-top: 0pt; margin-bottom: 0pt;\" role=\"presentation\"><span style=\"font-size: 11pt; font-family: Arial,sans-serif; color: #000000; background-color: transparent; font-weight: 400; font-style: normal; font-variant: normal; text-decoration: none; vertical-align: baseline; white-space: pre-wrap;\">Estilo minimalista.<\/span><\/p><\/li><\/ol><p dir=\"ltr\" style=\"line-height: 1.2; margin-top: 0pt; margin-bottom: 0pt;\"><span style=\"font-size: 11pt; font-family: Arial,sans-serif; color: #000000; background-color: transparent; font-weight: 400; font-style: normal; font-variant: normal; text-decoration: none; vertical-align: baseline; white-space: pre-wrap;\">En Glicerio Chaves, creemos que la sostenibilidad no est\u00e1 re\u00f1ida con el dise\u00f1o de alta calidad. De hecho, creemos que ambas van de la mano. \u00abEl futuro del dise\u00f1o de muebles est\u00e1 en la combinaci\u00f3n de innovaci\u00f3n, funcionalidad y respeto por el medio ambiente\u00bb, es una frase que resume nuestra visi\u00f3n como empresa.<\/span><\/p><\/div>\n\t\t\t\t\t\t<\/div>\n\t\t\t\t<\/div>\n\t\t\t\t\t<\/div>\n\t\t<\/div>\n\t\t\t\t<div class=\"elementor-column elementor-col-50 elementor-top-column elementor-element elementor-element-272a8e5\" data-id=\"272a8e5\" data-element_type=\"column\" data-e-type=\"column\">\n\t\t\t<div class=\"elementor-widget-wrap elementor-element-populated\">\n\t\t\t\t\t\t<div class=\"elementor-element elementor-element-40dab31 elementor-widget elementor-widget-text-editor\" data-id=\"40dab31\" data-element_type=\"widget\" data-e-type=\"widget\" data-widget_type=\"text-editor.default\">\n\t\t\t\t<div class=\"elementor-widget-container\">\n\t\t\t\t\t\t\t<div class=\"elementor-text-editor elementor-clearfix\"><h2>&nbsp;<\/h2>\n<p>Usamos materiales reciclados y sostenibles, y aplicamos procesos de fabricaci\u00f3n que disminuyen el consumo de energ\u00eda y las emisiones de carbono. Nuestros muebles son muy duraderos, lo que significa que no necesitas reemplazarlos a menudo y as\u00ed se reduce el desperdicio.<\/p>\n<h2><b>Adaptando el Hogar a la Nueva Estaci\u00f3n: El oto\u00f1o y el Dise\u00f1o de Interiores<\/b><\/h2>\n<p><span style=\"font-weight: 400;\">Con la llegada del oto\u00f1o, muchos buscan formas de adaptar su hogar a la nueva estaci\u00f3n. El dise\u00f1o de interiores es importante para crear un ambiente acogedor y c\u00e1lido, perfecto para los d\u00edas fr\u00edos. En Glicerio Chaves, te ofrecemos soluciones que te permiten preparar tu hogar para el oto\u00f1o con estilo y comodidad.<\/span><\/p>\n<p><span style=\"font-weight: 400;\">El dise\u00f1o minimalista, como el que se encuentra en el Dormitorio 088, es especialmente adecuado para esta \u00e9poca del a\u00f1o. Los tonos neutros y las l\u00edneas limpias ayudan a crear un espacio tranquilo, evocando una decoraci\u00f3n oto\u00f1al ideal. Agrega mantas de lana, cojines en colores tierra y plantas para crear una atm\u00f3sfera acogedora y tendr\u00e1s el oto\u00f1o en el hogar.<\/span><\/p>\n<h2><b>Optimizando el Espacio en el Hogar y la calidad de vida<\/b><\/h2>\n<p><span style=\"font-weight: 400;\">En muchas casas modernas, el espacio es un recurso valioso. Por eso, hemos desarrollado una l\u00ednea de muebles multifuncionales que no solo ahorran espacio, sino que tambi\u00e9n son visualmente atractivos. Estos muebles est\u00e1n dise\u00f1ados para ser vers\u00e1tiles, adapt\u00e1ndose a diferentes usos y necesidades sin comprometer el estilo.<\/span><\/p>\n<p><span style=\"font-weight: 400;\">La litera BLOCK W030 tiene una cama y espacio de almacenamiento, perfecta para habitaciones infantiles o lugares peque\u00f1os. Glicerio Chaves destaca por unir funcionalidad y dise\u00f1o, garantizando que cada mueble sea pr\u00e1ctico y elegante al mismo tiempo.<\/span><\/p>\n<h2><span style=\"font-weight: 400;\">Por Qu\u00e9 Elegir Glicerio Chaves como estilo de vida<\/span><\/h2>\n<p><span style=\"font-weight: 400;\">Elegir Glicerio Chaves significa optar por un mobiliario que combina dise\u00f1o de alta calidad, sostenibilidad y durabilidad. Si deseas renovar una habitaci\u00f3n, organizar tu espacio o darle elegancia a tu hogar, tenemos muchas opciones. Nuestras colecciones pueden ayudarte a cumplir con tus necesidades.<\/span><\/p>\n<p><span style=\"font-weight: 400;\">Glicerio Chaves es una marca de muebles. No solo ofrece calidad y buen dise\u00f1o, sino que tambi\u00e9n se preocupa por el medio ambiente. Es una buena opci\u00f3n para quienes valoran estos aspectos.<\/span><\/p>\n<p><span style=\"font-weight: 400;\">Explora nuestras colecciones y descubre c\u00f3mo transformar tu hogar para que refleje tu estilo y valores. \u00a1Empieza hoy mismo!<\/span><\/p>\n<h2><b>Contacta con Nosotros<\/b><\/h2>\n<p><span style=\"font-weight: 400;\">Si quieres saber m\u00e1s sobre nuestras colecciones o necesitas ayuda para elegir muebles, cont\u00e1ctanos sin dudar. Nuestro equipo de dise\u00f1o est\u00e1 aqu\u00ed para ayudarte en todo el proceso y asegurarse de que encuentres lo que buscas.<\/span><\/p><\/div>\n\t\t\t\t\t\t<\/div>\n\t\t\t\t<\/div>\n\t\t\t\t\t<\/div>\n\t\t<\/div>\n\t\t\t\t\t<\/div>\n\t\t<\/section>\n\t\t\t\t<\/div>\n\t\t","protected":false},"excerpt":{"rendered":"<p>Glicerio Chaves: Dise\u00f1o de Muebles Innovadores y Sostenibles para el Hogar Moderno Transformando Espacios con Elegancia y Sostenibilidad Actualmente, el dise\u00f1o de interiores no solo se centra en la est\u00e9tica, sino tambi\u00e9n en la funcionalidad y la sostenibilidad. Glicerio Chaves se ha convertido en un referente en muebles, ofreciendo productos innovadores, de calidad y respetuosos &hellip; <\/p>\n<p class=\"link-more\"><a href=\"https:\/\/glicerio-chaves.com\/es\/dormitorio-088\/\" class=\"more-link\">Leer m\u00e1s <span class=\"screen-reader-text\"> \u00abDormitorio 088\u00bb<\/span> <\/a><\/p>\n","protected":false},"featured_media":26537,"template":"","meta":[],"product_brand":[],"product_cat":[966,968],"product_tag":[174,987],"class_list":{"0":"post-26542","1":"product","2":"type-product","3":"status-publish","4":"has-post-thumbnail","6":"product_cat-cosmo-fusion-by-eos","7":"product_cat-dormitorios-cosmo-fusion","8":"product_tag-camas","9":"product_tag-sandy-collection","11":"first","12":"instock","13":"shipping-taxable","14":"purchasable","15":"product-type-variable"},"yoast_head":"<!-- This site is optimized with the Yoast SEO plugin v27.3 - https:\/\/yoast.com\/product\/yoast-seo-wordpress\/ -->\n<title>Dormitorio 088 - Glicerio Chaves<\/title>\n<meta name=\"description\" content=\"La mejor opci\u00f3n para proporcionar a los m\u00e1s peque\u00f1os de la casa un espacio \u00fanico, personal, con estilo y c\u00f3modo, del que no les apetezca salir.\" \/>\n<meta name=\"robots\" content=\"index, follow, max-snippet:-1, max-image-preview:large, max-video-preview:-1\" \/>\n<link rel=\"canonical\" href=\"https:\/\/glicerio-chaves.com\/es\/dormitorio-088\/\" \/>\n<meta property=\"og:locale\" content=\"es_ES\" \/>\n<meta property=\"og:type\" content=\"article\" \/>\n<meta property=\"og:title\" content=\"Dormitorio 088 - Glicerio Chaves\" \/>\n<meta property=\"og:description\" content=\"La mejor opci\u00f3n para proporcionar a los m\u00e1s peque\u00f1os de la casa un espacio \u00fanico, personal, con estilo y c\u00f3modo, del que no les apetezca salir.\" \/>\n<meta property=\"og:url\" content=\"https:\/\/glicerio-chaves.com\/es\/dormitorio-088\/\" \/>\n<meta property=\"og:site_name\" content=\"Glicerio Chaves\" \/>\n<meta property=\"article:modified_time\" content=\"2024-10-07T12:28:07+00:00\" \/>\n<meta property=\"og:image\" content=\"https:\/\/glicerio-chaves.com\/wp-content\/uploads\/2023\/09\/COMPOSICION-088.jpg\" \/>\n\t<meta property=\"og:image:width\" content=\"1920\" \/>\n\t<meta property=\"og:image:height\" content=\"1016\" \/>\n\t<meta property=\"og:image:type\" content=\"image\/jpeg\" \/>\n<meta name=\"twitter:card\" content=\"summary_large_image\" \/>\n<script type=\"application\/ld+json\" class=\"yoast-schema-graph\">{\"@context\":\"https:\\\/\\\/schema.org\",\"@graph\":[{\"@type\":\"WebPage\",\"@id\":\"https:\\\/\\\/glicerio-chaves.com\\\/es\\\/dormitorio-088\\\/\",\"url\":\"https:\\\/\\\/glicerio-chaves.com\\\/es\\\/dormitorio-088\\\/\",\"name\":\"Dormitorio 088 - Glicerio Chaves\",\"isPartOf\":{\"@id\":\"https:\\\/\\\/glicerio-chaves.com\\\/es\\\/#website\"},\"primaryImageOfPage\":{\"@id\":\"https:\\\/\\\/glicerio-chaves.com\\\/es\\\/dormitorio-088\\\/#primaryimage\"},\"image\":{\"@id\":\"https:\\\/\\\/glicerio-chaves.com\\\/es\\\/dormitorio-088\\\/#primaryimage\"},\"thumbnailUrl\":\"https:\\\/\\\/glicerio-chaves.com\\\/wp-content\\\/uploads\\\/2023\\\/09\\\/COMPOSICION-088.jpg\",\"datePublished\":\"2023-09-13T09:44:55+00:00\",\"dateModified\":\"2024-10-07T12:28:07+00:00\",\"description\":\"La mejor opci\u00f3n para proporcionar a los m\u00e1s peque\u00f1os de la casa un espacio \u00fanico, personal, con estilo y c\u00f3modo, del que no les apetezca salir.\",\"breadcrumb\":{\"@id\":\"https:\\\/\\\/glicerio-chaves.com\\\/es\\\/dormitorio-088\\\/#breadcrumb\"},\"inLanguage\":\"es\",\"potentialAction\":[{\"@type\":\"ReadAction\",\"target\":[\"https:\\\/\\\/glicerio-chaves.com\\\/es\\\/dormitorio-088\\\/\"]}]},{\"@type\":\"ImageObject\",\"inLanguage\":\"es\",\"@id\":\"https:\\\/\\\/glicerio-chaves.com\\\/es\\\/dormitorio-088\\\/#primaryimage\",\"url\":\"https:\\\/\\\/glicerio-chaves.com\\\/wp-content\\\/uploads\\\/2023\\\/09\\\/COMPOSICION-088.jpg\",\"contentUrl\":\"https:\\\/\\\/glicerio-chaves.com\\\/wp-content\\\/uploads\\\/2023\\\/09\\\/COMPOSICION-088.jpg\",\"width\":1920,\"height\":1016},{\"@type\":\"BreadcrumbList\",\"@id\":\"https:\\\/\\\/glicerio-chaves.com\\\/es\\\/dormitorio-088\\\/#breadcrumb\",\"itemListElement\":[{\"@type\":\"ListItem\",\"position\":1,\"name\":\"Portada\",\"item\":\"https:\\\/\\\/glicerio-chaves.com\\\/es\\\/\"},{\"@type\":\"ListItem\",\"position\":2,\"name\":\"Productos\",\"item\":\"https:\\\/\\\/glicerio-chaves.com\\\/es\\\/shop\\\/\"},{\"@type\":\"ListItem\",\"position\":3,\"name\":\"Dormitorio 088\"}]},{\"@type\":\"WebSite\",\"@id\":\"https:\\\/\\\/glicerio-chaves.com\\\/es\\\/#website\",\"url\":\"https:\\\/\\\/glicerio-chaves.com\\\/es\\\/\",\"name\":\"Glicerio Chaves\",\"description\":\"Glicerio Chaves Hornero es una empresa dedicada a la fabricaci\u00f3n de muebles, especializada en dormitorios juveniles y de matrimonio modernos.\",\"publisher\":{\"@id\":\"https:\\\/\\\/glicerio-chaves.com\\\/es\\\/#organization\"},\"potentialAction\":[{\"@type\":\"SearchAction\",\"target\":{\"@type\":\"EntryPoint\",\"urlTemplate\":\"https:\\\/\\\/glicerio-chaves.com\\\/es\\\/?s={search_term_string}\"},\"query-input\":{\"@type\":\"PropertyValueSpecification\",\"valueRequired\":true,\"valueName\":\"search_term_string\"}}],\"inLanguage\":\"es\"},{\"@type\":\"Organization\",\"@id\":\"https:\\\/\\\/glicerio-chaves.com\\\/es\\\/#organization\",\"name\":\"Glicerio-Chaves\",\"url\":\"https:\\\/\\\/glicerio-chaves.com\\\/es\\\/\",\"logo\":{\"@type\":\"ImageObject\",\"inLanguage\":\"es\",\"@id\":\"https:\\\/\\\/glicerio-chaves.com\\\/es\\\/#\\\/schema\\\/logo\\\/image\\\/\",\"url\":\"https:\\\/\\\/glicerio-chaves.com\\\/wp-content\\\/uploads\\\/2020\\\/12\\\/logo.png\",\"contentUrl\":\"https:\\\/\\\/glicerio-chaves.com\\\/wp-content\\\/uploads\\\/2020\\\/12\\\/logo.png\",\"width\":185,\"height\":90,\"caption\":\"Glicerio-Chaves\"},\"image\":{\"@id\":\"https:\\\/\\\/glicerio-chaves.com\\\/es\\\/#\\\/schema\\\/logo\\\/image\\\/\"}}]}<\/script>\n<!-- \/ Yoast SEO plugin. -->","yoast_head_json":{"title":"Dormitorio 088 - Glicerio Chaves","description":"La mejor opci\u00f3n para proporcionar a los m\u00e1s peque\u00f1os de la casa un espacio \u00fanico, personal, con estilo y c\u00f3modo, del que no les apetezca salir.","robots":{"index":"index","follow":"follow","max-snippet":"max-snippet:-1","max-image-preview":"max-image-preview:large","max-video-preview":"max-video-preview:-1"},"canonical":"https:\/\/glicerio-chaves.com\/es\/dormitorio-088\/","og_locale":"es_ES","og_type":"article","og_title":"Dormitorio 088 - Glicerio Chaves","og_description":"La mejor opci\u00f3n para proporcionar a los m\u00e1s peque\u00f1os de la casa un espacio \u00fanico, personal, con estilo y c\u00f3modo, del que no les apetezca salir.","og_url":"https:\/\/glicerio-chaves.com\/es\/dormitorio-088\/","og_site_name":"Glicerio Chaves","article_modified_time":"2024-10-07T12:28:07+00:00","og_image":[{"width":1920,"height":1016,"url":"https:\/\/glicerio-chaves.com\/wp-content\/uploads\/2023\/09\/COMPOSICION-088.jpg","type":"image\/jpeg"}],"twitter_card":"summary_large_image","schema":{"@context":"https:\/\/schema.org","@graph":[{"@type":"WebPage","@id":"https:\/\/glicerio-chaves.com\/es\/dormitorio-088\/","url":"https:\/\/glicerio-chaves.com\/es\/dormitorio-088\/","name":"Dormitorio 088 - Glicerio Chaves","isPartOf":{"@id":"https:\/\/glicerio-chaves.com\/es\/#website"},"primaryImageOfPage":{"@id":"https:\/\/glicerio-chaves.com\/es\/dormitorio-088\/#primaryimage"},"image":{"@id":"https:\/\/glicerio-chaves.com\/es\/dormitorio-088\/#primaryimage"},"thumbnailUrl":"https:\/\/glicerio-chaves.com\/wp-content\/uploads\/2023\/09\/COMPOSICION-088.jpg","datePublished":"2023-09-13T09:44:55+00:00","dateModified":"2024-10-07T12:28:07+00:00","description":"La mejor opci\u00f3n para proporcionar a los m\u00e1s peque\u00f1os de la casa un espacio \u00fanico, personal, con estilo y c\u00f3modo, del que no les apetezca salir.","breadcrumb":{"@id":"https:\/\/glicerio-chaves.com\/es\/dormitorio-088\/#breadcrumb"},"inLanguage":"es","potentialAction":[{"@type":"ReadAction","target":["https:\/\/glicerio-chaves.com\/es\/dormitorio-088\/"]}]},{"@type":"ImageObject","inLanguage":"es","@id":"https:\/\/glicerio-chaves.com\/es\/dormitorio-088\/#primaryimage","url":"https:\/\/glicerio-chaves.com\/wp-content\/uploads\/2023\/09\/COMPOSICION-088.jpg","contentUrl":"https:\/\/glicerio-chaves.com\/wp-content\/uploads\/2023\/09\/COMPOSICION-088.jpg","width":1920,"height":1016},{"@type":"BreadcrumbList","@id":"https:\/\/glicerio-chaves.com\/es\/dormitorio-088\/#breadcrumb","itemListElement":[{"@type":"ListItem","position":1,"name":"Portada","item":"https:\/\/glicerio-chaves.com\/es\/"},{"@type":"ListItem","position":2,"name":"Productos","item":"https:\/\/glicerio-chaves.com\/es\/shop\/"},{"@type":"ListItem","position":3,"name":"Dormitorio 088"}]},{"@type":"WebSite","@id":"https:\/\/glicerio-chaves.com\/es\/#website","url":"https:\/\/glicerio-chaves.com\/es\/","name":"Glicerio Chaves","description":"Glicerio Chaves Hornero es una empresa dedicada a la fabricaci\u00f3n de muebles, especializada en dormitorios juveniles y de matrimonio modernos.","publisher":{"@id":"https:\/\/glicerio-chaves.com\/es\/#organization"},"potentialAction":[{"@type":"SearchAction","target":{"@type":"EntryPoint","urlTemplate":"https:\/\/glicerio-chaves.com\/es\/?s={search_term_string}"},"query-input":{"@type":"PropertyValueSpecification","valueRequired":true,"valueName":"search_term_string"}}],"inLanguage":"es"},{"@type":"Organization","@id":"https:\/\/glicerio-chaves.com\/es\/#organization","name":"Glicerio-Chaves","url":"https:\/\/glicerio-chaves.com\/es\/","logo":{"@type":"ImageObject","inLanguage":"es","@id":"https:\/\/glicerio-chaves.com\/es\/#\/schema\/logo\/image\/","url":"https:\/\/glicerio-chaves.com\/wp-content\/uploads\/2020\/12\/logo.png","contentUrl":"https:\/\/glicerio-chaves.com\/wp-content\/uploads\/2020\/12\/logo.png","width":185,"height":90,"caption":"Glicerio-Chaves"},"image":{"@id":"https:\/\/glicerio-chaves.com\/es\/#\/schema\/logo\/image\/"}}]}},"_links":{"self":[{"href":"https:\/\/glicerio-chaves.com\/es\/wp-json\/wp\/v2\/product\/26542","targetHints":{"allow":["GET"]}}],"collection":[{"href":"https:\/\/glicerio-chaves.com\/es\/wp-json\/wp\/v2\/product"}],"about":[{"href":"https:\/\/glicerio-chaves.com\/es\/wp-json\/wp\/v2\/types\/product"}],"version-history":[{"count":23,"href":"https:\/\/glicerio-chaves.com\/es\/wp-json\/wp\/v2\/product\/26542\/revisions"}],"predecessor-version":[{"id":27720,"href":"https:\/\/glicerio-chaves.com\/es\/wp-json\/wp\/v2\/product\/26542\/revisions\/27720"}],"wp:featuredmedia":[{"embeddable":true,"href":"https:\/\/glicerio-chaves.com\/es\/wp-json\/wp\/v2\/media\/26537"}],"wp:attachment":[{"href":"https:\/\/glicerio-chaves.com\/es\/wp-json\/wp\/v2\/media?parent=26542"}],"wp:term":[{"taxonomy":"product_brand","embeddable":true,"href":"https:\/\/glicerio-chaves.com\/es\/wp-json\/wp\/v2\/product_brand?post=26542"},{"taxonomy":"product_cat","embeddable":true,"href":"https:\/\/glicerio-chaves.com\/es\/wp-json\/wp\/v2\/product_cat?post=26542"},{"taxonomy":"product_tag","embeddable":true,"href":"https:\/\/glicerio-chaves.com\/es\/wp-json\/wp\/v2\/product_tag?post=26542"}],"curies":[{"name":"wp","href":"https:\/\/api.w.org\/{rel}","templated":true}]}}