{"id":25810,"date":"2023-07-27T11:04:38","date_gmt":"2023-07-27T11:04:38","guid":{"rendered":"https:\/\/glicerio-chaves.com\/?post_type=product&#038;p=25810"},"modified":"2024-06-13T09:23:09","modified_gmt":"2024-06-13T09:23:09","slug":"dormitorio-w002","status":"publish","type":"product","link":"https:\/\/glicerio-chaves.com\/es\/dormitorio-w002\/","title":{"rendered":"Dormitorio W002"},"content":{"rendered":"<h2><b>Dise\u00f1o de Interiores Minimalista: Donde Menos es M\u00e1s<\/b><\/h2>\n<p><span style=\"font-weight: 400;\">Adoptando el enfoque minimalista en el dise\u00f1o de interiores, el Cat\u00e1logo WIN se centra en la m\u00e1xima \u00abmenos es m\u00e1s\u00bb. Este principio no solo promueve un ambiente de tranquilidad y elegancia, sino que tambi\u00e9n asegura que cada elemento del hogar tenga un prop\u00f3sito claro y pr\u00e1ctico. La personalizaci\u00f3n de muebles es clave en nuestra filosof\u00eda de dise\u00f1o, asegurando que cada espacio sea no solo funcional, sino tambi\u00e9n \u00fanico.<\/span><\/p>\n<p><span style=\"font-weight: 400;\">Desde tonos neutros hasta los peque\u00f1os detalles, en Glicerio encontrar el equilibrio es otro de nuestros objetivos. El \u00faltimo toque lo a\u00f1ade una decoraci\u00f3n minimalista. \u00bfC\u00f3mo conseguirlo? Con objetos decorativos que sumen un plus a la est\u00e9tica del dormitorio y que a su vez te permitan ahorrar espacio.<\/span><\/p>\n<h2><b>Soluciones de Almacenamiento Innovadoras y Personalizadas<\/b><\/h2>\n<p><span style=\"font-weight: 400;\">Entendemos que cada hogar es \u00fanico y, por lo tanto, requiere soluciones de almacenamiento que se adapten perfectamente a sus particularidades espaciales y estilos de vida. El Cat\u00e1logo WIN de Glicerio Chaves Hornero tiene muchas opciones para personalizar, as\u00ed puedes hacer soluciones de almacenamiento que reflejen tu estilo y cubran tus necesidades. Desde dormitorios juveniles hasta espacios comunes, cada pieza est\u00e1 dise\u00f1ada para maximizar la funcionalidad sin comprometer el estilo.<\/span><\/p>\n","protected":false},"excerpt":{"rendered":"<p>Dise\u00f1o de Interiores Minimalista: Donde Menos es M\u00e1s Adoptando el enfoque minimalista en el dise\u00f1o de interiores, el Cat\u00e1logo WIN se centra en la m\u00e1xima \u00abmenos es m\u00e1s\u00bb. Este principio no solo promueve un ambiente de tranquilidad y elegancia, sino que tambi\u00e9n asegura que cada elemento del hogar tenga un prop\u00f3sito claro y pr\u00e1ctico. La &hellip; <\/p>\n<p class=\"link-more\"><a href=\"https:\/\/glicerio-chaves.com\/es\/dormitorio-w002\/\" class=\"more-link\">Leer m\u00e1s <span class=\"screen-reader-text\"> \u00abDormitorio W002\u00bb<\/span> <\/a><\/p>\n","protected":false},"featured_media":25811,"template":"","meta":[],"product_brand":[],"product_cat":[963,934,933],"product_tag":[206,164,173,939],"class_list":{"0":"post-25810","1":"product","2":"type-product","3":"status-publish","4":"has-post-thumbnail","6":"product_cat-armarios-win-by-basic","7":"product_cat-compactos-win-by-basic","8":"product_cat-win-juvenil-by-basic","9":"product_tag-compactos","10":"product_tag-dormitorio-juvenil","11":"product_tag-dormitorios-juveniles","12":"product_tag-win-by-basic","14":"first","15":"instock","16":"shipping-taxable","17":"purchasable","18":"product-type-variable"},"yoast_head":"<!-- This site is optimized with the Yoast SEO plugin v27.3 - https:\/\/yoast.com\/product\/yoast-seo-wordpress\/ -->\n<title>Dormitorio W002 - Glicerio Chaves<\/title>\n<meta name=\"description\" content=\"La mejor opci\u00f3n para proporcionar a los m\u00e1s peque\u00f1os de la casa un espacio \u00fanico, personal, con estilo y c\u00f3modo, del que no les apetezca salir.\" \/>\n<meta name=\"robots\" content=\"index, follow, max-snippet:-1, max-image-preview:large, max-video-preview:-1\" \/>\n<link rel=\"canonical\" href=\"https:\/\/glicerio-chaves.com\/es\/dormitorio-w002\/\" \/>\n<meta property=\"og:locale\" content=\"es_ES\" \/>\n<meta property=\"og:type\" content=\"article\" \/>\n<meta property=\"og:title\" content=\"Dormitorio W002 - Glicerio Chaves\" \/>\n<meta property=\"og:description\" content=\"La mejor opci\u00f3n para proporcionar a los m\u00e1s peque\u00f1os de la casa un espacio \u00fanico, personal, con estilo y c\u00f3modo, del que no les apetezca salir.\" \/>\n<meta property=\"og:url\" content=\"https:\/\/glicerio-chaves.com\/es\/dormitorio-w002\/\" \/>\n<meta property=\"og:site_name\" content=\"Glicerio Chaves\" \/>\n<meta property=\"article:modified_time\" content=\"2024-06-13T09:23:09+00:00\" \/>\n<meta property=\"og:image\" content=\"https:\/\/glicerio-chaves.com\/wp-content\/uploads\/2023\/07\/W002.jpg\" \/>\n\t<meta property=\"og:image:width\" content=\"2362\" \/>\n\t<meta property=\"og:image:height\" content=\"1476\" \/>\n\t<meta property=\"og:image:type\" content=\"image\/jpeg\" \/>\n<meta name=\"twitter:card\" content=\"summary_large_image\" \/>\n<meta name=\"twitter:label1\" content=\"Tiempo de lectura\" \/>\n\t<meta name=\"twitter:data1\" content=\"2 minutos\" \/>\n<script type=\"application\/ld+json\" class=\"yoast-schema-graph\">{\"@context\":\"https:\\\/\\\/schema.org\",\"@graph\":[{\"@type\":\"WebPage\",\"@id\":\"https:\\\/\\\/glicerio-chaves.com\\\/es\\\/dormitorio-w002\\\/\",\"url\":\"https:\\\/\\\/glicerio-chaves.com\\\/es\\\/dormitorio-w002\\\/\",\"name\":\"Dormitorio W002 - Glicerio Chaves\",\"isPartOf\":{\"@id\":\"https:\\\/\\\/glicerio-chaves.com\\\/es\\\/#website\"},\"primaryImageOfPage\":{\"@id\":\"https:\\\/\\\/glicerio-chaves.com\\\/es\\\/dormitorio-w002\\\/#primaryimage\"},\"image\":{\"@id\":\"https:\\\/\\\/glicerio-chaves.com\\\/es\\\/dormitorio-w002\\\/#primaryimage\"},\"thumbnailUrl\":\"https:\\\/\\\/glicerio-chaves.com\\\/wp-content\\\/uploads\\\/2023\\\/07\\\/W002.jpg\",\"datePublished\":\"2023-07-27T11:04:38+00:00\",\"dateModified\":\"2024-06-13T09:23:09+00:00\",\"description\":\"La mejor opci\u00f3n para proporcionar a los m\u00e1s peque\u00f1os de la casa un espacio \u00fanico, personal, con estilo y c\u00f3modo, del que no les apetezca salir.\",\"breadcrumb\":{\"@id\":\"https:\\\/\\\/glicerio-chaves.com\\\/es\\\/dormitorio-w002\\\/#breadcrumb\"},\"inLanguage\":\"es\",\"potentialAction\":[{\"@type\":\"ReadAction\",\"target\":[\"https:\\\/\\\/glicerio-chaves.com\\\/es\\\/dormitorio-w002\\\/\"]}]},{\"@type\":\"ImageObject\",\"inLanguage\":\"es\",\"@id\":\"https:\\\/\\\/glicerio-chaves.com\\\/es\\\/dormitorio-w002\\\/#primaryimage\",\"url\":\"https:\\\/\\\/glicerio-chaves.com\\\/wp-content\\\/uploads\\\/2023\\\/07\\\/W002.jpg\",\"contentUrl\":\"https:\\\/\\\/glicerio-chaves.com\\\/wp-content\\\/uploads\\\/2023\\\/07\\\/W002.jpg\",\"width\":2362,\"height\":1476},{\"@type\":\"BreadcrumbList\",\"@id\":\"https:\\\/\\\/glicerio-chaves.com\\\/es\\\/dormitorio-w002\\\/#breadcrumb\",\"itemListElement\":[{\"@type\":\"ListItem\",\"position\":1,\"name\":\"Portada\",\"item\":\"https:\\\/\\\/glicerio-chaves.com\\\/es\\\/\"},{\"@type\":\"ListItem\",\"position\":2,\"name\":\"Productos\",\"item\":\"https:\\\/\\\/glicerio-chaves.com\\\/es\\\/shop\\\/\"},{\"@type\":\"ListItem\",\"position\":3,\"name\":\"Dormitorio W002\"}]},{\"@type\":\"WebSite\",\"@id\":\"https:\\\/\\\/glicerio-chaves.com\\\/es\\\/#website\",\"url\":\"https:\\\/\\\/glicerio-chaves.com\\\/es\\\/\",\"name\":\"Glicerio Chaves\",\"description\":\"Glicerio Chaves Hornero es una empresa dedicada a la fabricaci\u00f3n de muebles, especializada en dormitorios juveniles y de matrimonio modernos.\",\"publisher\":{\"@id\":\"https:\\\/\\\/glicerio-chaves.com\\\/es\\\/#organization\"},\"potentialAction\":[{\"@type\":\"SearchAction\",\"target\":{\"@type\":\"EntryPoint\",\"urlTemplate\":\"https:\\\/\\\/glicerio-chaves.com\\\/es\\\/?s={search_term_string}\"},\"query-input\":{\"@type\":\"PropertyValueSpecification\",\"valueRequired\":true,\"valueName\":\"search_term_string\"}}],\"inLanguage\":\"es\"},{\"@type\":\"Organization\",\"@id\":\"https:\\\/\\\/glicerio-chaves.com\\\/es\\\/#organization\",\"name\":\"Glicerio-Chaves\",\"url\":\"https:\\\/\\\/glicerio-chaves.com\\\/es\\\/\",\"logo\":{\"@type\":\"ImageObject\",\"inLanguage\":\"es\",\"@id\":\"https:\\\/\\\/glicerio-chaves.com\\\/es\\\/#\\\/schema\\\/logo\\\/image\\\/\",\"url\":\"https:\\\/\\\/glicerio-chaves.com\\\/wp-content\\\/uploads\\\/2020\\\/12\\\/logo.png\",\"contentUrl\":\"https:\\\/\\\/glicerio-chaves.com\\\/wp-content\\\/uploads\\\/2020\\\/12\\\/logo.png\",\"width\":185,\"height\":90,\"caption\":\"Glicerio-Chaves\"},\"image\":{\"@id\":\"https:\\\/\\\/glicerio-chaves.com\\\/es\\\/#\\\/schema\\\/logo\\\/image\\\/\"}}]}<\/script>\n<!-- \/ Yoast SEO plugin. -->","yoast_head_json":{"title":"Dormitorio W002 - Glicerio Chaves","description":"La mejor opci\u00f3n para proporcionar a los m\u00e1s peque\u00f1os de la casa un espacio \u00fanico, personal, con estilo y c\u00f3modo, del que no les apetezca salir.","robots":{"index":"index","follow":"follow","max-snippet":"max-snippet:-1","max-image-preview":"max-image-preview:large","max-video-preview":"max-video-preview:-1"},"canonical":"https:\/\/glicerio-chaves.com\/es\/dormitorio-w002\/","og_locale":"es_ES","og_type":"article","og_title":"Dormitorio W002 - Glicerio Chaves","og_description":"La mejor opci\u00f3n para proporcionar a los m\u00e1s peque\u00f1os de la casa un espacio \u00fanico, personal, con estilo y c\u00f3modo, del que no les apetezca salir.","og_url":"https:\/\/glicerio-chaves.com\/es\/dormitorio-w002\/","og_site_name":"Glicerio Chaves","article_modified_time":"2024-06-13T09:23:09+00:00","og_image":[{"width":2362,"height":1476,"url":"https:\/\/glicerio-chaves.com\/wp-content\/uploads\/2023\/07\/W002.jpg","type":"image\/jpeg"}],"twitter_card":"summary_large_image","twitter_misc":{"Tiempo de lectura":"2 minutos"},"schema":{"@context":"https:\/\/schema.org","@graph":[{"@type":"WebPage","@id":"https:\/\/glicerio-chaves.com\/es\/dormitorio-w002\/","url":"https:\/\/glicerio-chaves.com\/es\/dormitorio-w002\/","name":"Dormitorio W002 - Glicerio Chaves","isPartOf":{"@id":"https:\/\/glicerio-chaves.com\/es\/#website"},"primaryImageOfPage":{"@id":"https:\/\/glicerio-chaves.com\/es\/dormitorio-w002\/#primaryimage"},"image":{"@id":"https:\/\/glicerio-chaves.com\/es\/dormitorio-w002\/#primaryimage"},"thumbnailUrl":"https:\/\/glicerio-chaves.com\/wp-content\/uploads\/2023\/07\/W002.jpg","datePublished":"2023-07-27T11:04:38+00:00","dateModified":"2024-06-13T09:23:09+00:00","description":"La mejor opci\u00f3n para proporcionar a los m\u00e1s peque\u00f1os de la casa un espacio \u00fanico, personal, con estilo y c\u00f3modo, del que no les apetezca salir.","breadcrumb":{"@id":"https:\/\/glicerio-chaves.com\/es\/dormitorio-w002\/#breadcrumb"},"inLanguage":"es","potentialAction":[{"@type":"ReadAction","target":["https:\/\/glicerio-chaves.com\/es\/dormitorio-w002\/"]}]},{"@type":"ImageObject","inLanguage":"es","@id":"https:\/\/glicerio-chaves.com\/es\/dormitorio-w002\/#primaryimage","url":"https:\/\/glicerio-chaves.com\/wp-content\/uploads\/2023\/07\/W002.jpg","contentUrl":"https:\/\/glicerio-chaves.com\/wp-content\/uploads\/2023\/07\/W002.jpg","width":2362,"height":1476},{"@type":"BreadcrumbList","@id":"https:\/\/glicerio-chaves.com\/es\/dormitorio-w002\/#breadcrumb","itemListElement":[{"@type":"ListItem","position":1,"name":"Portada","item":"https:\/\/glicerio-chaves.com\/es\/"},{"@type":"ListItem","position":2,"name":"Productos","item":"https:\/\/glicerio-chaves.com\/es\/shop\/"},{"@type":"ListItem","position":3,"name":"Dormitorio W002"}]},{"@type":"WebSite","@id":"https:\/\/glicerio-chaves.com\/es\/#website","url":"https:\/\/glicerio-chaves.com\/es\/","name":"Glicerio Chaves","description":"Glicerio Chaves Hornero es una empresa dedicada a la fabricaci\u00f3n de muebles, especializada en dormitorios juveniles y de matrimonio modernos.","publisher":{"@id":"https:\/\/glicerio-chaves.com\/es\/#organization"},"potentialAction":[{"@type":"SearchAction","target":{"@type":"EntryPoint","urlTemplate":"https:\/\/glicerio-chaves.com\/es\/?s={search_term_string}"},"query-input":{"@type":"PropertyValueSpecification","valueRequired":true,"valueName":"search_term_string"}}],"inLanguage":"es"},{"@type":"Organization","@id":"https:\/\/glicerio-chaves.com\/es\/#organization","name":"Glicerio-Chaves","url":"https:\/\/glicerio-chaves.com\/es\/","logo":{"@type":"ImageObject","inLanguage":"es","@id":"https:\/\/glicerio-chaves.com\/es\/#\/schema\/logo\/image\/","url":"https:\/\/glicerio-chaves.com\/wp-content\/uploads\/2020\/12\/logo.png","contentUrl":"https:\/\/glicerio-chaves.com\/wp-content\/uploads\/2020\/12\/logo.png","width":185,"height":90,"caption":"Glicerio-Chaves"},"image":{"@id":"https:\/\/glicerio-chaves.com\/es\/#\/schema\/logo\/image\/"}}]}},"_links":{"self":[{"href":"https:\/\/glicerio-chaves.com\/es\/wp-json\/wp\/v2\/product\/25810","targetHints":{"allow":["GET"]}}],"collection":[{"href":"https:\/\/glicerio-chaves.com\/es\/wp-json\/wp\/v2\/product"}],"about":[{"href":"https:\/\/glicerio-chaves.com\/es\/wp-json\/wp\/v2\/types\/product"}],"version-history":[{"count":4,"href":"https:\/\/glicerio-chaves.com\/es\/wp-json\/wp\/v2\/product\/25810\/revisions"}],"predecessor-version":[{"id":27548,"href":"https:\/\/glicerio-chaves.com\/es\/wp-json\/wp\/v2\/product\/25810\/revisions\/27548"}],"wp:featuredmedia":[{"embeddable":true,"href":"https:\/\/glicerio-chaves.com\/es\/wp-json\/wp\/v2\/media\/25811"}],"wp:attachment":[{"href":"https:\/\/glicerio-chaves.com\/es\/wp-json\/wp\/v2\/media?parent=25810"}],"wp:term":[{"taxonomy":"product_brand","embeddable":true,"href":"https:\/\/glicerio-chaves.com\/es\/wp-json\/wp\/v2\/product_brand?post=25810"},{"taxonomy":"product_cat","embeddable":true,"href":"https:\/\/glicerio-chaves.com\/es\/wp-json\/wp\/v2\/product_cat?post=25810"},{"taxonomy":"product_tag","embeddable":true,"href":"https:\/\/glicerio-chaves.com\/es\/wp-json\/wp\/v2\/product_tag?post=25810"}],"curies":[{"name":"wp","href":"https:\/\/api.w.org\/{rel}","templated":true}]}}