{"id":16966,"date":"2020-08-13T16:18:21","date_gmt":"2020-08-13T16:18:21","guid":{"rendered":"https:\/\/glicerio-chaves.com\/?post_type=product&#038;p=16966"},"modified":"2020-12-30T11:59:40","modified_gmt":"2020-12-30T11:59:40","slug":"cosmo-by-eos-comp-044","status":"publish","type":"product","link":"https:\/\/glicerio-chaves.com\/es\/cosmo-by-eos-comp-044\/","title":{"rendered":"Cosmo by EOS. 044 &#8211; ABATIBLE"},"content":{"rendered":"","protected":false},"excerpt":{"rendered":"","protected":false},"featured_media":16967,"template":"","meta":[],"product_brand":[],"product_cat":[630,628],"product_tag":[],"class_list":{"0":"post-16966","1":"product","2":"type-product","3":"status-publish","4":"has-post-thumbnail","6":"product_cat-abatibles","7":"product_cat-cosmo-by-eos","9":"first","10":"instock","11":"shipping-taxable","12":"purchasable","13":"product-type-variable"},"yoast_head":"<!-- This site is optimized with the Yoast SEO plugin v27.3 - https:\/\/yoast.com\/product\/yoast-seo-wordpress\/ -->\n<title>Cosmo by EOS. 044 - ABATIBLE - Glicerio Chaves<\/title>\n<meta name=\"description\" content=\"Las camas abatibles denuestra colecci\u00f3n Cosmote proponen un universoordenado y arm\u00f3nico,para aprovechar elespacio al m\u00e1ximo.\" \/>\n<meta name=\"robots\" content=\"index, follow, max-snippet:-1, max-image-preview:large, max-video-preview:-1\" \/>\n<link rel=\"canonical\" href=\"https:\/\/glicerio-chaves.com\/es\/cosmo-by-eos-comp-044\/\" \/>\n<meta property=\"og:locale\" content=\"es_ES\" \/>\n<meta property=\"og:type\" content=\"article\" \/>\n<meta property=\"og:title\" content=\"Cosmo by EOS. 044 - ABATIBLE - Glicerio Chaves\" \/>\n<meta property=\"og:description\" content=\"Las camas abatibles denuestra colecci\u00f3n Cosmote proponen un universoordenado y arm\u00f3nico,para aprovechar elespacio al m\u00e1ximo.\" \/>\n<meta property=\"og:url\" content=\"https:\/\/glicerio-chaves.com\/es\/cosmo-by-eos-comp-044\/\" \/>\n<meta property=\"og:site_name\" content=\"Glicerio Chaves\" \/>\n<meta property=\"article:modified_time\" content=\"2020-12-30T11:59:40+00:00\" \/>\n<meta property=\"og:image\" content=\"https:\/\/glicerio-chaves.com\/wp-content\/uploads\/2020\/08\/Abatible-1.jpg\" \/>\n\t<meta property=\"og:image:width\" content=\"1772\" \/>\n\t<meta property=\"og:image:height\" content=\"1109\" \/>\n\t<meta property=\"og:image:type\" content=\"image\/jpeg\" \/>\n<meta name=\"twitter:card\" content=\"summary_large_image\" \/>\n<script type=\"application\/ld+json\" class=\"yoast-schema-graph\">{\"@context\":\"https:\\\/\\\/schema.org\",\"@graph\":[{\"@type\":\"WebPage\",\"@id\":\"https:\\\/\\\/glicerio-chaves.com\\\/es\\\/cosmo-by-eos-comp-044\\\/\",\"url\":\"https:\\\/\\\/glicerio-chaves.com\\\/es\\\/cosmo-by-eos-comp-044\\\/\",\"name\":\"Cosmo by EOS. 044 - ABATIBLE - Glicerio Chaves\",\"isPartOf\":{\"@id\":\"https:\\\/\\\/glicerio-chaves.com\\\/es\\\/#website\"},\"primaryImageOfPage\":{\"@id\":\"https:\\\/\\\/glicerio-chaves.com\\\/es\\\/cosmo-by-eos-comp-044\\\/#primaryimage\"},\"image\":{\"@id\":\"https:\\\/\\\/glicerio-chaves.com\\\/es\\\/cosmo-by-eos-comp-044\\\/#primaryimage\"},\"thumbnailUrl\":\"https:\\\/\\\/glicerio-chaves.com\\\/wp-content\\\/uploads\\\/2020\\\/08\\\/Abatible-1.jpg\",\"datePublished\":\"2020-08-13T16:18:21+00:00\",\"dateModified\":\"2020-12-30T11:59:40+00:00\",\"description\":\"Las camas abatibles denuestra colecci\u00f3n Cosmote proponen un universoordenado y arm\u00f3nico,para aprovechar elespacio al m\u00e1ximo.\",\"breadcrumb\":{\"@id\":\"https:\\\/\\\/glicerio-chaves.com\\\/es\\\/cosmo-by-eos-comp-044\\\/#breadcrumb\"},\"inLanguage\":\"es\",\"potentialAction\":[{\"@type\":\"ReadAction\",\"target\":[\"https:\\\/\\\/glicerio-chaves.com\\\/es\\\/cosmo-by-eos-comp-044\\\/\"]}]},{\"@type\":\"ImageObject\",\"inLanguage\":\"es\",\"@id\":\"https:\\\/\\\/glicerio-chaves.com\\\/es\\\/cosmo-by-eos-comp-044\\\/#primaryimage\",\"url\":\"https:\\\/\\\/glicerio-chaves.com\\\/wp-content\\\/uploads\\\/2020\\\/08\\\/Abatible-1.jpg\",\"contentUrl\":\"https:\\\/\\\/glicerio-chaves.com\\\/wp-content\\\/uploads\\\/2020\\\/08\\\/Abatible-1.jpg\",\"width\":1772,\"height\":1109},{\"@type\":\"BreadcrumbList\",\"@id\":\"https:\\\/\\\/glicerio-chaves.com\\\/es\\\/cosmo-by-eos-comp-044\\\/#breadcrumb\",\"itemListElement\":[{\"@type\":\"ListItem\",\"position\":1,\"name\":\"Portada\",\"item\":\"https:\\\/\\\/glicerio-chaves.com\\\/es\\\/\"},{\"@type\":\"ListItem\",\"position\":2,\"name\":\"Productos\",\"item\":\"https:\\\/\\\/glicerio-chaves.com\\\/es\\\/shop\\\/\"},{\"@type\":\"ListItem\",\"position\":3,\"name\":\"Cosmo by EOS. 044 &#8211; ABATIBLE\"}]},{\"@type\":\"WebSite\",\"@id\":\"https:\\\/\\\/glicerio-chaves.com\\\/es\\\/#website\",\"url\":\"https:\\\/\\\/glicerio-chaves.com\\\/es\\\/\",\"name\":\"Glicerio Chaves\",\"description\":\"Glicerio Chaves Hornero es una empresa dedicada a la fabricaci\u00f3n de muebles, especializada en dormitorios juveniles y de matrimonio modernos.\",\"publisher\":{\"@id\":\"https:\\\/\\\/glicerio-chaves.com\\\/es\\\/#organization\"},\"potentialAction\":[{\"@type\":\"SearchAction\",\"target\":{\"@type\":\"EntryPoint\",\"urlTemplate\":\"https:\\\/\\\/glicerio-chaves.com\\\/es\\\/?s={search_term_string}\"},\"query-input\":{\"@type\":\"PropertyValueSpecification\",\"valueRequired\":true,\"valueName\":\"search_term_string\"}}],\"inLanguage\":\"es\"},{\"@type\":\"Organization\",\"@id\":\"https:\\\/\\\/glicerio-chaves.com\\\/es\\\/#organization\",\"name\":\"Glicerio-Chaves\",\"url\":\"https:\\\/\\\/glicerio-chaves.com\\\/es\\\/\",\"logo\":{\"@type\":\"ImageObject\",\"inLanguage\":\"es\",\"@id\":\"https:\\\/\\\/glicerio-chaves.com\\\/es\\\/#\\\/schema\\\/logo\\\/image\\\/\",\"url\":\"https:\\\/\\\/glicerio-chaves.com\\\/wp-content\\\/uploads\\\/2020\\\/12\\\/logo.png\",\"contentUrl\":\"https:\\\/\\\/glicerio-chaves.com\\\/wp-content\\\/uploads\\\/2020\\\/12\\\/logo.png\",\"width\":185,\"height\":90,\"caption\":\"Glicerio-Chaves\"},\"image\":{\"@id\":\"https:\\\/\\\/glicerio-chaves.com\\\/es\\\/#\\\/schema\\\/logo\\\/image\\\/\"}}]}<\/script>\n<!-- \/ Yoast SEO plugin. -->","yoast_head_json":{"title":"Cosmo by EOS. 044 - ABATIBLE - Glicerio Chaves","description":"Las camas abatibles denuestra colecci\u00f3n Cosmote proponen un universoordenado y arm\u00f3nico,para aprovechar elespacio al m\u00e1ximo.","robots":{"index":"index","follow":"follow","max-snippet":"max-snippet:-1","max-image-preview":"max-image-preview:large","max-video-preview":"max-video-preview:-1"},"canonical":"https:\/\/glicerio-chaves.com\/es\/cosmo-by-eos-comp-044\/","og_locale":"es_ES","og_type":"article","og_title":"Cosmo by EOS. 044 - ABATIBLE - Glicerio Chaves","og_description":"Las camas abatibles denuestra colecci\u00f3n Cosmote proponen un universoordenado y arm\u00f3nico,para aprovechar elespacio al m\u00e1ximo.","og_url":"https:\/\/glicerio-chaves.com\/es\/cosmo-by-eos-comp-044\/","og_site_name":"Glicerio Chaves","article_modified_time":"2020-12-30T11:59:40+00:00","og_image":[{"width":1772,"height":1109,"url":"https:\/\/glicerio-chaves.com\/wp-content\/uploads\/2020\/08\/Abatible-1.jpg","type":"image\/jpeg"}],"twitter_card":"summary_large_image","schema":{"@context":"https:\/\/schema.org","@graph":[{"@type":"WebPage","@id":"https:\/\/glicerio-chaves.com\/es\/cosmo-by-eos-comp-044\/","url":"https:\/\/glicerio-chaves.com\/es\/cosmo-by-eos-comp-044\/","name":"Cosmo by EOS. 044 - ABATIBLE - Glicerio Chaves","isPartOf":{"@id":"https:\/\/glicerio-chaves.com\/es\/#website"},"primaryImageOfPage":{"@id":"https:\/\/glicerio-chaves.com\/es\/cosmo-by-eos-comp-044\/#primaryimage"},"image":{"@id":"https:\/\/glicerio-chaves.com\/es\/cosmo-by-eos-comp-044\/#primaryimage"},"thumbnailUrl":"https:\/\/glicerio-chaves.com\/wp-content\/uploads\/2020\/08\/Abatible-1.jpg","datePublished":"2020-08-13T16:18:21+00:00","dateModified":"2020-12-30T11:59:40+00:00","description":"Las camas abatibles denuestra colecci\u00f3n Cosmote proponen un universoordenado y arm\u00f3nico,para aprovechar elespacio al m\u00e1ximo.","breadcrumb":{"@id":"https:\/\/glicerio-chaves.com\/es\/cosmo-by-eos-comp-044\/#breadcrumb"},"inLanguage":"es","potentialAction":[{"@type":"ReadAction","target":["https:\/\/glicerio-chaves.com\/es\/cosmo-by-eos-comp-044\/"]}]},{"@type":"ImageObject","inLanguage":"es","@id":"https:\/\/glicerio-chaves.com\/es\/cosmo-by-eos-comp-044\/#primaryimage","url":"https:\/\/glicerio-chaves.com\/wp-content\/uploads\/2020\/08\/Abatible-1.jpg","contentUrl":"https:\/\/glicerio-chaves.com\/wp-content\/uploads\/2020\/08\/Abatible-1.jpg","width":1772,"height":1109},{"@type":"BreadcrumbList","@id":"https:\/\/glicerio-chaves.com\/es\/cosmo-by-eos-comp-044\/#breadcrumb","itemListElement":[{"@type":"ListItem","position":1,"name":"Portada","item":"https:\/\/glicerio-chaves.com\/es\/"},{"@type":"ListItem","position":2,"name":"Productos","item":"https:\/\/glicerio-chaves.com\/es\/shop\/"},{"@type":"ListItem","position":3,"name":"Cosmo by EOS. 044 &#8211; ABATIBLE"}]},{"@type":"WebSite","@id":"https:\/\/glicerio-chaves.com\/es\/#website","url":"https:\/\/glicerio-chaves.com\/es\/","name":"Glicerio Chaves","description":"Glicerio Chaves Hornero es una empresa dedicada a la fabricaci\u00f3n de muebles, especializada en dormitorios juveniles y de matrimonio modernos.","publisher":{"@id":"https:\/\/glicerio-chaves.com\/es\/#organization"},"potentialAction":[{"@type":"SearchAction","target":{"@type":"EntryPoint","urlTemplate":"https:\/\/glicerio-chaves.com\/es\/?s={search_term_string}"},"query-input":{"@type":"PropertyValueSpecification","valueRequired":true,"valueName":"search_term_string"}}],"inLanguage":"es"},{"@type":"Organization","@id":"https:\/\/glicerio-chaves.com\/es\/#organization","name":"Glicerio-Chaves","url":"https:\/\/glicerio-chaves.com\/es\/","logo":{"@type":"ImageObject","inLanguage":"es","@id":"https:\/\/glicerio-chaves.com\/es\/#\/schema\/logo\/image\/","url":"https:\/\/glicerio-chaves.com\/wp-content\/uploads\/2020\/12\/logo.png","contentUrl":"https:\/\/glicerio-chaves.com\/wp-content\/uploads\/2020\/12\/logo.png","width":185,"height":90,"caption":"Glicerio-Chaves"},"image":{"@id":"https:\/\/glicerio-chaves.com\/es\/#\/schema\/logo\/image\/"}}]}},"_links":{"self":[{"href":"https:\/\/glicerio-chaves.com\/es\/wp-json\/wp\/v2\/product\/16966","targetHints":{"allow":["GET"]}}],"collection":[{"href":"https:\/\/glicerio-chaves.com\/es\/wp-json\/wp\/v2\/product"}],"about":[{"href":"https:\/\/glicerio-chaves.com\/es\/wp-json\/wp\/v2\/types\/product"}],"version-history":[{"count":4,"href":"https:\/\/glicerio-chaves.com\/es\/wp-json\/wp\/v2\/product\/16966\/revisions"}],"predecessor-version":[{"id":18537,"href":"https:\/\/glicerio-chaves.com\/es\/wp-json\/wp\/v2\/product\/16966\/revisions\/18537"}],"wp:featuredmedia":[{"embeddable":true,"href":"https:\/\/glicerio-chaves.com\/es\/wp-json\/wp\/v2\/media\/16967"}],"wp:attachment":[{"href":"https:\/\/glicerio-chaves.com\/es\/wp-json\/wp\/v2\/media?parent=16966"}],"wp:term":[{"taxonomy":"product_brand","embeddable":true,"href":"https:\/\/glicerio-chaves.com\/es\/wp-json\/wp\/v2\/product_brand?post=16966"},{"taxonomy":"product_cat","embeddable":true,"href":"https:\/\/glicerio-chaves.com\/es\/wp-json\/wp\/v2\/product_cat?post=16966"},{"taxonomy":"product_tag","embeddable":true,"href":"https:\/\/glicerio-chaves.com\/es\/wp-json\/wp\/v2\/product_tag?post=16966"}],"curies":[{"name":"wp","href":"https:\/\/api.w.org\/{rel}","templated":true}]}}