{"id":5793,"date":"2018-03-15T15:06:26","date_gmt":"2018-03-15T15:06:26","guid":{"rendered":"https:\/\/glicerio-chaves.com\/politica-de-calidad-y-medio-ambiente\/"},"modified":"2018-03-15T15:06:26","modified_gmt":"2018-03-15T15:06:26","slug":"politica-de-calidad-y-medio-ambiente","status":"publish","type":"page","link":"https:\/\/glicerio-chaves.com\/es\/politica-de-calidad-y-medio-ambiente\/","title":{"rendered":"Pol\u00edtica de calidad y medio ambiente"},"content":{"rendered":"<p><strong>GLICERIO CHAVES HORNERO<\/strong> es una empresa dedicada al \u201c<strong>dise\u00f1o, fabricaci\u00f3n, comercializaci\u00f3n y distribuci\u00f3n de muebles de melamina al por mayo<\/strong>r\u201d especializada en dormitorios juveniles y matrimonio moderno, fundada a principios de los a\u00f1os 80, que desde sus inicios ha estado preocupada por la calidad ofreciendo la mejor atenci\u00f3n al cliente posible, mediante dise\u00f1os vanguardistas, utilizando materia prima de calidad, cuid\u00e1ndola durante la fabricaci\u00f3n, mediante el uso de tecnolog\u00eda puntera, y realizando sus actividades con el m\u00e1ximo respeto al medio ambiente.<\/p>\n<p>En nuestro af\u00e1n por lograr una mayor calidad en nuestros productos, as\u00ed como un mayor respeto y cuidado del medio ambiente, hemos implantado un sistema integrado de gesti\u00f3n de calidad (ISO 9001:2015) y medio ambiente (ISO 14001:2015), ligado a los siguientes compromisos:<\/p>\n<ul class=\"rteindent1\">\n<li type=\"circle\">Asegurar la satisfacci\u00f3n de nuestros clientes bas\u00e1ndonos en un trato siempre personalizado y mediante el asesoramiento adecuado al cliente.<\/li>\n<li type=\"circle\">Mejorar de forma continua la calidad de nuestros productos y servicios, as\u00ed como nuestra actitud frente a los impactos ambientales de nuestras actividades, productos y servicios y la eficacia del sistema integrado de gesti\u00f3n implantado.<\/li>\n<li type=\"circle\">Cumplir con los requisitos del cliente, as\u00ed como con legales y reglamentarios que afecten a las actividades desarrolladas por la empresa, y otros requisitos que la organizaci\u00f3n suscriba relacionados con sus aspectos ambientales.<\/li>\n<li type=\"circle\">Potenciar la motivaci\u00f3n de nuestros empleados por medio de la comunicaci\u00f3n interna y la formaci\u00f3n, ya que la base fundamental de GLICERIO CHAVES HORNERO reside en su personal y a nuestra experiencia en el sector.<\/li>\n<li type=\"circle\">Utilizar de la manera m\u00e1s eficiente los recursos naturales y las materias primas, intentando minimizar la generaci\u00f3n de residuos, siguiendo el principio de protecci\u00f3n del medio ambiente y prevenci\u00f3n de la contaminaci\u00f3n ambiental.<\/li>\n<\/ul>\n<p><\/p>\n<p>Esta pol\u00edtica es el marco de referencia para el establecimiento de los objetivos de calidad y medio ambiente de la empresa. Adem\u00e1s, es comunicada y entendida dentro de la organizaci\u00f3n, as\u00ed como a todas las personas que trabajan en nombre de la organizaci\u00f3n y se encuentra a disponible para las partes interesadas.<\/p>\n","protected":false},"excerpt":{"rendered":"<p>GLICERIO CHAVES HORNERO es una empresa dedicada al \u201cdise\u00f1o, fabricaci\u00f3n, comercializaci\u00f3n y distribuci\u00f3n de muebles de melamina al por mayor\u201d especializada en dormitorios juveniles y matrimonio moderno, fundada a principios de los a\u00f1os 80, que desde sus inicios ha estado preocupada por la calidad ofreciendo la mejor atenci\u00f3n al cliente posible, mediante dise\u00f1os vanguardistas, utilizando &hellip; <\/p>\n<p class=\"link-more\"><a href=\"https:\/\/glicerio-chaves.com\/es\/politica-de-calidad-y-medio-ambiente\/\" class=\"more-link\">Leer m\u00e1s <span class=\"screen-reader-text\"> \u00abPol\u00edtica de calidad y medio ambiente\u00bb<\/span> <\/a><\/p>\n","protected":false},"author":1,"featured_media":0,"parent":0,"menu_order":0,"comment_status":"closed","ping_status":"closed","template":"","meta":{"footnotes":""},"class_list":["post-5793","page","type-page","status-publish","hentry"],"yoast_head":"<!-- This site is optimized with the Yoast SEO plugin v27.3 - https:\/\/yoast.com\/product\/yoast-seo-wordpress\/ -->\n<title>Pol\u00edtica de calidad y medio ambiente - Glicerio Chaves<\/title>\n<meta name=\"robots\" content=\"index, follow, max-snippet:-1, max-image-preview:large, max-video-preview:-1\" \/>\n<link rel=\"canonical\" href=\"https:\/\/glicerio-chaves.com\/es\/politica-de-calidad-y-medio-ambiente\/\" \/>\n<meta property=\"og:locale\" content=\"es_ES\" \/>\n<meta property=\"og:type\" content=\"article\" \/>\n<meta property=\"og:title\" content=\"Pol\u00edtica de calidad y medio ambiente - Glicerio Chaves\" \/>\n<meta property=\"og:description\" content=\"GLICERIO CHAVES HORNERO es una empresa dedicada al \u201cdise\u00f1o, fabricaci\u00f3n, comercializaci\u00f3n y distribuci\u00f3n de muebles de melamina al por mayor\u201d especializada en dormitorios juveniles y matrimonio moderno, fundada a principios de los a\u00f1os 80, que desde sus inicios ha estado preocupada por la calidad ofreciendo la mejor atenci\u00f3n al cliente posible, mediante dise\u00f1os vanguardistas, utilizando &hellip; Leer m\u00e1s &quot;Pol\u00edtica de calidad y medio ambiente&quot;\" \/>\n<meta property=\"og:url\" content=\"https:\/\/glicerio-chaves.com\/es\/politica-de-calidad-y-medio-ambiente\/\" \/>\n<meta property=\"og:site_name\" content=\"Glicerio Chaves\" \/>\n<meta name=\"twitter:card\" content=\"summary_large_image\" \/>\n<meta name=\"twitter:label1\" content=\"Tiempo de lectura\" \/>\n\t<meta name=\"twitter:data1\" content=\"2 minutos\" \/>\n<script type=\"application\/ld+json\" class=\"yoast-schema-graph\">{\"@context\":\"https:\\\/\\\/schema.org\",\"@graph\":[{\"@type\":\"WebPage\",\"@id\":\"https:\\\/\\\/glicerio-chaves.com\\\/es\\\/politica-de-calidad-y-medio-ambiente\\\/\",\"url\":\"https:\\\/\\\/glicerio-chaves.com\\\/es\\\/politica-de-calidad-y-medio-ambiente\\\/\",\"name\":\"Pol\u00edtica de calidad y medio ambiente - Glicerio Chaves\",\"isPartOf\":{\"@id\":\"https:\\\/\\\/glicerio-chaves.com\\\/es\\\/#website\"},\"datePublished\":\"2018-03-15T15:06:26+00:00\",\"breadcrumb\":{\"@id\":\"https:\\\/\\\/glicerio-chaves.com\\\/es\\\/politica-de-calidad-y-medio-ambiente\\\/#breadcrumb\"},\"inLanguage\":\"es\",\"potentialAction\":[{\"@type\":\"ReadAction\",\"target\":[\"https:\\\/\\\/glicerio-chaves.com\\\/es\\\/politica-de-calidad-y-medio-ambiente\\\/\"]}]},{\"@type\":\"BreadcrumbList\",\"@id\":\"https:\\\/\\\/glicerio-chaves.com\\\/es\\\/politica-de-calidad-y-medio-ambiente\\\/#breadcrumb\",\"itemListElement\":[{\"@type\":\"ListItem\",\"position\":1,\"name\":\"Portada\",\"item\":\"https:\\\/\\\/glicerio-chaves.com\\\/es\\\/\"},{\"@type\":\"ListItem\",\"position\":2,\"name\":\"Pol\u00edtica de calidad y medio ambiente\"}]},{\"@type\":\"WebSite\",\"@id\":\"https:\\\/\\\/glicerio-chaves.com\\\/es\\\/#website\",\"url\":\"https:\\\/\\\/glicerio-chaves.com\\\/es\\\/\",\"name\":\"Glicerio Chaves\",\"description\":\"Glicerio Chaves Hornero es una empresa dedicada a la fabricaci\u00f3n de muebles, especializada en dormitorios juveniles y de matrimonio modernos.\",\"publisher\":{\"@id\":\"https:\\\/\\\/glicerio-chaves.com\\\/es\\\/#organization\"},\"potentialAction\":[{\"@type\":\"SearchAction\",\"target\":{\"@type\":\"EntryPoint\",\"urlTemplate\":\"https:\\\/\\\/glicerio-chaves.com\\\/es\\\/?s={search_term_string}\"},\"query-input\":{\"@type\":\"PropertyValueSpecification\",\"valueRequired\":true,\"valueName\":\"search_term_string\"}}],\"inLanguage\":\"es\"},{\"@type\":\"Organization\",\"@id\":\"https:\\\/\\\/glicerio-chaves.com\\\/es\\\/#organization\",\"name\":\"Glicerio-Chaves\",\"url\":\"https:\\\/\\\/glicerio-chaves.com\\\/es\\\/\",\"logo\":{\"@type\":\"ImageObject\",\"inLanguage\":\"es\",\"@id\":\"https:\\\/\\\/glicerio-chaves.com\\\/es\\\/#\\\/schema\\\/logo\\\/image\\\/\",\"url\":\"https:\\\/\\\/glicerio-chaves.com\\\/wp-content\\\/uploads\\\/2020\\\/12\\\/logo.png\",\"contentUrl\":\"https:\\\/\\\/glicerio-chaves.com\\\/wp-content\\\/uploads\\\/2020\\\/12\\\/logo.png\",\"width\":185,\"height\":90,\"caption\":\"Glicerio-Chaves\"},\"image\":{\"@id\":\"https:\\\/\\\/glicerio-chaves.com\\\/es\\\/#\\\/schema\\\/logo\\\/image\\\/\"}}]}<\/script>\n<!-- \/ Yoast SEO plugin. -->","yoast_head_json":{"title":"Pol\u00edtica de calidad y medio ambiente - Glicerio Chaves","robots":{"index":"index","follow":"follow","max-snippet":"max-snippet:-1","max-image-preview":"max-image-preview:large","max-video-preview":"max-video-preview:-1"},"canonical":"https:\/\/glicerio-chaves.com\/es\/politica-de-calidad-y-medio-ambiente\/","og_locale":"es_ES","og_type":"article","og_title":"Pol\u00edtica de calidad y medio ambiente - Glicerio Chaves","og_description":"GLICERIO CHAVES HORNERO es una empresa dedicada al \u201cdise\u00f1o, fabricaci\u00f3n, comercializaci\u00f3n y distribuci\u00f3n de muebles de melamina al por mayor\u201d especializada en dormitorios juveniles y matrimonio moderno, fundada a principios de los a\u00f1os 80, que desde sus inicios ha estado preocupada por la calidad ofreciendo la mejor atenci\u00f3n al cliente posible, mediante dise\u00f1os vanguardistas, utilizando &hellip; Leer m\u00e1s \"Pol\u00edtica de calidad y medio ambiente\"","og_url":"https:\/\/glicerio-chaves.com\/es\/politica-de-calidad-y-medio-ambiente\/","og_site_name":"Glicerio Chaves","twitter_card":"summary_large_image","twitter_misc":{"Tiempo de lectura":"2 minutos"},"schema":{"@context":"https:\/\/schema.org","@graph":[{"@type":"WebPage","@id":"https:\/\/glicerio-chaves.com\/es\/politica-de-calidad-y-medio-ambiente\/","url":"https:\/\/glicerio-chaves.com\/es\/politica-de-calidad-y-medio-ambiente\/","name":"Pol\u00edtica de calidad y medio ambiente - Glicerio Chaves","isPartOf":{"@id":"https:\/\/glicerio-chaves.com\/es\/#website"},"datePublished":"2018-03-15T15:06:26+00:00","breadcrumb":{"@id":"https:\/\/glicerio-chaves.com\/es\/politica-de-calidad-y-medio-ambiente\/#breadcrumb"},"inLanguage":"es","potentialAction":[{"@type":"ReadAction","target":["https:\/\/glicerio-chaves.com\/es\/politica-de-calidad-y-medio-ambiente\/"]}]},{"@type":"BreadcrumbList","@id":"https:\/\/glicerio-chaves.com\/es\/politica-de-calidad-y-medio-ambiente\/#breadcrumb","itemListElement":[{"@type":"ListItem","position":1,"name":"Portada","item":"https:\/\/glicerio-chaves.com\/es\/"},{"@type":"ListItem","position":2,"name":"Pol\u00edtica de calidad y medio ambiente"}]},{"@type":"WebSite","@id":"https:\/\/glicerio-chaves.com\/es\/#website","url":"https:\/\/glicerio-chaves.com\/es\/","name":"Glicerio Chaves","description":"Glicerio Chaves Hornero es una empresa dedicada a la fabricaci\u00f3n de muebles, especializada en dormitorios juveniles y de matrimonio modernos.","publisher":{"@id":"https:\/\/glicerio-chaves.com\/es\/#organization"},"potentialAction":[{"@type":"SearchAction","target":{"@type":"EntryPoint","urlTemplate":"https:\/\/glicerio-chaves.com\/es\/?s={search_term_string}"},"query-input":{"@type":"PropertyValueSpecification","valueRequired":true,"valueName":"search_term_string"}}],"inLanguage":"es"},{"@type":"Organization","@id":"https:\/\/glicerio-chaves.com\/es\/#organization","name":"Glicerio-Chaves","url":"https:\/\/glicerio-chaves.com\/es\/","logo":{"@type":"ImageObject","inLanguage":"es","@id":"https:\/\/glicerio-chaves.com\/es\/#\/schema\/logo\/image\/","url":"https:\/\/glicerio-chaves.com\/wp-content\/uploads\/2020\/12\/logo.png","contentUrl":"https:\/\/glicerio-chaves.com\/wp-content\/uploads\/2020\/12\/logo.png","width":185,"height":90,"caption":"Glicerio-Chaves"},"image":{"@id":"https:\/\/glicerio-chaves.com\/es\/#\/schema\/logo\/image\/"}}]}},"_links":{"self":[{"href":"https:\/\/glicerio-chaves.com\/es\/wp-json\/wp\/v2\/pages\/5793","targetHints":{"allow":["GET"]}}],"collection":[{"href":"https:\/\/glicerio-chaves.com\/es\/wp-json\/wp\/v2\/pages"}],"about":[{"href":"https:\/\/glicerio-chaves.com\/es\/wp-json\/wp\/v2\/types\/page"}],"author":[{"embeddable":true,"href":"https:\/\/glicerio-chaves.com\/es\/wp-json\/wp\/v2\/users\/1"}],"replies":[{"embeddable":true,"href":"https:\/\/glicerio-chaves.com\/es\/wp-json\/wp\/v2\/comments?post=5793"}],"version-history":[{"count":0,"href":"https:\/\/glicerio-chaves.com\/es\/wp-json\/wp\/v2\/pages\/5793\/revisions"}],"wp:attachment":[{"href":"https:\/\/glicerio-chaves.com\/es\/wp-json\/wp\/v2\/media?parent=5793"}],"curies":[{"name":"wp","href":"https:\/\/api.w.org\/{rel}","templated":true}]}}