{"id":5782,"date":"2016-06-01T16:20:49","date_gmt":"2016-06-01T16:20:49","guid":{"rendered":"https:\/\/glicerio-chaves.com\/aviso-legal\/"},"modified":"2024-11-13T11:08:20","modified_gmt":"2024-11-13T11:08:20","slug":"aviso-legal","status":"publish","type":"page","link":"https:\/\/glicerio-chaves.com\/es\/aviso-legal\/","title":{"rendered":"Aviso legal"},"content":{"rendered":"<p><strong>Titular<\/strong><\/p>\n<p>Glicerio Chaves Horneros, S.L. (En adelante titular del sitio Web) con C.I.F. B13038096 tiene su domicilio social en la carretera Bola\u00f1os-Almagro km. 2 c\u00f3digo postal 13260 de la localidad de Bola\u00f1os de Calatrava (Ciudad Real), siendo titular del dominio www.glicerio-chaves.com. La sociedad est\u00e1 inscrita en el Registro Mercantil de Ciudad Real, tomo 159 general 47 de la secci\u00f3n 2\u00ba del Libro de Sociedades, folio 111, hoja n\u00ba 787, inscripci\u00f3n 1\u00ba.<\/p>\n<p><strong>Contacto:<\/strong><\/p>\n<p>Tel\u00e9fono: +34 926882187,<br \/>\nfax: +34 926261232<br \/>\ne-mail: <span style=\"text-decoration: underline;\">comercial@glicerio-chaves.com<\/span><\/p>\n<p><strong>Contacto Delegado de Protecci\u00f3n de Datos:<\/strong><\/p>\n<p><span style=\"color: #3366ff;\"><a style=\"text-decoration: underline; color: #3366ff;\"><strong><a style=\"color: #3366ff; text-decoration: underline;\" href=\"mailto:lopd@glicerio-chaves.com\" target=\"_blank\" rel=\"noopener\">lopd@glicerio-chaves.com<\/a><\/strong><\/a><\/span><\/p>\n<p><strong>Objeto<\/strong><\/p>\n<p>Estas son las condiciones generales y en su caso particulares que regulan el acceso y uso del sitio Web.<\/p>\n<p>El presente sitio Web est\u00e1 dise\u00f1ado para dar a conocer y poner a disposici\u00f3n del p\u00fablico (en adelante el usuario) que acceda al dominio www.glicerio-chaves.com (en adelante sitio Web) informaci\u00f3n, datos, productos y servicios (en adelante contenidos).<\/p>\n<p>&nbsp;<\/p>\n<p><strong>Acceso<\/strong><\/p>\n<p>La persona que accede a este sitio Web adquiere la condici\u00f3n de Usuario del mismo. Esto implica el conocimiento y la aceptaci\u00f3n de las condiciones generales y en su caso, condiciones particulares que regulan su acceso y uso. Recomendamos el acceso peri\u00f3dico a las condiciones de utilizaci\u00f3n para conocer los cambios, modificaciones y actualizaciones que puedan producirse.<\/p>\n<p>El sitio Web comprende textos, gr\u00e1ficos, im\u00e1genes, videos, sonidos, dibujos, fotograf\u00edas y software incluidos en el mismo, ya sean susceptibles o no de propiedad intelectual.<\/p>\n<p>El acceso al sitio Web es gratuito, sin previa autorizaci\u00f3n, suscripci\u00f3n o registro, salvo para los contenidos y servicios espec\u00edficos en los que la suscripci\u00f3n o el registro del Usuario sea necesario y as\u00ed se determine en las condiciones generales o particulares.<\/p>\n<p>El servicio prestado es por tiempo indefinido. El sitio Web se compromete a mantener la calidad y la exactitud de los contenidos y uso en la medida de sus posibilidades. No obstante, esto no implica obligaci\u00f3n alguna sobre la calidad, exactitud de los contenidos y velocidad del acceso por parte del titular del sitio Web. El titular se reserva el derecho a modificar o actualizar las condiciones de acceso o suspender el acceso al sitio Web, o parte del sitio Web sin previo aviso.<\/p>\n<p>Los Usuarios que accedan se comprometen en todo momento a no acceder al sitio Web y a los contenidos de forma contraria a la establecida y\/o con fines il\u00edcitos, lesivos de derechos y libertades de terceros, o que puedan da\u00f1ar, deteriorar, saturar o ralentizar el sitio Web, en perjuicio del titular del sitio Web o de terceros usuarios.<\/p>\n<p><strong>Accesos menores de edad<\/strong><\/p>\n<p>El presente sitio Web est\u00e1 dedicado de forma exclusiva a personas mayores de edad, se el usuario es menor de edad, no debe acceder a este sitio Web. No est\u00e1 permitido, el acceso, registro, navegaci\u00f3n, utilizaci\u00f3n, alojamiento, descarga de materiales y en general el uso de los servicios del sitio Web por parte de menores de edad. El usuario, mediante el registro de su edad, manifiesta responsablemente y garantiza que tiene al menos 18 a\u00f1os.<\/p>\n<p><strong>Propiedad intelectual<\/strong><\/p>\n<p>El titular del sitio Web es titular de los derechos de propiedad industrial e intelectual, as\u00ed como de los contenidos que alberga. A t\u00edtulo meramente enunciativo, se entender\u00e1n incluidas las informaciones, mensajes, gr\u00e1ficos, archivos de sonido e imagen, fotograf\u00edas, grabaciones, programas de ordenador, bases de datos, tecnolog\u00eda know-how, marcas, signos distintivos, logos y en general cualquier clase de creaci\u00f3n o material accesible que sea de su propiedad, as\u00ed como del propio sitio Web.<\/p>\n<p>En el sitio Web tambi\u00e9n pueden ser accesibles contenidos, servicios e informaci\u00f3n, propiedad de terceros, cuyos derechos se encuentran igualmente protegidos por la legislaci\u00f3n vigente en materia de propiedad industrial e intelectual.<\/p>\n<p><strong>Contenidos<\/strong><\/p>\n<p>El acceso a los contenidos por parte del Usuario ser\u00e1 bajo su total responsabilidad no pudiendo repercutir al titular cualquier consecuencia negativa derivada directa o indirectamente del acceso, ya sean de \u00e1mbito f\u00edsico, l\u00f3gico, moral o personal.<\/p>\n<p>Los contenidos tienen como finalidad informar y dar a conocer las actividades, productos y servicios prestados.<\/p>\n<p>El titular del sitio Web podr\u00e1 modificar los contenidos, as\u00ed como suprimir y cambiar \u00e9stos dentro del sitio Web, como la forma en que se accede, con el fin de mejorar la calidad de los mismos o corregir errores e intentando en todo momento minimizar las consecuencias negativas que estos cambios puedan provocar a los Usuarios.<\/p>\n<p>Cualquier uso del sitio Web o de sus contenidos deber\u00e1 tener un car\u00e1cter exclusivamente particular. Est\u00e1 reservado al titular del sitio Web cualquier otro uso que suponga la copia, reproducci\u00f3n, distribuci\u00f3n, transformaci\u00f3n, comunicaci\u00f3n p\u00fablica o cualquier otra acci\u00f3n similar de todo o parte de los contenidos del sitio Web, as\u00ed como del mismo, por lo que ning\u00fan Usuario podr\u00e1 llevar a cabo estas acciones para otros fines sin la autorizaci\u00f3n previa y por escrito del titular del sitio Web.<\/p>\n<p>No esta permitido el uso de los contenidos para promocionar, contratar o divulgar publicidad o informaci\u00f3n propia o de terceras personas sin la autorizaci\u00f3n del titular del sitio Web ni remitir publicidad o informaci\u00f3n vali\u00e9ndose para ello de los servicios o informaci\u00f3n que se ponen a disposici\u00f3n de los Usuarios, independientemente de si la utilizaci\u00f3n es gratuita o no.<\/p>\n<p>Los enlaces o hiperenlaces que incorporen terceros en sus p\u00e1ginas Web, dirigidos a este sitio Web, ser\u00e1n para la apertura del sitio Web completo y desde la p\u00e1gina de inicio (home), no pudiendo manifestar, directa o indirectamente, indicaciones falsas, inexactas o confusas, ni incurrir en acciones desleales o il\u00edcitas en contra del titular del sitio Web.<\/p>\n<p>El titular del sitio Web ejerce mecanismos de control sobre la calidad de los enlaces (links) que se incorporen al sitio Web, no obstante, no puede responsabilizarse de la fiabilidad y rapidez de los mismos, no garantiza la utilidad de estos enlaces, ni de los contenidos o servicios a los que pueda acceder el Usuario por medio de estos enlaces, ni del buen funcionamiento de sitios Web de terceros.<\/p>\n<p><strong>Jurisdicci\u00f3n<\/strong><\/p>\n<p>Para cualquier controversia que pudiera surgir por la utilizaci\u00f3n del sitio Web o de los contenidos sujetos a estas condiciones, las partes se someten a los Juzgados y Tribunales competentes.<\/p>\n","protected":false},"excerpt":{"rendered":"<p>Titular Glicerio Chaves Horneros, S.L. (En adelante titular del sitio Web) con C.I.F. B13038096 tiene su domicilio social en la carretera Bola\u00f1os-Almagro km. 2 c\u00f3digo postal 13260 de la localidad de Bola\u00f1os de Calatrava (Ciudad Real), siendo titular del dominio www.glicerio-chaves.com. La sociedad est\u00e1 inscrita en el Registro Mercantil de Ciudad Real, tomo 159 general &hellip; <\/p>\n<p class=\"link-more\"><a href=\"https:\/\/glicerio-chaves.com\/es\/aviso-legal\/\" class=\"more-link\">Leer m\u00e1s <span class=\"screen-reader-text\"> \u00abAviso legal\u00bb<\/span> <\/a><\/p>\n","protected":false},"author":1,"featured_media":0,"parent":0,"menu_order":0,"comment_status":"closed","ping_status":"closed","template":"","meta":{"footnotes":""},"class_list":["post-5782","page","type-page","status-publish","hentry"],"yoast_head":"<!-- This site is optimized with the Yoast SEO plugin v27.3 - https:\/\/yoast.com\/product\/yoast-seo-wordpress\/ -->\n<title>Aviso legal - Glicerio Chaves<\/title>\n<meta name=\"robots\" content=\"index, follow, max-snippet:-1, max-image-preview:large, max-video-preview:-1\" \/>\n<link rel=\"canonical\" href=\"https:\/\/glicerio-chaves.com\/es\/aviso-legal\/\" \/>\n<meta property=\"og:locale\" content=\"es_ES\" \/>\n<meta property=\"og:type\" content=\"article\" \/>\n<meta property=\"og:title\" content=\"Aviso legal - Glicerio Chaves\" \/>\n<meta property=\"og:description\" content=\"Titular Glicerio Chaves Horneros, S.L. (En adelante titular del sitio Web) con C.I.F. B13038096 tiene su domicilio social en la carretera Bola\u00f1os-Almagro km. 2 c\u00f3digo postal 13260 de la localidad de Bola\u00f1os de Calatrava (Ciudad Real), siendo titular del dominio www.glicerio-chaves.com. La sociedad est\u00e1 inscrita en el Registro Mercantil de Ciudad Real, tomo 159 general &hellip; Leer m\u00e1s &quot;Aviso legal&quot;\" \/>\n<meta property=\"og:url\" content=\"https:\/\/glicerio-chaves.com\/es\/aviso-legal\/\" \/>\n<meta property=\"og:site_name\" content=\"Glicerio Chaves\" \/>\n<meta property=\"article:modified_time\" content=\"2024-11-13T11:08:20+00:00\" \/>\n<meta name=\"twitter:card\" content=\"summary_large_image\" \/>\n<meta name=\"twitter:label1\" content=\"Tiempo de lectura\" \/>\n\t<meta name=\"twitter:data1\" content=\"5 minutos\" \/>\n<script type=\"application\/ld+json\" class=\"yoast-schema-graph\">{\"@context\":\"https:\\\/\\\/schema.org\",\"@graph\":[{\"@type\":\"WebPage\",\"@id\":\"https:\\\/\\\/glicerio-chaves.com\\\/es\\\/aviso-legal\\\/\",\"url\":\"https:\\\/\\\/glicerio-chaves.com\\\/es\\\/aviso-legal\\\/\",\"name\":\"Aviso legal - Glicerio Chaves\",\"isPartOf\":{\"@id\":\"https:\\\/\\\/glicerio-chaves.com\\\/es\\\/#website\"},\"datePublished\":\"2016-06-01T16:20:49+00:00\",\"dateModified\":\"2024-11-13T11:08:20+00:00\",\"breadcrumb\":{\"@id\":\"https:\\\/\\\/glicerio-chaves.com\\\/es\\\/aviso-legal\\\/#breadcrumb\"},\"inLanguage\":\"es\",\"potentialAction\":[{\"@type\":\"ReadAction\",\"target\":[\"https:\\\/\\\/glicerio-chaves.com\\\/es\\\/aviso-legal\\\/\"]}]},{\"@type\":\"BreadcrumbList\",\"@id\":\"https:\\\/\\\/glicerio-chaves.com\\\/es\\\/aviso-legal\\\/#breadcrumb\",\"itemListElement\":[{\"@type\":\"ListItem\",\"position\":1,\"name\":\"Portada\",\"item\":\"https:\\\/\\\/glicerio-chaves.com\\\/es\\\/\"},{\"@type\":\"ListItem\",\"position\":2,\"name\":\"Aviso legal\"}]},{\"@type\":\"WebSite\",\"@id\":\"https:\\\/\\\/glicerio-chaves.com\\\/es\\\/#website\",\"url\":\"https:\\\/\\\/glicerio-chaves.com\\\/es\\\/\",\"name\":\"Glicerio Chaves\",\"description\":\"Glicerio Chaves Hornero es una empresa dedicada a la fabricaci\u00f3n de muebles, especializada en dormitorios juveniles y de matrimonio modernos.\",\"publisher\":{\"@id\":\"https:\\\/\\\/glicerio-chaves.com\\\/es\\\/#organization\"},\"potentialAction\":[{\"@type\":\"SearchAction\",\"target\":{\"@type\":\"EntryPoint\",\"urlTemplate\":\"https:\\\/\\\/glicerio-chaves.com\\\/es\\\/?s={search_term_string}\"},\"query-input\":{\"@type\":\"PropertyValueSpecification\",\"valueRequired\":true,\"valueName\":\"search_term_string\"}}],\"inLanguage\":\"es\"},{\"@type\":\"Organization\",\"@id\":\"https:\\\/\\\/glicerio-chaves.com\\\/es\\\/#organization\",\"name\":\"Glicerio-Chaves\",\"url\":\"https:\\\/\\\/glicerio-chaves.com\\\/es\\\/\",\"logo\":{\"@type\":\"ImageObject\",\"inLanguage\":\"es\",\"@id\":\"https:\\\/\\\/glicerio-chaves.com\\\/es\\\/#\\\/schema\\\/logo\\\/image\\\/\",\"url\":\"https:\\\/\\\/glicerio-chaves.com\\\/wp-content\\\/uploads\\\/2020\\\/12\\\/logo.png\",\"contentUrl\":\"https:\\\/\\\/glicerio-chaves.com\\\/wp-content\\\/uploads\\\/2020\\\/12\\\/logo.png\",\"width\":185,\"height\":90,\"caption\":\"Glicerio-Chaves\"},\"image\":{\"@id\":\"https:\\\/\\\/glicerio-chaves.com\\\/es\\\/#\\\/schema\\\/logo\\\/image\\\/\"}}]}<\/script>\n<!-- \/ Yoast SEO plugin. -->","yoast_head_json":{"title":"Aviso legal - Glicerio Chaves","robots":{"index":"index","follow":"follow","max-snippet":"max-snippet:-1","max-image-preview":"max-image-preview:large","max-video-preview":"max-video-preview:-1"},"canonical":"https:\/\/glicerio-chaves.com\/es\/aviso-legal\/","og_locale":"es_ES","og_type":"article","og_title":"Aviso legal - Glicerio Chaves","og_description":"Titular Glicerio Chaves Horneros, S.L. (En adelante titular del sitio Web) con C.I.F. B13038096 tiene su domicilio social en la carretera Bola\u00f1os-Almagro km. 2 c\u00f3digo postal 13260 de la localidad de Bola\u00f1os de Calatrava (Ciudad Real), siendo titular del dominio www.glicerio-chaves.com. La sociedad est\u00e1 inscrita en el Registro Mercantil de Ciudad Real, tomo 159 general &hellip; Leer m\u00e1s \"Aviso legal\"","og_url":"https:\/\/glicerio-chaves.com\/es\/aviso-legal\/","og_site_name":"Glicerio Chaves","article_modified_time":"2024-11-13T11:08:20+00:00","twitter_card":"summary_large_image","twitter_misc":{"Tiempo de lectura":"5 minutos"},"schema":{"@context":"https:\/\/schema.org","@graph":[{"@type":"WebPage","@id":"https:\/\/glicerio-chaves.com\/es\/aviso-legal\/","url":"https:\/\/glicerio-chaves.com\/es\/aviso-legal\/","name":"Aviso legal - Glicerio Chaves","isPartOf":{"@id":"https:\/\/glicerio-chaves.com\/es\/#website"},"datePublished":"2016-06-01T16:20:49+00:00","dateModified":"2024-11-13T11:08:20+00:00","breadcrumb":{"@id":"https:\/\/glicerio-chaves.com\/es\/aviso-legal\/#breadcrumb"},"inLanguage":"es","potentialAction":[{"@type":"ReadAction","target":["https:\/\/glicerio-chaves.com\/es\/aviso-legal\/"]}]},{"@type":"BreadcrumbList","@id":"https:\/\/glicerio-chaves.com\/es\/aviso-legal\/#breadcrumb","itemListElement":[{"@type":"ListItem","position":1,"name":"Portada","item":"https:\/\/glicerio-chaves.com\/es\/"},{"@type":"ListItem","position":2,"name":"Aviso legal"}]},{"@type":"WebSite","@id":"https:\/\/glicerio-chaves.com\/es\/#website","url":"https:\/\/glicerio-chaves.com\/es\/","name":"Glicerio Chaves","description":"Glicerio Chaves Hornero es una empresa dedicada a la fabricaci\u00f3n de muebles, especializada en dormitorios juveniles y de matrimonio modernos.","publisher":{"@id":"https:\/\/glicerio-chaves.com\/es\/#organization"},"potentialAction":[{"@type":"SearchAction","target":{"@type":"EntryPoint","urlTemplate":"https:\/\/glicerio-chaves.com\/es\/?s={search_term_string}"},"query-input":{"@type":"PropertyValueSpecification","valueRequired":true,"valueName":"search_term_string"}}],"inLanguage":"es"},{"@type":"Organization","@id":"https:\/\/glicerio-chaves.com\/es\/#organization","name":"Glicerio-Chaves","url":"https:\/\/glicerio-chaves.com\/es\/","logo":{"@type":"ImageObject","inLanguage":"es","@id":"https:\/\/glicerio-chaves.com\/es\/#\/schema\/logo\/image\/","url":"https:\/\/glicerio-chaves.com\/wp-content\/uploads\/2020\/12\/logo.png","contentUrl":"https:\/\/glicerio-chaves.com\/wp-content\/uploads\/2020\/12\/logo.png","width":185,"height":90,"caption":"Glicerio-Chaves"},"image":{"@id":"https:\/\/glicerio-chaves.com\/es\/#\/schema\/logo\/image\/"}}]}},"_links":{"self":[{"href":"https:\/\/glicerio-chaves.com\/es\/wp-json\/wp\/v2\/pages\/5782","targetHints":{"allow":["GET"]}}],"collection":[{"href":"https:\/\/glicerio-chaves.com\/es\/wp-json\/wp\/v2\/pages"}],"about":[{"href":"https:\/\/glicerio-chaves.com\/es\/wp-json\/wp\/v2\/types\/page"}],"author":[{"embeddable":true,"href":"https:\/\/glicerio-chaves.com\/es\/wp-json\/wp\/v2\/users\/1"}],"replies":[{"embeddable":true,"href":"https:\/\/glicerio-chaves.com\/es\/wp-json\/wp\/v2\/comments?post=5782"}],"version-history":[{"count":7,"href":"https:\/\/glicerio-chaves.com\/es\/wp-json\/wp\/v2\/pages\/5782\/revisions"}],"predecessor-version":[{"id":27725,"href":"https:\/\/glicerio-chaves.com\/es\/wp-json\/wp\/v2\/pages\/5782\/revisions\/27725"}],"wp:attachment":[{"href":"https:\/\/glicerio-chaves.com\/es\/wp-json\/wp\/v2\/media?parent=5782"}],"curies":[{"name":"wp","href":"https:\/\/api.w.org\/{rel}","templated":true}]}}