{"id":21651,"date":"2021-03-31T13:33:11","date_gmt":"2021-03-31T13:33:11","guid":{"rendered":"https:\/\/glicerio-chaves.com\/?page_id=21651"},"modified":"2021-03-31T13:33:11","modified_gmt":"2021-03-31T13:33:11","slug":"dormitorios-de-matrimonio-modelo-elba-cosmo-by-eos","status":"publish","type":"page","link":"https:\/\/glicerio-chaves.com\/es\/dormitorios-de-matrimonio-modelo-elba-cosmo-by-eos\/","title":{"rendered":"Dormitorios de matrimonio: Modelo ELBA Cosmo by EOS"},"content":{"rendered":"<p style=\"text-align: justify;\">La colecci\u00f3n Cosmo by EOS te propone un universo ordenado y arm\u00f3nico, innovador, donde el orden y la perfecta coordinaci\u00f3n son los protagonistas absolutos. Dentro de la colecci\u00f3n, el modelo ELBA lo presentamos combinando en Habana o blanco lacado, los tonos y texturas te dan posibilidades infinitas.<\/p>\n<p style=\"text-align: justify;\">En este modelo concreto, hemos optado por dotar de una mayor presencia a la cama, ampliando los espacios libres. La combinaci\u00f3n de los tonos, con una predominancia del blanco lacado, como color central, adornado con el tono Habana en los exteriores, concede a este dormitorio de matrimonio una sencillez y elegancia magn\u00edfica. Un dormitorio pr\u00e1ctico para vivirlo con comodidad, pero donde la innovaci\u00f3n de su dise\u00f1o lo convierten en una opci\u00f3n de lujo.<\/p>\n","protected":false},"excerpt":{"rendered":"<p>La colecci\u00f3n Cosmo by EOS te propone un universo ordenado y arm\u00f3nico, innovador, donde el orden y la perfecta coordinaci\u00f3n son los protagonistas absolutos. Dentro de la colecci\u00f3n, el modelo ELBA lo presentamos combinando en Habana o blanco lacado, los tonos y texturas te dan posibilidades infinitas. En este modelo concreto, hemos optado por dotar &hellip; <\/p>\n<p class=\"link-more\"><a href=\"https:\/\/glicerio-chaves.com\/es\/dormitorios-de-matrimonio-modelo-elba-cosmo-by-eos\/\" class=\"more-link\">Leer m\u00e1s <span class=\"screen-reader-text\"> \u00abDormitorios de matrimonio: Modelo ELBA Cosmo by EOS\u00bb<\/span> <\/a><\/p>\n","protected":false},"author":1,"featured_media":0,"parent":0,"menu_order":0,"comment_status":"closed","ping_status":"closed","template":"","meta":{"footnotes":""},"class_list":["post-21651","page","type-page","status-publish","hentry"],"yoast_head":"<!-- This site is optimized with the Yoast SEO plugin v27.3 - https:\/\/yoast.com\/product\/yoast-seo-wordpress\/ -->\n<title>Dormitorios de matrimonio: Modelo ELBA Cosmo by EOS - Glicerio Chaves<\/title>\n<meta name=\"robots\" content=\"index, follow, max-snippet:-1, max-image-preview:large, max-video-preview:-1\" \/>\n<link rel=\"canonical\" href=\"https:\/\/glicerio-chaves.com\/es\/dormitorios-de-matrimonio-modelo-elba-cosmo-by-eos\/\" \/>\n<meta property=\"og:locale\" content=\"es_ES\" \/>\n<meta property=\"og:type\" content=\"article\" \/>\n<meta property=\"og:title\" content=\"Dormitorios de matrimonio: Modelo ELBA Cosmo by EOS - Glicerio Chaves\" \/>\n<meta property=\"og:description\" content=\"La colecci\u00f3n Cosmo by EOS te propone un universo ordenado y arm\u00f3nico, innovador, donde el orden y la perfecta coordinaci\u00f3n son los protagonistas absolutos. Dentro de la colecci\u00f3n, el modelo ELBA lo presentamos combinando en Habana o blanco lacado, los tonos y texturas te dan posibilidades infinitas. En este modelo concreto, hemos optado por dotar &hellip; Leer m\u00e1s &quot;Dormitorios de matrimonio: Modelo ELBA Cosmo by EOS&quot;\" \/>\n<meta property=\"og:url\" content=\"https:\/\/glicerio-chaves.com\/es\/dormitorios-de-matrimonio-modelo-elba-cosmo-by-eos\/\" \/>\n<meta property=\"og:site_name\" content=\"Glicerio Chaves\" \/>\n<meta name=\"twitter:card\" content=\"summary_large_image\" \/>\n<meta name=\"twitter:label1\" content=\"Tiempo de lectura\" \/>\n\t<meta name=\"twitter:data1\" content=\"1 minuto\" \/>\n<script type=\"application\/ld+json\" class=\"yoast-schema-graph\">{\"@context\":\"https:\\\/\\\/schema.org\",\"@graph\":[{\"@type\":\"WebPage\",\"@id\":\"https:\\\/\\\/glicerio-chaves.com\\\/es\\\/dormitorios-de-matrimonio-modelo-elba-cosmo-by-eos\\\/\",\"url\":\"https:\\\/\\\/glicerio-chaves.com\\\/es\\\/dormitorios-de-matrimonio-modelo-elba-cosmo-by-eos\\\/\",\"name\":\"Dormitorios de matrimonio: Modelo ELBA Cosmo by EOS - Glicerio Chaves\",\"isPartOf\":{\"@id\":\"https:\\\/\\\/glicerio-chaves.com\\\/es\\\/#website\"},\"datePublished\":\"2021-03-31T13:33:11+00:00\",\"breadcrumb\":{\"@id\":\"https:\\\/\\\/glicerio-chaves.com\\\/es\\\/dormitorios-de-matrimonio-modelo-elba-cosmo-by-eos\\\/#breadcrumb\"},\"inLanguage\":\"es\",\"potentialAction\":[{\"@type\":\"ReadAction\",\"target\":[\"https:\\\/\\\/glicerio-chaves.com\\\/es\\\/dormitorios-de-matrimonio-modelo-elba-cosmo-by-eos\\\/\"]}]},{\"@type\":\"BreadcrumbList\",\"@id\":\"https:\\\/\\\/glicerio-chaves.com\\\/es\\\/dormitorios-de-matrimonio-modelo-elba-cosmo-by-eos\\\/#breadcrumb\",\"itemListElement\":[{\"@type\":\"ListItem\",\"position\":1,\"name\":\"Portada\",\"item\":\"https:\\\/\\\/glicerio-chaves.com\\\/es\\\/\"},{\"@type\":\"ListItem\",\"position\":2,\"name\":\"Dormitorios de matrimonio: Modelo ELBA Cosmo by EOS\"}]},{\"@type\":\"WebSite\",\"@id\":\"https:\\\/\\\/glicerio-chaves.com\\\/es\\\/#website\",\"url\":\"https:\\\/\\\/glicerio-chaves.com\\\/es\\\/\",\"name\":\"Glicerio Chaves\",\"description\":\"Glicerio Chaves Hornero es una empresa dedicada a la fabricaci\u00f3n de muebles, especializada en dormitorios juveniles y de matrimonio modernos.\",\"publisher\":{\"@id\":\"https:\\\/\\\/glicerio-chaves.com\\\/es\\\/#organization\"},\"potentialAction\":[{\"@type\":\"SearchAction\",\"target\":{\"@type\":\"EntryPoint\",\"urlTemplate\":\"https:\\\/\\\/glicerio-chaves.com\\\/es\\\/?s={search_term_string}\"},\"query-input\":{\"@type\":\"PropertyValueSpecification\",\"valueRequired\":true,\"valueName\":\"search_term_string\"}}],\"inLanguage\":\"es\"},{\"@type\":\"Organization\",\"@id\":\"https:\\\/\\\/glicerio-chaves.com\\\/es\\\/#organization\",\"name\":\"Glicerio-Chaves\",\"url\":\"https:\\\/\\\/glicerio-chaves.com\\\/es\\\/\",\"logo\":{\"@type\":\"ImageObject\",\"inLanguage\":\"es\",\"@id\":\"https:\\\/\\\/glicerio-chaves.com\\\/es\\\/#\\\/schema\\\/logo\\\/image\\\/\",\"url\":\"https:\\\/\\\/glicerio-chaves.com\\\/wp-content\\\/uploads\\\/2020\\\/12\\\/logo.png\",\"contentUrl\":\"https:\\\/\\\/glicerio-chaves.com\\\/wp-content\\\/uploads\\\/2020\\\/12\\\/logo.png\",\"width\":185,\"height\":90,\"caption\":\"Glicerio-Chaves\"},\"image\":{\"@id\":\"https:\\\/\\\/glicerio-chaves.com\\\/es\\\/#\\\/schema\\\/logo\\\/image\\\/\"}}]}<\/script>\n<!-- \/ Yoast SEO plugin. -->","yoast_head_json":{"title":"Dormitorios de matrimonio: Modelo ELBA Cosmo by EOS - Glicerio Chaves","robots":{"index":"index","follow":"follow","max-snippet":"max-snippet:-1","max-image-preview":"max-image-preview:large","max-video-preview":"max-video-preview:-1"},"canonical":"https:\/\/glicerio-chaves.com\/es\/dormitorios-de-matrimonio-modelo-elba-cosmo-by-eos\/","og_locale":"es_ES","og_type":"article","og_title":"Dormitorios de matrimonio: Modelo ELBA Cosmo by EOS - Glicerio Chaves","og_description":"La colecci\u00f3n Cosmo by EOS te propone un universo ordenado y arm\u00f3nico, innovador, donde el orden y la perfecta coordinaci\u00f3n son los protagonistas absolutos. Dentro de la colecci\u00f3n, el modelo ELBA lo presentamos combinando en Habana o blanco lacado, los tonos y texturas te dan posibilidades infinitas. En este modelo concreto, hemos optado por dotar &hellip; Leer m\u00e1s \"Dormitorios de matrimonio: Modelo ELBA Cosmo by EOS\"","og_url":"https:\/\/glicerio-chaves.com\/es\/dormitorios-de-matrimonio-modelo-elba-cosmo-by-eos\/","og_site_name":"Glicerio Chaves","twitter_card":"summary_large_image","twitter_misc":{"Tiempo de lectura":"1 minuto"},"schema":{"@context":"https:\/\/schema.org","@graph":[{"@type":"WebPage","@id":"https:\/\/glicerio-chaves.com\/es\/dormitorios-de-matrimonio-modelo-elba-cosmo-by-eos\/","url":"https:\/\/glicerio-chaves.com\/es\/dormitorios-de-matrimonio-modelo-elba-cosmo-by-eos\/","name":"Dormitorios de matrimonio: Modelo ELBA Cosmo by EOS - Glicerio Chaves","isPartOf":{"@id":"https:\/\/glicerio-chaves.com\/es\/#website"},"datePublished":"2021-03-31T13:33:11+00:00","breadcrumb":{"@id":"https:\/\/glicerio-chaves.com\/es\/dormitorios-de-matrimonio-modelo-elba-cosmo-by-eos\/#breadcrumb"},"inLanguage":"es","potentialAction":[{"@type":"ReadAction","target":["https:\/\/glicerio-chaves.com\/es\/dormitorios-de-matrimonio-modelo-elba-cosmo-by-eos\/"]}]},{"@type":"BreadcrumbList","@id":"https:\/\/glicerio-chaves.com\/es\/dormitorios-de-matrimonio-modelo-elba-cosmo-by-eos\/#breadcrumb","itemListElement":[{"@type":"ListItem","position":1,"name":"Portada","item":"https:\/\/glicerio-chaves.com\/es\/"},{"@type":"ListItem","position":2,"name":"Dormitorios de matrimonio: Modelo ELBA Cosmo by EOS"}]},{"@type":"WebSite","@id":"https:\/\/glicerio-chaves.com\/es\/#website","url":"https:\/\/glicerio-chaves.com\/es\/","name":"Glicerio Chaves","description":"Glicerio Chaves Hornero es una empresa dedicada a la fabricaci\u00f3n de muebles, especializada en dormitorios juveniles y de matrimonio modernos.","publisher":{"@id":"https:\/\/glicerio-chaves.com\/es\/#organization"},"potentialAction":[{"@type":"SearchAction","target":{"@type":"EntryPoint","urlTemplate":"https:\/\/glicerio-chaves.com\/es\/?s={search_term_string}"},"query-input":{"@type":"PropertyValueSpecification","valueRequired":true,"valueName":"search_term_string"}}],"inLanguage":"es"},{"@type":"Organization","@id":"https:\/\/glicerio-chaves.com\/es\/#organization","name":"Glicerio-Chaves","url":"https:\/\/glicerio-chaves.com\/es\/","logo":{"@type":"ImageObject","inLanguage":"es","@id":"https:\/\/glicerio-chaves.com\/es\/#\/schema\/logo\/image\/","url":"https:\/\/glicerio-chaves.com\/wp-content\/uploads\/2020\/12\/logo.png","contentUrl":"https:\/\/glicerio-chaves.com\/wp-content\/uploads\/2020\/12\/logo.png","width":185,"height":90,"caption":"Glicerio-Chaves"},"image":{"@id":"https:\/\/glicerio-chaves.com\/es\/#\/schema\/logo\/image\/"}}]}},"_links":{"self":[{"href":"https:\/\/glicerio-chaves.com\/es\/wp-json\/wp\/v2\/pages\/21651","targetHints":{"allow":["GET"]}}],"collection":[{"href":"https:\/\/glicerio-chaves.com\/es\/wp-json\/wp\/v2\/pages"}],"about":[{"href":"https:\/\/glicerio-chaves.com\/es\/wp-json\/wp\/v2\/types\/page"}],"author":[{"embeddable":true,"href":"https:\/\/glicerio-chaves.com\/es\/wp-json\/wp\/v2\/users\/1"}],"replies":[{"embeddable":true,"href":"https:\/\/glicerio-chaves.com\/es\/wp-json\/wp\/v2\/comments?post=21651"}],"version-history":[{"count":1,"href":"https:\/\/glicerio-chaves.com\/es\/wp-json\/wp\/v2\/pages\/21651\/revisions"}],"predecessor-version":[{"id":21652,"href":"https:\/\/glicerio-chaves.com\/es\/wp-json\/wp\/v2\/pages\/21651\/revisions\/21652"}],"wp:attachment":[{"href":"https:\/\/glicerio-chaves.com\/es\/wp-json\/wp\/v2\/media?parent=21651"}],"curies":[{"name":"wp","href":"https:\/\/api.w.org\/{rel}","templated":true}]}}