{"id":21599,"date":"2021-02-05T11:33:31","date_gmt":"2021-02-05T11:33:31","guid":{"rendered":"https:\/\/glicerio-chaves.com\/?page_id=21599"},"modified":"2025-01-16T10:27:14","modified_gmt":"2025-01-16T10:27:14","slug":"politica-de-privacidad","status":"publish","type":"page","link":"https:\/\/glicerio-chaves.com\/es\/politica-de-privacidad\/","title":{"rendered":"Pol\u00edtica de privacidad"},"content":{"rendered":"<p>Los datos de car\u00e1cter personal que usted nos conf\u00eda son muy importantes para nosotros. Por este motivo deseamos informarle acerca de c\u00f3mo tratamos sus datos personales.<\/p>\n<p><strong>\u00bfQui\u00e9n es el Responsable del Tratamiento?<\/strong><br \/>\n<strong>GLICERIO CHAVES HORNEROS, S.L. <\/strong><br \/>\n<strong>CTRA. ALMAGRO-BOLA\u00d1OS, 2<\/strong><br \/>\n<strong>13260 BOLA\u00d1OS DE CALATRAVA (Ciudad Real)<\/strong><br \/>\n<strong>Tf.: 926 882187 <\/strong><br \/>\n<strong><a href=\"mailto:comercial@glicerio-chaves.com\">comercial@glicerio-chaves.com<\/a><\/strong><br \/>\n<strong>Delegado Protecci\u00f3n de Datos: <a href=\"mailto:lopd@glicerio-chaves.com\" target=\"_blank\" rel=\"noopener\">lopd@glicerio-chaves.com<\/a><\/strong><br \/>\n<strong><a href=\"https:\/\/www.glicerio-chaves.com\/\">https:\/\/www.glicerio-chaves.com\/<\/a><\/strong><\/p>\n<p><strong>\u00bfPara qu\u00e9 finalidades tratamos sus datos?<\/strong><\/p>\n<ul>\n<li style=\"list-style-type: none;\">\n<ul>\n<li>Atender las solicitudes o cualquier tipo de petici\u00f3n o consulta que nos requiera el usuario a trav\u00e9s de cualquiera de las formas de contacto que se ponen a su disposici\u00f3n. Remitirle informaci\u00f3n o documentaci\u00f3n solicitada. En cualquier caso, las finalidades ser\u00e1n las relacionadas con el medio de comunicaci\u00f3n utilizado y la solicitud realizada.<\/li>\n<li>Para el efectivo cumplimiento de los productos o servicios contratados.<\/li>\n<li>Remitir informaci\u00f3n comercial sobre servicios de su inter\u00e9s y relacionados con nuestra actividad siempre que el usuario consienta y hasta que el mismo revoque el consentimiento dado.<\/li>\n<li>Para dar cumplimento a las obligaciones legales que nos afectan.<\/li>\n<li>Para gestionar en su caso la suscripci\u00f3n a newsletter, blog, etc.<\/li>\n<li>En el caso de Curriculums recibidos para proceder a la selecci\u00f3n de candidatos para cubrir puestos de trabajo. La consecuencia de la obtenci\u00f3n de los datos personales comunicados ser\u00e1 la participaci\u00f3n en los procesos de selecci\u00f3n para cubrir puestos de trabajo.<\/li>\n<\/ul>\n<\/li>\n<\/ul>\n<p><strong>\u00bfComo utilizamos las Redes Sociales?<\/strong><\/p>\n<p>Podemos utilizar las redes sociales como medio de comunicaci\u00f3n y promoci\u00f3n de nuestros productos y servicios. En ning\u00fan caso utilizamos los datos para fines no permitidos. No nos hacemos responsables de los contenidos, comentarios, opiniones o informaciones, propias o de terceros, que los usuarios publiquen en nuestras cuentas creadas en Facebook, Twitter, etc. Puede utilizar nuestros contenidos para fines l\u00edcitos, siempre y cuando haga menci\u00f3n de su origen o autor. Tenga en cuenta que la utilizaci\u00f3n de las redes sociales est\u00e1 condicionada a las pol\u00edticas de privacidad de cada una de ellas.<\/p>\n<p><strong>\u00bfQu\u00e9 plazos o criterios seguimos para la conservaci\u00f3n de los datos?<\/strong><\/p>\n<p>Los datos proporcionados ser\u00e1n conservados durante el tiempo necesario para el cumplimiento de las finalidades para la cual se recogieron o no se solicite su supresi\u00f3n por parte del interesado y durante el tiempo necesario para el cumplimiento de las obligaciones legales y se mantenga la relaci\u00f3n suscrita.<\/p>\n<p>En el caso de curriculums recibidos estos ser\u00e1n guardados para futuros procesos de selecci\u00f3n de puestos que se ajusten al perfil profesional del candidato, salvo que se manifieste su deseo de que sus datos no sean conservados para esta \u00faltima finalidad en cuyo caso se proceder\u00e1 a eliminarlos de acuerdo con su solicitud.<\/p>\n<p><strong>\u00bfCu\u00e1l es la legitimaci\u00f3n del tratamiento de sus datos?<\/strong><\/p>\n<p>Usamos sus datos de conformidad con la normativa de protecci\u00f3n de datos espa\u00f1ola y europea y de acuerdo con las siguientes bases jur\u00eddicas:<\/p>\n<ul>\n<li style=\"list-style-type: none;\">\n<ul>\n<li>Usted ha manifestado su consentimiento al tratamiento de sus datos de car\u00e1cter personal. Este consentimiento puede ser retirado en cualquier momento.<\/li>\n<li>El tratamiento de sus datos es necesario para el cumplimiento de una obligaci\u00f3n legal.<\/li>\n<li>El tratamiento de sus datos es necesario para la prestaci\u00f3n de un servicio o producto contratado.<\/li>\n<li>El tratamiento de sus datos es debido a un inter\u00e9s leg\u00edtimo siempre y cuando no prevalezcan los derechos o libertades del titular de los datos.<\/li>\n<\/ul>\n<\/li>\n<\/ul>\n<p><strong>\u00bfEs obligatorio facilitarnos sus datos personales?<\/strong><\/p>\n<p>Le informamos del car\u00e1cter voluntario en la recogida de sus datos y que su no respuesta no conlleva consecuencia negativa alguna, salvo los datos considerados como imprescindibles (por ejemplo, mediante un asterisco en los formularios de alta, de clientes, contacto o solicitud de suscripci\u00f3n a newsletters) sin los cuales no podremos darle el servicio o la informaci\u00f3n solicitada. Mientras no manifieste lo contrario entendemos que usted presta su consentimiento al tratamiento de los mismos y est\u00e1n actualizados.<\/p>\n<p>Con la finalidad de poder ofrecer el mejor servicio, esta empresa necesita que los datos proporcionados se ajusten a la realidad y est\u00e9n actualizados. En el caso de menores de edad, ser\u00e1 necesaria la autorizaci\u00f3n previa de los padres o representantes legales para poder realizar el tratamiento de los datos personales.<\/p>\n<p><strong>\u00bfA qui\u00e9n comunicamos sus datos?<\/strong><\/p>\n<p>No est\u00e1n previstas comunicaciones salvo obligaci\u00f3n legal o necesarias para la prestaci\u00f3n del servicio y\/o productos solicitados.<\/p>\n<p><strong>\u00bfQu\u00e9 seguridad empleamos en el tratamiento de sus datos? <\/strong><\/p>\n<p>Los datos personales que nos proporciona de los que usted es titular, persona autorizada o representante legal son incorporados a nuestras bases de datos de gesti\u00f3n. En el momento de registrar estos datos, nos hacemos responsables de los mismos y en consecuencia aplicamos todos los medios a nuestro alcance para tratarlos con la m\u00e1xima confidencialidad, de forma l\u00edcita, leal, transparente, adecuada y limitada, establecemos las medidas necesarias para evitar su p\u00e9rdida, mal uso, alteraci\u00f3n o acceso no autorizado.<\/p>\n<p>Los servidores del sitio web podr\u00e1n detectar de manera autom\u00e1tica la direcci\u00f3n IP y el nombre de dominio utilizados por el usuario. Una direcci\u00f3n IP es un n\u00famero asignado autom\u00e1ticamente a un ordenador cuando este se conecta a Internet. Toda esta informaci\u00f3n es registrada en un fichero de actividad del servidor que permite el posterior procesamiento de los datos con el fin de obtener mediciones \u00fanicamente estad\u00edsticas que permitan conocer el n\u00famero de impresiones de p\u00e1ginas, el n\u00famero de visitas realizadas a los servidores web, el orden de visitas, el punto de acceso, etc.<\/p>\n<p><strong>\u00bfQu\u00e9 derechos disponen los titulares de los datos?<\/strong><\/p>\n<p>En todo momento puede solicitar de manera gratuita, confirmaci\u00f3n sobre si esta empresa est\u00e1 tratando datos personales que le conciernen o no.<\/p>\n<p>Puede acceder a sus datos personales, puede solicitar la rectificaci\u00f3n de datos inexactos o incompletos y solicitar su supresi\u00f3n cuando estos, entre otros motivos, ya no sean necesarios para los fines que fueron recogidos, puede solicitar su portabilidad, puede solicitar la limitaci\u00f3n al tratamiento de los mismos, en cuyo caso \u00fanicamente los conservaremos para el ejercicio o la defensa de reclamaciones.<\/p>\n<p>En determinadas circunstancias y por motivos relacionados con su situaci\u00f3n particular, los interesados podr\u00e1n oponerse al tratamiento de sus datos. Esta empresa dejar\u00e1 de tratar los datos, salvo por motivos leg\u00edtimos imperiosos o el ejercicio de posibles reclamaciones. \u00a0Tambi\u00e9n podr\u00e1 impugnar decisiones individuales automatizas en su caso. Para efectuar el ejercicio de sus derechos puede enviar una carta a la direcci\u00f3n de contacto que figura en el sitio web, o email a la direcci\u00f3n <strong><a href=\"mailto:lopd@glicerio-chaves.com\" target=\"_blank\" rel=\"noopener\">lopd@glicerio-chaves.com<\/a><\/strong>, adjuntando fotocopia de su DNI o documento identificativo v\u00e1lido y detalles de la solicitud del derecho que desea ejercer.<\/p>\n<p>Puede solicitar m\u00e1s informaci\u00f3n o realizar una reclamaci\u00f3n, si considera que sus derechos no han sido atendidos debidamente ante la Agencia Espa\u00f1ola de Protecci\u00f3n de Datos (aepd.es). Tambi\u00e9n puede retirar el consentimiento en cualquier momento, sin que se vea afectada la licitud del tratamiento previo a su retirada.<\/p>\n","protected":false},"excerpt":{"rendered":"<p>Los datos de car\u00e1cter personal que usted nos conf\u00eda son muy importantes para nosotros. Por este motivo deseamos informarle acerca de c\u00f3mo tratamos sus datos personales. \u00bfQui\u00e9n es el Responsable del Tratamiento? GLICERIO CHAVES HORNEROS, S.L. CTRA. ALMAGRO-BOLA\u00d1OS, 2 13260 BOLA\u00d1OS DE CALATRAVA (Ciudad Real) Tf.: 926 882187 comercial@glicerio-chaves.com Delegado Protecci\u00f3n de Datos: lopd@glicerio-chaves.com https:\/\/www.glicerio-chaves.com\/ &hellip; <\/p>\n<p class=\"link-more\"><a href=\"https:\/\/glicerio-chaves.com\/es\/politica-de-privacidad\/\" class=\"more-link\">Leer m\u00e1s <span class=\"screen-reader-text\"> \u00abPol\u00edtica de privacidad\u00bb<\/span> <\/a><\/p>\n","protected":false},"author":1,"featured_media":0,"parent":0,"menu_order":0,"comment_status":"closed","ping_status":"closed","template":"","meta":{"footnotes":""},"class_list":["post-21599","page","type-page","status-publish","hentry"],"yoast_head":"<!-- This site is optimized with the Yoast SEO plugin v27.3 - https:\/\/yoast.com\/product\/yoast-seo-wordpress\/ -->\n<title>Pol\u00edtica de privacidad - Glicerio Chaves<\/title>\n<meta name=\"robots\" content=\"index, follow, max-snippet:-1, max-image-preview:large, max-video-preview:-1\" \/>\n<link rel=\"canonical\" href=\"https:\/\/glicerio-chaves.com\/es\/politica-de-privacidad\/\" \/>\n<meta property=\"og:locale\" content=\"es_ES\" \/>\n<meta property=\"og:type\" content=\"article\" \/>\n<meta property=\"og:title\" content=\"Pol\u00edtica de privacidad - Glicerio Chaves\" \/>\n<meta property=\"og:description\" content=\"Los datos de car\u00e1cter personal que usted nos conf\u00eda son muy importantes para nosotros. Por este motivo deseamos informarle acerca de c\u00f3mo tratamos sus datos personales. \u00bfQui\u00e9n es el Responsable del Tratamiento? GLICERIO CHAVES HORNEROS, S.L. CTRA. ALMAGRO-BOLA\u00d1OS, 2 13260 BOLA\u00d1OS DE CALATRAVA (Ciudad Real) Tf.: 926 882187 comercial@glicerio-chaves.com Delegado Protecci\u00f3n de Datos: lopd@glicerio-chaves.com https:\/\/www.glicerio-chaves.com\/ &hellip; Leer m\u00e1s &quot;Pol\u00edtica de privacidad&quot;\" \/>\n<meta property=\"og:url\" content=\"https:\/\/glicerio-chaves.com\/es\/politica-de-privacidad\/\" \/>\n<meta property=\"og:site_name\" content=\"Glicerio Chaves\" \/>\n<meta property=\"article:modified_time\" content=\"2025-01-16T10:27:14+00:00\" \/>\n<meta name=\"twitter:card\" content=\"summary_large_image\" \/>\n<meta name=\"twitter:label1\" content=\"Tiempo de lectura\" \/>\n\t<meta name=\"twitter:data1\" content=\"6 minutos\" \/>\n<script type=\"application\/ld+json\" class=\"yoast-schema-graph\">{\"@context\":\"https:\\\/\\\/schema.org\",\"@graph\":[{\"@type\":\"WebPage\",\"@id\":\"https:\\\/\\\/glicerio-chaves.com\\\/es\\\/politica-de-privacidad\\\/\",\"url\":\"https:\\\/\\\/glicerio-chaves.com\\\/es\\\/politica-de-privacidad\\\/\",\"name\":\"Pol\u00edtica de privacidad - Glicerio Chaves\",\"isPartOf\":{\"@id\":\"https:\\\/\\\/glicerio-chaves.com\\\/es\\\/#website\"},\"datePublished\":\"2021-02-05T11:33:31+00:00\",\"dateModified\":\"2025-01-16T10:27:14+00:00\",\"breadcrumb\":{\"@id\":\"https:\\\/\\\/glicerio-chaves.com\\\/es\\\/politica-de-privacidad\\\/#breadcrumb\"},\"inLanguage\":\"es\",\"potentialAction\":[{\"@type\":\"ReadAction\",\"target\":[\"https:\\\/\\\/glicerio-chaves.com\\\/es\\\/politica-de-privacidad\\\/\"]}]},{\"@type\":\"BreadcrumbList\",\"@id\":\"https:\\\/\\\/glicerio-chaves.com\\\/es\\\/politica-de-privacidad\\\/#breadcrumb\",\"itemListElement\":[{\"@type\":\"ListItem\",\"position\":1,\"name\":\"Portada\",\"item\":\"https:\\\/\\\/glicerio-chaves.com\\\/es\\\/\"},{\"@type\":\"ListItem\",\"position\":2,\"name\":\"Pol\u00edtica de privacidad\"}]},{\"@type\":\"WebSite\",\"@id\":\"https:\\\/\\\/glicerio-chaves.com\\\/es\\\/#website\",\"url\":\"https:\\\/\\\/glicerio-chaves.com\\\/es\\\/\",\"name\":\"Glicerio Chaves\",\"description\":\"Glicerio Chaves Hornero es una empresa dedicada a la fabricaci\u00f3n de muebles, especializada en dormitorios juveniles y de matrimonio modernos.\",\"publisher\":{\"@id\":\"https:\\\/\\\/glicerio-chaves.com\\\/es\\\/#organization\"},\"potentialAction\":[{\"@type\":\"SearchAction\",\"target\":{\"@type\":\"EntryPoint\",\"urlTemplate\":\"https:\\\/\\\/glicerio-chaves.com\\\/es\\\/?s={search_term_string}\"},\"query-input\":{\"@type\":\"PropertyValueSpecification\",\"valueRequired\":true,\"valueName\":\"search_term_string\"}}],\"inLanguage\":\"es\"},{\"@type\":\"Organization\",\"@id\":\"https:\\\/\\\/glicerio-chaves.com\\\/es\\\/#organization\",\"name\":\"Glicerio-Chaves\",\"url\":\"https:\\\/\\\/glicerio-chaves.com\\\/es\\\/\",\"logo\":{\"@type\":\"ImageObject\",\"inLanguage\":\"es\",\"@id\":\"https:\\\/\\\/glicerio-chaves.com\\\/es\\\/#\\\/schema\\\/logo\\\/image\\\/\",\"url\":\"https:\\\/\\\/glicerio-chaves.com\\\/wp-content\\\/uploads\\\/2020\\\/12\\\/logo.png\",\"contentUrl\":\"https:\\\/\\\/glicerio-chaves.com\\\/wp-content\\\/uploads\\\/2020\\\/12\\\/logo.png\",\"width\":185,\"height\":90,\"caption\":\"Glicerio-Chaves\"},\"image\":{\"@id\":\"https:\\\/\\\/glicerio-chaves.com\\\/es\\\/#\\\/schema\\\/logo\\\/image\\\/\"}}]}<\/script>\n<!-- \/ Yoast SEO plugin. -->","yoast_head_json":{"title":"Pol\u00edtica de privacidad - Glicerio Chaves","robots":{"index":"index","follow":"follow","max-snippet":"max-snippet:-1","max-image-preview":"max-image-preview:large","max-video-preview":"max-video-preview:-1"},"canonical":"https:\/\/glicerio-chaves.com\/es\/politica-de-privacidad\/","og_locale":"es_ES","og_type":"article","og_title":"Pol\u00edtica de privacidad - Glicerio Chaves","og_description":"Los datos de car\u00e1cter personal que usted nos conf\u00eda son muy importantes para nosotros. Por este motivo deseamos informarle acerca de c\u00f3mo tratamos sus datos personales. \u00bfQui\u00e9n es el Responsable del Tratamiento? GLICERIO CHAVES HORNEROS, S.L. CTRA. ALMAGRO-BOLA\u00d1OS, 2 13260 BOLA\u00d1OS DE CALATRAVA (Ciudad Real) Tf.: 926 882187 comercial@glicerio-chaves.com Delegado Protecci\u00f3n de Datos: lopd@glicerio-chaves.com https:\/\/www.glicerio-chaves.com\/ &hellip; Leer m\u00e1s \"Pol\u00edtica de privacidad\"","og_url":"https:\/\/glicerio-chaves.com\/es\/politica-de-privacidad\/","og_site_name":"Glicerio Chaves","article_modified_time":"2025-01-16T10:27:14+00:00","twitter_card":"summary_large_image","twitter_misc":{"Tiempo de lectura":"6 minutos"},"schema":{"@context":"https:\/\/schema.org","@graph":[{"@type":"WebPage","@id":"https:\/\/glicerio-chaves.com\/es\/politica-de-privacidad\/","url":"https:\/\/glicerio-chaves.com\/es\/politica-de-privacidad\/","name":"Pol\u00edtica de privacidad - Glicerio Chaves","isPartOf":{"@id":"https:\/\/glicerio-chaves.com\/es\/#website"},"datePublished":"2021-02-05T11:33:31+00:00","dateModified":"2025-01-16T10:27:14+00:00","breadcrumb":{"@id":"https:\/\/glicerio-chaves.com\/es\/politica-de-privacidad\/#breadcrumb"},"inLanguage":"es","potentialAction":[{"@type":"ReadAction","target":["https:\/\/glicerio-chaves.com\/es\/politica-de-privacidad\/"]}]},{"@type":"BreadcrumbList","@id":"https:\/\/glicerio-chaves.com\/es\/politica-de-privacidad\/#breadcrumb","itemListElement":[{"@type":"ListItem","position":1,"name":"Portada","item":"https:\/\/glicerio-chaves.com\/es\/"},{"@type":"ListItem","position":2,"name":"Pol\u00edtica de privacidad"}]},{"@type":"WebSite","@id":"https:\/\/glicerio-chaves.com\/es\/#website","url":"https:\/\/glicerio-chaves.com\/es\/","name":"Glicerio Chaves","description":"Glicerio Chaves Hornero es una empresa dedicada a la fabricaci\u00f3n de muebles, especializada en dormitorios juveniles y de matrimonio modernos.","publisher":{"@id":"https:\/\/glicerio-chaves.com\/es\/#organization"},"potentialAction":[{"@type":"SearchAction","target":{"@type":"EntryPoint","urlTemplate":"https:\/\/glicerio-chaves.com\/es\/?s={search_term_string}"},"query-input":{"@type":"PropertyValueSpecification","valueRequired":true,"valueName":"search_term_string"}}],"inLanguage":"es"},{"@type":"Organization","@id":"https:\/\/glicerio-chaves.com\/es\/#organization","name":"Glicerio-Chaves","url":"https:\/\/glicerio-chaves.com\/es\/","logo":{"@type":"ImageObject","inLanguage":"es","@id":"https:\/\/glicerio-chaves.com\/es\/#\/schema\/logo\/image\/","url":"https:\/\/glicerio-chaves.com\/wp-content\/uploads\/2020\/12\/logo.png","contentUrl":"https:\/\/glicerio-chaves.com\/wp-content\/uploads\/2020\/12\/logo.png","width":185,"height":90,"caption":"Glicerio-Chaves"},"image":{"@id":"https:\/\/glicerio-chaves.com\/es\/#\/schema\/logo\/image\/"}}]}},"_links":{"self":[{"href":"https:\/\/glicerio-chaves.com\/es\/wp-json\/wp\/v2\/pages\/21599","targetHints":{"allow":["GET"]}}],"collection":[{"href":"https:\/\/glicerio-chaves.com\/es\/wp-json\/wp\/v2\/pages"}],"about":[{"href":"https:\/\/glicerio-chaves.com\/es\/wp-json\/wp\/v2\/types\/page"}],"author":[{"embeddable":true,"href":"https:\/\/glicerio-chaves.com\/es\/wp-json\/wp\/v2\/users\/1"}],"replies":[{"embeddable":true,"href":"https:\/\/glicerio-chaves.com\/es\/wp-json\/wp\/v2\/comments?post=21599"}],"version-history":[{"count":7,"href":"https:\/\/glicerio-chaves.com\/es\/wp-json\/wp\/v2\/pages\/21599\/revisions"}],"predecessor-version":[{"id":27797,"href":"https:\/\/glicerio-chaves.com\/es\/wp-json\/wp\/v2\/pages\/21599\/revisions\/27797"}],"wp:attachment":[{"href":"https:\/\/glicerio-chaves.com\/es\/wp-json\/wp\/v2\/media?parent=21599"}],"curies":[{"name":"wp","href":"https:\/\/api.w.org\/{rel}","templated":true}]}}