{"id":16112,"date":"2020-07-17T03:29:35","date_gmt":"2020-07-17T03:29:35","guid":{"rendered":"https:\/\/glicerio-chaves.com\/?page_id=16112"},"modified":"2021-02-02T10:03:22","modified_gmt":"2021-02-02T10:03:22","slug":"juvenil-basic-home","status":"publish","type":"page","link":"https:\/\/glicerio-chaves.com\/es\/todos-los-productos-glicerio-chaves\/juvenil-basic-home\/","title":{"rendered":"Juvenil (BASIC HOME)"},"content":{"rendered":"\t\t<div data-elementor-type=\"wp-page\" data-elementor-id=\"16112\" class=\"elementor elementor-16112\" data-elementor-post-type=\"page\">\n\t\t\t\t\t\t<section class=\"elementor-section elementor-top-section elementor-element elementor-element-16025128 elementor-section-boxed elementor-section-height-default elementor-section-height-default\" data-id=\"16025128\" data-element_type=\"section\" data-e-type=\"section\">\n\t\t\t\t\t\t<div class=\"elementor-container elementor-column-gap-default\">\n\t\t\t\t\t<div class=\"elementor-column elementor-col-100 elementor-top-column elementor-element elementor-element-2883f85\" data-id=\"2883f85\" data-element_type=\"column\" data-e-type=\"column\">\n\t\t\t<div class=\"elementor-widget-wrap elementor-element-populated\">\n\t\t\t\t\t\t<div class=\"elementor-element elementor-element-5c59f2a0 elementor-widget elementor-widget-spacer\" data-id=\"5c59f2a0\" data-element_type=\"widget\" data-e-type=\"widget\" data-widget_type=\"spacer.default\">\n\t\t\t\t<div class=\"elementor-widget-container\">\n\t\t\t\t\t\t\t<div class=\"elementor-spacer\">\n\t\t\t<div class=\"elementor-spacer-inner\"><\/div>\n\t\t<\/div>\n\t\t\t\t\t\t<\/div>\n\t\t\t\t<\/div>\n\t\t\t\t<div class=\"elementor-element elementor-element-a29ccfe elementor-widget elementor-widget-heading\" data-id=\"a29ccfe\" data-element_type=\"widget\" data-e-type=\"widget\" data-widget_type=\"heading.default\">\n\t\t\t\t<div class=\"elementor-widget-container\">\n\t\t\t\t\t<h3 class=\"elementor-heading-title elementor-size-default\">BASIC Juvenil Home<\/h3>\t\t\t\t<\/div>\n\t\t\t\t<\/div>\n\t\t\t\t<div class=\"elementor-element elementor-element-7db676b elementor-widget elementor-widget-text-editor\" data-id=\"7db676b\" data-element_type=\"widget\" data-e-type=\"widget\" data-widget_type=\"text-editor.default\">\n\t\t\t\t<div class=\"elementor-widget-container\">\n\t\t\t\t\t\t\t<div class=\"elementor-text-editor elementor-clearfix\"><header class=\"woocommerce-products-header\"><div class=\"term-description\"><p>La mejor opci\u00f3n para proporcionar a los m\u00e1s peque\u00f1os de la casa un espacio \u00fanico, personal, con estilo y c\u00f3modo, del que no les apetezca salir.<br \/>Espacios con mucha personalidad tanto de d\u00eda como de noche, combinando dise\u00f1o divertido, funcionalidad y est\u00e9tica.<br \/>La colecci\u00f3n BASIC Juvenil, supone un practico equilibrio basado en un gran dise\u00f1o, donde sacarle el m\u00e1ximo partido al dormitorio y optimizar tu espacio.<\/p><\/div><\/header><\/div>\n\t\t\t\t\t\t<\/div>\n\t\t\t\t<\/div>\n\t\t\t\t\t<\/div>\n\t\t<\/div>\n\t\t\t\t\t<\/div>\n\t\t<\/section>\n\t\t\t\t<section class=\"elementor-section elementor-top-section elementor-element elementor-element-69748c05 elementor-section-boxed elementor-section-height-default elementor-section-height-default\" data-id=\"69748c05\" data-element_type=\"section\" data-e-type=\"section\">\n\t\t\t\t\t\t<div class=\"elementor-container elementor-column-gap-default\">\n\t\t\t\t\t<div class=\"elementor-column elementor-col-33 elementor-top-column elementor-element elementor-element-69ef0835\" data-id=\"69ef0835\" data-element_type=\"column\" data-e-type=\"column\">\n\t\t\t<div class=\"elementor-widget-wrap elementor-element-populated\">\n\t\t\t\t\t\t<div class=\"elementor-element elementor-element-7668b73a elementor-widget elementor-widget-image\" data-id=\"7668b73a\" data-element_type=\"widget\" data-e-type=\"widget\" data-widget_type=\"image.default\">\n\t\t\t\t<div class=\"elementor-widget-container\">\n\t\t\t\t\t        <div class=\"elementor-image\">\n                                            <a href=\"https:\/\/glicerio-chaves.com\/juvenil-basic-home\/compactos\/\" data-elementor-open-lightbox=\"\" target=\"_blank\">\n                                        <img fetchpriority=\"high\" decoding=\"async\" width=\"400\" height=\"400\" src=\"https:\/\/glicerio-chaves.com\/wp-content\/uploads\/2020\/01\/B001-400x400.jpg\" class=\"attachment-auros-featured-image-small size-auros-featured-image-small wp-image-8214\" alt=\"\" srcset=\"https:\/\/glicerio-chaves.com\/wp-content\/uploads\/2020\/01\/B001-400x400.jpg 400w, https:\/\/glicerio-chaves.com\/wp-content\/uploads\/2020\/01\/B001-1000x1000.jpg 1000w, https:\/\/glicerio-chaves.com\/wp-content\/uploads\/2020\/01\/B001-100x100.jpg 100w, https:\/\/glicerio-chaves.com\/wp-content\/uploads\/2020\/01\/B001-150x150.jpg 150w\" sizes=\"(max-width: 400px) 100vw, 400px\" \/>                                    <\/a>\n                                                    <\/div>\n        \t\t\t\t<\/div>\n\t\t\t\t<\/div>\n\t\t\t\t<div class=\"elementor-element elementor-element-5bccd62b elementor-widget elementor-widget-heading\" data-id=\"5bccd62b\" data-element_type=\"widget\" data-e-type=\"widget\" data-widget_type=\"heading.default\">\n\t\t\t\t<div class=\"elementor-widget-container\">\n\t\t\t\t\t<h3 class=\"elementor-heading-title elementor-size-default\"><a href=\"https:\/\/glicerio-chaves.com\/juvenil-basic-home\/compactos\/\" target=\"_blank\">Compactos (BASIC HOME)<\/a><\/h3>\t\t\t\t<\/div>\n\t\t\t\t<\/div>\n\t\t\t\t<div class=\"elementor-element elementor-element-409f1de3 elementor-widget elementor-widget-spacer\" data-id=\"409f1de3\" data-element_type=\"widget\" data-e-type=\"widget\" data-widget_type=\"spacer.default\">\n\t\t\t\t<div class=\"elementor-widget-container\">\n\t\t\t\t\t\t\t<div class=\"elementor-spacer\">\n\t\t\t<div class=\"elementor-spacer-inner\"><\/div>\n\t\t<\/div>\n\t\t\t\t\t\t<\/div>\n\t\t\t\t<\/div>\n\t\t\t\t\t<\/div>\n\t\t<\/div>\n\t\t\t\t<div class=\"elementor-column elementor-col-33 elementor-top-column elementor-element elementor-element-8c2b317\" data-id=\"8c2b317\" data-element_type=\"column\" data-e-type=\"column\">\n\t\t\t<div class=\"elementor-widget-wrap elementor-element-populated\">\n\t\t\t\t\t\t<div class=\"elementor-element elementor-element-71462f8b elementor-widget elementor-widget-image\" data-id=\"71462f8b\" data-element_type=\"widget\" data-e-type=\"widget\" data-widget_type=\"image.default\">\n\t\t\t\t<div class=\"elementor-widget-container\">\n\t\t\t\t\t        <div class=\"elementor-image\">\n                                            <a href=\"https:\/\/glicerio-chaves.com\/juvenil-basic-home\/nidos\/\" data-elementor-open-lightbox=\"\" target=\"_blank\">\n                                        <img decoding=\"async\" width=\"400\" height=\"400\" src=\"https:\/\/glicerio-chaves.com\/wp-content\/uploads\/2020\/01\/B022-400x400.jpg\" class=\"attachment-auros-featured-image-small size-auros-featured-image-small wp-image-8421\" alt=\"\" srcset=\"https:\/\/glicerio-chaves.com\/wp-content\/uploads\/2020\/01\/B022-400x400.jpg 400w, https:\/\/glicerio-chaves.com\/wp-content\/uploads\/2020\/01\/B022-1000x1000.jpg 1000w, https:\/\/glicerio-chaves.com\/wp-content\/uploads\/2020\/01\/B022-100x100.jpg 100w, https:\/\/glicerio-chaves.com\/wp-content\/uploads\/2020\/01\/B022-150x150.jpg 150w\" sizes=\"(max-width: 400px) 100vw, 400px\" \/>                                    <\/a>\n                                                    <\/div>\n        \t\t\t\t<\/div>\n\t\t\t\t<\/div>\n\t\t\t\t<div class=\"elementor-element elementor-element-7e51a97b elementor-widget elementor-widget-heading\" data-id=\"7e51a97b\" data-element_type=\"widget\" data-e-type=\"widget\" data-widget_type=\"heading.default\">\n\t\t\t\t<div class=\"elementor-widget-container\">\n\t\t\t\t\t<h3 class=\"elementor-heading-title elementor-size-default\"><a href=\"https:\/\/glicerio-chaves.com\/juvenil-basic-home\/nidos\/\" target=\"_blank\">Nidos (BASIC HOME)<\/a><\/h3>\t\t\t\t<\/div>\n\t\t\t\t<\/div>\n\t\t\t\t<div class=\"elementor-element elementor-element-6309de65 elementor-widget elementor-widget-spacer\" data-id=\"6309de65\" data-element_type=\"widget\" data-e-type=\"widget\" data-widget_type=\"spacer.default\">\n\t\t\t\t<div class=\"elementor-widget-container\">\n\t\t\t\t\t\t\t<div class=\"elementor-spacer\">\n\t\t\t<div class=\"elementor-spacer-inner\"><\/div>\n\t\t<\/div>\n\t\t\t\t\t\t<\/div>\n\t\t\t\t<\/div>\n\t\t\t\t\t<\/div>\n\t\t<\/div>\n\t\t\t\t<div class=\"elementor-column elementor-col-33 elementor-top-column elementor-element elementor-element-7c39072c\" data-id=\"7c39072c\" data-element_type=\"column\" data-e-type=\"column\">\n\t\t\t<div class=\"elementor-widget-wrap elementor-element-populated\">\n\t\t\t\t\t\t<div class=\"elementor-element elementor-element-48e04621 elementor-widget elementor-widget-image\" data-id=\"48e04621\" data-element_type=\"widget\" data-e-type=\"widget\" data-widget_type=\"image.default\">\n\t\t\t\t<div class=\"elementor-widget-container\">\n\t\t\t\t\t        <div class=\"elementor-image\">\n                                            <a href=\"https:\/\/glicerio-chaves.com\/juvenil-basic-home\/blocks-literas-camas\/\" data-elementor-open-lightbox=\"\" target=\"_blank\">\n                                        <img decoding=\"async\" width=\"400\" height=\"400\" src=\"https:\/\/glicerio-chaves.com\/wp-content\/uploads\/2020\/01\/B036-400x400.jpg\" class=\"attachment-auros-featured-image-small size-auros-featured-image-small wp-image-8544\" alt=\"\" srcset=\"https:\/\/glicerio-chaves.com\/wp-content\/uploads\/2020\/01\/B036-400x400.jpg 400w, https:\/\/glicerio-chaves.com\/wp-content\/uploads\/2020\/01\/B036-1000x1000.jpg 1000w, https:\/\/glicerio-chaves.com\/wp-content\/uploads\/2020\/01\/B036-100x100.jpg 100w, https:\/\/glicerio-chaves.com\/wp-content\/uploads\/2020\/01\/B036-150x150.jpg 150w\" sizes=\"(max-width: 400px) 100vw, 400px\" \/>                                    <\/a>\n                                                    <\/div>\n        \t\t\t\t<\/div>\n\t\t\t\t<\/div>\n\t\t\t\t<div class=\"elementor-element elementor-element-3d075fb4 elementor-widget elementor-widget-heading\" data-id=\"3d075fb4\" data-element_type=\"widget\" data-e-type=\"widget\" data-widget_type=\"heading.default\">\n\t\t\t\t<div class=\"elementor-widget-container\">\n\t\t\t\t\t<h3 class=\"elementor-heading-title elementor-size-default\"><a href=\"https:\/\/glicerio-chaves.com\/juvenil-basic-home\/blocks-literas-camas\/\" target=\"_blank\">Blocks, Literas, Abatibles, Convertibles (BASIC HOME)<\/a><\/h3>\t\t\t\t<\/div>\n\t\t\t\t<\/div>\n\t\t\t\t<div class=\"elementor-element elementor-element-6ba16a74 elementor-widget elementor-widget-spacer\" data-id=\"6ba16a74\" data-element_type=\"widget\" data-e-type=\"widget\" data-widget_type=\"spacer.default\">\n\t\t\t\t<div class=\"elementor-widget-container\">\n\t\t\t\t\t\t\t<div class=\"elementor-spacer\">\n\t\t\t<div class=\"elementor-spacer-inner\"><\/div>\n\t\t<\/div>\n\t\t\t\t\t\t<\/div>\n\t\t\t\t<\/div>\n\t\t\t\t\t<\/div>\n\t\t<\/div>\n\t\t\t\t\t<\/div>\n\t\t<\/section>\n\t\t\t\t<section class=\"elementor-section elementor-top-section elementor-element elementor-element-2604dd99 elementor-section-boxed elementor-section-height-default elementor-section-height-default\" data-id=\"2604dd99\" data-element_type=\"section\" data-e-type=\"section\">\n\t\t\t\t\t\t<div class=\"elementor-container elementor-column-gap-default\">\n\t\t\t\t\t<div class=\"elementor-column elementor-col-33 elementor-top-column elementor-element elementor-element-613fcf4\" data-id=\"613fcf4\" data-element_type=\"column\" data-e-type=\"column\">\n\t\t\t<div class=\"elementor-widget-wrap elementor-element-populated\">\n\t\t\t\t\t\t<div class=\"elementor-element elementor-element-1a89a4c1 elementor-widget elementor-widget-image\" data-id=\"1a89a4c1\" data-element_type=\"widget\" data-e-type=\"widget\" data-widget_type=\"image.default\">\n\t\t\t\t<div class=\"elementor-widget-container\">\n\t\t\t\t\t        <div class=\"elementor-image\">\n                                            <a href=\"https:\/\/glicerio-chaves.com\/es\/juvenil-basic-home\/camas-armarios\/\" data-elementor-open-lightbox=\"\" target=\"_blank\">\n                                        <img loading=\"lazy\" decoding=\"async\" width=\"400\" height=\"400\" src=\"https:\/\/glicerio-chaves.com\/wp-content\/uploads\/2020\/07\/B047-1000x1000-1-400x400.jpg\" class=\"attachment-auros-featured-image-small size-auros-featured-image-small wp-image-16122\" alt=\"\" srcset=\"https:\/\/glicerio-chaves.com\/wp-content\/uploads\/2020\/07\/B047-1000x1000-1-400x400.jpg 400w, https:\/\/glicerio-chaves.com\/wp-content\/uploads\/2020\/07\/B047-1000x1000-1-300x300.jpg 300w, https:\/\/glicerio-chaves.com\/wp-content\/uploads\/2020\/07\/B047-1000x1000-1-150x150.jpg 150w, https:\/\/glicerio-chaves.com\/wp-content\/uploads\/2020\/07\/B047-1000x1000-1-768x768.jpg 768w, https:\/\/glicerio-chaves.com\/wp-content\/uploads\/2020\/07\/B047-1000x1000-1-100x100.jpg 100w, https:\/\/glicerio-chaves.com\/wp-content\/uploads\/2020\/07\/B047-1000x1000-1.jpg 1000w\" sizes=\"(max-width: 400px) 100vw, 400px\" \/>                                    <\/a>\n                                                    <\/div>\n        \t\t\t\t<\/div>\n\t\t\t\t<\/div>\n\t\t\t\t<div class=\"elementor-element elementor-element-48ea33e8 elementor-widget elementor-widget-heading\" data-id=\"48ea33e8\" data-element_type=\"widget\" data-e-type=\"widget\" data-widget_type=\"heading.default\">\n\t\t\t\t<div class=\"elementor-widget-container\">\n\t\t\t\t\t<h3 class=\"elementor-heading-title elementor-size-default\"><a href=\"https:\/\/glicerio-chaves.com\/es\/juvenil-basic-home\/camas-armarios\/\" target=\"_blank\">Camas y Armarios (BASIC HOME)<\/a><\/h3>\t\t\t\t<\/div>\n\t\t\t\t<\/div>\n\t\t\t\t<div class=\"elementor-element elementor-element-12f42bd1 elementor-widget elementor-widget-spacer\" data-id=\"12f42bd1\" data-element_type=\"widget\" data-e-type=\"widget\" data-widget_type=\"spacer.default\">\n\t\t\t\t<div class=\"elementor-widget-container\">\n\t\t\t\t\t\t\t<div class=\"elementor-spacer\">\n\t\t\t<div class=\"elementor-spacer-inner\"><\/div>\n\t\t<\/div>\n\t\t\t\t\t\t<\/div>\n\t\t\t\t<\/div>\n\t\t\t\t\t<\/div>\n\t\t<\/div>\n\t\t\t\t<div class=\"elementor-column elementor-col-33 elementor-top-column elementor-element elementor-element-2a924d0d\" data-id=\"2a924d0d\" data-element_type=\"column\" data-e-type=\"column\">\n\t\t\t<div class=\"elementor-widget-wrap elementor-element-populated\">\n\t\t\t\t\t\t<div class=\"elementor-element elementor-element-4df4de98 elementor-widget elementor-widget-spacer\" data-id=\"4df4de98\" data-element_type=\"widget\" data-e-type=\"widget\" data-widget_type=\"spacer.default\">\n\t\t\t\t<div class=\"elementor-widget-container\">\n\t\t\t\t\t\t\t<div class=\"elementor-spacer\">\n\t\t\t<div class=\"elementor-spacer-inner\"><\/div>\n\t\t<\/div>\n\t\t\t\t\t\t<\/div>\n\t\t\t\t<\/div>\n\t\t\t\t\t<\/div>\n\t\t<\/div>\n\t\t\t\t<div class=\"elementor-column elementor-col-33 elementor-top-column elementor-element elementor-element-7deff76f\" data-id=\"7deff76f\" data-element_type=\"column\" data-e-type=\"column\">\n\t\t\t<div class=\"elementor-widget-wrap\">\n\t\t\t\t\t\t\t<\/div>\n\t\t<\/div>\n\t\t\t\t\t<\/div>\n\t\t<\/section>\n\t\t\t\t<\/div>\n\t\t","protected":false},"excerpt":{"rendered":"<p>BASIC Juvenil Home La mejor opci\u00f3n para proporcionar a los m\u00e1s peque\u00f1os de la casa un espacio \u00fanico, personal, con estilo y c\u00f3modo, del que no les apetezca salir.Espacios con mucha personalidad tanto de d\u00eda como de noche, combinando dise\u00f1o divertido, funcionalidad y est\u00e9tica.La colecci\u00f3n BASIC Juvenil, supone un practico equilibrio basado en un gran &hellip; <\/p>\n<p class=\"link-more\"><a href=\"https:\/\/glicerio-chaves.com\/es\/todos-los-productos-glicerio-chaves\/juvenil-basic-home\/\" class=\"more-link\">Leer m\u00e1s <span class=\"screen-reader-text\"> \u00abJuvenil (BASIC HOME)\u00bb<\/span> <\/a><\/p>\n","protected":false},"author":1,"featured_media":0,"parent":4775,"menu_order":0,"comment_status":"closed","ping_status":"closed","template":"","meta":{"footnotes":""},"class_list":["post-16112","page","type-page","status-publish","hentry"],"yoast_head":"<!-- This site is optimized with the Yoast SEO plugin v27.3 - https:\/\/yoast.com\/product\/yoast-seo-wordpress\/ -->\n<title>Juvenil (BASIC HOME) - Glicerio Chaves<\/title>\n<meta name=\"robots\" content=\"index, follow, max-snippet:-1, max-image-preview:large, max-video-preview:-1\" \/>\n<link rel=\"canonical\" href=\"https:\/\/glicerio-chaves.com\/es\/todos-los-productos-glicerio-chaves\/juvenil-basic-home\/\" \/>\n<meta property=\"og:locale\" content=\"es_ES\" \/>\n<meta property=\"og:type\" content=\"article\" \/>\n<meta property=\"og:title\" content=\"Juvenil (BASIC HOME) - Glicerio Chaves\" \/>\n<meta property=\"og:description\" content=\"BASIC Juvenil Home La mejor opci\u00f3n para proporcionar a los m\u00e1s peque\u00f1os de la casa un espacio \u00fanico, personal, con estilo y c\u00f3modo, del que no les apetezca salir.Espacios con mucha personalidad tanto de d\u00eda como de noche, combinando dise\u00f1o divertido, funcionalidad y est\u00e9tica.La colecci\u00f3n BASIC Juvenil, supone un practico equilibrio basado en un gran &hellip; Leer m\u00e1s &quot;Juvenil (BASIC HOME)&quot;\" \/>\n<meta property=\"og:url\" content=\"https:\/\/glicerio-chaves.com\/es\/todos-los-productos-glicerio-chaves\/juvenil-basic-home\/\" \/>\n<meta property=\"og:site_name\" content=\"Glicerio Chaves\" \/>\n<meta property=\"article:modified_time\" content=\"2021-02-02T10:03:22+00:00\" \/>\n<meta property=\"og:image\" content=\"https:\/\/glicerio-chaves.com\/wp-content\/uploads\/2020\/01\/B001-400x400.jpg\" \/>\n<meta name=\"twitter:card\" content=\"summary_large_image\" \/>\n<script type=\"application\/ld+json\" class=\"yoast-schema-graph\">{\"@context\":\"https:\\\/\\\/schema.org\",\"@graph\":[{\"@type\":\"WebPage\",\"@id\":\"https:\\\/\\\/glicerio-chaves.com\\\/es\\\/todos-los-productos-glicerio-chaves\\\/juvenil-basic-home\\\/\",\"url\":\"https:\\\/\\\/glicerio-chaves.com\\\/es\\\/todos-los-productos-glicerio-chaves\\\/juvenil-basic-home\\\/\",\"name\":\"Juvenil (BASIC HOME) - Glicerio Chaves\",\"isPartOf\":{\"@id\":\"https:\\\/\\\/glicerio-chaves.com\\\/es\\\/#website\"},\"primaryImageOfPage\":{\"@id\":\"https:\\\/\\\/glicerio-chaves.com\\\/es\\\/todos-los-productos-glicerio-chaves\\\/juvenil-basic-home\\\/#primaryimage\"},\"image\":{\"@id\":\"https:\\\/\\\/glicerio-chaves.com\\\/es\\\/todos-los-productos-glicerio-chaves\\\/juvenil-basic-home\\\/#primaryimage\"},\"thumbnailUrl\":\"https:\\\/\\\/glicerio-chaves.com\\\/wp-content\\\/uploads\\\/2020\\\/01\\\/B001-400x400.jpg\",\"datePublished\":\"2020-07-17T03:29:35+00:00\",\"dateModified\":\"2021-02-02T10:03:22+00:00\",\"breadcrumb\":{\"@id\":\"https:\\\/\\\/glicerio-chaves.com\\\/es\\\/todos-los-productos-glicerio-chaves\\\/juvenil-basic-home\\\/#breadcrumb\"},\"inLanguage\":\"es\",\"potentialAction\":[{\"@type\":\"ReadAction\",\"target\":[\"https:\\\/\\\/glicerio-chaves.com\\\/es\\\/todos-los-productos-glicerio-chaves\\\/juvenil-basic-home\\\/\"]}]},{\"@type\":\"ImageObject\",\"inLanguage\":\"es\",\"@id\":\"https:\\\/\\\/glicerio-chaves.com\\\/es\\\/todos-los-productos-glicerio-chaves\\\/juvenil-basic-home\\\/#primaryimage\",\"url\":\"https:\\\/\\\/glicerio-chaves.com\\\/wp-content\\\/uploads\\\/2020\\\/01\\\/B001-400x400.jpg\",\"contentUrl\":\"https:\\\/\\\/glicerio-chaves.com\\\/wp-content\\\/uploads\\\/2020\\\/01\\\/B001-400x400.jpg\"},{\"@type\":\"BreadcrumbList\",\"@id\":\"https:\\\/\\\/glicerio-chaves.com\\\/es\\\/todos-los-productos-glicerio-chaves\\\/juvenil-basic-home\\\/#breadcrumb\",\"itemListElement\":[{\"@type\":\"ListItem\",\"position\":1,\"name\":\"Portada\",\"item\":\"https:\\\/\\\/glicerio-chaves.com\\\/es\\\/\"},{\"@type\":\"ListItem\",\"position\":2,\"name\":\"Productos\",\"item\":\"https:\\\/\\\/glicerio-chaves.com\\\/es\\\/todos-los-productos-glicerio-chaves\\\/\"},{\"@type\":\"ListItem\",\"position\":3,\"name\":\"Juvenil (BASIC HOME)\"}]},{\"@type\":\"WebSite\",\"@id\":\"https:\\\/\\\/glicerio-chaves.com\\\/es\\\/#website\",\"url\":\"https:\\\/\\\/glicerio-chaves.com\\\/es\\\/\",\"name\":\"Glicerio Chaves\",\"description\":\"Glicerio Chaves Hornero es una empresa dedicada a la fabricaci\u00f3n de muebles, especializada en dormitorios juveniles y de matrimonio modernos.\",\"publisher\":{\"@id\":\"https:\\\/\\\/glicerio-chaves.com\\\/es\\\/#organization\"},\"potentialAction\":[{\"@type\":\"SearchAction\",\"target\":{\"@type\":\"EntryPoint\",\"urlTemplate\":\"https:\\\/\\\/glicerio-chaves.com\\\/es\\\/?s={search_term_string}\"},\"query-input\":{\"@type\":\"PropertyValueSpecification\",\"valueRequired\":true,\"valueName\":\"search_term_string\"}}],\"inLanguage\":\"es\"},{\"@type\":\"Organization\",\"@id\":\"https:\\\/\\\/glicerio-chaves.com\\\/es\\\/#organization\",\"name\":\"Glicerio-Chaves\",\"url\":\"https:\\\/\\\/glicerio-chaves.com\\\/es\\\/\",\"logo\":{\"@type\":\"ImageObject\",\"inLanguage\":\"es\",\"@id\":\"https:\\\/\\\/glicerio-chaves.com\\\/es\\\/#\\\/schema\\\/logo\\\/image\\\/\",\"url\":\"https:\\\/\\\/glicerio-chaves.com\\\/wp-content\\\/uploads\\\/2020\\\/12\\\/logo.png\",\"contentUrl\":\"https:\\\/\\\/glicerio-chaves.com\\\/wp-content\\\/uploads\\\/2020\\\/12\\\/logo.png\",\"width\":185,\"height\":90,\"caption\":\"Glicerio-Chaves\"},\"image\":{\"@id\":\"https:\\\/\\\/glicerio-chaves.com\\\/es\\\/#\\\/schema\\\/logo\\\/image\\\/\"}}]}<\/script>\n<!-- \/ Yoast SEO plugin. -->","yoast_head_json":{"title":"Juvenil (BASIC HOME) - Glicerio Chaves","robots":{"index":"index","follow":"follow","max-snippet":"max-snippet:-1","max-image-preview":"max-image-preview:large","max-video-preview":"max-video-preview:-1"},"canonical":"https:\/\/glicerio-chaves.com\/es\/todos-los-productos-glicerio-chaves\/juvenil-basic-home\/","og_locale":"es_ES","og_type":"article","og_title":"Juvenil (BASIC HOME) - Glicerio Chaves","og_description":"BASIC Juvenil Home La mejor opci\u00f3n para proporcionar a los m\u00e1s peque\u00f1os de la casa un espacio \u00fanico, personal, con estilo y c\u00f3modo, del que no les apetezca salir.Espacios con mucha personalidad tanto de d\u00eda como de noche, combinando dise\u00f1o divertido, funcionalidad y est\u00e9tica.La colecci\u00f3n BASIC Juvenil, supone un practico equilibrio basado en un gran &hellip; Leer m\u00e1s \"Juvenil (BASIC HOME)\"","og_url":"https:\/\/glicerio-chaves.com\/es\/todos-los-productos-glicerio-chaves\/juvenil-basic-home\/","og_site_name":"Glicerio Chaves","article_modified_time":"2021-02-02T10:03:22+00:00","og_image":[{"url":"https:\/\/glicerio-chaves.com\/wp-content\/uploads\/2020\/01\/B001-400x400.jpg","type":"","width":"","height":""}],"twitter_card":"summary_large_image","schema":{"@context":"https:\/\/schema.org","@graph":[{"@type":"WebPage","@id":"https:\/\/glicerio-chaves.com\/es\/todos-los-productos-glicerio-chaves\/juvenil-basic-home\/","url":"https:\/\/glicerio-chaves.com\/es\/todos-los-productos-glicerio-chaves\/juvenil-basic-home\/","name":"Juvenil (BASIC HOME) - Glicerio Chaves","isPartOf":{"@id":"https:\/\/glicerio-chaves.com\/es\/#website"},"primaryImageOfPage":{"@id":"https:\/\/glicerio-chaves.com\/es\/todos-los-productos-glicerio-chaves\/juvenil-basic-home\/#primaryimage"},"image":{"@id":"https:\/\/glicerio-chaves.com\/es\/todos-los-productos-glicerio-chaves\/juvenil-basic-home\/#primaryimage"},"thumbnailUrl":"https:\/\/glicerio-chaves.com\/wp-content\/uploads\/2020\/01\/B001-400x400.jpg","datePublished":"2020-07-17T03:29:35+00:00","dateModified":"2021-02-02T10:03:22+00:00","breadcrumb":{"@id":"https:\/\/glicerio-chaves.com\/es\/todos-los-productos-glicerio-chaves\/juvenil-basic-home\/#breadcrumb"},"inLanguage":"es","potentialAction":[{"@type":"ReadAction","target":["https:\/\/glicerio-chaves.com\/es\/todos-los-productos-glicerio-chaves\/juvenil-basic-home\/"]}]},{"@type":"ImageObject","inLanguage":"es","@id":"https:\/\/glicerio-chaves.com\/es\/todos-los-productos-glicerio-chaves\/juvenil-basic-home\/#primaryimage","url":"https:\/\/glicerio-chaves.com\/wp-content\/uploads\/2020\/01\/B001-400x400.jpg","contentUrl":"https:\/\/glicerio-chaves.com\/wp-content\/uploads\/2020\/01\/B001-400x400.jpg"},{"@type":"BreadcrumbList","@id":"https:\/\/glicerio-chaves.com\/es\/todos-los-productos-glicerio-chaves\/juvenil-basic-home\/#breadcrumb","itemListElement":[{"@type":"ListItem","position":1,"name":"Portada","item":"https:\/\/glicerio-chaves.com\/es\/"},{"@type":"ListItem","position":2,"name":"Productos","item":"https:\/\/glicerio-chaves.com\/es\/todos-los-productos-glicerio-chaves\/"},{"@type":"ListItem","position":3,"name":"Juvenil (BASIC HOME)"}]},{"@type":"WebSite","@id":"https:\/\/glicerio-chaves.com\/es\/#website","url":"https:\/\/glicerio-chaves.com\/es\/","name":"Glicerio Chaves","description":"Glicerio Chaves Hornero es una empresa dedicada a la fabricaci\u00f3n de muebles, especializada en dormitorios juveniles y de matrimonio modernos.","publisher":{"@id":"https:\/\/glicerio-chaves.com\/es\/#organization"},"potentialAction":[{"@type":"SearchAction","target":{"@type":"EntryPoint","urlTemplate":"https:\/\/glicerio-chaves.com\/es\/?s={search_term_string}"},"query-input":{"@type":"PropertyValueSpecification","valueRequired":true,"valueName":"search_term_string"}}],"inLanguage":"es"},{"@type":"Organization","@id":"https:\/\/glicerio-chaves.com\/es\/#organization","name":"Glicerio-Chaves","url":"https:\/\/glicerio-chaves.com\/es\/","logo":{"@type":"ImageObject","inLanguage":"es","@id":"https:\/\/glicerio-chaves.com\/es\/#\/schema\/logo\/image\/","url":"https:\/\/glicerio-chaves.com\/wp-content\/uploads\/2020\/12\/logo.png","contentUrl":"https:\/\/glicerio-chaves.com\/wp-content\/uploads\/2020\/12\/logo.png","width":185,"height":90,"caption":"Glicerio-Chaves"},"image":{"@id":"https:\/\/glicerio-chaves.com\/es\/#\/schema\/logo\/image\/"}}]}},"_links":{"self":[{"href":"https:\/\/glicerio-chaves.com\/es\/wp-json\/wp\/v2\/pages\/16112","targetHints":{"allow":["GET"]}}],"collection":[{"href":"https:\/\/glicerio-chaves.com\/es\/wp-json\/wp\/v2\/pages"}],"about":[{"href":"https:\/\/glicerio-chaves.com\/es\/wp-json\/wp\/v2\/types\/page"}],"author":[{"embeddable":true,"href":"https:\/\/glicerio-chaves.com\/es\/wp-json\/wp\/v2\/users\/1"}],"replies":[{"embeddable":true,"href":"https:\/\/glicerio-chaves.com\/es\/wp-json\/wp\/v2\/comments?post=16112"}],"version-history":[{"count":8,"href":"https:\/\/glicerio-chaves.com\/es\/wp-json\/wp\/v2\/pages\/16112\/revisions"}],"predecessor-version":[{"id":20736,"href":"https:\/\/glicerio-chaves.com\/es\/wp-json\/wp\/v2\/pages\/16112\/revisions\/20736"}],"up":[{"embeddable":true,"href":"https:\/\/glicerio-chaves.com\/es\/wp-json\/wp\/v2\/pages\/4775"}],"wp:attachment":[{"href":"https:\/\/glicerio-chaves.com\/es\/wp-json\/wp\/v2\/media?parent=16112"}],"curies":[{"name":"wp","href":"https:\/\/api.w.org\/{rel}","templated":true}]}}