{"id":16089,"date":"2020-07-16T19:11:21","date_gmt":"2020-07-16T19:11:21","guid":{"rendered":"https:\/\/glicerio-chaves.com\/?page_id=16089"},"modified":"2022-12-09T08:33:21","modified_gmt":"2022-12-09T08:33:21","slug":"matrimonio-basic","status":"publish","type":"page","link":"https:\/\/glicerio-chaves.com\/es\/matrimonio-basic\/","title":{"rendered":"Matrimonio (BASIC)"},"content":{"rendered":"\t\t<div data-elementor-type=\"wp-page\" data-elementor-id=\"16089\" class=\"elementor elementor-16089\" data-elementor-post-type=\"page\">\n\t\t\t\t\t\t<section class=\"elementor-section elementor-top-section elementor-element elementor-element-443adc6e elementor-section-boxed elementor-section-height-default elementor-section-height-default\" data-id=\"443adc6e\" data-element_type=\"section\" data-e-type=\"section\">\n\t\t\t\t\t\t<div class=\"elementor-container elementor-column-gap-default\">\n\t\t\t\t\t<div class=\"elementor-column elementor-col-100 elementor-top-column elementor-element elementor-element-5fbc0617\" data-id=\"5fbc0617\" data-element_type=\"column\" data-e-type=\"column\">\n\t\t\t<div class=\"elementor-widget-wrap elementor-element-populated\">\n\t\t\t\t\t\t<div class=\"elementor-element elementor-element-3dab26db elementor-widget elementor-widget-spacer\" data-id=\"3dab26db\" data-element_type=\"widget\" data-e-type=\"widget\" data-widget_type=\"spacer.default\">\n\t\t\t\t<div class=\"elementor-widget-container\">\n\t\t\t\t\t\t\t<div class=\"elementor-spacer\">\n\t\t\t<div class=\"elementor-spacer-inner\"><\/div>\n\t\t<\/div>\n\t\t\t\t\t\t<\/div>\n\t\t\t\t<\/div>\n\t\t\t\t<div class=\"elementor-element elementor-element-79bca583 elementor-widget elementor-widget-heading\" data-id=\"79bca583\" data-element_type=\"widget\" data-e-type=\"widget\" data-widget_type=\"heading.default\">\n\t\t\t\t<div class=\"elementor-widget-container\">\n\t\t\t\t\t<h3 class=\"elementor-heading-title elementor-size-default\">BASIC Dormitorios<\/h3>\t\t\t\t<\/div>\n\t\t\t\t<\/div>\n\t\t\t\t<div class=\"elementor-element elementor-element-5620d2b4 elementor-widget elementor-widget-text-editor\" data-id=\"5620d2b4\" data-element_type=\"widget\" data-e-type=\"widget\" data-widget_type=\"text-editor.default\">\n\t\t\t\t<div class=\"elementor-widget-container\">\n\t\t\t\t\t\t\t<div class=\"elementor-text-editor elementor-clearfix\"><header class=\"woocommerce-products-header\"><div class=\"term-description\"><p>Basic Dormitorios a\u00fana un estilo contempor\u00e1neo y atemporal, capaz de evolucionar, adapt\u00e1ndose a los estilos de vida actuales con dise\u00f1os que amplifican el espacio y materiales que lo enriquecen.<br \/>La colecci\u00f3n Basic Dormitorios ofrece una combinaci\u00f3n de vol\u00famenes y texturas que nos proporciona calidez, estilo y confort, todo ello un toque de elegancia natural.<\/p><\/div><\/header><\/div>\n\t\t\t\t\t\t<\/div>\n\t\t\t\t<\/div>\n\t\t\t\t\t<\/div>\n\t\t<\/div>\n\t\t\t\t\t<\/div>\n\t\t<\/section>\n\t\t\t\t<section class=\"elementor-section elementor-top-section elementor-element elementor-element-75eea04 elementor-section-boxed elementor-section-height-default elementor-section-height-default\" data-id=\"75eea04\" data-element_type=\"section\" data-e-type=\"section\">\n\t\t\t\t\t\t<div class=\"elementor-container elementor-column-gap-default\">\n\t\t\t\t\t<div class=\"elementor-column elementor-col-33 elementor-top-column elementor-element elementor-element-5c7600e\" data-id=\"5c7600e\" data-element_type=\"column\" data-e-type=\"column\">\n\t\t\t<div class=\"elementor-widget-wrap elementor-element-populated\">\n\t\t\t\t\t\t<div class=\"elementor-element elementor-element-32e86676 elementor-widget elementor-widget-image\" data-id=\"32e86676\" data-element_type=\"widget\" data-e-type=\"widget\" data-widget_type=\"image.default\">\n\t\t\t\t<div class=\"elementor-widget-container\">\n\t\t\t\t\t        <div class=\"elementor-image\">\n                                            <a href=\"https:\/\/glicerio-chaves.com\/dormitorios-matrimonio-basic\/basic-dormitorios\" data-elementor-open-lightbox=\"\" target=\"_blank\">\n                                        <img fetchpriority=\"high\" decoding=\"async\" width=\"400\" height=\"400\" src=\"https:\/\/glicerio-chaves.com\/wp-content\/uploads\/2020\/01\/BSC2-400x400.jpg\" class=\"attachment-auros-featured-image-small size-auros-featured-image-small wp-image-15230\" alt=\"\" srcset=\"https:\/\/glicerio-chaves.com\/wp-content\/uploads\/2020\/01\/BSC2-400x400.jpg 400w, https:\/\/glicerio-chaves.com\/wp-content\/uploads\/2020\/01\/BSC2-1000x1000.jpg 1000w, https:\/\/glicerio-chaves.com\/wp-content\/uploads\/2020\/01\/BSC2-100x100.jpg 100w, https:\/\/glicerio-chaves.com\/wp-content\/uploads\/2020\/01\/BSC2-150x150.jpg 150w\" sizes=\"(max-width: 400px) 100vw, 400px\" \/>                                    <\/a>\n                                                    <\/div>\n        \t\t\t\t<\/div>\n\t\t\t\t<\/div>\n\t\t\t\t<div class=\"elementor-element elementor-element-3beb955b elementor-widget elementor-widget-heading\" data-id=\"3beb955b\" data-element_type=\"widget\" data-e-type=\"widget\" data-widget_type=\"heading.default\">\n\t\t\t\t<div class=\"elementor-widget-container\">\n\t\t\t\t\t<h3 class=\"elementor-heading-title elementor-size-default\"><a href=\"https:\/\/glicerio-chaves.com\/dormitorios-matrimonio-basic\/basic-dormitorios\" target=\"_blank\">Dormitorios (BASIC)<\/a><\/h3>\t\t\t\t<\/div>\n\t\t\t\t<\/div>\n\t\t\t\t<div class=\"elementor-element elementor-element-7f9131af elementor-widget elementor-widget-spacer\" data-id=\"7f9131af\" data-element_type=\"widget\" data-e-type=\"widget\" data-widget_type=\"spacer.default\">\n\t\t\t\t<div class=\"elementor-widget-container\">\n\t\t\t\t\t\t\t<div class=\"elementor-spacer\">\n\t\t\t<div class=\"elementor-spacer-inner\"><\/div>\n\t\t<\/div>\n\t\t\t\t\t\t<\/div>\n\t\t\t\t<\/div>\n\t\t\t\t\t<\/div>\n\t\t<\/div>\n\t\t\t\t<div class=\"elementor-column elementor-col-33 elementor-top-column elementor-element elementor-element-dc59185\" data-id=\"dc59185\" data-element_type=\"column\" data-e-type=\"column\">\n\t\t\t<div class=\"elementor-widget-wrap elementor-element-populated\">\n\t\t\t\t\t\t<div class=\"elementor-element elementor-element-73b4eb5 elementor-widget elementor-widget-image\" data-id=\"73b4eb5\" data-element_type=\"widget\" data-e-type=\"widget\" data-widget_type=\"image.default\">\n\t\t\t\t<div class=\"elementor-widget-container\">\n\t\t\t\t\t        <div class=\"elementor-image\">\n                                            <a href=\"https:\/\/glicerio-chaves.com\/dormitorios-matrimonio-basic\/basic-armarios\" data-elementor-open-lightbox=\"\" target=\"_blank\">\n                                        <img decoding=\"async\" width=\"400\" height=\"400\" src=\"https:\/\/glicerio-chaves.com\/wp-content\/uploads\/2020\/01\/BSC28b-1-400x400.jpg\" class=\"attachment-auros-featured-image-small size-auros-featured-image-small wp-image-15314\" alt=\"\" srcset=\"https:\/\/glicerio-chaves.com\/wp-content\/uploads\/2020\/01\/BSC28b-1-400x400.jpg 400w, https:\/\/glicerio-chaves.com\/wp-content\/uploads\/2020\/01\/BSC28b-1-1000x1000.jpg 1000w, https:\/\/glicerio-chaves.com\/wp-content\/uploads\/2020\/01\/BSC28b-1-100x100.jpg 100w, https:\/\/glicerio-chaves.com\/wp-content\/uploads\/2020\/01\/BSC28b-1-150x150.jpg 150w\" sizes=\"(max-width: 400px) 100vw, 400px\" \/>                                    <\/a>\n                                                    <\/div>\n        \t\t\t\t<\/div>\n\t\t\t\t<\/div>\n\t\t\t\t<div class=\"elementor-element elementor-element-f619e7d elementor-widget elementor-widget-heading\" data-id=\"f619e7d\" data-element_type=\"widget\" data-e-type=\"widget\" data-widget_type=\"heading.default\">\n\t\t\t\t<div class=\"elementor-widget-container\">\n\t\t\t\t\t<h3 class=\"elementor-heading-title elementor-size-default\"><a href=\"https:\/\/glicerio-chaves.com\/dormitorios-matrimonio-basic\/basic-armarios\" target=\"_blank\">Armarios (BASIC)<\/a><\/h3>\t\t\t\t<\/div>\n\t\t\t\t<\/div>\n\t\t\t\t<div class=\"elementor-element elementor-element-67cab9ce elementor-widget elementor-widget-spacer\" data-id=\"67cab9ce\" data-element_type=\"widget\" data-e-type=\"widget\" data-widget_type=\"spacer.default\">\n\t\t\t\t<div class=\"elementor-widget-container\">\n\t\t\t\t\t\t\t<div class=\"elementor-spacer\">\n\t\t\t<div class=\"elementor-spacer-inner\"><\/div>\n\t\t<\/div>\n\t\t\t\t\t\t<\/div>\n\t\t\t\t<\/div>\n\t\t\t\t\t<\/div>\n\t\t<\/div>\n\t\t\t\t<div class=\"elementor-column elementor-col-33 elementor-top-column elementor-element elementor-element-59a92532\" data-id=\"59a92532\" data-element_type=\"column\" data-e-type=\"column\">\n\t\t\t<div class=\"elementor-widget-wrap\">\n\t\t\t\t\t\t\t<\/div>\n\t\t<\/div>\n\t\t\t\t\t<\/div>\n\t\t<\/section>\n\t\t\t\t<\/div>\n\t\t","protected":false},"excerpt":{"rendered":"<p>BASIC Dormitorios Basic Dormitorios a\u00fana un estilo contempor\u00e1neo y atemporal, capaz de evolucionar, adapt\u00e1ndose a los estilos de vida actuales con dise\u00f1os que amplifican el espacio y materiales que lo enriquecen. La colecci\u00f3n Basic Dormitorios ofrece una combinaci\u00f3n de vol\u00famenes y texturas que nos proporciona calidez, estilo y confort, todo ello un toque de elegancia &hellip; <\/p>\n<p class=\"link-more\"><a href=\"https:\/\/glicerio-chaves.com\/es\/matrimonio-basic\/\" class=\"more-link\">Leer m\u00e1s <span class=\"screen-reader-text\"> \u00abMatrimonio (BASIC)\u00bb<\/span> <\/a><\/p>\n","protected":false},"author":1,"featured_media":0,"parent":0,"menu_order":0,"comment_status":"closed","ping_status":"closed","template":"","meta":{"footnotes":""},"class_list":["post-16089","page","type-page","status-publish","hentry"],"yoast_head":"<!-- This site is optimized with the Yoast SEO plugin v27.3 - https:\/\/yoast.com\/product\/yoast-seo-wordpress\/ -->\n<title>Matrimonio (BASIC) - Glicerio Chaves<\/title>\n<meta name=\"robots\" content=\"index, follow, max-snippet:-1, max-image-preview:large, max-video-preview:-1\" \/>\n<link rel=\"canonical\" href=\"https:\/\/glicerio-chaves.com\/es\/matrimonio-basic\/\" \/>\n<meta property=\"og:locale\" content=\"es_ES\" \/>\n<meta property=\"og:type\" content=\"article\" \/>\n<meta property=\"og:title\" content=\"Matrimonio (BASIC) - Glicerio Chaves\" \/>\n<meta property=\"og:description\" content=\"BASIC Dormitorios Basic Dormitorios a\u00fana un estilo contempor\u00e1neo y atemporal, capaz de evolucionar, adapt\u00e1ndose a los estilos de vida actuales con dise\u00f1os que amplifican el espacio y materiales que lo enriquecen. La colecci\u00f3n Basic Dormitorios ofrece una combinaci\u00f3n de vol\u00famenes y texturas que nos proporciona calidez, estilo y confort, todo ello un toque de elegancia &hellip; Leer m\u00e1s &quot;Matrimonio (BASIC)&quot;\" \/>\n<meta property=\"og:url\" content=\"https:\/\/glicerio-chaves.com\/es\/matrimonio-basic\/\" \/>\n<meta property=\"og:site_name\" content=\"Glicerio Chaves\" \/>\n<meta property=\"article:modified_time\" content=\"2022-12-09T08:33:21+00:00\" \/>\n<meta property=\"og:image\" content=\"https:\/\/glicerio-chaves.com\/wp-content\/uploads\/2020\/01\/BSC2-400x400.jpg\" \/>\n<meta name=\"twitter:card\" content=\"summary_large_image\" \/>\n<meta name=\"twitter:label1\" content=\"Tiempo de lectura\" \/>\n\t<meta name=\"twitter:data1\" content=\"1 minuto\" \/>\n<script type=\"application\/ld+json\" class=\"yoast-schema-graph\">{\"@context\":\"https:\\\/\\\/schema.org\",\"@graph\":[{\"@type\":\"WebPage\",\"@id\":\"https:\\\/\\\/glicerio-chaves.com\\\/es\\\/matrimonio-basic\\\/\",\"url\":\"https:\\\/\\\/glicerio-chaves.com\\\/es\\\/matrimonio-basic\\\/\",\"name\":\"Matrimonio (BASIC) - Glicerio Chaves\",\"isPartOf\":{\"@id\":\"https:\\\/\\\/glicerio-chaves.com\\\/es\\\/#website\"},\"primaryImageOfPage\":{\"@id\":\"https:\\\/\\\/glicerio-chaves.com\\\/es\\\/matrimonio-basic\\\/#primaryimage\"},\"image\":{\"@id\":\"https:\\\/\\\/glicerio-chaves.com\\\/es\\\/matrimonio-basic\\\/#primaryimage\"},\"thumbnailUrl\":\"https:\\\/\\\/glicerio-chaves.com\\\/wp-content\\\/uploads\\\/2020\\\/01\\\/BSC2-400x400.jpg\",\"datePublished\":\"2020-07-16T19:11:21+00:00\",\"dateModified\":\"2022-12-09T08:33:21+00:00\",\"breadcrumb\":{\"@id\":\"https:\\\/\\\/glicerio-chaves.com\\\/es\\\/matrimonio-basic\\\/#breadcrumb\"},\"inLanguage\":\"es\",\"potentialAction\":[{\"@type\":\"ReadAction\",\"target\":[\"https:\\\/\\\/glicerio-chaves.com\\\/es\\\/matrimonio-basic\\\/\"]}]},{\"@type\":\"ImageObject\",\"inLanguage\":\"es\",\"@id\":\"https:\\\/\\\/glicerio-chaves.com\\\/es\\\/matrimonio-basic\\\/#primaryimage\",\"url\":\"https:\\\/\\\/glicerio-chaves.com\\\/wp-content\\\/uploads\\\/2020\\\/01\\\/BSC2-400x400.jpg\",\"contentUrl\":\"https:\\\/\\\/glicerio-chaves.com\\\/wp-content\\\/uploads\\\/2020\\\/01\\\/BSC2-400x400.jpg\"},{\"@type\":\"BreadcrumbList\",\"@id\":\"https:\\\/\\\/glicerio-chaves.com\\\/es\\\/matrimonio-basic\\\/#breadcrumb\",\"itemListElement\":[{\"@type\":\"ListItem\",\"position\":1,\"name\":\"Portada\",\"item\":\"https:\\\/\\\/glicerio-chaves.com\\\/es\\\/\"},{\"@type\":\"ListItem\",\"position\":2,\"name\":\"Matrimonio (BASIC)\"}]},{\"@type\":\"WebSite\",\"@id\":\"https:\\\/\\\/glicerio-chaves.com\\\/es\\\/#website\",\"url\":\"https:\\\/\\\/glicerio-chaves.com\\\/es\\\/\",\"name\":\"Glicerio Chaves\",\"description\":\"Glicerio Chaves Hornero es una empresa dedicada a la fabricaci\u00f3n de muebles, especializada en dormitorios juveniles y de matrimonio modernos.\",\"publisher\":{\"@id\":\"https:\\\/\\\/glicerio-chaves.com\\\/es\\\/#organization\"},\"potentialAction\":[{\"@type\":\"SearchAction\",\"target\":{\"@type\":\"EntryPoint\",\"urlTemplate\":\"https:\\\/\\\/glicerio-chaves.com\\\/es\\\/?s={search_term_string}\"},\"query-input\":{\"@type\":\"PropertyValueSpecification\",\"valueRequired\":true,\"valueName\":\"search_term_string\"}}],\"inLanguage\":\"es\"},{\"@type\":\"Organization\",\"@id\":\"https:\\\/\\\/glicerio-chaves.com\\\/es\\\/#organization\",\"name\":\"Glicerio-Chaves\",\"url\":\"https:\\\/\\\/glicerio-chaves.com\\\/es\\\/\",\"logo\":{\"@type\":\"ImageObject\",\"inLanguage\":\"es\",\"@id\":\"https:\\\/\\\/glicerio-chaves.com\\\/es\\\/#\\\/schema\\\/logo\\\/image\\\/\",\"url\":\"https:\\\/\\\/glicerio-chaves.com\\\/wp-content\\\/uploads\\\/2020\\\/12\\\/logo.png\",\"contentUrl\":\"https:\\\/\\\/glicerio-chaves.com\\\/wp-content\\\/uploads\\\/2020\\\/12\\\/logo.png\",\"width\":185,\"height\":90,\"caption\":\"Glicerio-Chaves\"},\"image\":{\"@id\":\"https:\\\/\\\/glicerio-chaves.com\\\/es\\\/#\\\/schema\\\/logo\\\/image\\\/\"}}]}<\/script>\n<!-- \/ Yoast SEO plugin. -->","yoast_head_json":{"title":"Matrimonio (BASIC) - Glicerio Chaves","robots":{"index":"index","follow":"follow","max-snippet":"max-snippet:-1","max-image-preview":"max-image-preview:large","max-video-preview":"max-video-preview:-1"},"canonical":"https:\/\/glicerio-chaves.com\/es\/matrimonio-basic\/","og_locale":"es_ES","og_type":"article","og_title":"Matrimonio (BASIC) - Glicerio Chaves","og_description":"BASIC Dormitorios Basic Dormitorios a\u00fana un estilo contempor\u00e1neo y atemporal, capaz de evolucionar, adapt\u00e1ndose a los estilos de vida actuales con dise\u00f1os que amplifican el espacio y materiales que lo enriquecen. La colecci\u00f3n Basic Dormitorios ofrece una combinaci\u00f3n de vol\u00famenes y texturas que nos proporciona calidez, estilo y confort, todo ello un toque de elegancia &hellip; Leer m\u00e1s \"Matrimonio (BASIC)\"","og_url":"https:\/\/glicerio-chaves.com\/es\/matrimonio-basic\/","og_site_name":"Glicerio Chaves","article_modified_time":"2022-12-09T08:33:21+00:00","og_image":[{"url":"https:\/\/glicerio-chaves.com\/wp-content\/uploads\/2020\/01\/BSC2-400x400.jpg","type":"","width":"","height":""}],"twitter_card":"summary_large_image","twitter_misc":{"Tiempo de lectura":"1 minuto"},"schema":{"@context":"https:\/\/schema.org","@graph":[{"@type":"WebPage","@id":"https:\/\/glicerio-chaves.com\/es\/matrimonio-basic\/","url":"https:\/\/glicerio-chaves.com\/es\/matrimonio-basic\/","name":"Matrimonio (BASIC) - Glicerio Chaves","isPartOf":{"@id":"https:\/\/glicerio-chaves.com\/es\/#website"},"primaryImageOfPage":{"@id":"https:\/\/glicerio-chaves.com\/es\/matrimonio-basic\/#primaryimage"},"image":{"@id":"https:\/\/glicerio-chaves.com\/es\/matrimonio-basic\/#primaryimage"},"thumbnailUrl":"https:\/\/glicerio-chaves.com\/wp-content\/uploads\/2020\/01\/BSC2-400x400.jpg","datePublished":"2020-07-16T19:11:21+00:00","dateModified":"2022-12-09T08:33:21+00:00","breadcrumb":{"@id":"https:\/\/glicerio-chaves.com\/es\/matrimonio-basic\/#breadcrumb"},"inLanguage":"es","potentialAction":[{"@type":"ReadAction","target":["https:\/\/glicerio-chaves.com\/es\/matrimonio-basic\/"]}]},{"@type":"ImageObject","inLanguage":"es","@id":"https:\/\/glicerio-chaves.com\/es\/matrimonio-basic\/#primaryimage","url":"https:\/\/glicerio-chaves.com\/wp-content\/uploads\/2020\/01\/BSC2-400x400.jpg","contentUrl":"https:\/\/glicerio-chaves.com\/wp-content\/uploads\/2020\/01\/BSC2-400x400.jpg"},{"@type":"BreadcrumbList","@id":"https:\/\/glicerio-chaves.com\/es\/matrimonio-basic\/#breadcrumb","itemListElement":[{"@type":"ListItem","position":1,"name":"Portada","item":"https:\/\/glicerio-chaves.com\/es\/"},{"@type":"ListItem","position":2,"name":"Matrimonio (BASIC)"}]},{"@type":"WebSite","@id":"https:\/\/glicerio-chaves.com\/es\/#website","url":"https:\/\/glicerio-chaves.com\/es\/","name":"Glicerio Chaves","description":"Glicerio Chaves Hornero es una empresa dedicada a la fabricaci\u00f3n de muebles, especializada en dormitorios juveniles y de matrimonio modernos.","publisher":{"@id":"https:\/\/glicerio-chaves.com\/es\/#organization"},"potentialAction":[{"@type":"SearchAction","target":{"@type":"EntryPoint","urlTemplate":"https:\/\/glicerio-chaves.com\/es\/?s={search_term_string}"},"query-input":{"@type":"PropertyValueSpecification","valueRequired":true,"valueName":"search_term_string"}}],"inLanguage":"es"},{"@type":"Organization","@id":"https:\/\/glicerio-chaves.com\/es\/#organization","name":"Glicerio-Chaves","url":"https:\/\/glicerio-chaves.com\/es\/","logo":{"@type":"ImageObject","inLanguage":"es","@id":"https:\/\/glicerio-chaves.com\/es\/#\/schema\/logo\/image\/","url":"https:\/\/glicerio-chaves.com\/wp-content\/uploads\/2020\/12\/logo.png","contentUrl":"https:\/\/glicerio-chaves.com\/wp-content\/uploads\/2020\/12\/logo.png","width":185,"height":90,"caption":"Glicerio-Chaves"},"image":{"@id":"https:\/\/glicerio-chaves.com\/es\/#\/schema\/logo\/image\/"}}]}},"_links":{"self":[{"href":"https:\/\/glicerio-chaves.com\/es\/wp-json\/wp\/v2\/pages\/16089","targetHints":{"allow":["GET"]}}],"collection":[{"href":"https:\/\/glicerio-chaves.com\/es\/wp-json\/wp\/v2\/pages"}],"about":[{"href":"https:\/\/glicerio-chaves.com\/es\/wp-json\/wp\/v2\/types\/page"}],"author":[{"embeddable":true,"href":"https:\/\/glicerio-chaves.com\/es\/wp-json\/wp\/v2\/users\/1"}],"replies":[{"embeddable":true,"href":"https:\/\/glicerio-chaves.com\/es\/wp-json\/wp\/v2\/comments?post=16089"}],"version-history":[{"count":16,"href":"https:\/\/glicerio-chaves.com\/es\/wp-json\/wp\/v2\/pages\/16089\/revisions"}],"predecessor-version":[{"id":25547,"href":"https:\/\/glicerio-chaves.com\/es\/wp-json\/wp\/v2\/pages\/16089\/revisions\/25547"}],"wp:attachment":[{"href":"https:\/\/glicerio-chaves.com\/es\/wp-json\/wp\/v2\/media?parent=16089"}],"curies":[{"name":"wp","href":"https:\/\/api.w.org\/{rel}","templated":true}]}}