{"id":16074,"date":"2020-07-16T18:51:29","date_gmt":"2020-07-16T18:51:29","guid":{"rendered":"https:\/\/glicerio-chaves.com\/?page_id=16074"},"modified":"2021-02-02T09:55:13","modified_gmt":"2021-02-02T09:55:13","slug":"cosmo-by-eos","status":"publish","type":"page","link":"https:\/\/glicerio-chaves.com\/es\/todos-los-productos-glicerio-chaves\/cosmo-by-eos\/","title":{"rendered":"COSMO BY EOS"},"content":{"rendered":"\t\t<div data-elementor-type=\"wp-page\" data-elementor-id=\"16074\" class=\"elementor elementor-16074\" data-elementor-post-type=\"page\">\n\t\t\t\t\t\t<section class=\"elementor-section elementor-top-section elementor-element elementor-element-ea83b79 elementor-section-boxed elementor-section-height-default elementor-section-height-default\" data-id=\"ea83b79\" data-element_type=\"section\" data-e-type=\"section\">\n\t\t\t\t\t\t<div class=\"elementor-container elementor-column-gap-default\">\n\t\t\t\t\t<div class=\"elementor-column elementor-col-100 elementor-top-column elementor-element elementor-element-510adec\" data-id=\"510adec\" data-element_type=\"column\" data-e-type=\"column\">\n\t\t\t<div class=\"elementor-widget-wrap elementor-element-populated\">\n\t\t\t\t\t\t<div class=\"elementor-element elementor-element-c28d3ea elementor-widget elementor-widget-spacer\" data-id=\"c28d3ea\" data-element_type=\"widget\" data-e-type=\"widget\" data-widget_type=\"spacer.default\">\n\t\t\t\t<div class=\"elementor-widget-container\">\n\t\t\t\t\t\t\t<div class=\"elementor-spacer\">\n\t\t\t<div class=\"elementor-spacer-inner\"><\/div>\n\t\t<\/div>\n\t\t\t\t\t\t<\/div>\n\t\t\t\t<\/div>\n\t\t\t\t<div class=\"elementor-element elementor-element-0f7aade elementor-widget elementor-widget-heading\" data-id=\"0f7aade\" data-element_type=\"widget\" data-e-type=\"widget\" data-widget_type=\"heading.default\">\n\t\t\t\t<div class=\"elementor-widget-container\">\n\t\t\t\t\t<h3 class=\"elementor-heading-title elementor-size-default\">COSMO by EOS<\/h3>\t\t\t\t<\/div>\n\t\t\t\t<\/div>\n\t\t\t\t<div class=\"elementor-element elementor-element-692c0b9 elementor-widget elementor-widget-text-editor\" data-id=\"692c0b9\" data-element_type=\"widget\" data-e-type=\"widget\" data-widget_type=\"text-editor.default\">\n\t\t\t\t<div class=\"elementor-widget-container\">\n\t\t\t\t\t\t\t<div class=\"elementor-text-editor elementor-clearfix\"><header class=\"woocommerce-products-header\"><div class=\"term-description\"><p>Ven con nosotros y explora los espacios m\u00e1s inspiradores, el punto de encuentro de nuestro mundo y el tuyo.<br \/>La colecci\u00f3n Cosmo te propone un universo ordenado y arm\u00f3nico, para tu espacio m\u00e1s intimo y personal. Nuevos conceptos y texturas son la esencia de nuestra nueva colecci\u00f3n.<\/p><p>La colecci\u00f3n Cosmo ofrece m\u00faltiples posibilidades de configuraci\u00f3n de sus m\u00f3dulos contenedores, camas, armarios y vestidores; adem\u00e1s de las infinitas opciones de combinaci\u00f3n de tonos, texturas y acabados, para crear espacios exclusivos que cumplan todos tus sue\u00f1os.<\/p><p>Elegancia, sofisticaci\u00f3n, calidad y gusto por los detalles, as\u00ed es la nueva colecci\u00f3n de dormitorios Cosmo. Porque a ti te gusta diferenciarte del resto del mundo.<\/p><\/div><\/header><div class=\"osf-sorting\"><div class=\"osf-sorting-group col-lg-6 col-sm-12\"><p class=\"woocommerce-result-count\">Mostrando todos los resultados 83<\/p><\/div><\/div><\/div>\n\t\t\t\t\t\t<\/div>\n\t\t\t\t<\/div>\n\t\t\t\t\t<\/div>\n\t\t<\/div>\n\t\t\t\t\t<\/div>\n\t\t<\/section>\n\t\t\t\t<section class=\"elementor-section elementor-top-section elementor-element elementor-element-6e7cf752 elementor-section-boxed elementor-section-height-default elementor-section-height-default\" data-id=\"6e7cf752\" data-element_type=\"section\" data-e-type=\"section\">\n\t\t\t\t\t\t<div class=\"elementor-container elementor-column-gap-default\">\n\t\t\t\t\t<div class=\"elementor-column elementor-col-25 elementor-top-column elementor-element elementor-element-12e9ab29\" data-id=\"12e9ab29\" data-element_type=\"column\" data-e-type=\"column\">\n\t\t\t<div class=\"elementor-widget-wrap elementor-element-populated\">\n\t\t\t\t\t\t<div class=\"elementor-element elementor-element-40e4bc75 elementor-widget elementor-widget-image\" data-id=\"40e4bc75\" data-element_type=\"widget\" data-e-type=\"widget\" data-widget_type=\"image.default\">\n\t\t\t\t<div class=\"elementor-widget-container\">\n\t\t\t\t\t        <div class=\"elementor-image\">\n                                            <a href=\"https:\/\/glicerio-chaves.com\/es\/cosmo-by-eos\/dormitorios\/\" data-elementor-open-lightbox=\"\" target=\"_blank\">\n                                        <img fetchpriority=\"high\" decoding=\"async\" width=\"400\" height=\"400\" src=\"https:\/\/glicerio-chaves.com\/wp-content\/uploads\/2020\/08\/Icon-COMP-2-2-400x400.jpg\" class=\"attachment-auros-featured-image-small size-auros-featured-image-small wp-image-17175\" alt=\"\" srcset=\"https:\/\/glicerio-chaves.com\/wp-content\/uploads\/2020\/08\/Icon-COMP-2-2-400x400.jpg 400w, https:\/\/glicerio-chaves.com\/wp-content\/uploads\/2020\/08\/Icon-COMP-2-2-150x150.jpg 150w, https:\/\/glicerio-chaves.com\/wp-content\/uploads\/2020\/08\/Icon-COMP-2-2-100x100.jpg 100w, https:\/\/glicerio-chaves.com\/wp-content\/uploads\/2020\/08\/Icon-COMP-2-2-1000x1000.jpg 1000w\" sizes=\"(max-width: 400px) 100vw, 400px\" \/>                                    <\/a>\n                                                    <\/div>\n        \t\t\t\t<\/div>\n\t\t\t\t<\/div>\n\t\t\t\t<div class=\"elementor-element elementor-element-281c3086 elementor-widget elementor-widget-heading\" data-id=\"281c3086\" data-element_type=\"widget\" data-e-type=\"widget\" data-widget_type=\"heading.default\">\n\t\t\t\t<div class=\"elementor-widget-container\">\n\t\t\t\t\t<h3 class=\"elementor-heading-title elementor-size-default\"><a href=\"https:\/\/glicerio-chaves.com\/es\/cosmo-by-eos\/dormitorios\/\" target=\"_blank\">Dormitorios (COSMO BY EOS)<\/a><\/h3>\t\t\t\t<\/div>\n\t\t\t\t<\/div>\n\t\t\t\t<div class=\"elementor-element elementor-element-66c33459 elementor-widget elementor-widget-spacer\" data-id=\"66c33459\" data-element_type=\"widget\" data-e-type=\"widget\" data-widget_type=\"spacer.default\">\n\t\t\t\t<div class=\"elementor-widget-container\">\n\t\t\t\t\t\t\t<div class=\"elementor-spacer\">\n\t\t\t<div class=\"elementor-spacer-inner\"><\/div>\n\t\t<\/div>\n\t\t\t\t\t\t<\/div>\n\t\t\t\t<\/div>\n\t\t\t\t\t<\/div>\n\t\t<\/div>\n\t\t\t\t<div class=\"elementor-column elementor-col-25 elementor-top-column elementor-element elementor-element-f517f8f\" data-id=\"f517f8f\" data-element_type=\"column\" data-e-type=\"column\">\n\t\t\t<div class=\"elementor-widget-wrap elementor-element-populated\">\n\t\t\t\t\t\t<div class=\"elementor-element elementor-element-48f0a24b elementor-widget elementor-widget-image\" data-id=\"48f0a24b\" data-element_type=\"widget\" data-e-type=\"widget\" data-widget_type=\"image.default\">\n\t\t\t\t<div class=\"elementor-widget-container\">\n\t\t\t\t\t        <div class=\"elementor-image\">\n                                            <a href=\"https:\/\/glicerio-chaves.com\/cosmo-by-eos\/abatibles\/\" data-elementor-open-lightbox=\"\" target=\"_blank\">\n                                        <img decoding=\"async\" width=\"400\" height=\"400\" src=\"https:\/\/glicerio-chaves.com\/wp-content\/uploads\/2020\/08\/Abatible-1-400x400.jpg\" class=\"attachment-auros-featured-image-small size-auros-featured-image-small wp-image-16967\" alt=\"\" srcset=\"https:\/\/glicerio-chaves.com\/wp-content\/uploads\/2020\/08\/Abatible-1-400x400.jpg 400w, https:\/\/glicerio-chaves.com\/wp-content\/uploads\/2020\/08\/Abatible-1-150x150.jpg 150w, https:\/\/glicerio-chaves.com\/wp-content\/uploads\/2020\/08\/Abatible-1-100x100.jpg 100w, https:\/\/glicerio-chaves.com\/wp-content\/uploads\/2020\/08\/Abatible-1-1000x1000.jpg 1000w\" sizes=\"(max-width: 400px) 100vw, 400px\" \/>                                    <\/a>\n                                                    <\/div>\n        \t\t\t\t<\/div>\n\t\t\t\t<\/div>\n\t\t\t\t<div class=\"elementor-element elementor-element-3268a933 elementor-widget elementor-widget-heading\" data-id=\"3268a933\" data-element_type=\"widget\" data-e-type=\"widget\" data-widget_type=\"heading.default\">\n\t\t\t\t<div class=\"elementor-widget-container\">\n\t\t\t\t\t<h3 class=\"elementor-heading-title elementor-size-default\"><a href=\"https:\/\/glicerio-chaves.com\/cosmo-by-eos\/abatibles\/\" target=\"_blank\">Abatibles (COSMO BY EOS)<\/a><\/h3>\t\t\t\t<\/div>\n\t\t\t\t<\/div>\n\t\t\t\t<div class=\"elementor-element elementor-element-47d5b6cb elementor-widget elementor-widget-spacer\" data-id=\"47d5b6cb\" data-element_type=\"widget\" data-e-type=\"widget\" data-widget_type=\"spacer.default\">\n\t\t\t\t<div class=\"elementor-widget-container\">\n\t\t\t\t\t\t\t<div class=\"elementor-spacer\">\n\t\t\t<div class=\"elementor-spacer-inner\"><\/div>\n\t\t<\/div>\n\t\t\t\t\t\t<\/div>\n\t\t\t\t<\/div>\n\t\t\t\t\t<\/div>\n\t\t<\/div>\n\t\t\t\t<div class=\"elementor-column elementor-col-25 elementor-top-column elementor-element elementor-element-fcc20d9\" data-id=\"fcc20d9\" data-element_type=\"column\" data-e-type=\"column\">\n\t\t\t<div class=\"elementor-widget-wrap elementor-element-populated\">\n\t\t\t\t\t\t<div class=\"elementor-element elementor-element-e2a818d elementor-widget elementor-widget-image\" data-id=\"e2a818d\" data-element_type=\"widget\" data-e-type=\"widget\" data-widget_type=\"image.default\">\n\t\t\t\t<div class=\"elementor-widget-container\">\n\t\t\t\t\t        <div class=\"elementor-image\">\n                                            <a href=\"https:\/\/glicerio-chaves.com\/es\/cosmo-by-eos\/armarios\/\" data-elementor-open-lightbox=\"\" target=\"_blank\">\n                                        <img decoding=\"async\" width=\"400\" height=\"400\" src=\"https:\/\/glicerio-chaves.com\/wp-content\/uploads\/2020\/08\/Armario-1-400x400.jpg\" class=\"attachment-auros-featured-image-small size-auros-featured-image-small wp-image-16356\" alt=\"\" srcset=\"https:\/\/glicerio-chaves.com\/wp-content\/uploads\/2020\/08\/Armario-1-400x400.jpg 400w, https:\/\/glicerio-chaves.com\/wp-content\/uploads\/2020\/08\/Armario-1-150x150.jpg 150w, https:\/\/glicerio-chaves.com\/wp-content\/uploads\/2020\/08\/Armario-1-100x100.jpg 100w, https:\/\/glicerio-chaves.com\/wp-content\/uploads\/2020\/08\/Armario-1-1000x1000.jpg 1000w\" sizes=\"(max-width: 400px) 100vw, 400px\" \/>                                    <\/a>\n                                                    <\/div>\n        \t\t\t\t<\/div>\n\t\t\t\t<\/div>\n\t\t\t\t<div class=\"elementor-element elementor-element-d308216 elementor-widget elementor-widget-heading\" data-id=\"d308216\" data-element_type=\"widget\" data-e-type=\"widget\" data-widget_type=\"heading.default\">\n\t\t\t\t<div class=\"elementor-widget-container\">\n\t\t\t\t\t<h3 class=\"elementor-heading-title elementor-size-default\"><a href=\"https:\/\/glicerio-chaves.com\/es\/cosmo-by-eos\/armarios\/\" target=\"_blank\">Armarios (COSMO BY EOS)<\/a><\/h3>\t\t\t\t<\/div>\n\t\t\t\t<\/div>\n\t\t\t\t<div class=\"elementor-element elementor-element-96bb4a6 elementor-widget elementor-widget-spacer\" data-id=\"96bb4a6\" data-element_type=\"widget\" data-e-type=\"widget\" data-widget_type=\"spacer.default\">\n\t\t\t\t<div class=\"elementor-widget-container\">\n\t\t\t\t\t\t\t<div class=\"elementor-spacer\">\n\t\t\t<div class=\"elementor-spacer-inner\"><\/div>\n\t\t<\/div>\n\t\t\t\t\t\t<\/div>\n\t\t\t\t<\/div>\n\t\t\t\t\t<\/div>\n\t\t<\/div>\n\t\t\t\t<div class=\"elementor-column elementor-col-25 elementor-top-column elementor-element elementor-element-c6bde88\" data-id=\"c6bde88\" data-element_type=\"column\" data-e-type=\"column\">\n\t\t\t<div class=\"elementor-widget-wrap elementor-element-populated\">\n\t\t\t\t\t\t<div class=\"elementor-element elementor-element-c7e1cfd elementor-widget elementor-widget-image\" data-id=\"c7e1cfd\" data-element_type=\"widget\" data-e-type=\"widget\" data-widget_type=\"image.default\">\n\t\t\t\t<div class=\"elementor-widget-container\">\n\t\t\t\t\t        <div class=\"elementor-image\">\n                                            <a href=\"https:\/\/glicerio-chaves.com\/es\/cosmo-by-eos\/vestidores\/\" data-elementor-open-lightbox=\"\" target=\"_blank\">\n                                        <img loading=\"lazy\" decoding=\"async\" width=\"400\" height=\"400\" src=\"https:\/\/glicerio-chaves.com\/wp-content\/uploads\/2021\/01\/6-400x400.png\" class=\"attachment-auros-featured-image-small size-auros-featured-image-small wp-image-20693\" alt=\"\" srcset=\"https:\/\/glicerio-chaves.com\/wp-content\/uploads\/2021\/01\/6-400x400.png 400w, https:\/\/glicerio-chaves.com\/wp-content\/uploads\/2021\/01\/6-150x150.png 150w, https:\/\/glicerio-chaves.com\/wp-content\/uploads\/2021\/01\/6-100x100.png 100w\" sizes=\"(max-width: 400px) 100vw, 400px\" \/>                                    <\/a>\n                                                    <\/div>\n        \t\t\t\t<\/div>\n\t\t\t\t<\/div>\n\t\t\t\t<div class=\"elementor-element elementor-element-4818daa elementor-widget elementor-widget-heading\" data-id=\"4818daa\" data-element_type=\"widget\" data-e-type=\"widget\" data-widget_type=\"heading.default\">\n\t\t\t\t<div class=\"elementor-widget-container\">\n\t\t\t\t\t<h3 class=\"elementor-heading-title elementor-size-default\"><a href=\"https:\/\/glicerio-chaves.com\/es\/cosmo-by-eos\/vestidores\/\" target=\"_blank\">Vestidores (COSMO BY EOS)<\/a><\/h3>\t\t\t\t<\/div>\n\t\t\t\t<\/div>\n\t\t\t\t<div class=\"elementor-element elementor-element-9356ee2 elementor-widget elementor-widget-spacer\" data-id=\"9356ee2\" data-element_type=\"widget\" data-e-type=\"widget\" data-widget_type=\"spacer.default\">\n\t\t\t\t<div class=\"elementor-widget-container\">\n\t\t\t\t\t\t\t<div class=\"elementor-spacer\">\n\t\t\t<div class=\"elementor-spacer-inner\"><\/div>\n\t\t<\/div>\n\t\t\t\t\t\t<\/div>\n\t\t\t\t<\/div>\n\t\t\t\t\t<\/div>\n\t\t<\/div>\n\t\t\t\t\t<\/div>\n\t\t<\/section>\n\t\t\t\t<\/div>\n\t\t","protected":false},"excerpt":{"rendered":"<p>COSMO by EOS Ven con nosotros y explora los espacios m\u00e1s inspiradores, el punto de encuentro de nuestro mundo y el tuyo.La colecci\u00f3n Cosmo te propone un universo ordenado y arm\u00f3nico, para tu espacio m\u00e1s intimo y personal. Nuevos conceptos y texturas son la esencia de nuestra nueva colecci\u00f3n. La colecci\u00f3n Cosmo ofrece m\u00faltiples posibilidades &hellip; <\/p>\n<p class=\"link-more\"><a href=\"https:\/\/glicerio-chaves.com\/es\/todos-los-productos-glicerio-chaves\/cosmo-by-eos\/\" class=\"more-link\">Leer m\u00e1s <span class=\"screen-reader-text\"> \u00abCOSMO BY EOS\u00bb<\/span> <\/a><\/p>\n","protected":false},"author":1,"featured_media":0,"parent":4775,"menu_order":0,"comment_status":"closed","ping_status":"closed","template":"","meta":{"footnotes":""},"class_list":["post-16074","page","type-page","status-publish","hentry"],"yoast_head":"<!-- This site is optimized with the Yoast SEO plugin v27.3 - https:\/\/yoast.com\/product\/yoast-seo-wordpress\/ -->\n<title>COSMO BY EOS - Glicerio Chaves<\/title>\n<meta name=\"robots\" content=\"index, follow, max-snippet:-1, max-image-preview:large, max-video-preview:-1\" \/>\n<link rel=\"canonical\" href=\"https:\/\/glicerio-chaves.com\/es\/todos-los-productos-glicerio-chaves\/cosmo-by-eos\/\" \/>\n<meta property=\"og:locale\" content=\"es_ES\" \/>\n<meta property=\"og:type\" content=\"article\" \/>\n<meta property=\"og:title\" content=\"COSMO BY EOS - Glicerio Chaves\" \/>\n<meta property=\"og:description\" content=\"COSMO by EOS Ven con nosotros y explora los espacios m\u00e1s inspiradores, el punto de encuentro de nuestro mundo y el tuyo.La colecci\u00f3n Cosmo te propone un universo ordenado y arm\u00f3nico, para tu espacio m\u00e1s intimo y personal. Nuevos conceptos y texturas son la esencia de nuestra nueva colecci\u00f3n. La colecci\u00f3n Cosmo ofrece m\u00faltiples posibilidades &hellip; Leer m\u00e1s &quot;COSMO BY EOS&quot;\" \/>\n<meta property=\"og:url\" content=\"https:\/\/glicerio-chaves.com\/es\/todos-los-productos-glicerio-chaves\/cosmo-by-eos\/\" \/>\n<meta property=\"og:site_name\" content=\"Glicerio Chaves\" \/>\n<meta property=\"article:modified_time\" content=\"2021-02-02T09:55:13+00:00\" \/>\n<meta property=\"og:image\" content=\"https:\/\/glicerio-chaves.com\/wp-content\/uploads\/2020\/08\/Icon-COMP-2-2-400x400.jpg\" \/>\n<meta name=\"twitter:card\" content=\"summary_large_image\" \/>\n<meta name=\"twitter:label1\" content=\"Tiempo de lectura\" \/>\n\t<meta name=\"twitter:data1\" content=\"1 minuto\" \/>\n<script type=\"application\/ld+json\" class=\"yoast-schema-graph\">{\"@context\":\"https:\\\/\\\/schema.org\",\"@graph\":[{\"@type\":\"WebPage\",\"@id\":\"https:\\\/\\\/glicerio-chaves.com\\\/es\\\/todos-los-productos-glicerio-chaves\\\/cosmo-by-eos\\\/\",\"url\":\"https:\\\/\\\/glicerio-chaves.com\\\/es\\\/todos-los-productos-glicerio-chaves\\\/cosmo-by-eos\\\/\",\"name\":\"COSMO BY EOS - Glicerio Chaves\",\"isPartOf\":{\"@id\":\"https:\\\/\\\/glicerio-chaves.com\\\/es\\\/#website\"},\"primaryImageOfPage\":{\"@id\":\"https:\\\/\\\/glicerio-chaves.com\\\/es\\\/todos-los-productos-glicerio-chaves\\\/cosmo-by-eos\\\/#primaryimage\"},\"image\":{\"@id\":\"https:\\\/\\\/glicerio-chaves.com\\\/es\\\/todos-los-productos-glicerio-chaves\\\/cosmo-by-eos\\\/#primaryimage\"},\"thumbnailUrl\":\"https:\\\/\\\/glicerio-chaves.com\\\/wp-content\\\/uploads\\\/2020\\\/08\\\/Icon-COMP-2-2-400x400.jpg\",\"datePublished\":\"2020-07-16T18:51:29+00:00\",\"dateModified\":\"2021-02-02T09:55:13+00:00\",\"breadcrumb\":{\"@id\":\"https:\\\/\\\/glicerio-chaves.com\\\/es\\\/todos-los-productos-glicerio-chaves\\\/cosmo-by-eos\\\/#breadcrumb\"},\"inLanguage\":\"es\",\"potentialAction\":[{\"@type\":\"ReadAction\",\"target\":[\"https:\\\/\\\/glicerio-chaves.com\\\/es\\\/todos-los-productos-glicerio-chaves\\\/cosmo-by-eos\\\/\"]}]},{\"@type\":\"ImageObject\",\"inLanguage\":\"es\",\"@id\":\"https:\\\/\\\/glicerio-chaves.com\\\/es\\\/todos-los-productos-glicerio-chaves\\\/cosmo-by-eos\\\/#primaryimage\",\"url\":\"https:\\\/\\\/glicerio-chaves.com\\\/wp-content\\\/uploads\\\/2020\\\/08\\\/Icon-COMP-2-2-400x400.jpg\",\"contentUrl\":\"https:\\\/\\\/glicerio-chaves.com\\\/wp-content\\\/uploads\\\/2020\\\/08\\\/Icon-COMP-2-2-400x400.jpg\"},{\"@type\":\"BreadcrumbList\",\"@id\":\"https:\\\/\\\/glicerio-chaves.com\\\/es\\\/todos-los-productos-glicerio-chaves\\\/cosmo-by-eos\\\/#breadcrumb\",\"itemListElement\":[{\"@type\":\"ListItem\",\"position\":1,\"name\":\"Portada\",\"item\":\"https:\\\/\\\/glicerio-chaves.com\\\/es\\\/\"},{\"@type\":\"ListItem\",\"position\":2,\"name\":\"Productos\",\"item\":\"https:\\\/\\\/glicerio-chaves.com\\\/es\\\/todos-los-productos-glicerio-chaves\\\/\"},{\"@type\":\"ListItem\",\"position\":3,\"name\":\"COSMO BY EOS\"}]},{\"@type\":\"WebSite\",\"@id\":\"https:\\\/\\\/glicerio-chaves.com\\\/es\\\/#website\",\"url\":\"https:\\\/\\\/glicerio-chaves.com\\\/es\\\/\",\"name\":\"Glicerio Chaves\",\"description\":\"Glicerio Chaves Hornero es una empresa dedicada a la fabricaci\u00f3n de muebles, especializada en dormitorios juveniles y de matrimonio modernos.\",\"publisher\":{\"@id\":\"https:\\\/\\\/glicerio-chaves.com\\\/es\\\/#organization\"},\"potentialAction\":[{\"@type\":\"SearchAction\",\"target\":{\"@type\":\"EntryPoint\",\"urlTemplate\":\"https:\\\/\\\/glicerio-chaves.com\\\/es\\\/?s={search_term_string}\"},\"query-input\":{\"@type\":\"PropertyValueSpecification\",\"valueRequired\":true,\"valueName\":\"search_term_string\"}}],\"inLanguage\":\"es\"},{\"@type\":\"Organization\",\"@id\":\"https:\\\/\\\/glicerio-chaves.com\\\/es\\\/#organization\",\"name\":\"Glicerio-Chaves\",\"url\":\"https:\\\/\\\/glicerio-chaves.com\\\/es\\\/\",\"logo\":{\"@type\":\"ImageObject\",\"inLanguage\":\"es\",\"@id\":\"https:\\\/\\\/glicerio-chaves.com\\\/es\\\/#\\\/schema\\\/logo\\\/image\\\/\",\"url\":\"https:\\\/\\\/glicerio-chaves.com\\\/wp-content\\\/uploads\\\/2020\\\/12\\\/logo.png\",\"contentUrl\":\"https:\\\/\\\/glicerio-chaves.com\\\/wp-content\\\/uploads\\\/2020\\\/12\\\/logo.png\",\"width\":185,\"height\":90,\"caption\":\"Glicerio-Chaves\"},\"image\":{\"@id\":\"https:\\\/\\\/glicerio-chaves.com\\\/es\\\/#\\\/schema\\\/logo\\\/image\\\/\"}}]}<\/script>\n<!-- \/ Yoast SEO plugin. -->","yoast_head_json":{"title":"COSMO BY EOS - Glicerio Chaves","robots":{"index":"index","follow":"follow","max-snippet":"max-snippet:-1","max-image-preview":"max-image-preview:large","max-video-preview":"max-video-preview:-1"},"canonical":"https:\/\/glicerio-chaves.com\/es\/todos-los-productos-glicerio-chaves\/cosmo-by-eos\/","og_locale":"es_ES","og_type":"article","og_title":"COSMO BY EOS - Glicerio Chaves","og_description":"COSMO by EOS Ven con nosotros y explora los espacios m\u00e1s inspiradores, el punto de encuentro de nuestro mundo y el tuyo.La colecci\u00f3n Cosmo te propone un universo ordenado y arm\u00f3nico, para tu espacio m\u00e1s intimo y personal. Nuevos conceptos y texturas son la esencia de nuestra nueva colecci\u00f3n. La colecci\u00f3n Cosmo ofrece m\u00faltiples posibilidades &hellip; Leer m\u00e1s \"COSMO BY EOS\"","og_url":"https:\/\/glicerio-chaves.com\/es\/todos-los-productos-glicerio-chaves\/cosmo-by-eos\/","og_site_name":"Glicerio Chaves","article_modified_time":"2021-02-02T09:55:13+00:00","og_image":[{"url":"https:\/\/glicerio-chaves.com\/wp-content\/uploads\/2020\/08\/Icon-COMP-2-2-400x400.jpg","type":"","width":"","height":""}],"twitter_card":"summary_large_image","twitter_misc":{"Tiempo de lectura":"1 minuto"},"schema":{"@context":"https:\/\/schema.org","@graph":[{"@type":"WebPage","@id":"https:\/\/glicerio-chaves.com\/es\/todos-los-productos-glicerio-chaves\/cosmo-by-eos\/","url":"https:\/\/glicerio-chaves.com\/es\/todos-los-productos-glicerio-chaves\/cosmo-by-eos\/","name":"COSMO BY EOS - Glicerio Chaves","isPartOf":{"@id":"https:\/\/glicerio-chaves.com\/es\/#website"},"primaryImageOfPage":{"@id":"https:\/\/glicerio-chaves.com\/es\/todos-los-productos-glicerio-chaves\/cosmo-by-eos\/#primaryimage"},"image":{"@id":"https:\/\/glicerio-chaves.com\/es\/todos-los-productos-glicerio-chaves\/cosmo-by-eos\/#primaryimage"},"thumbnailUrl":"https:\/\/glicerio-chaves.com\/wp-content\/uploads\/2020\/08\/Icon-COMP-2-2-400x400.jpg","datePublished":"2020-07-16T18:51:29+00:00","dateModified":"2021-02-02T09:55:13+00:00","breadcrumb":{"@id":"https:\/\/glicerio-chaves.com\/es\/todos-los-productos-glicerio-chaves\/cosmo-by-eos\/#breadcrumb"},"inLanguage":"es","potentialAction":[{"@type":"ReadAction","target":["https:\/\/glicerio-chaves.com\/es\/todos-los-productos-glicerio-chaves\/cosmo-by-eos\/"]}]},{"@type":"ImageObject","inLanguage":"es","@id":"https:\/\/glicerio-chaves.com\/es\/todos-los-productos-glicerio-chaves\/cosmo-by-eos\/#primaryimage","url":"https:\/\/glicerio-chaves.com\/wp-content\/uploads\/2020\/08\/Icon-COMP-2-2-400x400.jpg","contentUrl":"https:\/\/glicerio-chaves.com\/wp-content\/uploads\/2020\/08\/Icon-COMP-2-2-400x400.jpg"},{"@type":"BreadcrumbList","@id":"https:\/\/glicerio-chaves.com\/es\/todos-los-productos-glicerio-chaves\/cosmo-by-eos\/#breadcrumb","itemListElement":[{"@type":"ListItem","position":1,"name":"Portada","item":"https:\/\/glicerio-chaves.com\/es\/"},{"@type":"ListItem","position":2,"name":"Productos","item":"https:\/\/glicerio-chaves.com\/es\/todos-los-productos-glicerio-chaves\/"},{"@type":"ListItem","position":3,"name":"COSMO BY EOS"}]},{"@type":"WebSite","@id":"https:\/\/glicerio-chaves.com\/es\/#website","url":"https:\/\/glicerio-chaves.com\/es\/","name":"Glicerio Chaves","description":"Glicerio Chaves Hornero es una empresa dedicada a la fabricaci\u00f3n de muebles, especializada en dormitorios juveniles y de matrimonio modernos.","publisher":{"@id":"https:\/\/glicerio-chaves.com\/es\/#organization"},"potentialAction":[{"@type":"SearchAction","target":{"@type":"EntryPoint","urlTemplate":"https:\/\/glicerio-chaves.com\/es\/?s={search_term_string}"},"query-input":{"@type":"PropertyValueSpecification","valueRequired":true,"valueName":"search_term_string"}}],"inLanguage":"es"},{"@type":"Organization","@id":"https:\/\/glicerio-chaves.com\/es\/#organization","name":"Glicerio-Chaves","url":"https:\/\/glicerio-chaves.com\/es\/","logo":{"@type":"ImageObject","inLanguage":"es","@id":"https:\/\/glicerio-chaves.com\/es\/#\/schema\/logo\/image\/","url":"https:\/\/glicerio-chaves.com\/wp-content\/uploads\/2020\/12\/logo.png","contentUrl":"https:\/\/glicerio-chaves.com\/wp-content\/uploads\/2020\/12\/logo.png","width":185,"height":90,"caption":"Glicerio-Chaves"},"image":{"@id":"https:\/\/glicerio-chaves.com\/es\/#\/schema\/logo\/image\/"}}]}},"_links":{"self":[{"href":"https:\/\/glicerio-chaves.com\/es\/wp-json\/wp\/v2\/pages\/16074","targetHints":{"allow":["GET"]}}],"collection":[{"href":"https:\/\/glicerio-chaves.com\/es\/wp-json\/wp\/v2\/pages"}],"about":[{"href":"https:\/\/glicerio-chaves.com\/es\/wp-json\/wp\/v2\/types\/page"}],"author":[{"embeddable":true,"href":"https:\/\/glicerio-chaves.com\/es\/wp-json\/wp\/v2\/users\/1"}],"replies":[{"embeddable":true,"href":"https:\/\/glicerio-chaves.com\/es\/wp-json\/wp\/v2\/comments?post=16074"}],"version-history":[{"count":18,"href":"https:\/\/glicerio-chaves.com\/es\/wp-json\/wp\/v2\/pages\/16074\/revisions"}],"predecessor-version":[{"id":26879,"href":"https:\/\/glicerio-chaves.com\/es\/wp-json\/wp\/v2\/pages\/16074\/revisions\/26879"}],"up":[{"embeddable":true,"href":"https:\/\/glicerio-chaves.com\/es\/wp-json\/wp\/v2\/pages\/4775"}],"wp:attachment":[{"href":"https:\/\/glicerio-chaves.com\/es\/wp-json\/wp\/v2\/media?parent=16074"}],"curies":[{"name":"wp","href":"https:\/\/api.w.org\/{rel}","templated":true}]}}