{"id":26218,"date":"2023-07-28T05:28:03","date_gmt":"2023-07-28T05:28:03","guid":{"rendered":"https:\/\/glicerio-chaves.com\/uncategorized\/dormitorio-w029-2\/"},"modified":"2023-07-28T09:10:14","modified_gmt":"2023-07-28T09:10:14","slug":"bedroom-w029","status":"publish","type":"product","link":"https:\/\/glicerio-chaves.com\/en\/bedroom-w029\/","title":{"rendered":"Bedroom W029"},"content":{"rendered":"","protected":false},"excerpt":{"rendered":"","protected":false},"featured_media":25982,"template":"","meta":[],"product_brand":[],"product_cat":[952,941],"product_tag":[591,572,499,498,953],"class_list":{"0":"post-26218","1":"product","2":"type-product","3":"status-publish","4":"has-post-thumbnail","6":"product_cat-blocks-bunk-beds","7":"product_cat-win-teen-by-basic","8":"product_tag-blocks-en","9":"product_tag-bunk-beds","10":"product_tag-chambre-des-jeunes-en","11":"product_tag-chambre-des-jeunes","12":"product_tag-win-by-basic-en","14":"first","15":"instock","16":"shipping-taxable","17":"purchasable","18":"product-type-variable"},"yoast_head":"<!-- This site is optimized with the Yoast SEO plugin v27.3 - https:\/\/yoast.com\/product\/yoast-seo-wordpress\/ -->\n<title>Bedroom W029 - Glicerio Chaves<\/title>\n<meta name=\"description\" content=\"La mejor opci\u00f3n para proporcionar a los m\u00e1s peque\u00f1os de la casa un espacio \u00fanico, personal, con estilo y c\u00f3modo, del que no les apetezca salir.\" \/>\n<meta name=\"robots\" content=\"index, follow, max-snippet:-1, max-image-preview:large, max-video-preview:-1\" \/>\n<link rel=\"canonical\" href=\"https:\/\/glicerio-chaves.com\/en\/bedroom-w029\/\" \/>\n<meta property=\"og:locale\" content=\"en_US\" \/>\n<meta property=\"og:type\" content=\"article\" \/>\n<meta property=\"og:title\" content=\"Bedroom W029 - Glicerio Chaves\" \/>\n<meta property=\"og:description\" content=\"La mejor opci\u00f3n para proporcionar a los m\u00e1s peque\u00f1os de la casa un espacio \u00fanico, personal, con estilo y c\u00f3modo, del que no les apetezca salir.\" \/>\n<meta property=\"og:url\" content=\"https:\/\/glicerio-chaves.com\/en\/bedroom-w029\/\" \/>\n<meta property=\"og:site_name\" content=\"Glicerio Chaves\" \/>\n<meta property=\"article:modified_time\" content=\"2023-07-28T09:10:14+00:00\" \/>\n<meta property=\"og:image\" content=\"https:\/\/glicerio-chaves.com\/wp-content\/uploads\/2023\/07\/W029.jpg\" \/>\n\t<meta property=\"og:image:width\" content=\"2362\" \/>\n\t<meta property=\"og:image:height\" content=\"1312\" \/>\n\t<meta property=\"og:image:type\" content=\"image\/jpeg\" \/>\n<meta name=\"twitter:card\" content=\"summary_large_image\" \/>\n<script type=\"application\/ld+json\" class=\"yoast-schema-graph\">{\"@context\":\"https:\\\/\\\/schema.org\",\"@graph\":[{\"@type\":\"WebPage\",\"@id\":\"https:\\\/\\\/glicerio-chaves.com\\\/en\\\/bedroom-w029\\\/\",\"url\":\"https:\\\/\\\/glicerio-chaves.com\\\/en\\\/bedroom-w029\\\/\",\"name\":\"Bedroom W029 - Glicerio Chaves\",\"isPartOf\":{\"@id\":\"https:\\\/\\\/glicerio-chaves.com\\\/en\\\/#website\"},\"primaryImageOfPage\":{\"@id\":\"https:\\\/\\\/glicerio-chaves.com\\\/en\\\/bedroom-w029\\\/#primaryimage\"},\"image\":{\"@id\":\"https:\\\/\\\/glicerio-chaves.com\\\/en\\\/bedroom-w029\\\/#primaryimage\"},\"thumbnailUrl\":\"https:\\\/\\\/glicerio-chaves.com\\\/wp-content\\\/uploads\\\/2023\\\/07\\\/W029.jpg\",\"datePublished\":\"2023-07-28T05:28:03+00:00\",\"dateModified\":\"2023-07-28T09:10:14+00:00\",\"description\":\"La mejor opci\u00f3n para proporcionar a los m\u00e1s peque\u00f1os de la casa un espacio \u00fanico, personal, con estilo y c\u00f3modo, del que no les apetezca salir.\",\"breadcrumb\":{\"@id\":\"https:\\\/\\\/glicerio-chaves.com\\\/en\\\/bedroom-w029\\\/#breadcrumb\"},\"inLanguage\":\"en-US\",\"potentialAction\":[{\"@type\":\"ReadAction\",\"target\":[\"https:\\\/\\\/glicerio-chaves.com\\\/en\\\/bedroom-w029\\\/\"]}]},{\"@type\":\"ImageObject\",\"inLanguage\":\"en-US\",\"@id\":\"https:\\\/\\\/glicerio-chaves.com\\\/en\\\/bedroom-w029\\\/#primaryimage\",\"url\":\"https:\\\/\\\/glicerio-chaves.com\\\/wp-content\\\/uploads\\\/2023\\\/07\\\/W029.jpg\",\"contentUrl\":\"https:\\\/\\\/glicerio-chaves.com\\\/wp-content\\\/uploads\\\/2023\\\/07\\\/W029.jpg\",\"width\":2362,\"height\":1312},{\"@type\":\"BreadcrumbList\",\"@id\":\"https:\\\/\\\/glicerio-chaves.com\\\/en\\\/bedroom-w029\\\/#breadcrumb\",\"itemListElement\":[{\"@type\":\"ListItem\",\"position\":1,\"name\":\"Portada\",\"item\":\"https:\\\/\\\/glicerio-chaves.com\\\/en\\\/home\\\/\"},{\"@type\":\"ListItem\",\"position\":2,\"name\":\"Products\",\"item\":\"https:\\\/\\\/glicerio-chaves.com\\\/en\\\/shop\\\/\"},{\"@type\":\"ListItem\",\"position\":3,\"name\":\"Bedroom W029\"}]},{\"@type\":\"WebSite\",\"@id\":\"https:\\\/\\\/glicerio-chaves.com\\\/en\\\/#website\",\"url\":\"https:\\\/\\\/glicerio-chaves.com\\\/en\\\/\",\"name\":\"Glicerio Chaves\",\"description\":\"Glicerio Chaves Hornero es una empresa dedicada a la fabricaci\u00f3n de muebles, especializada en dormitorios juveniles y de matrimonio modernos.\",\"publisher\":{\"@id\":\"https:\\\/\\\/glicerio-chaves.com\\\/en\\\/#organization\"},\"potentialAction\":[{\"@type\":\"SearchAction\",\"target\":{\"@type\":\"EntryPoint\",\"urlTemplate\":\"https:\\\/\\\/glicerio-chaves.com\\\/en\\\/?s={search_term_string}\"},\"query-input\":{\"@type\":\"PropertyValueSpecification\",\"valueRequired\":true,\"valueName\":\"search_term_string\"}}],\"inLanguage\":\"en-US\"},{\"@type\":\"Organization\",\"@id\":\"https:\\\/\\\/glicerio-chaves.com\\\/en\\\/#organization\",\"name\":\"Glicerio-Chaves\",\"url\":\"https:\\\/\\\/glicerio-chaves.com\\\/en\\\/\",\"logo\":{\"@type\":\"ImageObject\",\"inLanguage\":\"en-US\",\"@id\":\"https:\\\/\\\/glicerio-chaves.com\\\/en\\\/#\\\/schema\\\/logo\\\/image\\\/\",\"url\":\"https:\\\/\\\/glicerio-chaves.com\\\/wp-content\\\/uploads\\\/2020\\\/12\\\/logo.png\",\"contentUrl\":\"https:\\\/\\\/glicerio-chaves.com\\\/wp-content\\\/uploads\\\/2020\\\/12\\\/logo.png\",\"width\":185,\"height\":90,\"caption\":\"Glicerio-Chaves\"},\"image\":{\"@id\":\"https:\\\/\\\/glicerio-chaves.com\\\/en\\\/#\\\/schema\\\/logo\\\/image\\\/\"}}]}<\/script>\n<!-- \/ Yoast SEO plugin. -->","yoast_head_json":{"title":"Bedroom W029 - Glicerio Chaves","description":"La mejor opci\u00f3n para proporcionar a los m\u00e1s peque\u00f1os de la casa un espacio \u00fanico, personal, con estilo y c\u00f3modo, del que no les apetezca salir.","robots":{"index":"index","follow":"follow","max-snippet":"max-snippet:-1","max-image-preview":"max-image-preview:large","max-video-preview":"max-video-preview:-1"},"canonical":"https:\/\/glicerio-chaves.com\/en\/bedroom-w029\/","og_locale":"en_US","og_type":"article","og_title":"Bedroom W029 - Glicerio Chaves","og_description":"La mejor opci\u00f3n para proporcionar a los m\u00e1s peque\u00f1os de la casa un espacio \u00fanico, personal, con estilo y c\u00f3modo, del que no les apetezca salir.","og_url":"https:\/\/glicerio-chaves.com\/en\/bedroom-w029\/","og_site_name":"Glicerio Chaves","article_modified_time":"2023-07-28T09:10:14+00:00","og_image":[{"width":2362,"height":1312,"url":"https:\/\/glicerio-chaves.com\/wp-content\/uploads\/2023\/07\/W029.jpg","type":"image\/jpeg"}],"twitter_card":"summary_large_image","schema":{"@context":"https:\/\/schema.org","@graph":[{"@type":"WebPage","@id":"https:\/\/glicerio-chaves.com\/en\/bedroom-w029\/","url":"https:\/\/glicerio-chaves.com\/en\/bedroom-w029\/","name":"Bedroom W029 - Glicerio Chaves","isPartOf":{"@id":"https:\/\/glicerio-chaves.com\/en\/#website"},"primaryImageOfPage":{"@id":"https:\/\/glicerio-chaves.com\/en\/bedroom-w029\/#primaryimage"},"image":{"@id":"https:\/\/glicerio-chaves.com\/en\/bedroom-w029\/#primaryimage"},"thumbnailUrl":"https:\/\/glicerio-chaves.com\/wp-content\/uploads\/2023\/07\/W029.jpg","datePublished":"2023-07-28T05:28:03+00:00","dateModified":"2023-07-28T09:10:14+00:00","description":"La mejor opci\u00f3n para proporcionar a los m\u00e1s peque\u00f1os de la casa un espacio \u00fanico, personal, con estilo y c\u00f3modo, del que no les apetezca salir.","breadcrumb":{"@id":"https:\/\/glicerio-chaves.com\/en\/bedroom-w029\/#breadcrumb"},"inLanguage":"en-US","potentialAction":[{"@type":"ReadAction","target":["https:\/\/glicerio-chaves.com\/en\/bedroom-w029\/"]}]},{"@type":"ImageObject","inLanguage":"en-US","@id":"https:\/\/glicerio-chaves.com\/en\/bedroom-w029\/#primaryimage","url":"https:\/\/glicerio-chaves.com\/wp-content\/uploads\/2023\/07\/W029.jpg","contentUrl":"https:\/\/glicerio-chaves.com\/wp-content\/uploads\/2023\/07\/W029.jpg","width":2362,"height":1312},{"@type":"BreadcrumbList","@id":"https:\/\/glicerio-chaves.com\/en\/bedroom-w029\/#breadcrumb","itemListElement":[{"@type":"ListItem","position":1,"name":"Portada","item":"https:\/\/glicerio-chaves.com\/en\/home\/"},{"@type":"ListItem","position":2,"name":"Products","item":"https:\/\/glicerio-chaves.com\/en\/shop\/"},{"@type":"ListItem","position":3,"name":"Bedroom W029"}]},{"@type":"WebSite","@id":"https:\/\/glicerio-chaves.com\/en\/#website","url":"https:\/\/glicerio-chaves.com\/en\/","name":"Glicerio Chaves","description":"Glicerio Chaves Hornero es una empresa dedicada a la fabricaci\u00f3n de muebles, especializada en dormitorios juveniles y de matrimonio modernos.","publisher":{"@id":"https:\/\/glicerio-chaves.com\/en\/#organization"},"potentialAction":[{"@type":"SearchAction","target":{"@type":"EntryPoint","urlTemplate":"https:\/\/glicerio-chaves.com\/en\/?s={search_term_string}"},"query-input":{"@type":"PropertyValueSpecification","valueRequired":true,"valueName":"search_term_string"}}],"inLanguage":"en-US"},{"@type":"Organization","@id":"https:\/\/glicerio-chaves.com\/en\/#organization","name":"Glicerio-Chaves","url":"https:\/\/glicerio-chaves.com\/en\/","logo":{"@type":"ImageObject","inLanguage":"en-US","@id":"https:\/\/glicerio-chaves.com\/en\/#\/schema\/logo\/image\/","url":"https:\/\/glicerio-chaves.com\/wp-content\/uploads\/2020\/12\/logo.png","contentUrl":"https:\/\/glicerio-chaves.com\/wp-content\/uploads\/2020\/12\/logo.png","width":185,"height":90,"caption":"Glicerio-Chaves"},"image":{"@id":"https:\/\/glicerio-chaves.com\/en\/#\/schema\/logo\/image\/"}}]}},"_links":{"self":[{"href":"https:\/\/glicerio-chaves.com\/en\/wp-json\/wp\/v2\/product\/26218","targetHints":{"allow":["GET"]}}],"collection":[{"href":"https:\/\/glicerio-chaves.com\/en\/wp-json\/wp\/v2\/product"}],"about":[{"href":"https:\/\/glicerio-chaves.com\/en\/wp-json\/wp\/v2\/types\/product"}],"version-history":[{"count":1,"href":"https:\/\/glicerio-chaves.com\/en\/wp-json\/wp\/v2\/product\/26218\/revisions"}],"predecessor-version":[{"id":26228,"href":"https:\/\/glicerio-chaves.com\/en\/wp-json\/wp\/v2\/product\/26218\/revisions\/26228"}],"wp:featuredmedia":[{"embeddable":true,"href":"https:\/\/glicerio-chaves.com\/en\/wp-json\/wp\/v2\/media\/25982"}],"wp:attachment":[{"href":"https:\/\/glicerio-chaves.com\/en\/wp-json\/wp\/v2\/media?parent=26218"}],"wp:term":[{"taxonomy":"product_brand","embeddable":true,"href":"https:\/\/glicerio-chaves.com\/en\/wp-json\/wp\/v2\/product_brand?post=26218"},{"taxonomy":"product_cat","embeddable":true,"href":"https:\/\/glicerio-chaves.com\/en\/wp-json\/wp\/v2\/product_cat?post=26218"},{"taxonomy":"product_tag","embeddable":true,"href":"https:\/\/glicerio-chaves.com\/en\/wp-json\/wp\/v2\/product_tag?post=26218"}],"curies":[{"name":"wp","href":"https:\/\/api.w.org\/{rel}","templated":true}]}}