{"id":4882,"date":"2020-01-21T09:13:32","date_gmt":"2020-01-21T09:13:32","guid":{"rendered":"https:\/\/glicerio-chaves.com\/?page_id=4882"},"modified":"2024-02-01T11:28:26","modified_gmt":"2024-02-01T11:28:26","slug":"blog","status":"publish","type":"page","link":"https:\/\/glicerio-chaves.com\/en\/blog\/","title":{"rendered":"Blog"},"content":{"rendered":"\t\t<div data-elementor-type=\"wp-post\" data-elementor-id=\"4882\" class=\"elementor elementor-4882 elementor-3995\" data-elementor-post-type=\"page\">\n\t\t\t\t\t\t<section class=\"elementor-section elementor-top-section elementor-element elementor-element-53eb046 elementor-section-stretched elementor-section-boxed elementor-section-height-default elementor-section-height-default\" data-id=\"53eb046\" data-element_type=\"section\" data-e-type=\"section\" data-settings=\"{&quot;stretch_section&quot;:&quot;section-stretched&quot;}\">\n\t\t\t\t\t\t<div class=\"elementor-container elementor-column-gap-no\">\n\t\t\t\t\t<div class=\"elementor-column elementor-col-100 elementor-top-column elementor-element elementor-element-801a1c1\" data-id=\"801a1c1\" data-element_type=\"column\" data-e-type=\"column\">\n\t\t\t<div class=\"elementor-widget-wrap elementor-element-populated\">\n\t\t\t\t\t\t<div class=\"elementor-element elementor-element-3863e2d elementor-widget elementor-widget-opal-post-grid\" data-id=\"3863e2d\" data-element_type=\"widget\" data-e-type=\"widget\" data-widget_type=\"opal-post-grid.default\">\n\t\t\t\t<div class=\"elementor-widget-container\">\n\t\t\t\t\t        <div class=\"elementor-post-wrapper\">\n            <div class=\"row\" data-elementor-columns=\"3\">\n\n                <div class=\"column-item post-style-1\">\n    <div class=\"post-inner\">\n                    <div class=\"post-thumbnail\">\n                <a href=\"https:\/\/glicerio-chaves.com\/en\/tendencias-en-decoracion-juvenil-lo-ultimo-en-dormitorios-para-adolescentes-de-glicerio-chaves\/\">\n                    <img fetchpriority=\"high\" decoding=\"async\" width=\"600\" height=\"390\" src=\"https:\/\/glicerio-chaves.com\/wp-content\/uploads\/2024\/05\/Imagen1-600x390.png\" class=\"attachment-auros-featured-image-large size-auros-featured-image-large wp-post-image\" alt=\"\" srcset=\"https:\/\/glicerio-chaves.com\/wp-content\/uploads\/2024\/05\/Imagen1-600x390.png 600w, https:\/\/glicerio-chaves.com\/wp-content\/uploads\/2024\/05\/Imagen1-1080x700.png 1080w\" sizes=\"(max-width: 600px) 100vw, 600px\" \/>                <\/a>\n            <\/div><!-- .post-thumbnail -->\n                <div class=\"post-content\">\n            <div class=\"entry-header\">\n                <span class=\"entry-category \"><a href=\"https:\/\/glicerio-chaves.com\/en\/category\/uncategorized\/\" rel=\"category tag\">Uncategorized<\/a><\/span>\n                <span class=\"post-date\">1 May 2024<\/span>\n            <\/div>\n            <h3 class=\"entry-title\"><a href=\"https:\/\/glicerio-chaves.com\/en\/tendencias-en-decoracion-juvenil-lo-ultimo-en-dormitorios-para-adolescentes-de-glicerio-chaves\/\">Tendencias en Decoraci\u00f3n Juvenil: Lo \u00daltimo en Dormitorios para Adolescentes de Glicerio Chaves<\/a><\/h3>\n            <div class=\"entry-excerpt\">Decorar un dormitorio juvenil es una oportunidad emocionante para crear un espacio que refleje la personalidad y los gustos en...<\/div>\n            <div class=\"link-more\"><a href=\"https:\/\/glicerio-chaves.com\/en\/tendencias-en-decoracion-juvenil-lo-ultimo-en-dormitorios-para-adolescentes-de-glicerio-chaves\/\">+ Read more<\/a><\/div>\n        <\/div>\n\n    <\/div>\n<\/div>            <\/div>\n\n                            <div class=\"pagination\">\n                                    <\/div>\n                    <\/div>\n        \t\t\t\t<\/div>\n\t\t\t\t<\/div>\n\t\t\t\t\t<\/div>\n\t\t<\/div>\n\t\t\t\t\t<\/div>\n\t\t<\/section>\n\t\t\t\t<section class=\"elementor-section elementor-top-section elementor-element elementor-element-c217618 elementor-section-full_width elementor-section-height-default elementor-section-height-default\" data-id=\"c217618\" data-element_type=\"section\" data-e-type=\"section\">\n\t\t\t\t\t\t<div class=\"elementor-container elementor-column-gap-default\">\n\t\t\t\t\t<div class=\"elementor-column elementor-col-100 elementor-top-column elementor-element elementor-element-ce34803\" data-id=\"ce34803\" data-element_type=\"column\" data-e-type=\"column\">\n\t\t\t<div class=\"elementor-widget-wrap elementor-element-populated\">\n\t\t\t\t\t\t<div class=\"elementor-element elementor-element-c9c7235 elementor-widget elementor-widget-spacer\" data-id=\"c9c7235\" data-element_type=\"widget\" data-e-type=\"widget\" data-widget_type=\"spacer.default\">\n\t\t\t\t<div class=\"elementor-widget-container\">\n\t\t\t\t\t\t\t<div class=\"elementor-spacer\">\n\t\t\t<div class=\"elementor-spacer-inner\"><\/div>\n\t\t<\/div>\n\t\t\t\t\t\t<\/div>\n\t\t\t\t<\/div>\n\t\t\t\t\t<\/div>\n\t\t<\/div>\n\t\t\t\t\t<\/div>\n\t\t<\/section>\n\t\t\t\t<\/div>\n\t\t","protected":false},"excerpt":{"rendered":"<p>blog 1 febrero 2024 Innovaci\u00f3n en Muebles: La Fusi\u00f3n de Tecnolog\u00eda y Dise\u00f1o en la Colecci\u00f3n Cosmo by EOS de Glicerio Chaves En el mundo del dise\u00f1o de interiores, la fusi\u00f3n de tecnolog\u00eda y est\u00e9tica ha dado lugar a una nueva era&#8230; + Leer m\u00e1s blog 1 enero 2024 Transformando Espacios: C\u00f3mo los Dormitorios Modernos &hellip; <\/p>\n<p class=\"link-more\"><a href=\"https:\/\/glicerio-chaves.com\/en\/tendencias-en-decoracion-juvenil-lo-ultimo-en-dormitorios-para-adolescentes-de-glicerio-chaves\/\" class=\"more-link\">Read More <span class=\"screen-reader-text\"> &#8220;Tendencias en Decoraci\u00f3n Juvenil: Lo \u00daltimo en Dormitorios para Adolescentes de Glicerio Chaves&#8221;<\/span><\/a><\/p>\n","protected":false},"author":1,"featured_media":0,"parent":0,"menu_order":0,"comment_status":"closed","ping_status":"closed","template":"","meta":{"footnotes":""},"class_list":["post-4882","page","type-page","status-publish","hentry"],"yoast_head":"<!-- This site is optimized with the Yoast SEO plugin v27.3 - https:\/\/yoast.com\/product\/yoast-seo-wordpress\/ -->\n<title>Blog - Glicerio Chaves<\/title>\n<meta name=\"description\" content=\"On our blog, you can discover the latest trends, read our tips and find out what you can do with our products.\" \/>\n<meta name=\"robots\" content=\"index, follow, max-snippet:-1, max-image-preview:large, max-video-preview:-1\" \/>\n<link rel=\"canonical\" href=\"https:\/\/glicerio-chaves.com\/en\/blog\/\" \/>\n<meta property=\"og:locale\" content=\"en_US\" \/>\n<meta property=\"og:type\" content=\"article\" \/>\n<meta property=\"og:title\" content=\"Blog - Glicerio Chaves\" \/>\n<meta property=\"og:description\" content=\"On our blog, you can discover the latest trends, read our tips and find out what you can do with our products.\" \/>\n<meta property=\"og:url\" content=\"https:\/\/glicerio-chaves.com\/en\/blog\/\" \/>\n<meta property=\"og:site_name\" content=\"Glicerio Chaves\" \/>\n<meta property=\"article:modified_time\" content=\"2024-02-01T11:28:26+00:00\" \/>\n<meta property=\"og:image\" content=\"https:\/\/glicerio-chaves.com\/wp-content\/uploads\/2023\/11\/Blog-Diciembre-Glicerio-600x390.jpg\" \/>\n<meta name=\"twitter:card\" content=\"summary_large_image\" \/>\n<meta name=\"twitter:label1\" content=\"Est. reading time\" \/>\n\t<meta name=\"twitter:data1\" content=\"1 minute\" \/>\n<script type=\"application\/ld+json\" class=\"yoast-schema-graph\">{\"@context\":\"https:\\\/\\\/schema.org\",\"@graph\":[{\"@type\":\"WebPage\",\"@id\":\"https:\\\/\\\/glicerio-chaves.com\\\/en\\\/blog\\\/\",\"url\":\"https:\\\/\\\/glicerio-chaves.com\\\/en\\\/blog\\\/\",\"name\":\"Blog - Glicerio Chaves\",\"isPartOf\":{\"@id\":\"https:\\\/\\\/glicerio-chaves.com\\\/en\\\/#website\"},\"primaryImageOfPage\":{\"@id\":\"https:\\\/\\\/glicerio-chaves.com\\\/en\\\/blog\\\/#primaryimage\"},\"image\":{\"@id\":\"https:\\\/\\\/glicerio-chaves.com\\\/en\\\/blog\\\/#primaryimage\"},\"thumbnailUrl\":\"https:\\\/\\\/glicerio-chaves.com\\\/wp-content\\\/uploads\\\/2023\\\/11\\\/Blog-Diciembre-Glicerio-600x390.jpg\",\"datePublished\":\"2020-01-21T09:13:32+00:00\",\"dateModified\":\"2024-02-01T11:28:26+00:00\",\"description\":\"On our blog, you can discover the latest trends, read our tips and find out what you can do with our products.\",\"breadcrumb\":{\"@id\":\"https:\\\/\\\/glicerio-chaves.com\\\/en\\\/blog\\\/#breadcrumb\"},\"inLanguage\":\"en-US\",\"potentialAction\":[{\"@type\":\"ReadAction\",\"target\":[\"https:\\\/\\\/glicerio-chaves.com\\\/en\\\/blog\\\/\"]}]},{\"@type\":\"ImageObject\",\"inLanguage\":\"en-US\",\"@id\":\"https:\\\/\\\/glicerio-chaves.com\\\/en\\\/blog\\\/#primaryimage\",\"url\":\"https:\\\/\\\/glicerio-chaves.com\\\/wp-content\\\/uploads\\\/2023\\\/11\\\/Blog-Diciembre-Glicerio-600x390.jpg\",\"contentUrl\":\"https:\\\/\\\/glicerio-chaves.com\\\/wp-content\\\/uploads\\\/2023\\\/11\\\/Blog-Diciembre-Glicerio-600x390.jpg\"},{\"@type\":\"BreadcrumbList\",\"@id\":\"https:\\\/\\\/glicerio-chaves.com\\\/en\\\/blog\\\/#breadcrumb\",\"itemListElement\":[{\"@type\":\"ListItem\",\"position\":1,\"name\":\"Portada\",\"item\":\"https:\\\/\\\/glicerio-chaves.com\\\/en\\\/home\\\/\"},{\"@type\":\"ListItem\",\"position\":2,\"name\":\"Blog\"}]},{\"@type\":\"WebSite\",\"@id\":\"https:\\\/\\\/glicerio-chaves.com\\\/en\\\/#website\",\"url\":\"https:\\\/\\\/glicerio-chaves.com\\\/en\\\/\",\"name\":\"Glicerio Chaves\",\"description\":\"Glicerio Chaves Hornero es una empresa dedicada a la fabricaci\u00f3n de muebles, especializada en dormitorios juveniles y de matrimonio modernos.\",\"publisher\":{\"@id\":\"https:\\\/\\\/glicerio-chaves.com\\\/en\\\/#organization\"},\"potentialAction\":[{\"@type\":\"SearchAction\",\"target\":{\"@type\":\"EntryPoint\",\"urlTemplate\":\"https:\\\/\\\/glicerio-chaves.com\\\/en\\\/?s={search_term_string}\"},\"query-input\":{\"@type\":\"PropertyValueSpecification\",\"valueRequired\":true,\"valueName\":\"search_term_string\"}}],\"inLanguage\":\"en-US\"},{\"@type\":\"Organization\",\"@id\":\"https:\\\/\\\/glicerio-chaves.com\\\/en\\\/#organization\",\"name\":\"Glicerio-Chaves\",\"url\":\"https:\\\/\\\/glicerio-chaves.com\\\/en\\\/\",\"logo\":{\"@type\":\"ImageObject\",\"inLanguage\":\"en-US\",\"@id\":\"https:\\\/\\\/glicerio-chaves.com\\\/en\\\/#\\\/schema\\\/logo\\\/image\\\/\",\"url\":\"https:\\\/\\\/glicerio-chaves.com\\\/wp-content\\\/uploads\\\/2020\\\/12\\\/logo.png\",\"contentUrl\":\"https:\\\/\\\/glicerio-chaves.com\\\/wp-content\\\/uploads\\\/2020\\\/12\\\/logo.png\",\"width\":185,\"height\":90,\"caption\":\"Glicerio-Chaves\"},\"image\":{\"@id\":\"https:\\\/\\\/glicerio-chaves.com\\\/en\\\/#\\\/schema\\\/logo\\\/image\\\/\"}}]}<\/script>\n<!-- \/ Yoast SEO plugin. -->","yoast_head_json":{"title":"Blog - Glicerio Chaves","description":"On our blog, you can discover the latest trends, read our tips and find out what you can do with our products.","robots":{"index":"index","follow":"follow","max-snippet":"max-snippet:-1","max-image-preview":"max-image-preview:large","max-video-preview":"max-video-preview:-1"},"canonical":"https:\/\/glicerio-chaves.com\/en\/blog\/","og_locale":"en_US","og_type":"article","og_title":"Blog - Glicerio Chaves","og_description":"On our blog, you can discover the latest trends, read our tips and find out what you can do with our products.","og_url":"https:\/\/glicerio-chaves.com\/en\/blog\/","og_site_name":"Glicerio Chaves","article_modified_time":"2024-02-01T11:28:26+00:00","og_image":[{"url":"https:\/\/glicerio-chaves.com\/wp-content\/uploads\/2023\/11\/Blog-Diciembre-Glicerio-600x390.jpg","type":"","width":"","height":""}],"twitter_card":"summary_large_image","twitter_misc":{"Est. reading time":"1 minute"},"schema":{"@context":"https:\/\/schema.org","@graph":[{"@type":"WebPage","@id":"https:\/\/glicerio-chaves.com\/en\/blog\/","url":"https:\/\/glicerio-chaves.com\/en\/blog\/","name":"Blog - Glicerio Chaves","isPartOf":{"@id":"https:\/\/glicerio-chaves.com\/en\/#website"},"primaryImageOfPage":{"@id":"https:\/\/glicerio-chaves.com\/en\/blog\/#primaryimage"},"image":{"@id":"https:\/\/glicerio-chaves.com\/en\/blog\/#primaryimage"},"thumbnailUrl":"https:\/\/glicerio-chaves.com\/wp-content\/uploads\/2023\/11\/Blog-Diciembre-Glicerio-600x390.jpg","datePublished":"2020-01-21T09:13:32+00:00","dateModified":"2024-02-01T11:28:26+00:00","description":"On our blog, you can discover the latest trends, read our tips and find out what you can do with our products.","breadcrumb":{"@id":"https:\/\/glicerio-chaves.com\/en\/blog\/#breadcrumb"},"inLanguage":"en-US","potentialAction":[{"@type":"ReadAction","target":["https:\/\/glicerio-chaves.com\/en\/blog\/"]}]},{"@type":"ImageObject","inLanguage":"en-US","@id":"https:\/\/glicerio-chaves.com\/en\/blog\/#primaryimage","url":"https:\/\/glicerio-chaves.com\/wp-content\/uploads\/2023\/11\/Blog-Diciembre-Glicerio-600x390.jpg","contentUrl":"https:\/\/glicerio-chaves.com\/wp-content\/uploads\/2023\/11\/Blog-Diciembre-Glicerio-600x390.jpg"},{"@type":"BreadcrumbList","@id":"https:\/\/glicerio-chaves.com\/en\/blog\/#breadcrumb","itemListElement":[{"@type":"ListItem","position":1,"name":"Portada","item":"https:\/\/glicerio-chaves.com\/en\/home\/"},{"@type":"ListItem","position":2,"name":"Blog"}]},{"@type":"WebSite","@id":"https:\/\/glicerio-chaves.com\/en\/#website","url":"https:\/\/glicerio-chaves.com\/en\/","name":"Glicerio Chaves","description":"Glicerio Chaves Hornero es una empresa dedicada a la fabricaci\u00f3n de muebles, especializada en dormitorios juveniles y de matrimonio modernos.","publisher":{"@id":"https:\/\/glicerio-chaves.com\/en\/#organization"},"potentialAction":[{"@type":"SearchAction","target":{"@type":"EntryPoint","urlTemplate":"https:\/\/glicerio-chaves.com\/en\/?s={search_term_string}"},"query-input":{"@type":"PropertyValueSpecification","valueRequired":true,"valueName":"search_term_string"}}],"inLanguage":"en-US"},{"@type":"Organization","@id":"https:\/\/glicerio-chaves.com\/en\/#organization","name":"Glicerio-Chaves","url":"https:\/\/glicerio-chaves.com\/en\/","logo":{"@type":"ImageObject","inLanguage":"en-US","@id":"https:\/\/glicerio-chaves.com\/en\/#\/schema\/logo\/image\/","url":"https:\/\/glicerio-chaves.com\/wp-content\/uploads\/2020\/12\/logo.png","contentUrl":"https:\/\/glicerio-chaves.com\/wp-content\/uploads\/2020\/12\/logo.png","width":185,"height":90,"caption":"Glicerio-Chaves"},"image":{"@id":"https:\/\/glicerio-chaves.com\/en\/#\/schema\/logo\/image\/"}}]}},"_links":{"self":[{"href":"https:\/\/glicerio-chaves.com\/en\/wp-json\/wp\/v2\/pages\/4882","targetHints":{"allow":["GET"]}}],"collection":[{"href":"https:\/\/glicerio-chaves.com\/en\/wp-json\/wp\/v2\/pages"}],"about":[{"href":"https:\/\/glicerio-chaves.com\/en\/wp-json\/wp\/v2\/types\/page"}],"author":[{"embeddable":true,"href":"https:\/\/glicerio-chaves.com\/en\/wp-json\/wp\/v2\/users\/1"}],"replies":[{"embeddable":true,"href":"https:\/\/glicerio-chaves.com\/en\/wp-json\/wp\/v2\/comments?post=4882"}],"version-history":[{"count":8,"href":"https:\/\/glicerio-chaves.com\/en\/wp-json\/wp\/v2\/pages\/4882\/revisions"}],"predecessor-version":[{"id":26994,"href":"https:\/\/glicerio-chaves.com\/en\/wp-json\/wp\/v2\/pages\/4882\/revisions\/26994"}],"wp:attachment":[{"href":"https:\/\/glicerio-chaves.com\/en\/wp-json\/wp\/v2\/media?parent=4882"}],"curies":[{"name":"wp","href":"https:\/\/api.w.org\/{rel}","templated":true}]}}